{"id":26499,"date":"2026-01-20T10:46:55","date_gmt":"2026-01-20T09:46:55","guid":{"rendered":"https:\/\/kamza.gov.al\/?page_id=26499"},"modified":"2026-03-13T12:38:53","modified_gmt":"2026-03-13T11:38:53","slug":"keshilli-bashkiak","status":"publish","type":"page","link":"https:\/\/kamza.gov.al\/en\/transparenca\/programi-i-transparences\/keshilli-bashkiak\/","title":{"rendered":"Municipal Council"},"content":{"rendered":"<div data-elementor-type=\"wp-page\" data-elementor-id=\"26499\" class=\"elementor elementor-26499\" data-elementor-post-type=\"page\">\n\t\t\t\t<div class=\"elementor-element elementor-element-28d3f9c e-con-full e-flex e-con e-parent\" data-id=\"28d3f9c\" data-element_type=\"container\">\n\t\t\t\t<div class=\"elementor-element elementor-element-f347535 elementor-widget elementor-widget-template\" data-id=\"f347535\" data-element_type=\"widget\" data-widget_type=\"template.default\">\n\t\t\t\t<div class=\"elementor-widget-container\">\n\t\t\t\t\t\t\t<div class=\"elementor-template\">\r\n\t\t\t\t\t<div data-elementor-type=\"container\" data-elementor-id=\"20550\" class=\"elementor elementor-20550\" data-elementor-post-type=\"elementor_library\">\n\t\t\t\t<div class=\"elementor-element elementor-element-190c0c50 e-flex e-con-boxed e-con e-parent\" data-id=\"190c0c50\" data-element_type=\"container\" data-settings=\"{&quot;background_background&quot;:&quot;classic&quot;}\">\n\t\t\t\t\t<div class=\"e-con-inner\">\n\t\t\t\t<div class=\"elementor-element elementor-element-751afb5d elementor-widget elementor-widget-heading\" data-id=\"751afb5d\" data-element_type=\"widget\" data-widget_type=\"heading.default\">\n\t\t\t\t\t<h1 class=\"elementor-heading-title elementor-size-default\">Municipal Council<\/h1>\t\t\t\t<\/div>\n\t\t\t\t\t<\/div>\n\t\t\t\t<\/div>\n\t\t\t\t<\/div>\n\t\t\t\t<\/div>\r\n\t\t\t\t\t\t<\/div>\n\t\t\t\t<\/div>\n\t\t\t\t<\/div>\n\t\t<div class=\"elementor-element elementor-element-548a89e e-flex e-con-boxed e-con e-parent\" data-id=\"548a89e\" data-element_type=\"container\">\n\t\t\t\t\t<div class=\"e-con-inner\">\n\t\t<div class=\"elementor-element elementor-element-3aa6466 e-con-full e-flex e-con e-child\" data-id=\"3aa6466\" data-element_type=\"container\" data-settings=\"{&quot;background_background&quot;:&quot;classic&quot;}\">\n\t\t\t\t<div class=\"elementor-element elementor-element-7e10202 elementor-widget elementor-widget-heading\" data-id=\"7e10202\" data-element_type=\"widget\" data-widget_type=\"heading.default\">\n\t\t\t\t\t<h2 class=\"elementor-heading-title elementor-size-default\">Municipal Council<\/h2>\t\t\t\t<\/div>\n\t\t\t\t<div class=\"elementor-element elementor-element-982713b elementor-widget elementor-widget-text-editor\" data-id=\"982713b\" data-element_type=\"widget\" data-widget_type=\"text-editor.default\">\n\t\t\t\t\t\t\t\t\t<ul><li><strong>Informacion rreth k\u00ebshilltar\u00ebve<\/strong>\u00a0<\/li><\/ul><ol><li><a href=\"https:\/\/kamza.gov.al\/en\/keshilli\/rreth-keshillit-bashkiak\/konferenca-e-kryetareve\/\">Lista e k\u00ebshilltar\u00ebve<\/a>\u00a0<\/li><li>Biografi e shkurt\u00ebr e k\u00ebshilltar\u00ebve\u00a0<\/li><li><a href=\"https:\/\/kamza.gov.al\/en\/keshilli\/rreth-keshillit-bashkiak\/anetaret-e-keshillit\/\">Kontakte t\u00eb k\u00ebshilltar\u00ebve nr. telefoni\/email-i zyrtar.<\/a><\/li><\/ol><ul><li><strong>Informacion rreth komisioneve<\/strong><\/li><li><a href=\"https:\/\/kamza.gov.al\/en\/keshilli\/struktura\/komisionet-e-keshillit\/\">P\u00ebrshkrimi dhe p\u00ebrb\u00ebrja e komisioneve .<\/a><\/li><li>Njoftim p\u00ebr takimet e komisioneve.<\/li><li>Agjenda dhe dokumentet p\u00ebr diskutim.<\/li><li>Raportet e mbledhjeve t\u00eb komisioneve p\u00ebr projekt-aktet e diskutuara.<\/li><li><strong>Kuadri rregullator i k\u00ebshillit<\/strong><\/li><li><a href=\"https:\/\/kamza.gov.al\/wp-content\/uploads\/2026\/03\/Ligjet-dhe-udhezimet-per-qeverisjen-vendore-me-fokus-keshillat-1.pdf\">Ligjet dhe udh\u00ebzimet p\u00ebr qeverisjen vendore me fokus k\u00ebshillat.<\/a><\/li><li><a href=\"https:\/\/kamza.gov.al\/en\/keshilli\/rreth-keshillit-bashkiak\/rregullore-e-keshillit\/\">Rregullatore e funksionimit t\u00eb k\u00ebshillit.<\/a><\/li><li>Kodi i sjelljes dhe i parandalimit t\u00eb konfliktit t\u00eb interesave t\u00eb k\u00ebshilltar\u00ebve.<\/li><li><a href=\"https:\/\/kamza.gov.al\/wp-content\/uploads\/2026\/03\/Rregullore-per-marredheniet-e-Keshillit-Bashkiak-me-punlikun-dhe-median.pdf\">Rregullatore p\u00ebr marr\u00ebdh\u00ebnien e k\u00ebshillit me publikun dhe median.<\/a><\/li><li><a href=\"https:\/\/docs.google.com\/spreadsheets\/d\/194UCPhmTggkXYxlVre5D0NEkCkJAt5Qp\/edit?gid=2080000001#gid=2080000001\" target=\"_blank\" rel=\"noopener\">Rregullatore p\u00ebr paraqitjen dhe shqyrtimin e ankesave,v\u00ebrejtjeve,k\u00ebrkesave,peticioneve dhe iniciativave qytetare.<\/a><\/li><li><strong>Mbledhjet e k\u00ebshillit<\/strong>\u00a0<\/li><li><a href=\"https:\/\/kamza.gov.al\/en\/keshilli\/njoftime-keshilli\/mbledhja-e-keshillit\/\">Njoftim paraprak p\u00ebr mbledhjet (data,ora,vendi,agjenda).<\/a><\/li><li>Dokumente p\u00ebrgatitore p\u00ebr mbledhjet.<\/li><li><a href=\"https:\/\/kamza.gov.al\/en\/keshilli\/regjistra-dhe-dokumenta\/procesverbalet\/\">Procesverbalet dhe vendimet pas mbledhjeve.<\/a><\/li><li><a href=\"https:\/\/www.facebook.com\/share\/1AX2m4exUj\/?mibextid=wwXIfr\" target=\"_blank\" rel=\"noopener\">Mbledhjet live t\u00eb K\u00ebshillit.<\/a><\/li><li><strong>Konsultimet publike<\/strong><\/li><li><a href=\"https:\/\/kamza.gov.al\/en\/keshilli\/struktura\/sekretari-i-keshillit\/\">T\u00eb dh\u00ebnat e Sekretarit t\u00eb K\u00ebshillit.<\/a><\/li><li><a href=\"https:\/\/kamza.gov.al\/wp-content\/uploads\/2026\/03\/Njoftimin-dhe-konsultimin-publik.pdf\">Plani vjetor i konsultimeve t\u00eb K\u00ebshillit.<\/a><\/li><li>Rregjistri i projekt-akteve p\u00ebr konsultim.<\/li><li><a href=\"https:\/\/kamza.gov.al\/en\/transparenca\/njoftimi-dhe-konsultimi-publik\/\">Njoftimi i konsultimeve n\u00eb faqen e internetit t\u00eb K\u00ebshillit.<\/a><\/li><li><a href=\"https:\/\/kamza.gov.al\/en\/transparenca\/njoftimi-dhe-konsultimi-publik\/regjistri-elektronik-per-njoftimet-dhe-konsultimet-publike\/\">P\u00ebrmbledhje e pas-konsultimit n\u00eb raport zyrtar.<\/a><\/li><li><a href=\"https:\/\/kamza.gov.al\/wp-content\/uploads\/2026\/03\/Njoftimin-dhe-konsultimin-publik.pdf\">Raporti vjetor i trasparenc\u00ebs s\u00eb konsultime publike\/d\u00ebgjesa publike.<strong>\u00a0<\/strong><\/a><\/li><li><strong>Vendimet e K\u00ebshillit<\/strong><\/li><li><a href=\"https:\/\/kamza.gov.al\/en\/keshilli\/vendimet\/\">Vendimet e K\u00ebshillit<\/a><\/li><li><strong>K\u00ebrkesat dhe p\u00ebrgjigjet drejtuar K\u00ebshillit<\/strong><\/li><li><a href=\"https:\/\/docs.google.com\/forms\/d\/e\/1FAIpQLSfUyZ5r0DT3DDq5mraynr24gKRi2ojXhAKE6NmU7le682Ectw\/viewform\" target=\"_blank\" rel=\"noopener\">Procedurat e paraqitjes s\u00eb k\u00ebrkes\u00ebs dhe ankes\u00ebs pran\u00eb K\u00ebshillit.<\/a><\/li><li>Formular p\u00ebr dor\u00ebzimin e k\u00ebrkesave t\u00eb k\u00ebshillit.<\/li><li><a href=\"https:\/\/kamza.gov.al\/wp-content\/uploads\/2026\/01\/Format-e-ankese.docx\">Formular p\u00ebr dor\u00ebzimin e ankesave t\u00eb k\u00ebshillit.<\/a><\/li><li><a href=\"https:\/\/docs.google.com\/spreadsheets\/d\/1BtTi9_2_G3qQs5_OTeFZ5EtlKpe8rRZF\/edit?gid=11088798#gid=11088798\" target=\"_blank\" rel=\"noopener\">Rregjistri i k\u00ebrkesave dhe p\u00ebrgjigjeve i K\u00ebshillit.<\/a><\/li><li><strong>Veprimtaria e K\u00ebshillit, Komunikimi me Publikun dhe aspektet t\u00eb tjera<\/strong><\/li><li>Raporti vjetor i pun\u00ebs s\u00eb k\u00ebshillit.<\/li><li>Buxheti vjetor i k\u00ebshillit.<\/li><li>Raporti vjetor i konsoliduar p\u00ebr zbatimin e buxhetit.<\/li><li>Kalendari vjetor p\u00ebr trajnimet.<\/li><li>Vler\u00ebsim i performanc\u00ebs s\u00eb k\u00ebshilltar\u00ebve nga aktor\u00eb t\u00eb brendsh\u00ebm.<\/li><li>Vler\u00ebsim i performanc\u00ebs s\u00eb k\u00ebshilltar\u00ebve nga OSHC -s\u00eb.<\/li><li><a href=\"https:\/\/docs.google.com\/spreadsheets\/d\/194UCPhmTggkXYxlVre5D0NEkCkJAt5Qp\/edit?gid=2080000001#gid=2080000001\" target=\"_blank\" rel=\"noopener\">Rregjistri i peticioneve dhe inisciativave qytetare.<\/a><\/li><li>Deklarat\u00eb publike e Titullarit\/es s\u00eb\u00a0 K\u00ebshillit p\u00ebr p\u00ebrmir\u00ebsimin\u00a0 e trasparenc\u00ebs.<\/li><li>Rregjistri i OSHC -ve dhe ekspert\u00eb lokal.<\/li><li>Statistika<\/li><\/ul>\t\t\t\t\t\t\t\t<\/div>\n\t\t\t\t<\/div>\n\t\t\t\t\t<\/div>\n\t\t\t\t<\/div>\n\t\t\t\t<\/div>","protected":false},"excerpt":{"rendered":"<p>K\u00ebshilli Bashkiak Informacion rreth k\u00ebshilltar\u00ebve\u00a0 Lista e k\u00ebshilltar\u00ebve\u00a0 Biografi e shkurt\u00ebr e k\u00ebshilltar\u00ebve\u00a0 Kontakte t\u00eb k\u00ebshilltar\u00ebve nr. telefoni\/email-i zyrtar. Informacion rreth komisioneve P\u00ebrshkrimi dhe p\u00ebrb\u00ebrja e komisioneve . Njoftim p\u00ebr takimet e komisioneve. Agjenda dhe dokumentet p\u00ebr diskutim. Raportet e mbledhjeve t\u00eb komisioneve p\u00ebr projekt-aktet e diskutuara. Kuadri rregullator i k\u00ebshillit Ligjet dhe udh\u00ebzimet p\u00ebr [&hellip;]<\/p>","protected":false},"author":22,"featured_media":0,"parent":20394,"menu_order":0,"comment_status":"closed","ping_status":"closed","template":"","meta":{"_acf_changed":false,"footnotes":""},"class_list":["post-26499","page","type-page","status-publish","hentry"],"acf":[],"_links":{"self":[{"href":"https:\/\/kamza.gov.al\/en\/wp-json\/wp\/v2\/pages\/26499","targetHints":{"allow":["GET"]}}],"collection":[{"href":"https:\/\/kamza.gov.al\/en\/wp-json\/wp\/v2\/pages"}],"about":[{"href":"https:\/\/kamza.gov.al\/en\/wp-json\/wp\/v2\/types\/page"}],"author":[{"embeddable":true,"href":"https:\/\/kamza.gov.al\/en\/wp-json\/wp\/v2\/users\/22"}],"replies":[{"embeddable":true,"href":"https:\/\/kamza.gov.al\/en\/wp-json\/wp\/v2\/comments?post=26499"}],"version-history":[{"count":22,"href":"https:\/\/kamza.gov.al\/en\/wp-json\/wp\/v2\/pages\/26499\/revisions"}],"predecessor-version":[{"id":26962,"href":"https:\/\/kamza.gov.al\/en\/wp-json\/wp\/v2\/pages\/26499\/revisions\/26962"}],"up":[{"embeddable":true,"href":"https:\/\/kamza.gov.al\/en\/wp-json\/wp\/v2\/pages\/20394"}],"wp:attachment":[{"href":"https:\/\/kamza.gov.al\/en\/wp-json\/wp\/v2\/media?parent=26499"}],"curies":[{"name":"wp","href":"https:\/\/api.w.org\/{rel}","templated":true}]}}