{"id":26448,"date":"2026-01-15T16:36:32","date_gmt":"2026-01-15T15:36:32","guid":{"rendered":"https:\/\/kamza.gov.al\/?page_id=26448"},"modified":"2026-01-15T16:38:11","modified_gmt":"2026-01-15T15:38:11","slug":"formular-kendi-be-keshilli-rinor","status":"publish","type":"page","link":"https:\/\/kamza.gov.al\/en\/informimi-i-publikut\/marredheniet-me-jashte\/formular-kendi-be-keshilli-rinor\/","title":{"rendered":"Formular K\u00ebndi BE &#8211; K\u00ebshilli Rinor"},"content":{"rendered":"<div data-elementor-type=\"wp-page\" data-elementor-id=\"26448\" class=\"elementor elementor-26448\" data-elementor-post-type=\"page\">\n\t\t\t\t<div class=\"elementor-element elementor-element-ce055fb e-flex e-con-boxed e-con e-parent\" data-id=\"ce055fb\" data-element_type=\"container\" data-settings=\"{&quot;background_background&quot;:&quot;classic&quot;}\">\n\t\t\t\t\t<div class=\"e-con-inner\">\n\t\t\t\t<div class=\"elementor-element elementor-element-b33a396 elementor-widget elementor-widget-text-editor\" data-id=\"b33a396\" data-element_type=\"widget\" data-widget_type=\"text-editor.default\">\n\t\t\t\t\t\t\t\t\t<p>koordinim.zhvillimi@kamza.gov.al<\/p>\t\t\t\t\t\t\t\t<\/div>\n\t\t\t\t\t<\/div>\n\t\t\t\t<\/div>\n\t\t<div class=\"elementor-element elementor-element-ab0b7ec e-flex e-con-boxed e-con e-parent\" data-id=\"ab0b7ec\" data-element_type=\"container\">\n\t\t\t\t\t<div class=\"e-con-inner\">\n\t\t<div class=\"elementor-element elementor-element-389f929 e-con-full e-flex e-con e-child\" data-id=\"389f929\" data-element_type=\"container\" data-settings=\"{&quot;background_background&quot;:&quot;classic&quot;}\">\n\t\t\t\t<div class=\"elementor-element elementor-element-23d66b7 elementor-widget elementor-widget-heading\" data-id=\"23d66b7\" data-element_type=\"widget\" data-widget_type=\"heading.default\">\n\t\t\t\t\t<h2 class=\"elementor-heading-title elementor-size-default\">K\u00ebshilli Vendor Rinor Kam\u00ebz <\/h2>\t\t\t\t<\/div>\n\t\t\t\t<div class=\"elementor-element elementor-element-78cad93 elementor-widget elementor-widget-text-editor\" data-id=\"78cad93\" data-element_type=\"widget\" data-widget_type=\"text-editor.default\">\n\t\t\t\t\t\t\t\t\t<p>K\u00ebshilli Vendor Rinor \u00ebsht\u00eb hap\u00ebsira ku idet\u00eb dhe energjia jote b\u00ebhen z\u00eb dhe veprim p\u00ebr komunitetin. Ky k\u00ebshill i t\u00eb rinjve funksionon mbi bazat e Ligjit nr. 75\/2019 &#8220;P\u00ebr rinin\u00eb&#8221;, i cili i jep t\u00eb drejt\u00eb dhe mund\u00ebsi \u00e7do t\u00eb riu p\u00ebr t\u00eb qen\u00eb pjes\u00eb aktive e vendimmarrjes dhe zhvillimit n\u00eb nivel lokal. <strong><span style=\"color: #cd2027;\">N\u00ebse je gati t\u00eb b\u00ebsh ndryshimin q\u00eb d\u00ebshiron t\u00eb shoh\u00ebsh, ky \u00ebsht\u00eb shansi yt!<\/span><\/strong><\/p>\t\t\t\t\t\t\t\t<\/div>\n\t\t\t\t<div class=\"elementor-element elementor-element-38cd3b0 elementor-widget elementor-widget-shortcode\" data-id=\"38cd3b0\" data-element_type=\"widget\" data-widget_type=\"shortcode.default\">\n\t\t\t\t\t\t\t<div class=\"elementor-shortcode\">\n<div class=\"wpcf7 no-js\" id=\"wpcf7-f26427-o1\" lang=\"en-GB\" dir=\"ltr\" data-wpcf7-id=\"26427\">\n<div class=\"screen-reader-response\"><p role=\"status\" aria-live=\"polite\" aria-atomic=\"true\"><\/p> <ul><\/ul><\/div>\n<form action=\"\/en\/wp-json\/wp\/v2\/pages\/26448#wpcf7-f26427-o1\" method=\"post\" class=\"wpcf7-form init\" aria-label=\"Contact form\" novalidate=\"novalidate\" data-status=\"init\" data-trp-original-action=\"\/en\/wp-json\/wp\/v2\/pages\/26448#wpcf7-f26427-o1\">\n<fieldset class=\"hidden-fields-container\"><input type=\"hidden\" name=\"_wpcf7\" value=\"26427\" \/><input type=\"hidden\" name=\"_wpcf7_version\" value=\"6.1.4\" \/><input type=\"hidden\" name=\"_wpcf7_locale\" value=\"en_GB\" \/><input type=\"hidden\" name=\"_wpcf7_unit_tag\" value=\"wpcf7-f26427-o1\" \/><input type=\"hidden\" name=\"_wpcf7_container_post\" value=\"0\" \/><input type=\"hidden\" name=\"_wpcf7_posted_data_hash\" value=\"\" \/><input type=\"hidden\" name=\"_uacf7_hidden_conditional_fields\" value=\"\" \/>\n<\/fieldset>\n<div class=\"uacf7-form-wrapper-container uacf7-form-26427\"><div class=\"uacf7-row\">\n\n<div class=\"uacf7-col-6\">\n<label> <strong>1. Emri dhe Mbiemri *<\/strong>\n<span class=\"wpcf7-form-control-wrap\" data-name=\"emri-mbiemri\"><input size=\"40\" maxlength=\"400\" class=\"wpcf7-form-control wpcf7-text wpcf7-validates-as-required\" aria-required=\"true\" aria-invalid=\"false\" placeholder=\"Emri Mbiemri\" value=\"\" type=\"text\" name=\"emri-mbiemri\" \/><\/span>\n<\/label>\n<\/div>\n<br>\n<div class=\"uacf7-col-6\">\n<label> <strong>2. Data e lindjes *<\/strong>\n<span class=\"wpcf7-form-control-wrap\" data-name=\"data-lindjes\"><input class=\"wpcf7-form-control wpcf7-date wpcf7-validates-as-required wpcf7-validates-as-date\" aria-required=\"true\" aria-invalid=\"false\" placeholder=\"mm\/dd\/yyyy\" value=\"\" type=\"date\" name=\"data-lindjes\" \/><\/span>\n<\/label>\n<\/div>\n\n<\/div>\n<br>\n\n\n<div class=\"uacf7-row\">\n\n<div class=\"uacf7-col-12\">\n<div><strong>3. Gjinia *<\/strong><\/div>\n<span class=\"wpcf7-form-control-wrap\" data-name=\"gjinia\"><span class=\"wpcf7-form-control wpcf7-radio\"><span class=\"wpcf7-list-item first\"><label><input type=\"radio\" name=\"gjinia\" value=\"Fem\u00ebr\" \/><span class=\"wpcf7-list-item-label\">Fem\u00ebr<\/span><\/label><\/span><span class=\"wpcf7-list-item\"><label><input type=\"radio\" name=\"gjinia\" value=\"Mashkull\" \/><span class=\"wpcf7-list-item-label\">Mashkull<\/span><\/label><\/span><span class=\"wpcf7-list-item last\"><label><input type=\"radio\" name=\"gjinia\" value=\"Preferoj mos ta them\" \/><span class=\"wpcf7-list-item-label\">Preferoj mos ta them<\/span><\/label><\/span><\/span><\/span>\n<\/div>\n\n<\/div>\n<br>\n\n\n<div class=\"uacf7-row\">\n\n<div class=\"uacf7-col-6\">\n<label> <strong>4. Adresa e banimit *<\/strong>\n<span class=\"wpcf7-form-control-wrap\" data-name=\"adresa-banimit\"><input size=\"40\" maxlength=\"400\" class=\"wpcf7-form-control wpcf7-text wpcf7-validates-as-required\" aria-required=\"true\" aria-invalid=\"false\" placeholder=\"Shkruaj adres\u00ebn\" value=\"\" type=\"text\" name=\"adresa-banimit\" \/><\/span>\n<\/label>\n<\/div>\n\n<div class=\"uacf7-col-6\">\n<label> <strong>5. Numri i telefonit *<\/strong>\n<span class=\"wpcf7-form-control-wrap\" data-name=\"telefoni\"><input size=\"40\" maxlength=\"400\" class=\"wpcf7-form-control wpcf7-tel wpcf7-validates-as-required wpcf7-text wpcf7-validates-as-tel\" aria-required=\"true\" aria-invalid=\"false\" placeholder=\"Shkruaj numrin e telefonit\" value=\"\" type=\"tel\" name=\"telefoni\" \/><\/span>\n<\/label>\n<\/div>\n\n<\/div>\n<br>\n\n\n<div class=\"uacf7-row\">\n\n<div class=\"uacf7-col-6\">\n<label> <strong>6. Email <\/strong>\n<span class=\"wpcf7-form-control-wrap\" data-name=\"emaili\"><input size=\"40\" maxlength=\"400\" class=\"wpcf7-form-control wpcf7-email wpcf7-text wpcf7-validates-as-email\" aria-invalid=\"false\" placeholder=\"email@example.com\" value=\"\" type=\"email\" name=\"emaili\" \/><\/span>\n<\/label>\n<\/div>\n<br>\n<div class=\"uacf7-col-6\">\n<label> <strong>7. Nj\u00ebsia Administrative \/ Lagjja *<\/strong>\n<span class=\"wpcf7-form-control-wrap\" data-name=\"njesia-lagjja\"><input size=\"40\" maxlength=\"400\" class=\"wpcf7-form-control wpcf7-text wpcf7-validates-as-required\" aria-required=\"true\" aria-invalid=\"false\" placeholder=\"Shkruaj nj\u00ebsin\u00eb \/ lagjen\" value=\"\" type=\"text\" name=\"njesia-lagjja\" \/><\/span>\n<\/label>\n<\/div>\n\n<\/div>\n<br>\n\n\n<div class=\"uacf7-row\">\n\n<div class=\"uacf7-col-12\">\n<label> <strong>8. Niveli arsimor (shkolla q\u00eb ndiqni \/ ke p\u00ebrfunduar) *<\/strong>\n<span class=\"wpcf7-form-control-wrap\" data-name=\"niveli-arsimor\"><input size=\"40\" maxlength=\"400\" class=\"wpcf7-form-control wpcf7-text wpcf7-validates-as-required\" aria-required=\"true\" aria-invalid=\"false\" value=\"\" type=\"text\" name=\"niveli-arsimor\" \/><\/span>\n<\/label>\n<\/div>\n\n<\/div>\n<br>\n\n\n<div class=\"uacf7-row\">\n\n<div class=\"uacf7-col-12\">\n<label> <strong>9. Organizata ose grupi rinor q\u00eb p\u00ebrfaq\u00ebson (n\u00ebse ka)<\/strong>\n<span class=\"wpcf7-form-control-wrap\" data-name=\"organizata-rinore\"><input size=\"40\" maxlength=\"400\" class=\"wpcf7-form-control wpcf7-text\" aria-invalid=\"false\" value=\"\" type=\"text\" name=\"organizata-rinore\" \/><\/span>\n<\/label>\n<\/div>\n\n<\/div>\n<br>\n\n\n<div class=\"uacf7-row\">\n\n<div class=\"uacf7-col-12\">\n<label> <strong>10. P\u00ebrvoja n\u00eb aktivitete rinore \/ vullnetare (p\u00ebrshkruani shkurtimisht) *<\/strong>\n<span class=\"wpcf7-form-control-wrap\" data-name=\"pervoja-rinore\"><textarea cols=\"40\" rows=\"10\" maxlength=\"2000\" class=\"wpcf7-form-control wpcf7-textarea wpcf7-validates-as-required\" aria-required=\"true\" aria-invalid=\"false\" name=\"pervoja-rinore\"><\/textarea><\/span>\n<\/label>\n<\/div>\n\n<\/div>\n<br>\n\n\n<div class=\"uacf7-row\">\n\n<div class=\"uacf7-col-12\">\n<label> <strong>11. Pse d\u00ebshiron t\u00eb b\u00ebhesh pjes\u00eb e K\u00ebshillit Vendor Rinor Kam\u00ebz? *<\/strong>\n<span class=\"wpcf7-form-control-wrap\" data-name=\"arsyeja-pjesemarrje\"><textarea cols=\"40\" rows=\"10\" maxlength=\"2000\" class=\"wpcf7-form-control wpcf7-textarea wpcf7-validates-as-required\" aria-required=\"true\" aria-invalid=\"false\" name=\"arsyeja-pjesemarrje\"><\/textarea><\/span>\n<\/label>\n<\/div>\n\n<\/div>\n<br>\n\n\n<div class=\"uacf7-row\">\n\n<div class=\"uacf7-col-12\">\n<label> <strong>12. Cilat jan\u00eb aft\u00ebsit\u00eb apo idet\u00eb q\u00eb do t\u00eb sjell\u00ebsh n\u00eb K\u00ebshillin Rinor? *<\/strong>\n<span class=\"wpcf7-form-control-wrap\" data-name=\"aftesite-idete\"><textarea cols=\"40\" rows=\"10\" maxlength=\"2000\" class=\"wpcf7-form-control wpcf7-textarea wpcf7-validates-as-required\" aria-required=\"true\" aria-invalid=\"false\" name=\"aftesite-idete\"><\/textarea><\/span>\n<\/label>\n<\/div>\n\n<\/div>\n<br>\n\n\n<div class=\"uacf7-row\">\n\n<div class=\"uacf7-col-12\">\n<div><strong>13. A je i\/e gatsh\u00ebm\/me t\u00eb marr\u00ebsh pjes\u00eb n\u00eb mbledhje t\u00eb rregullta dhe aktivitete t\u00eb k\u00ebshillit? *<\/strong><\/div>\n<span class=\"wpcf7-form-control-wrap\" data-name=\"gatishmeria\"><span class=\"wpcf7-form-control wpcf7-radio\"><span class=\"wpcf7-list-item first\"><label><input type=\"radio\" name=\"gatishmeria\" value=\"Po\" \/><span class=\"wpcf7-list-item-label\">Po<\/span><\/label><\/span><span class=\"wpcf7-list-item last\"><label><input type=\"radio\" name=\"gatishmeria\" value=\"Jo\" \/><span class=\"wpcf7-list-item-label\">Jo<\/span><\/label><\/span><\/span><\/span>\n<\/div>\n\n<\/div>\n<br>\n\n<div class=\"uacf7-row\">\n<div class=\"uacf7-col-12\">\n<div><strong>Deklaroj se informacioni i paraqitur n\u00eb k\u00ebt\u00eb formular \u00ebsht\u00eb i sakt\u00eb dhe i plot\u00eb, dhe jap p\u00eblqimin tim p\u00ebr p\u00ebrpunimin e t\u00eb dh\u00ebnave t\u00eb m\u00ebsip\u00ebrme, n\u00eb p\u00ebrputhje me legjislacionin n\u00eb fuqi.<\/strong><\/div>\n<span class=\"wpcf7-form-control-wrap\" data-name=\"acceptance-415\"><span class=\"wpcf7-form-control wpcf7-acceptance\"><span class=\"wpcf7-list-item\"><label><input type=\"checkbox\" name=\"acceptance-415\" value=\"1\" aria-invalid=\"false\" \/><span class=\"wpcf7-list-item-label\">Pranoj deklarat\u00ebn personale dhe jap p\u00eblqimin p\u00ebr p\u00ebrpunimin e t\u00eb dh\u00ebnave<\/span><\/label><\/span><\/span><\/span>\n<\/div>\n\n<\/div>\n<br>\n\n<input class=\"wpcf7-form-control wpcf7-submit has-spinner\" type=\"submit\" value=\"D\u00ebrgo Aplikimin\" \/><\/div><div class=\"wpcf7-response-output\" aria-hidden=\"true\"><\/div>\n<input type=\"hidden\" name=\"trp-form-language\" value=\"en\"\/><\/form>\n<\/div>\n<\/div>\n\t\t\t\t\t\t<\/div>\n\t\t\t\t<\/div>\n\t\t\t\t\t<\/div>\n\t\t\t\t<\/div>\n\t\t\t\t<\/div>","protected":false},"excerpt":{"rendered":"<p>koordinim.zhvillimi@kamza.gov.al K\u00ebshilli Vendor Rinor Kam\u00ebz K\u00ebshilli Vendor Rinor \u00ebsht\u00eb hap\u00ebsira ku idet\u00eb dhe energjia jote b\u00ebhen z\u00eb dhe veprim p\u00ebr komunitetin. Ky k\u00ebshill i t\u00eb rinjve funksionon mbi bazat e Ligjit nr. 75\/2019 &#8220;P\u00ebr rinin\u00eb&#8221;, i cili i jep t\u00eb drejt\u00eb dhe mund\u00ebsi \u00e7do t\u00eb riu p\u00ebr t\u00eb qen\u00eb pjes\u00eb aktive e vendimmarrjes dhe zhvillimit [&hellip;]<\/p>","protected":false},"author":1,"featured_media":0,"parent":20408,"menu_order":0,"comment_status":"closed","ping_status":"closed","template":"","meta":{"_acf_changed":false,"footnotes":""},"class_list":["post-26448","page","type-page","status-publish","hentry"],"acf":[],"_links":{"self":[{"href":"https:\/\/kamza.gov.al\/en\/wp-json\/wp\/v2\/pages\/26448","targetHints":{"allow":["GET"]}}],"collection":[{"href":"https:\/\/kamza.gov.al\/en\/wp-json\/wp\/v2\/pages"}],"about":[{"href":"https:\/\/kamza.gov.al\/en\/wp-json\/wp\/v2\/types\/page"}],"author":[{"embeddable":true,"href":"https:\/\/kamza.gov.al\/en\/wp-json\/wp\/v2\/users\/1"}],"replies":[{"embeddable":true,"href":"https:\/\/kamza.gov.al\/en\/wp-json\/wp\/v2\/comments?post=26448"}],"version-history":[{"count":4,"href":"https:\/\/kamza.gov.al\/en\/wp-json\/wp\/v2\/pages\/26448\/revisions"}],"predecessor-version":[{"id":26452,"href":"https:\/\/kamza.gov.al\/en\/wp-json\/wp\/v2\/pages\/26448\/revisions\/26452"}],"up":[{"embeddable":true,"href":"https:\/\/kamza.gov.al\/en\/wp-json\/wp\/v2\/pages\/20408"}],"wp:attachment":[{"href":"https:\/\/kamza.gov.al\/en\/wp-json\/wp\/v2\/media?parent=26448"}],"curies":[{"name":"wp","href":"https:\/\/api.w.org\/{rel}","templated":true}]}}