{"id":25197,"date":"2025-11-11T11:49:00","date_gmt":"2025-11-11T10:49:00","guid":{"rendered":"https:\/\/kamza.gov.al\/?page_id=25197"},"modified":"2025-11-13T11:07:15","modified_gmt":"2025-11-13T10:07:15","slug":"informacion-tjeter","status":"publish","type":"page","link":"https:\/\/kamza.gov.al\/en\/transparenca\/programi-i-transparences\/informacion-tjeter\/","title":{"rendered":"Other information"},"content":{"rendered":"<div data-elementor-type=\"wp-page\" data-elementor-id=\"25197\" class=\"elementor elementor-25197\" data-elementor-post-type=\"page\">\n\t\t\t\t<div class=\"elementor-element elementor-element-28d3f9c e-con-full e-flex e-con e-parent\" data-id=\"28d3f9c\" data-element_type=\"container\">\n\t\t\t\t<div class=\"elementor-element elementor-element-f347535 elementor-widget elementor-widget-template\" data-id=\"f347535\" data-element_type=\"widget\" data-widget_type=\"template.default\">\n\t\t\t\t<div class=\"elementor-widget-container\">\n\t\t\t\t\t\t\t<div class=\"elementor-template\">\r\n\t\t\t\t\t<div data-elementor-type=\"container\" data-elementor-id=\"20550\" class=\"elementor elementor-20550\" data-elementor-post-type=\"elementor_library\">\n\t\t\t\t<div class=\"elementor-element elementor-element-190c0c50 e-flex e-con-boxed e-con e-parent\" data-id=\"190c0c50\" data-element_type=\"container\" data-settings=\"{&quot;background_background&quot;:&quot;classic&quot;}\">\n\t\t\t\t\t<div class=\"e-con-inner\">\n\t\t\t\t<div class=\"elementor-element elementor-element-751afb5d elementor-widget elementor-widget-heading\" data-id=\"751afb5d\" data-element_type=\"widget\" data-widget_type=\"heading.default\">\n\t\t\t\t\t<h1 class=\"elementor-heading-title elementor-size-default\">Other information<\/h1>\t\t\t\t<\/div>\n\t\t\t\t\t<\/div>\n\t\t\t\t<\/div>\n\t\t\t\t<\/div>\n\t\t\t\t<\/div>\r\n\t\t\t\t\t\t<\/div>\n\t\t\t\t<\/div>\n\t\t\t\t<\/div>\n\t\t<div class=\"elementor-element elementor-element-548a89e e-flex e-con-boxed e-con e-parent\" data-id=\"548a89e\" data-element_type=\"container\">\n\t\t\t\t\t<div class=\"e-con-inner\">\n\t\t<div class=\"elementor-element elementor-element-3aa6466 e-con-full e-flex e-con e-child\" data-id=\"3aa6466\" data-element_type=\"container\" data-settings=\"{&quot;background_background&quot;:&quot;classic&quot;}\">\n\t\t\t\t<div class=\"elementor-element elementor-element-7e10202 elementor-widget elementor-widget-heading\" data-id=\"7e10202\" data-element_type=\"widget\" data-widget_type=\"heading.default\">\n\t\t\t\t\t<h2 class=\"elementor-heading-title elementor-size-default\">Informacion Tjet\u00ebr<\/h2>\t\t\t\t<\/div>\n\t\t\t\t<div class=\"elementor-element elementor-element-982713b elementor-widget elementor-widget-text-editor\" data-id=\"982713b\" data-element_type=\"widget\" data-widget_type=\"text-editor.default\">\n\t\t\t\t\t\t\t\t\t<p><strong>1.Bashkia n\u00eb pro\u00e7esin e integrimit evropian<\/strong><\/p><ul><li>Projektet<\/li><li>Dokumente strategjike<\/li><li>Ide dhe projekte<\/li><\/ul><p><strong>2. Bashkia dhe shoq\u00ebria civile<\/strong><\/p><ul><li><a href=\"https:\/\/kamza.gov.al\/en\/informimi-i-publikut\/marredheniet-me-jashte\/kendi-i-be\/\">N\u00eb t\u00ebr\u00ebsi t\u00eb dh\u00ebna p\u00ebr grupet e interesit.<\/a><\/li><li>T\u00eb dh\u00ebna p\u00ebr OJF, p\u00ebrfaq\u00ebsuesit e medias, biznesit.<\/li><li>\u00a0Sh\u00ebrbimet q\u00eb ofrohen nga organizata t\u00eb ndryshme.<\/li><li>Nismat advokuese, lobuese dhe monitoruese nga shoq\u00ebriacivile<\/li><\/ul><p><strong>3.Raporte, studime dhe vler\u00ebsime mbi zbatimin e Programit t\u00eb Trasparenc\u00ebs<\/strong><\/p><ul><li><a href=\"https:\/\/kamza.gov.al\/wp-content\/uploads\/2025\/11\/Indeksi-i-Transparences-Proaktive-NJVV-2024.pdf\">Indeksi i Transparenc\u00ebs Proaktive NJVV 2024<\/a><\/li><li><a href=\"https:\/\/kamza.gov.al\/wp-content\/uploads\/2025\/11\/Indeksi-i-Transparences-Proaktive-NJVV-2023.pdf\">Indeksi i Transparenc\u00ebs Proaktive NJVV 2023<\/a><\/li><li><a href=\"https:\/\/kamza.gov.al\/wp-content\/uploads\/2025\/11\/Indeksi-i-Transparences-Proaktive-NJVV-2022.pdf\">Indeksi i Transparenc\u00ebs Proaktive NJVV 2022<\/a><\/li><li><a href=\"https:\/\/kamza.gov.al\/wp-content\/uploads\/2025\/11\/Raporti-i-Performances-2022.pdf\">Raporti i performanc\u00ebs, viti 2022<\/a><\/li><li><a href=\"https:\/\/kamza.gov.al\/wp-content\/uploads\/2025\/11\/Raporti-i-Performances-2021.pdf\">Raporti i performanc\u00ebs, viti 2021<\/a><\/li><li><a href=\"https:\/\/kamza.gov.al\/wp-content\/uploads\/2025\/11\/Raporti-i-Performances-2020-draft-2-12-korrik.pdf\">Raporti i performanc\u00ebs, viti 2020<\/a><\/li><li><a href=\"https:\/\/kamza.gov.al\/wp-content\/uploads\/2025\/11\/Raporti-i-Performances2019-V5-04.04.2020.pdf\">Raporti i performanc\u00ebs, viti 2019<\/a><\/li><\/ul><p><strong>4. Strukturat komunitare<\/strong><\/p><p><em>Strukturat komunitare funksionojn\u00eb bazuar n\u00eb ligjin nr.139\/2015\u00a0<\/em><\/p><p><em> \u00a0 \u00a0 \u00a0 \u00a0 \u00a0 \u00a0 \u00a0 \u00a0 \u00a0 \u00a0 \u00a0 \u00a0 \u00a0 \u00a0 \u00a0 \u00a0 \u00a0<span style=\"text-decoration: underline;\">Administrata e nj\u00ebsis\u00eb administrative<\/span><\/em><\/p><ul><li>\u00a0N\u00eb nj\u00ebsit\u00eb administrative funksionon administrata q\u00eb drejtohet nga administratori.<\/li><li>\u00a0Administratori em\u00ebrohet dhe shkarkohet nga kryetari i bashkis\u00eb dhe \u00ebsht\u00eb p\u00ebrgjegj\u00ebs para tij p\u00ebr<br \/>funksionimin dhe veprimtarin\u00eb e administrat\u00ebs. Administratori duhet t\u00eb ket\u00eb vendbanimin n\u00eb<br \/>nj\u00ebsin\u00eb administrative p\u00ebrkat\u00ebse.<\/li><li>Struktura dhe organika e administrat\u00ebs s\u00eb nj\u00ebsive administrative jan\u00eb pjes\u00eb t\u00eb struktur\u00ebs dhe<br \/>organik\u00ebs s\u00eb administrat\u00ebs s\u00eb bashkis\u00eb.<\/li><\/ul><p><em>\u00a0 \u00a0 \u00a0 \u00a0 \u00a0 \u00a0 \u00a0 \u00a0 \u00a0 \u00a0 \u00a0 \u00a0 \u00a0 \u00a0 \u00a0 \u00a0<span style=\"text-decoration: underline;\">Detyrat e administrat\u00ebs s\u00eb nj\u00ebsis\u00eb administrative<\/span><\/em><\/p><ul><li>a) \u00ebsht\u00eb zyr\u00eb e sh\u00ebrbimit p\u00ebr t\u00eb gjitha procedurat administrative n\u00eb kompetenc\u00ebn e bashkis\u00eb;<\/li><li>b) mbik\u00ebqyr territorin p\u00ebr zbatimin e ligjit n\u00eb t\u00eb gjitha fushat n\u00eb kompetenc\u00ebn e bashkis\u00eb dhe<br \/>njofton strukturat kompetente t\u00eb bashkis\u00eb n\u00eb rast t\u00eb konstatimit t\u00eb veprimeve n\u00eb kund\u00ebrshtim me ligjin;<\/li><li>c) mb\u00ebshtet pun\u00ebn e strukturave kompetente t\u00eb bashkis\u00eb;<\/li><li>\u00e7) bazuar n\u00eb vendimmarrjen e kryetarit t\u00eb bashkis\u00eb, mund t\u00eb administroj\u00eb parqet, lulishtet dhe zonat e gjelb\u00ebruara;<\/li><li>d) bazuar n\u00eb vendimmarrjen e kryetarit t\u00eb bashkis\u00eb, mund t\u00eb administroj\u00eb tregjet publike;<\/li><li>dh) bazuar n\u00eb vendimmarrjen e kryetarit t\u00eb bashkis\u00eb, mund t\u00eb administroj\u00eb k\u00ebndet e loj\u00ebrave,<br \/>terrenet sportive, bibliotekat, sht\u00ebpit\u00eb dhe klubet e rinis\u00eb;<\/li><li>e) p\u00ebrgatit dhe i propozon kryetarit t\u00eb bashkis\u00eb planin p\u00ebr investimet n\u00ebn juridiksionin e saj<br \/>territorial, si dhe mbik\u00ebqyr, pas miratimit, zbatimin e tyre, sipas ligjit;<\/li><li>\u00eb) propozon, sipas ligjit, em\u00ebrtimin e rrug\u00ebve, shesheve, institucioneve dhe objekteve q\u00eb jan\u00eb n\u00ebn<br \/>juridiksionin e saj territorial;<\/li><li>f)mb\u00ebshtet, koordinon dhe mbik\u00ebqyr veprimtarin\u00eb e kryetar\u00ebve e t\u00eb kryesive t\u00eb fshatrave;<\/li><li>g) i propozon kryetarit t\u00eb bashkis\u00eb dh\u00ebnien e titujve t\u00eb nderit dhe stimujve p\u00ebr personat n\u00ebn<br \/>juridiksionin e saj territorial;<\/li><li>gj)propozon marrjen e nismave n\u00eb dobi t\u00eb komunitetit me mund\u00ebsi t\u00eb barabarta dhe p\u00ebrfitime nga t\u00eb gjith\u00eb brenda juridiksionit t\u00eb saj territorial;<\/li><li>h) kryen \u00e7do funksion tjet\u00ebr t\u00eb deleguar nga kryetari i bashkis\u00eb.<\/li><\/ul>\t\t\t\t\t\t\t\t<\/div>\n\t\t\t\t<\/div>\n\t\t\t\t\t<\/div>\n\t\t\t\t<\/div>\n\t\t\t\t<\/div>","protected":false},"excerpt":{"rendered":"<p>Informacion Tjet\u00ebr 1.Bashkia n\u00eb pro\u00e7esin e integrimit evropian Projektet Dokumente strategjike Ide dhe projekte 2. Bashkia dhe shoq\u00ebria civile N\u00eb t\u00ebr\u00ebsi t\u00eb dh\u00ebna p\u00ebr grupet e interesit. T\u00eb dh\u00ebna p\u00ebr OJF, p\u00ebrfaq\u00ebsuesit e medias, biznesit. \u00a0Sh\u00ebrbimet q\u00eb ofrohen nga organizata t\u00eb ndryshme. Nismat advokuese, lobuese dhe monitoruese nga shoq\u00ebriacivile 3.Raporte, studime dhe vler\u00ebsime mbi zbatimin [&hellip;]<\/p>","protected":false},"author":1,"featured_media":0,"parent":20394,"menu_order":0,"comment_status":"closed","ping_status":"closed","template":"","meta":{"_acf_changed":false,"footnotes":""},"class_list":["post-25197","page","type-page","status-publish","hentry"],"acf":[],"_links":{"self":[{"href":"https:\/\/kamza.gov.al\/en\/wp-json\/wp\/v2\/pages\/25197","targetHints":{"allow":["GET"]}}],"collection":[{"href":"https:\/\/kamza.gov.al\/en\/wp-json\/wp\/v2\/pages"}],"about":[{"href":"https:\/\/kamza.gov.al\/en\/wp-json\/wp\/v2\/types\/page"}],"author":[{"embeddable":true,"href":"https:\/\/kamza.gov.al\/en\/wp-json\/wp\/v2\/users\/1"}],"replies":[{"embeddable":true,"href":"https:\/\/kamza.gov.al\/en\/wp-json\/wp\/v2\/comments?post=25197"}],"version-history":[{"count":28,"href":"https:\/\/kamza.gov.al\/en\/wp-json\/wp\/v2\/pages\/25197\/revisions"}],"predecessor-version":[{"id":25487,"href":"https:\/\/kamza.gov.al\/en\/wp-json\/wp\/v2\/pages\/25197\/revisions\/25487"}],"up":[{"embeddable":true,"href":"https:\/\/kamza.gov.al\/en\/wp-json\/wp\/v2\/pages\/20394"}],"wp:attachment":[{"href":"https:\/\/kamza.gov.al\/en\/wp-json\/wp\/v2\/media?parent=25197"}],"curies":[{"name":"wp","href":"https:\/\/api.w.org\/{rel}","templated":true}]}}