{"id":24678,"date":"2025-11-07T11:33:47","date_gmt":"2025-11-07T10:33:47","guid":{"rendered":"https:\/\/kamza.gov.al\/?page_id=24678"},"modified":"2026-01-12T15:07:03","modified_gmt":"2026-01-12T14:07:03","slug":"regjistri-i-kerkesave","status":"publish","type":"page","link":"https:\/\/kamza.gov.al\/en\/transparenca\/programi-i-transparences\/regjistri-i-kerkesave\/","title":{"rendered":"Regjistri i K\u00ebrkesave"},"content":{"rendered":"<div data-elementor-type=\"wp-page\" data-elementor-id=\"24678\" class=\"elementor elementor-24678\" data-elementor-post-type=\"page\">\n\t\t\t\t<div class=\"elementor-element elementor-element-a536471 e-con-full e-flex e-con e-parent\" data-id=\"a536471\" data-element_type=\"container\">\n\t\t\t\t<div class=\"elementor-element elementor-element-84dd211 elementor-widget elementor-widget-template\" data-id=\"84dd211\" data-element_type=\"widget\" data-widget_type=\"template.default\">\n\t\t\t\t<div class=\"elementor-widget-container\">\n\t\t\t\t\t\t\t<div class=\"elementor-template\">\r\n\t\t\t\t\t<div data-elementor-type=\"container\" data-elementor-id=\"20550\" class=\"elementor elementor-20550\" data-elementor-post-type=\"elementor_library\">\n\t\t\t\t<div class=\"elementor-element elementor-element-190c0c50 e-flex e-con-boxed e-con e-parent\" data-id=\"190c0c50\" data-element_type=\"container\" data-settings=\"{&quot;background_background&quot;:&quot;classic&quot;}\">\n\t\t\t\t\t<div class=\"e-con-inner\">\n\t\t\t\t<div class=\"elementor-element elementor-element-751afb5d elementor-widget elementor-widget-heading\" data-id=\"751afb5d\" data-element_type=\"widget\" data-widget_type=\"heading.default\">\n\t\t\t\t\t<h1 class=\"elementor-heading-title elementor-size-default\">Regjistri i K\u00ebrkesave<\/h1>\t\t\t\t<\/div>\n\t\t\t\t\t<\/div>\n\t\t\t\t<\/div>\n\t\t\t\t<\/div>\n\t\t\t\t<\/div>\r\n\t\t\t\t\t\t<\/div>\n\t\t\t\t<\/div>\n\t\t\t\t<\/div>\n\t\t<div class=\"elementor-element elementor-element-4f71b1c e-flex e-con-boxed e-con e-parent\" data-id=\"4f71b1c\" data-element_type=\"container\" data-settings=\"{&quot;background_background&quot;:&quot;classic&quot;}\">\n\t\t\t\t\t<div class=\"e-con-inner\">\n\t\t\t\t<div class=\"elementor-element elementor-element-70747d71 e-n-tabs-mobile elementor-widget elementor-widget-n-tabs\" data-id=\"70747d71\" data-element_type=\"widget\" id=\"year2025vendime\" data-widget_type=\"nested-tabs.default\">\n\t\t\t\t\t\t\t<div class=\"e-n-tabs\" data-widget-number=\"1886682481\" aria-label=\"Tabs. Open items with Enter or Space, close with Escape and navigate using the Arrow keys.\" data-no-translation-aria-label=\"\">\n\t\t\t<div class=\"e-n-tabs-heading\" role=\"tablist\">\n\t\t\t\t\t<button id=\"e-n-tab-title-18866824811\" data-tab-title-id=\"e-n-tab-title-18866824811\" class=\"e-n-tab-title\" aria-selected=\"true\" data-tab-index=\"1\" role=\"tab\" tabindex=\"0\" aria-controls=\"e-n-tab-content-18866824811\" style=\"--n-tabs-title-order: 1;\">\n\t\t\t\t\t\t<span class=\"e-n-tab-title-text\">\n\t\t\t\tRegjistri i k\u00ebrkesave dhe p\u00ebrgjigjeve 2025\t\t\t<\/span>\n\t\t<\/button>\n\t\t\t\t<button id=\"e-n-tab-title-18866824812\" data-tab-title-id=\"e-n-tab-title-18866824812\" class=\"e-n-tab-title\" aria-selected=\"false\" data-tab-index=\"2\" role=\"tab\" tabindex=\"-1\" aria-controls=\"e-n-tab-content-18866824812\" style=\"--n-tabs-title-order: 2;\">\n\t\t\t\t\t\t<span class=\"e-n-tab-title-text\">\n\t\t\t\tRegjistri i k\u00ebrkesave dhe p\u00ebrgjigjeve 2024\t\t\t<\/span>\n\t\t<\/button>\n\t\t\t\t<button id=\"e-n-tab-title-18866824813\" data-tab-title-id=\"e-n-tab-title-18866824813\" class=\"e-n-tab-title\" aria-selected=\"false\" data-tab-index=\"3\" role=\"tab\" tabindex=\"-1\" aria-controls=\"e-n-tab-content-18866824813\" style=\"--n-tabs-title-order: 3;\">\n\t\t\t\t\t\t<span class=\"e-n-tab-title-text\">\n\t\t\t\tRegjistri i k\u00ebrkesave dhe p\u00ebrgjigjeve 2023\t\t\t<\/span>\n\t\t<\/button>\n\t\t\t\t<button id=\"e-n-tab-title-18866824814\" data-tab-title-id=\"e-n-tab-title-18866824814\" class=\"e-n-tab-title\" aria-selected=\"false\" data-tab-index=\"4\" role=\"tab\" tabindex=\"-1\" aria-controls=\"e-n-tab-content-18866824814\" style=\"--n-tabs-title-order: 4;\">\n\t\t\t\t\t\t<span class=\"e-n-tab-title-text\">\n\t\t\t\tRegjistri i k\u00ebrkesave dhe p\u00ebrgjigjeve 2022\t\t\t<\/span>\n\t\t<\/button>\n\t\t\t\t<button id=\"e-n-tab-title-18866824815\" data-tab-title-id=\"e-n-tab-title-18866824815\" class=\"e-n-tab-title\" aria-selected=\"false\" data-tab-index=\"5\" role=\"tab\" tabindex=\"-1\" aria-controls=\"e-n-tab-content-18866824815\" style=\"--n-tabs-title-order: 5;\">\n\t\t\t\t\t\t<span class=\"e-n-tab-title-text\">\n\t\t\t\tRegjistri i k\u00ebrkesave dhe p\u00ebrgjigjeve 2021\t\t\t<\/span>\n\t\t<\/button>\n\t\t\t\t<button id=\"e-n-tab-title-18866824816\" data-tab-title-id=\"e-n-tab-title-18866824816\" class=\"e-n-tab-title\" aria-selected=\"false\" data-tab-index=\"6\" role=\"tab\" tabindex=\"-1\" aria-controls=\"e-n-tab-content-18866824816\" style=\"--n-tabs-title-order: 6;\">\n\t\t\t\t\t\t<span class=\"e-n-tab-title-text\">\n\t\t\t\tRegjistri i k\u00ebrkesave dhe p\u00ebrgjigjeve 2020\t\t\t<\/span>\n\t\t<\/button>\n\t\t\t\t<button id=\"e-n-tab-title-18866824817\" data-tab-title-id=\"e-n-tab-title-18866824817\" class=\"e-n-tab-title\" aria-selected=\"false\" data-tab-index=\"7\" role=\"tab\" tabindex=\"-1\" aria-controls=\"e-n-tab-content-18866824817\" style=\"--n-tabs-title-order: 7;\">\n\t\t\t\t\t\t<span class=\"e-n-tab-title-text\">\n\t\t\t\tRegjistri i k\u00ebrkesave dhe p\u00ebrgjigjeve 2016-2019\t\t\t<\/span>\n\t\t<\/button>\n\t\t\t\t\t<\/div>\n\t\t\t<div class=\"e-n-tabs-content\">\n\t\t\t\t<div id=\"e-n-tab-content-18866824811\" role=\"tabpanel\" aria-labelledby=\"e-n-tab-title-18866824811\" data-tab-index=\"1\" style=\"--n-tabs-title-order: 1;\" class=\"e-active elementor-element elementor-element-ef41360 e-con-full e-flex e-con e-child\" data-id=\"ef41360\" data-element_type=\"container\">\n\t\t<div class=\"elementor-element elementor-element-a4671e7 e-flex e-con-boxed e-con e-child\" data-id=\"a4671e7\" data-element_type=\"container\">\n\t\t\t\t\t<div class=\"e-con-inner\">\n\t\t\t\t<div class=\"elementor-element elementor-element-8587d79 elementor-widget elementor-widget-price-list\" data-id=\"8587d79\" data-element_type=\"widget\" data-widget_type=\"price-list.default\">\n\t\t\t\t\t\r\n\t\t<ul class=\"elementor-price-list\">\r\n\r\n\t\t\t\t\t\t\t\t\t<li><a class=\"elementor-price-list-item\" href=\"https:\/\/kamza.gov.al\/wp-content\/uploads\/2026\/01\/Regjistri-i-Kerkesave-dhe-Pergjigjeve-2025.docx\">\t\t\t\t\r\n\t\t\t\t<div class=\"elementor-price-list-text\">\r\n\t\t\t\t\t\t\t\t\t<div class=\"elementor-price-list-header\">\r\n\t\t\t\t\t\t\t\t\t\t\t<span class=\"elementor-price-list-title\">\r\n\t\t\t\t\t\t\tRegjitri i Ke\u0308rkesave dhe Pe\u0308rgjigjeve p\u00ebr vitin kalendarik 2025 \t\t\t\t\t\t<\/span>\r\n\t\t\t\t\t\t\t\t\t\t\t\t\t\t\t\t\t\t\t\t\t\t\t\t<span class=\"elementor-price-list-price\">Shiko<\/span>\r\n\t\t\t\t\t\t\t\t\t\t<\/div>\r\n\t\t\t\t\t\t\t\t\t\t\t\t<\/div>\r\n\t\t\t\t<\/a><\/li>\t\t\t\t\t\t\t\t\t\t\r\n\t\t<\/ul>\r\n\r\n\t\t\t\t\t\t<\/div>\n\t\t\t\t\t<\/div>\n\t\t\t\t<\/div>\n\t\t\t\t<\/div>\n\t\t<div id=\"e-n-tab-content-18866824812\" role=\"tabpanel\" aria-labelledby=\"e-n-tab-title-18866824812\" data-tab-index=\"2\" style=\"--n-tabs-title-order: 2;\" class=\"elementor-element elementor-element-ac7587f e-con-full e-flex e-con e-child\" data-id=\"ac7587f\" data-element_type=\"container\">\n\t\t<div class=\"elementor-element elementor-element-020b1be e-flex e-con-boxed e-con e-child\" data-id=\"020b1be\" data-element_type=\"container\">\n\t\t\t\t\t<div class=\"e-con-inner\">\n\t\t\t\t<div class=\"elementor-element elementor-element-fba2c6a elementor-widget elementor-widget-price-list\" data-id=\"fba2c6a\" data-element_type=\"widget\" data-widget_type=\"price-list.default\">\n\t\t\t\t\t\r\n\t\t<ul class=\"elementor-price-list\">\r\n\r\n\t\t\t\t\t\t\t\t\t<li><a class=\"elementor-price-list-item\" href=\"https:\/\/kamza.gov.al\/wp-content\/uploads\/2025\/11\/Rregjistri-i-Kerkesave-dhe-Pergjigjeve-2024.pdf\">\t\t\t\t\r\n\t\t\t\t<div class=\"elementor-price-list-text\">\r\n\t\t\t\t\t\t\t\t\t<div class=\"elementor-price-list-header\">\r\n\t\t\t\t\t\t\t\t\t\t\t<span class=\"elementor-price-list-title\">\r\n\t\t\t\t\t\t\tRregjistri i Ke\u0308rkesave dhe Pe\u0308rgjigjeve p\u00ebr vitin kalendarik 2024\t\t\t\t\t\t<\/span>\r\n\t\t\t\t\t\t\t\t\t\t\t\t\t\t\t\t\t\t\t\t\t\t\t\t<span class=\"elementor-price-list-price\">Shiko<\/span>\r\n\t\t\t\t\t\t\t\t\t\t<\/div>\r\n\t\t\t\t\t\t\t\t\t\t\t\t<\/div>\r\n\t\t\t\t<\/a><\/li>\t\t\t\t\t\r\n\t\t<\/ul>\r\n\r\n\t\t\t\t\t\t<\/div>\n\t\t\t\t\t<\/div>\n\t\t\t\t<\/div>\n\t\t\t\t<\/div>\n\t\t<div id=\"e-n-tab-content-18866824813\" role=\"tabpanel\" aria-labelledby=\"e-n-tab-title-18866824813\" data-tab-index=\"3\" style=\"--n-tabs-title-order: 3;\" class=\"elementor-element elementor-element-5e5bcef e-con-full e-flex e-con e-child\" data-id=\"5e5bcef\" data-element_type=\"container\">\n\t\t<div class=\"elementor-element elementor-element-2d33e70 e-flex e-con-boxed e-con e-child\" data-id=\"2d33e70\" data-element_type=\"container\">\n\t\t\t\t\t<div class=\"e-con-inner\">\n\t\t\t\t<div class=\"elementor-element elementor-element-d56dc34 elementor-widget elementor-widget-price-list\" data-id=\"d56dc34\" data-element_type=\"widget\" data-widget_type=\"price-list.default\">\n\t\t\t\t\t\r\n\t\t<ul class=\"elementor-price-list\">\r\n\r\n\t\t\t\t\t\t\t\t\t<li><a class=\"elementor-price-list-item\" href=\"https:\/\/kamza.gov.al\/wp-content\/uploads\/2025\/11\/Rregjisti-i-Kerkesave-dhe-Pergjigjeve-2023.pdf\">\t\t\t\t\r\n\t\t\t\t<div class=\"elementor-price-list-text\">\r\n\t\t\t\t\t\t\t\t\t<div class=\"elementor-price-list-header\">\r\n\t\t\t\t\t\t\t\t\t\t\t<span class=\"elementor-price-list-title\">\r\n\t\t\t\t\t\t\tRregjisti i Ke\u0308rkesave dhe Pe\u0308rgjigjeve p\u00ebr vitin kalendarik 2023\t\t\t\t\t\t<\/span>\r\n\t\t\t\t\t\t\t\t\t\t\t\t\t\t\t\t\t\t\t\t\t\t\t\t<span class=\"elementor-price-list-price\">Shiko<\/span>\r\n\t\t\t\t\t\t\t\t\t\t<\/div>\r\n\t\t\t\t\t\t\t\t\t\t\t\t<\/div>\r\n\t\t\t\t<\/a><\/li>\t\t\t\t\t\r\n\t\t<\/ul>\r\n\r\n\t\t\t\t\t\t<\/div>\n\t\t\t\t\t<\/div>\n\t\t\t\t<\/div>\n\t\t\t\t<\/div>\n\t\t<div id=\"e-n-tab-content-18866824814\" role=\"tabpanel\" aria-labelledby=\"e-n-tab-title-18866824814\" data-tab-index=\"4\" style=\"--n-tabs-title-order: 4;\" class=\"elementor-element elementor-element-716f1f7 e-con-full e-flex e-con e-child\" data-id=\"716f1f7\" data-element_type=\"container\">\n\t\t<div class=\"elementor-element elementor-element-bd13aae e-flex e-con-boxed e-con e-child\" data-id=\"bd13aae\" data-element_type=\"container\">\n\t\t\t\t\t<div class=\"e-con-inner\">\n\t\t\t\t<div class=\"elementor-element elementor-element-3f5435e elementor-widget elementor-widget-price-list\" data-id=\"3f5435e\" data-element_type=\"widget\" data-widget_type=\"price-list.default\">\n\t\t\t\t\t\r\n\t\t<ul class=\"elementor-price-list\">\r\n\r\n\t\t\t\t\t\t\t\t\t<li><a class=\"elementor-price-list-item\" href=\"https:\/\/kamza.gov.al\/wp-content\/uploads\/2025\/11\/Regjistri-i-Kerkesave-dhe-Pergjigjeve-2022.pdf\">\t\t\t\t\r\n\t\t\t\t<div class=\"elementor-price-list-text\">\r\n\t\t\t\t\t\t\t\t\t<div class=\"elementor-price-list-header\">\r\n\t\t\t\t\t\t\t\t\t\t\t<span class=\"elementor-price-list-title\">\r\n\t\t\t\t\t\t\tRegjistri i Ke\u0308rkesave dhe Pe\u0308rgjigjeve p\u00ebr vitin kalendarik 2022\t\t\t\t\t\t<\/span>\r\n\t\t\t\t\t\t\t\t\t\t\t\t\t\t\t\t\t\t\t\t\t\t\t\t<span class=\"elementor-price-list-price\">Shiko<\/span>\r\n\t\t\t\t\t\t\t\t\t\t<\/div>\r\n\t\t\t\t\t\t\t\t\t\t\t\t<\/div>\r\n\t\t\t\t<\/a><\/li>\t\t\t\t\t\r\n\t\t<\/ul>\r\n\r\n\t\t\t\t\t\t<\/div>\n\t\t\t\t\t<\/div>\n\t\t\t\t<\/div>\n\t\t\t\t<\/div>\n\t\t<div id=\"e-n-tab-content-18866824815\" role=\"tabpanel\" aria-labelledby=\"e-n-tab-title-18866824815\" data-tab-index=\"5\" style=\"--n-tabs-title-order: 5;\" class=\"elementor-element elementor-element-43bcc1f e-con-full e-flex e-con e-child\" data-id=\"43bcc1f\" data-element_type=\"container\">\n\t\t<div class=\"elementor-element elementor-element-9042d0d e-flex e-con-boxed e-con e-child\" data-id=\"9042d0d\" data-element_type=\"container\">\n\t\t\t\t\t<div class=\"e-con-inner\">\n\t\t\t\t<div class=\"elementor-element elementor-element-2eb67bf elementor-widget elementor-widget-price-list\" data-id=\"2eb67bf\" data-element_type=\"widget\" data-widget_type=\"price-list.default\">\n\t\t\t\t\t\r\n\t\t<ul class=\"elementor-price-list\">\r\n\r\n\t\t\t\t\t\t\t\t\t<li><a class=\"elementor-price-list-item\" href=\"https:\/\/kamza.gov.al\/wp-content\/uploads\/2025\/11\/Regjistri-i-Kerkesave-dhe-Pergjigjeve-2021.pdf\">\t\t\t\t\r\n\t\t\t\t<div class=\"elementor-price-list-text\">\r\n\t\t\t\t\t\t\t\t\t<div class=\"elementor-price-list-header\">\r\n\t\t\t\t\t\t\t\t\t\t\t<span class=\"elementor-price-list-title\">\r\n\t\t\t\t\t\t\tRegjistri i Ke\u0308rkesave dhe Pe\u0308rgjigjeve p\u00ebr vitin kalendarik 2021\t\t\t\t\t\t<\/span>\r\n\t\t\t\t\t\t\t\t\t\t\t\t\t\t\t\t\t\t\t\t\t\t\t\t<span class=\"elementor-price-list-price\">Shiko<\/span>\r\n\t\t\t\t\t\t\t\t\t\t<\/div>\r\n\t\t\t\t\t\t\t\t\t\t\t\t<\/div>\r\n\t\t\t\t<\/a><\/li>\t\t\t\t\t\r\n\t\t<\/ul>\r\n\r\n\t\t\t\t\t\t<\/div>\n\t\t\t\t\t<\/div>\n\t\t\t\t<\/div>\n\t\t\t\t<\/div>\n\t\t<div id=\"e-n-tab-content-18866824816\" role=\"tabpanel\" aria-labelledby=\"e-n-tab-title-18866824816\" data-tab-index=\"6\" style=\"--n-tabs-title-order: 6;\" class=\"elementor-element elementor-element-d95d51d e-con-full e-flex e-con e-child\" data-id=\"d95d51d\" data-element_type=\"container\">\n\t\t<div class=\"elementor-element elementor-element-e37c82b e-flex e-con-boxed e-con e-child\" data-id=\"e37c82b\" data-element_type=\"container\">\n\t\t\t\t\t<div class=\"e-con-inner\">\n\t\t\t\t<div class=\"elementor-element elementor-element-8568cf7 elementor-widget elementor-widget-price-list\" data-id=\"8568cf7\" data-element_type=\"widget\" data-widget_type=\"price-list.default\">\n\t\t\t\t\t\r\n\t\t<ul class=\"elementor-price-list\">\r\n\r\n\t\t\t\t\t\t\t\t\t<li><a class=\"elementor-price-list-item\" href=\"https:\/\/kamza.gov.al\/wp-content\/uploads\/2025\/11\/Regjistri-i-Kerkesave-dhe-Pergjigjeve-2020.pdf\">\t\t\t\t\r\n\t\t\t\t<div class=\"elementor-price-list-text\">\r\n\t\t\t\t\t\t\t\t\t<div class=\"elementor-price-list-header\">\r\n\t\t\t\t\t\t\t\t\t\t\t<span class=\"elementor-price-list-title\">\r\n\t\t\t\t\t\t\tRegjistri i Ke\u0308rkesave dhe Pe\u0308rgjigjeve p\u00ebr vitin kalendarik 2020\t\t\t\t\t\t<\/span>\r\n\t\t\t\t\t\t\t\t\t\t\t\t\t\t\t\t\t\t\t\t\t\t\t\t<span class=\"elementor-price-list-price\">Shiko<\/span>\r\n\t\t\t\t\t\t\t\t\t\t<\/div>\r\n\t\t\t\t\t\t\t\t\t\t\t\t<\/div>\r\n\t\t\t\t<\/a><\/li>\t\t\t\t\t\r\n\t\t<\/ul>\r\n\r\n\t\t\t\t\t\t<\/div>\n\t\t\t\t\t<\/div>\n\t\t\t\t<\/div>\n\t\t\t\t<\/div>\n\t\t<div id=\"e-n-tab-content-18866824817\" role=\"tabpanel\" aria-labelledby=\"e-n-tab-title-18866824817\" data-tab-index=\"7\" style=\"--n-tabs-title-order: 7;\" class=\"elementor-element elementor-element-3f88850 e-flex e-con-boxed e-con e-child\" data-id=\"3f88850\" data-element_type=\"container\">\n\t\t\t\t\t<div class=\"e-con-inner\">\n\t\t<div class=\"elementor-element elementor-element-8ce6ac0 e-con-full e-flex e-con e-child\" data-id=\"8ce6ac0\" data-element_type=\"container\">\n\t\t\t\t<div class=\"elementor-element elementor-element-310dbdd elementor-widget elementor-widget-price-list\" data-id=\"310dbdd\" data-element_type=\"widget\" data-widget_type=\"price-list.default\">\n\t\t\t\t\t\r\n\t\t<ul class=\"elementor-price-list\">\r\n\r\n\t\t\t\t\t\t\t\t\t<li><a class=\"elementor-price-list-item\" href=\"https:\/\/kamza.gov.al\/wp-content\/uploads\/2025\/11\/Regjistri-i-Kerkesave-dhe-Pergjigjeve-2016-2019.pdf\">\t\t\t\t\r\n\t\t\t\t<div class=\"elementor-price-list-text\">\r\n\t\t\t\t\t\t\t\t\t<div class=\"elementor-price-list-header\">\r\n\t\t\t\t\t\t\t\t\t\t\t<span class=\"elementor-price-list-title\">\r\n\t\t\t\t\t\t\tRegjistri i Ke\u0308rkesave dhe Pe\u0308rgjigjeve p\u00ebr vitet kalendarike 2016 - 2019\t\t\t\t\t\t<\/span>\r\n\t\t\t\t\t\t\t\t\t\t\t\t\t\t\t\t\t\t\t\t\t\t\t\t<span class=\"elementor-price-list-price\">Shiko<\/span>\r\n\t\t\t\t\t\t\t\t\t\t<\/div>\r\n\t\t\t\t\t\t\t\t\t\t\t\t<\/div>\r\n\t\t\t\t<\/a><\/li>\t\t\t\t\t\r\n\t\t<\/ul>\r\n\r\n\t\t\t\t\t\t<\/div>\n\t\t\t\t<\/div>\n\t\t\t\t\t<\/div>\n\t\t\t\t<\/div>\n\t\t\t\t\t<\/div>\n\t\t<\/div>\n\t\t\t\t\t\t<\/div>\n\t\t\t\t\t<\/div>\n\t\t\t\t<\/div>\n\t\t\t\t<\/div>","protected":false},"excerpt":{"rendered":"<p>Regjistri i k\u00ebrkesave dhe p\u00ebrgjigjeve 2025 Regjistri i k\u00ebrkesave dhe p\u00ebrgjigjeve 2024 Regjistri i k\u00ebrkesave dhe p\u00ebrgjigjeve 2023 Regjistri i k\u00ebrkesave dhe p\u00ebrgjigjeve 2022 Regjistri i k\u00ebrkesave dhe p\u00ebrgjigjeve 2021 Regjistri i k\u00ebrkesave dhe p\u00ebrgjigjeve 2020 Regjistri i k\u00ebrkesave dhe p\u00ebrgjigjeve 2016-2019 Regjitri i Ke\u0308rkesave dhe Pe\u0308rgjigjeve p\u00ebr vitin kalendarik 2025 Shiko Rregjistri i Ke\u0308rkesave [&hellip;]<\/p>","protected":false},"author":1,"featured_media":0,"parent":20394,"menu_order":0,"comment_status":"closed","ping_status":"closed","template":"","meta":{"_acf_changed":false,"footnotes":""},"class_list":["post-24678","page","type-page","status-publish","hentry"],"acf":[],"_links":{"self":[{"href":"https:\/\/kamza.gov.al\/en\/wp-json\/wp\/v2\/pages\/24678","targetHints":{"allow":["GET"]}}],"collection":[{"href":"https:\/\/kamza.gov.al\/en\/wp-json\/wp\/v2\/pages"}],"about":[{"href":"https:\/\/kamza.gov.al\/en\/wp-json\/wp\/v2\/types\/page"}],"author":[{"embeddable":true,"href":"https:\/\/kamza.gov.al\/en\/wp-json\/wp\/v2\/users\/1"}],"replies":[{"embeddable":true,"href":"https:\/\/kamza.gov.al\/en\/wp-json\/wp\/v2\/comments?post=24678"}],"version-history":[{"count":85,"href":"https:\/\/kamza.gov.al\/en\/wp-json\/wp\/v2\/pages\/24678\/revisions"}],"predecessor-version":[{"id":26381,"href":"https:\/\/kamza.gov.al\/en\/wp-json\/wp\/v2\/pages\/24678\/revisions\/26381"}],"up":[{"embeddable":true,"href":"https:\/\/kamza.gov.al\/en\/wp-json\/wp\/v2\/pages\/20394"}],"wp:attachment":[{"href":"https:\/\/kamza.gov.al\/en\/wp-json\/wp\/v2\/media?parent=24678"}],"curies":[{"name":"wp","href":"https:\/\/api.w.org\/{rel}","templated":true}]}}