{"id":24275,"date":"2025-11-06T09:44:19","date_gmt":"2025-11-06T08:44:19","guid":{"rendered":"https:\/\/kamza.gov.al\/?page_id=24275"},"modified":"2026-01-20T11:31:57","modified_gmt":"2026-01-20T10:31:57","slug":"programi","status":"publish","type":"page","link":"https:\/\/kamza.gov.al\/en\/transparenca\/programi-i-transparences\/programi\/","title":{"rendered":"Programi"},"content":{"rendered":"<div data-elementor-type=\"wp-page\" data-elementor-id=\"24275\" class=\"elementor elementor-24275\" data-elementor-post-type=\"page\">\n\t\t\t\t<div class=\"elementor-element elementor-element-a536471 e-con-full e-flex e-con e-parent\" data-id=\"a536471\" data-element_type=\"container\">\n\t\t\t\t<div class=\"elementor-element elementor-element-84dd211 elementor-widget elementor-widget-template\" data-id=\"84dd211\" data-element_type=\"widget\" data-widget_type=\"template.default\">\n\t\t\t\t<div class=\"elementor-widget-container\">\n\t\t\t\t\t\t\t<div class=\"elementor-template\">\r\n\t\t\t\t\t<div data-elementor-type=\"container\" data-elementor-id=\"20550\" class=\"elementor elementor-20550\" data-elementor-post-type=\"elementor_library\">\n\t\t\t\t<div class=\"elementor-element elementor-element-190c0c50 e-flex e-con-boxed e-con e-parent\" data-id=\"190c0c50\" data-element_type=\"container\" data-settings=\"{&quot;background_background&quot;:&quot;classic&quot;}\">\n\t\t\t\t\t<div class=\"e-con-inner\">\n\t\t\t\t<div class=\"elementor-element elementor-element-751afb5d elementor-widget elementor-widget-heading\" data-id=\"751afb5d\" data-element_type=\"widget\" data-widget_type=\"heading.default\">\n\t\t\t\t\t<h1 class=\"elementor-heading-title elementor-size-default\">Programi<\/h1>\t\t\t\t<\/div>\n\t\t\t\t\t<\/div>\n\t\t\t\t<\/div>\n\t\t\t\t<\/div>\n\t\t\t\t<\/div>\r\n\t\t\t\t\t\t<\/div>\n\t\t\t\t<\/div>\n\t\t\t\t<\/div>\n\t\t<div class=\"elementor-element elementor-element-8ccc092 e-flex e-con-boxed e-con e-parent\" data-id=\"8ccc092\" data-element_type=\"container\">\n\t\t\t\t\t<div class=\"e-con-inner\">\n\t\t<a class=\"elementor-element elementor-element-21455b9 e-con-full e-flex e-con e-child\" data-id=\"21455b9\" data-element_type=\"container\" data-settings=\"{&quot;background_background&quot;:&quot;classic&quot;}\" href=\"https:\/\/kamza.gov.al\/en\/transparenca\/programi-i-transparences\/organizimi-dhe-funksionimi-i-bashkise\/\">\n\t\t\t\t<div class=\"elementor-element elementor-element-3829d60 elementor-widget elementor-widget-heading\" data-id=\"3829d60\" data-element_type=\"widget\" data-widget_type=\"heading.default\">\n\t\t\t\t\t<h5 class=\"elementor-heading-title elementor-size-default\">Organization and functioning of the Municipality<\/h5>\t\t\t\t<\/div>\n\t\t\t\t<\/a>\n\t\t<a class=\"elementor-element elementor-element-ef63588 e-con-full e-flex e-con e-child\" data-id=\"ef63588\" data-element_type=\"container\" data-settings=\"{&quot;background_background&quot;:&quot;classic&quot;}\" href=\"https:\/\/kamza.gov.al\/en\/transparenca\/programi-i-transparences\/trasparenca-dhe-llogaridhenia-ekonomiko-financiare\/\">\n\t\t\t\t<div class=\"elementor-element elementor-element-142c90e elementor-widget elementor-widget-heading\" data-id=\"142c90e\" data-element_type=\"widget\" data-widget_type=\"heading.default\">\n\t\t\t\t\t<h5 class=\"elementor-heading-title elementor-size-default\">Transparency and Economic-Financial Accountability\n<\/h5>\t\t\t\t<\/div>\n\t\t\t\t<\/a>\n\t\t<a class=\"elementor-element elementor-element-8d719a8 e-con-full e-flex e-con e-child\" data-id=\"8d719a8\" data-element_type=\"container\" data-settings=\"{&quot;background_background&quot;:&quot;classic&quot;}\" href=\"https:\/\/kamza.gov.al\/en\/transparenca\/programi-i-transparences\/kerkesat-per-informim\/\">\n\t\t\t\t<div class=\"elementor-element elementor-element-94c455d elementor-widget elementor-widget-heading\" data-id=\"94c455d\" data-element_type=\"widget\" data-widget_type=\"heading.default\">\n\t\t\t\t\t<h5 class=\"elementor-heading-title elementor-size-default\">K\u00ebrkesat p\u00ebr informim\n<\/h5>\t\t\t\t<\/div>\n\t\t\t\t<\/a>\n\t\t<a class=\"elementor-element elementor-element-5715e86 e-con-full e-flex e-con e-child\" data-id=\"5715e86\" data-element_type=\"container\" data-settings=\"{&quot;background_background&quot;:&quot;classic&quot;}\" href=\"https:\/\/kamza.gov.al\/en\/transparenca\/programi-i-transparences\/sherbimet-qe-ofron-bashkia\/\">\n\t\t\t\t<div class=\"elementor-element elementor-element-8d134ba elementor-widget elementor-widget-heading\" data-id=\"8d134ba\" data-element_type=\"widget\" data-widget_type=\"heading.default\">\n\t\t\t\t\t<h5 class=\"elementor-heading-title elementor-size-default\">Services provided by the municipality\n<\/h5>\t\t\t\t<\/div>\n\t\t\t\t<\/a>\n\t\t<a class=\"elementor-element elementor-element-2a7275e e-con-full e-flex e-con e-child\" data-id=\"2a7275e\" data-element_type=\"container\" data-settings=\"{&quot;background_background&quot;:&quot;classic&quot;}\" href=\"https:\/\/kamza.gov.al\/en\/transparenca\/programi-i-transparences\/legjislacioni-dhe-aktet-e-brendshme-rregullatore\/\">\n\t\t\t\t<div class=\"elementor-element elementor-element-8f784da elementor-widget elementor-widget-heading\" data-id=\"8f784da\" data-element_type=\"widget\" data-widget_type=\"heading.default\">\n\t\t\t\t\t<h5 class=\"elementor-heading-title elementor-size-default\">Legislation and internal regulatory acts\n<\/h5>\t\t\t\t<\/div>\n\t\t\t\t<\/a>\n\t\t<a class=\"elementor-element elementor-element-6325d03 e-con-full e-flex e-con e-child\" data-id=\"6325d03\" data-element_type=\"container\" data-settings=\"{&quot;background_background&quot;:&quot;classic&quot;}\" href=\"https:\/\/kamza.gov.al\/en\/transparenca\/programi-i-transparences\/pjesemarrja-qytetare-ne-vendimarrje\/\">\n\t\t\t\t<div class=\"elementor-element elementor-element-685973d elementor-widget elementor-widget-heading\" data-id=\"685973d\" data-element_type=\"widget\" data-widget_type=\"heading.default\">\n\t\t\t\t\t<h5 class=\"elementor-heading-title elementor-size-default\">\u00a0Citizen participation in decision-making\n<\/h5>\t\t\t\t<\/div>\n\t\t\t\t<\/a>\n\t\t<a class=\"elementor-element elementor-element-22f2c77 e-con-full e-flex e-con e-child\" data-id=\"22f2c77\" data-element_type=\"container\" data-settings=\"{&quot;background_background&quot;:&quot;classic&quot;}\" href=\"https:\/\/kamza.gov.al\/en\/transparenca\/programi-i-transparences\/keshilli-bashkiak\/\">\n\t\t\t\t<div class=\"elementor-element elementor-element-b7f3751 elementor-widget elementor-widget-heading\" data-id=\"b7f3751\" data-element_type=\"widget\" data-widget_type=\"heading.default\">\n\t\t\t\t\t<h5 class=\"elementor-heading-title elementor-size-default\">Keshilli Bashkiak<\/h5>\t\t\t\t<\/div>\n\t\t\t\t<\/a>\n\t\t<a class=\"elementor-element elementor-element-9d0a6ab e-con-full e-flex e-con e-child\" data-id=\"9d0a6ab\" data-element_type=\"container\" data-settings=\"{&quot;background_background&quot;:&quot;classic&quot;}\" href=\"https:\/\/kamza.gov.al\/en\/transparenca\/programi-i-transparences\/informacion-tjeter\/\">\n\t\t\t\t<div class=\"elementor-element elementor-element-a230800 elementor-widget elementor-widget-heading\" data-id=\"a230800\" data-element_type=\"widget\" data-widget_type=\"heading.default\">\n\t\t\t\t\t<h5 class=\"elementor-heading-title elementor-size-default\">Other information<\/h5>\t\t\t\t<\/div>\n\t\t\t\t<\/a>\n\t\t\t\t\t<\/div>\n\t\t\t\t<\/div>\n\t\t\t\t<\/div>","protected":false},"excerpt":{"rendered":"<p>Organizimi dhe funksionimi i Bashkis\u00eb Trasparenca dhe Llogaridh\u00ebnia Ekonomiko-Financiare K\u00ebrkesat p\u00ebr informim Sh\u00ebrbimet q\u00eb ofron bashkia Legjislacioni dhe aktet e brendshme rregullatore \u00a0Pjes\u00ebmarrja qytetare n\u00eb vendimarrje Keshilli Bashkiak Informacion tjet\u00ebr<\/p>","protected":false},"author":1,"featured_media":0,"parent":20394,"menu_order":0,"comment_status":"closed","ping_status":"closed","template":"","meta":{"_acf_changed":false,"footnotes":""},"class_list":["post-24275","page","type-page","status-publish","hentry"],"acf":[],"_links":{"self":[{"href":"https:\/\/kamza.gov.al\/en\/wp-json\/wp\/v2\/pages\/24275","targetHints":{"allow":["GET"]}}],"collection":[{"href":"https:\/\/kamza.gov.al\/en\/wp-json\/wp\/v2\/pages"}],"about":[{"href":"https:\/\/kamza.gov.al\/en\/wp-json\/wp\/v2\/types\/page"}],"author":[{"embeddable":true,"href":"https:\/\/kamza.gov.al\/en\/wp-json\/wp\/v2\/users\/1"}],"replies":[{"embeddable":true,"href":"https:\/\/kamza.gov.al\/en\/wp-json\/wp\/v2\/comments?post=24275"}],"version-history":[{"count":19,"href":"https:\/\/kamza.gov.al\/en\/wp-json\/wp\/v2\/pages\/24275\/revisions"}],"predecessor-version":[{"id":26519,"href":"https:\/\/kamza.gov.al\/en\/wp-json\/wp\/v2\/pages\/24275\/revisions\/26519"}],"up":[{"embeddable":true,"href":"https:\/\/kamza.gov.al\/en\/wp-json\/wp\/v2\/pages\/20394"}],"wp:attachment":[{"href":"https:\/\/kamza.gov.al\/en\/wp-json\/wp\/v2\/media?parent=24275"}],"curies":[{"name":"wp","href":"https:\/\/api.w.org\/{rel}","templated":true}]}}