{"id":22707,"date":"2025-09-17T16:06:20","date_gmt":"2025-09-17T14:06:20","guid":{"rendered":"https:\/\/kamza.instant.al\/?page_id=22707"},"modified":"2025-11-06T14:27:01","modified_gmt":"2025-11-06T13:27:01","slug":"pastrimi","status":"publish","type":"page","link":"https:\/\/kamza.gov.al\/en\/bashkia\/administrata\/drejtorite\/pastrimi\/","title":{"rendered":"Cleaning"},"content":{"rendered":"<div data-elementor-type=\"wp-page\" data-elementor-id=\"22707\" class=\"elementor elementor-22707\" data-elementor-post-type=\"page\">\n\t\t\t\t<div class=\"elementor-element elementor-element-2aadf6b e-flex e-con-boxed e-con e-parent\" data-id=\"2aadf6b\" data-element_type=\"container\" data-settings=\"{&quot;background_background&quot;:&quot;classic&quot;}\">\n\t\t\t\t\t<div class=\"e-con-inner\">\n\t\t\t\t<div class=\"elementor-element elementor-element-8703a78 elementor-widget elementor-widget-text-editor\" data-id=\"8703a78\" data-element_type=\"widget\" data-widget_type=\"text-editor.default\">\n\t\t\t\t\t\t\t\t\t<p>nd.pastrimi@kamza.gov.al<\/p>\t\t\t\t\t\t\t\t<\/div>\n\t\t\t\t\t<\/div>\n\t\t\t\t<\/div>\n\t\t<div class=\"elementor-element elementor-element-1c5fed8 e-flex e-con-boxed e-con e-parent\" data-id=\"1c5fed8\" data-element_type=\"container\">\n\t\t\t\t\t<div class=\"e-con-inner\">\n\t\t<div class=\"elementor-element elementor-element-365ccb9 e-con-full e-flex e-con e-child\" data-id=\"365ccb9\" data-element_type=\"container\" data-settings=\"{&quot;background_background&quot;:&quot;classic&quot;}\">\n\t\t\t\t<div class=\"elementor-element elementor-element-3ef4082 elementor-widget elementor-widget-heading\" data-id=\"3ef4082\" data-element_type=\"widget\" data-widget_type=\"heading.default\">\n\t\t\t\t\t<h2 class=\"elementor-heading-title elementor-size-default\">Request for container placement<\/h2>\t\t\t\t<\/div>\n\t\t\t\t<div class=\"elementor-element elementor-element-ecc6dbc elementor-widget elementor-widget-text-editor\" data-id=\"ecc6dbc\" data-element_type=\"widget\" data-widget_type=\"text-editor.default\">\n\t\t\t\t\t\t\t\t\t<p class=\"translation-block\"><strong>Documents that need to be attached to the form<\/strong><br>\u2013 Decision approving the request for a building permit<br>\u2013 Building permit, decision of the mayor<br>\u2013 Site plan for the building permit.<\/p>\t\t\t\t\t\t\t\t<\/div>\n\t\t\t\t<div class=\"elementor-element elementor-element-ed79f67 elementor-align-right elementor-widget elementor-widget-button\" data-id=\"ed79f67\" data-element_type=\"widget\" data-widget_type=\"button.default\">\n\t\t\t\t\t\t\t\t\t\t<a class=\"elementor-button elementor-button-link elementor-size-sm\" href=\"https:\/\/kamza.gov.al\/wp-content\/uploads\/2025\/09\/Kerkese-vertetimi.pdf\" target=\"_blank\">\n\t\t\t\t\t\t<span class=\"elementor-button-content-wrapper\">\n\t\t\t\t\t\t\t\t\t<span class=\"elementor-button-text\">Shiko formularin<\/span>\n\t\t\t\t\t<\/span>\n\t\t\t\t\t<\/a>\n\t\t\t\t\t\t\t\t<\/div>\n\t\t\t\t<\/div>\n\t\t\t\t\t<\/div>\n\t\t\t\t<\/div>\n\t\t\t\t<\/div>","protected":false},"excerpt":{"rendered":"<p>nd.pastrimi@kamza.gov.al Kerkese per vendosjen e kontenierve Dokumentet q\u00eb nevojiten t&#8217;i bashk\u00eblidhen formularit&#8211; Vendim p\u00ebr miratimin e k\u00ebrkes\u00ebs p\u00ebr leje nd\u00ebrtimi&#8211; Leje nd\u00ebrtimi, vendim t\u00eb kryetarit t\u00eb bashkis\u00eb&#8211; Plani i vendosjes s\u00eb objektit p\u00ebr leje nd\u00ebrtimi. Shiko formularin<\/p>","protected":false},"author":1,"featured_media":0,"parent":20130,"menu_order":0,"comment_status":"closed","ping_status":"closed","template":"","meta":{"_acf_changed":false,"footnotes":""},"class_list":["post-22707","page","type-page","status-publish","hentry"],"acf":[],"_links":{"self":[{"href":"https:\/\/kamza.gov.al\/en\/wp-json\/wp\/v2\/pages\/22707","targetHints":{"allow":["GET"]}}],"collection":[{"href":"https:\/\/kamza.gov.al\/en\/wp-json\/wp\/v2\/pages"}],"about":[{"href":"https:\/\/kamza.gov.al\/en\/wp-json\/wp\/v2\/types\/page"}],"author":[{"embeddable":true,"href":"https:\/\/kamza.gov.al\/en\/wp-json\/wp\/v2\/users\/1"}],"replies":[{"embeddable":true,"href":"https:\/\/kamza.gov.al\/en\/wp-json\/wp\/v2\/comments?post=22707"}],"version-history":[{"count":14,"href":"https:\/\/kamza.gov.al\/en\/wp-json\/wp\/v2\/pages\/22707\/revisions"}],"predecessor-version":[{"id":24524,"href":"https:\/\/kamza.gov.al\/en\/wp-json\/wp\/v2\/pages\/22707\/revisions\/24524"}],"up":[{"embeddable":true,"href":"https:\/\/kamza.gov.al\/en\/wp-json\/wp\/v2\/pages\/20130"}],"wp:attachment":[{"href":"https:\/\/kamza.gov.al\/en\/wp-json\/wp\/v2\/media?parent=22707"}],"curies":[{"name":"wp","href":"https:\/\/api.w.org\/{rel}","templated":true}]}}