{"id":22075,"date":"2025-09-09T14:17:46","date_gmt":"2025-09-09T12:17:46","guid":{"rendered":"https:\/\/kamza.instant.al\/?page_id=22075"},"modified":"2025-09-09T14:40:53","modified_gmt":"2025-09-09T12:40:53","slug":"raporto","status":"publish","type":"page","link":"https:\/\/kamza.gov.al\/en\/sherbime\/raporto\/","title":{"rendered":"Report"},"content":{"rendered":"<div data-elementor-type=\"wp-page\" data-elementor-id=\"22075\" class=\"elementor elementor-22075\" data-elementor-post-type=\"page\">\n\t\t\t\t<div class=\"elementor-element elementor-element-078e56b e-con-full e-flex e-con e-parent\" data-id=\"078e56b\" data-element_type=\"container\">\n\t\t\t\t<div class=\"elementor-element elementor-element-4bb0dd6 elementor-widget elementor-widget-template\" data-id=\"4bb0dd6\" data-element_type=\"widget\" data-widget_type=\"template.default\">\n\t\t\t\t<div class=\"elementor-widget-container\">\n\t\t\t\t\t\t\t<div class=\"elementor-template\">\r\n\t\t\t\t\t<div data-elementor-type=\"container\" data-elementor-id=\"20550\" class=\"elementor elementor-20550\" data-elementor-post-type=\"elementor_library\">\n\t\t\t\t<div class=\"elementor-element elementor-element-190c0c50 e-flex e-con-boxed e-con e-parent\" data-id=\"190c0c50\" data-element_type=\"container\" data-settings=\"{&quot;background_background&quot;:&quot;classic&quot;}\">\n\t\t\t\t\t<div class=\"e-con-inner\">\n\t\t\t\t<div class=\"elementor-element elementor-element-751afb5d elementor-widget elementor-widget-heading\" data-id=\"751afb5d\" data-element_type=\"widget\" data-widget_type=\"heading.default\">\n\t\t\t\t\t<h1 class=\"elementor-heading-title elementor-size-default\">Report<\/h1>\t\t\t\t<\/div>\n\t\t\t\t\t<\/div>\n\t\t\t\t<\/div>\n\t\t\t\t<\/div>\n\t\t\t\t<\/div>\r\n\t\t\t\t\t\t<\/div>\n\t\t\t\t<\/div>\n\t\t\t\t<\/div>\n\t\t<div class=\"elementor-element elementor-element-c910bd8 e-flex e-con-boxed e-con e-parent\" data-id=\"c910bd8\" data-element_type=\"container\">\n\t\t\t\t\t<div class=\"e-con-inner\">\n\t\t<div class=\"elementor-element elementor-element-77f4ad0 e-con-full e-flex e-con e-child\" data-id=\"77f4ad0\" data-element_type=\"container\" data-settings=\"{&quot;background_background&quot;:&quot;classic&quot;}\">\n\t\t\t\t<div class=\"elementor-element elementor-element-38be2ee elementor-button-align-stretch elementor-widget elementor-widget-form\" data-id=\"38be2ee\" data-element_type=\"widget\" data-settings=\"{&quot;button_width&quot;:&quot;25&quot;,&quot;step_next_label&quot;:&quot;Next&quot;,&quot;step_previous_label&quot;:&quot;Previous&quot;,&quot;step_type&quot;:&quot;number_text&quot;,&quot;step_icon_shape&quot;:&quot;circle&quot;}\" data-widget_type=\"form.default\">\n\t\t\t\t\t\t\t<form class=\"elementor-form\" method=\"post\" name=\"Raporto\" aria-label=\"Report\" action=\"\">\r\n\t\t\t<input type=\"hidden\" name=\"post_id\" value=\"22075\"\/>\r\n\t\t\t<input type=\"hidden\" name=\"form_id\" value=\"38be2ee\"\/>\r\n\t\t\t<input type=\"hidden\" name=\"referer_title\" value=\"Raporto - Bashkia Kam\u00ebz\" \/>\r\n\r\n\t\t\t\t\t\t\t<input type=\"hidden\" name=\"queried_id\" value=\"22075\"\/>\r\n\t\t\t\r\n\t\t\t<div class=\"elementor-form-fields-wrapper elementor-labels-\">\r\n\t\t\t\t\t\t\t\t<div class=\"elementor-field-type-text elementor-field-group elementor-column elementor-field-group-name elementor-col-50 elementor-field-required\">\r\n\t\t\t\t\t\t\t\t\t\t\t\t<label for=\"form-field-name\" class=\"elementor-field-label elementor-screen-only\">\r\n\t\t\t\t\t\t\t\tName\t\t\t\t\t\t\t<\/label>\r\n\t\t\t\t\t\t\t\t\t\t\t\t\t\t<input size=\"1\" type=\"text\" name=\"form_fields[name]\" id=\"form-field-name\" class=\"elementor-field elementor-size-sm  elementor-field-textual\" placeholder=\"Name\" required=\"required\">\r\n\t\t\t\t\t\t\t\t\t\t\t<\/div>\r\n\t\t\t\t\t\t\t\t<div class=\"elementor-field-type-text elementor-field-group elementor-column elementor-field-group-field_935895f elementor-col-50 elementor-field-required\">\r\n\t\t\t\t\t\t\t\t\t\t\t\t<label for=\"form-field-field_935895f\" class=\"elementor-field-label elementor-screen-only\">\r\n\t\t\t\t\t\t\t\tEmail\t\t\t\t\t\t\t<\/label>\r\n\t\t\t\t\t\t\t\t\t\t\t\t\t\t<input size=\"1\" type=\"text\" name=\"form_fields[field_935895f]\" id=\"form-field-field_935895f\" class=\"elementor-field elementor-size-sm  elementor-field-textual\" placeholder=\"Email\" required=\"required\">\r\n\t\t\t\t\t\t\t\t\t\t\t<\/div>\r\n\t\t\t\t\t\t\t\t<div class=\"elementor-field-type-text elementor-field-group elementor-column elementor-field-group-field_148fae2 elementor-col-50\">\r\n\t\t\t\t\t\t\t\t\t\t\t\t<label for=\"form-field-field_148fae2\" class=\"elementor-field-label elementor-screen-only\">\r\n\t\t\t\t\t\t\t\tNr ID\t\t\t\t\t\t\t<\/label>\r\n\t\t\t\t\t\t\t\t\t\t\t\t\t\t<input size=\"1\" type=\"text\" name=\"form_fields[field_148fae2]\" id=\"form-field-field_148fae2\" class=\"elementor-field elementor-size-sm  elementor-field-textual\" placeholder=\"Nr. personal \/ ID\">\r\n\t\t\t\t\t\t\t\t\t\t\t<\/div>\r\n\t\t\t\t\t\t\t\t<div class=\"elementor-field-type-text elementor-field-group elementor-column elementor-field-group-field_8504715 elementor-col-50\">\r\n\t\t\t\t\t\t\t\t\t\t\t\t<label for=\"form-field-field_8504715\" class=\"elementor-field-label elementor-screen-only\">\r\n\t\t\t\t\t\t\t\tNr kontaktit\t\t\t\t\t\t\t<\/label>\r\n\t\t\t\t\t\t\t\t\t\t\t\t\t\t<input size=\"1\" type=\"text\" name=\"form_fields[field_8504715]\" id=\"form-field-field_8504715\" class=\"elementor-field elementor-size-sm  elementor-field-textual\" placeholder=\"Nr. kontakti\">\r\n\t\t\t\t\t\t\t\t\t\t\t<\/div>\r\n\t\t\t\t\t\t\t\t<div class=\"elementor-field-type-text elementor-field-group elementor-column elementor-field-group-email elementor-col-50\">\r\n\t\t\t\t\t\t\t\t\t\t\t\t<label for=\"form-field-email\" class=\"elementor-field-label elementor-screen-only\">\r\n\t\t\t\t\t\t\t\tAddress\t\t\t\t\t\t\t<\/label>\r\n\t\t\t\t\t\t\t\t\t\t\t\t\t\t<input size=\"1\" type=\"text\" name=\"form_fields[email]\" id=\"form-field-email\" class=\"elementor-field elementor-size-sm  elementor-field-textual\" placeholder=\"Address\">\r\n\t\t\t\t\t\t\t\t\t\t\t<\/div>\r\n\t\t\t\t\t\t\t\t<div class=\"elementor-field-type-text elementor-field-group elementor-column elementor-field-group-field_9216f00 elementor-col-50\">\r\n\t\t\t\t\t\t\t\t\t\t\t\t<label for=\"form-field-field_9216f00\" class=\"elementor-field-label elementor-screen-only\">\r\n\t\t\t\t\t\t\t\tKerkesa\/ankesa\t\t\t\t\t\t\t<\/label>\r\n\t\t\t\t\t\t\t\t\t\t\t\t\t\t<input size=\"1\" type=\"text\" name=\"form_fields[field_9216f00]\" id=\"form-field-field_9216f00\" class=\"elementor-field elementor-size-sm  elementor-field-textual\" placeholder=\"K\u00ebrkesa \/ Ankesa\">\r\n\t\t\t\t\t\t\t\t\t\t\t<\/div>\r\n\t\t\t\t\t\t\t\t<div class=\"elementor-field-type-select elementor-field-group elementor-column elementor-field-group-field_762e6ac elementor-col-100\">\r\n\t\t\t\t\t\t\t\t\t\t\t\t<label for=\"form-field-field_762e6ac\" class=\"elementor-field-label elementor-screen-only\">\r\n\t\t\t\t\t\t\t\tNj\u00ebsia administrative\t\t\t\t\t\t\t<\/label>\r\n\t\t\t\t\t\t\t\t<div class=\"elementor-field elementor-select-wrapper remove-before\">\r\n\t\t\t<div class=\"select-caret-down-wrapper\">\r\n\t\t\t\t<svg aria-hidden=\"true\" class=\"e-font-icon-svg e-eicon-caret-down\" viewbox=\"0 0 571.4 571.4\" xmlns=\"http:\/\/www.w3.org\/2000\/svg\"><path d=\"M571 393Q571 407 561 418L311 668Q300 679 286 679T261 668L11 418Q0 407 0 393T11 368 36 357H536Q550 357 561 368T571 393Z\"><\/path><\/svg>\t\t\t<\/div>\r\n\t\t\t<select name=\"form_fields[field_762e6ac]\" id=\"form-field-field_762e6ac\" class=\"elementor-field-textual elementor-size-sm\">\r\n\t\t\t\t\t\t\t\t\t<option value=\" \">Nj\u00ebsia administrative <\/option>\r\n\t\t\t\t\t\t\t\t\t<option value=\"Nj\u00ebsia 1\">Nj\u00ebsia 1<\/option>\r\n\t\t\t\t\t\t\t\t\t<option value=\"Nj\u00ebsia 2\">Nj\u00ebsia 2<\/option>\r\n\t\t\t\t\t\t\t\t\t<option value=\"Nj\u00ebsia 3\">Nj\u00ebsia 3<\/option>\r\n\t\t\t\t\t\t\t<\/select>\r\n\t\t<\/div>\r\n\t\t\t\t\t\t<\/div>\r\n\t\t\t\t\t\t\t\t<div class=\"elementor-field-type-html elementor-field-group elementor-column elementor-field-group-field_0cf207a elementor-col-100\">\r\n\t\t\t\t\tV\u00ebrtetim q\u00eb jan\u00eb shlyer detyrimet p\u00ebr taksat dhe tarifat vendore Familjare\t\t\t\t<\/div>\r\n\t\t\t\t\t\t\t\t<div class=\"elementor-field-type-upload elementor-field-group elementor-column elementor-field-group-field_7dd6b16 elementor-col-100\">\r\n\t\t\t\t\t\t\t\t\t\t\t\t<label for=\"form-field-field_7dd6b16\" class=\"elementor-field-label elementor-screen-only\">\r\n\t\t\t\t\t\t\t\tV\u00ebrtetimi\t\t\t\t\t\t\t<\/label>\r\n\t\t\t\t\t\t\t\t<input type=\"file\" name=\"form_fields[field_7dd6b16]\" id=\"form-field-field_7dd6b16\" class=\"elementor-field elementor-size-sm  elementor-upload-field\">\r\n\r\n\t\t\t\t\t\t<\/div>\r\n\t\t\t\t\t\t\t\t<div class=\"elementor-field-type-html elementor-field-group elementor-column elementor-field-group-field_3aadd8a elementor-col-100\">\r\n\t\t\t\t\tNjoftim Detyrimi (Fatur\u00eb p\u00ebr Familjar\u00ebt)\t\t\t\t<\/div>\r\n\t\t\t\t\t\t\t\t<div class=\"elementor-field-type-upload elementor-field-group elementor-column elementor-field-group-field_8157e20 elementor-col-100\">\r\n\t\t\t\t\t\t\t\t\t\t\t\t<label for=\"form-field-field_8157e20\" class=\"elementor-field-label elementor-screen-only\">\r\n\t\t\t\t\t\t\t\tV\u00ebrtetimi\t\t\t\t\t\t\t<\/label>\r\n\t\t\t\t\t\t\t\t<input type=\"file\" name=\"form_fields[field_8157e20]\" id=\"form-field-field_8157e20\" class=\"elementor-field elementor-size-sm  elementor-upload-field\">\r\n\r\n\t\t\t\t\t\t<\/div>\r\n\t\t\t\t\t\t\t\t<div class=\"elementor-field-type-html elementor-field-group elementor-column elementor-field-group-field_697d7da elementor-col-100\">\r\n\t\t\t\t\t<small>Referuar Nenit 11, pika 4, t\u00eb Ligjit Nr.119\/2014 \"P\u00ebr t\u00eb Drejt\u00ebn e Informimit\", k\u00ebrkesa p\u00ebr informim \/ Ankesa duhet t\u00eb p\u00ebrmbaj\u00eb: a) emrin dhe mbiemrin e k\u00ebrkuesit; b) adres\u00ebn postare ose elektronike ku k\u00ebrkohet t\u00eb d\u00ebrgohet informacioni; c) p\u00ebrshkrimin e informacionit q\u00eb k\u00ebrkohet; \u00e7) formatin n\u00eb t\u00eb cilin preferohet informacioni; d) \u00e7do t\u00eb dh\u00ebn\u00eb q\u00eb k\u00ebrkuesi gjykon se mund t\u00eb ndihmoj\u00eb n\u00eb identifikimin e informacionit t\u00eb k\u00ebrkuar.<\/small><\/br>\t\t\t\t<\/div>\r\n\t\t\t\t\t\t\t\t<div class=\"elementor-field-group elementor-column elementor-field-type-submit elementor-col-25 e-form__buttons\">\r\n\t\t\t\t\t<button class=\"elementor-button elementor-size-sm\" type=\"submit\">\r\n\t\t\t\t\t\t<span class=\"elementor-button-content-wrapper\">\r\n\t\t\t\t\t\t\t\t\t\t\t\t\t\t\t\t\t\t\t\t\t\t<span class=\"elementor-button-text\">Send<\/span>\r\n\t\t\t\t\t\t\t\t\t\t\t\t\t<\/span>\r\n\t\t\t\t\t<\/button>\r\n\t\t\t\t<\/div>\r\n\t\t\t<\/div>\r\n\t\t<input type=\"hidden\" name=\"trp-form-language\" value=\"en\"\/><\/form>\r\n\t\t\t\t\t\t<\/div>\n\t\t\t\t<\/div>\n\t\t\t\t\t<\/div>\n\t\t\t\t<\/div>\n\t\t\t\t<\/div>","protected":false},"excerpt":{"rendered":"","protected":false},"author":1,"featured_media":20527,"parent":17,"menu_order":0,"comment_status":"closed","ping_status":"closed","template":"","meta":{"_acf_changed":false,"footnotes":""},"class_list":["post-22075","page","type-page","status-publish","has-post-thumbnail","hentry"],"acf":[],"_links":{"self":[{"href":"https:\/\/kamza.gov.al\/en\/wp-json\/wp\/v2\/pages\/22075","targetHints":{"allow":["GET"]}}],"collection":[{"href":"https:\/\/kamza.gov.al\/en\/wp-json\/wp\/v2\/pages"}],"about":[{"href":"https:\/\/kamza.gov.al\/en\/wp-json\/wp\/v2\/types\/page"}],"author":[{"embeddable":true,"href":"https:\/\/kamza.gov.al\/en\/wp-json\/wp\/v2\/users\/1"}],"replies":[{"embeddable":true,"href":"https:\/\/kamza.gov.al\/en\/wp-json\/wp\/v2\/comments?post=22075"}],"version-history":[{"count":7,"href":"https:\/\/kamza.gov.al\/en\/wp-json\/wp\/v2\/pages\/22075\/revisions"}],"predecessor-version":[{"id":22086,"href":"https:\/\/kamza.gov.al\/en\/wp-json\/wp\/v2\/pages\/22075\/revisions\/22086"}],"up":[{"embeddable":true,"href":"https:\/\/kamza.gov.al\/en\/wp-json\/wp\/v2\/pages\/17"}],"wp:featuredmedia":[{"embeddable":true,"href":"https:\/\/kamza.gov.al\/en\/wp-json\/wp\/v2\/media\/20527"}],"wp:attachment":[{"href":"https:\/\/kamza.gov.al\/en\/wp-json\/wp\/v2\/media?parent=22075"}],"curies":[{"name":"wp","href":"https:\/\/api.w.org\/{rel}","templated":true}]}}