{"id":21294,"date":"2025-08-29T10:57:59","date_gmt":"2025-08-29T08:57:59","guid":{"rendered":"https:\/\/kamza.instant.al\/?page_id=21294"},"modified":"2025-11-11T10:29:29","modified_gmt":"2025-11-11T09:29:29","slug":"legjislacioni-dhe-aktet-e-brendshme-rregullatore","status":"publish","type":"page","link":"https:\/\/kamza.gov.al\/en\/transparenca\/programi-i-transparences\/legjislacioni-dhe-aktet-e-brendshme-rregullatore\/","title":{"rendered":"Legislation and internal regulatory acts"},"content":{"rendered":"<div data-elementor-type=\"wp-page\" data-elementor-id=\"21294\" class=\"elementor elementor-21294\" data-elementor-post-type=\"page\">\n\t\t\t\t<div class=\"elementor-element elementor-element-46dfc60 e-con-full e-flex e-con e-parent\" data-id=\"46dfc60\" data-element_type=\"container\">\n\t\t\t\t<div class=\"elementor-element elementor-element-3c5e477 elementor-widget elementor-widget-template\" data-id=\"3c5e477\" data-element_type=\"widget\" data-widget_type=\"template.default\">\n\t\t\t\t<div class=\"elementor-widget-container\">\n\t\t\t\t\t\t\t<div class=\"elementor-template\">\r\n\t\t\t\t\t<div data-elementor-type=\"container\" data-elementor-id=\"20550\" class=\"elementor elementor-20550\" data-elementor-post-type=\"elementor_library\">\n\t\t\t\t<div class=\"elementor-element elementor-element-190c0c50 e-flex e-con-boxed e-con e-parent\" data-id=\"190c0c50\" data-element_type=\"container\" data-settings=\"{&quot;background_background&quot;:&quot;classic&quot;}\">\n\t\t\t\t\t<div class=\"e-con-inner\">\n\t\t\t\t<div class=\"elementor-element elementor-element-751afb5d elementor-widget elementor-widget-heading\" data-id=\"751afb5d\" data-element_type=\"widget\" data-widget_type=\"heading.default\">\n\t\t\t\t\t<h1 class=\"elementor-heading-title elementor-size-default\">Legislation and internal regulatory acts<\/h1>\t\t\t\t<\/div>\n\t\t\t\t\t<\/div>\n\t\t\t\t<\/div>\n\t\t\t\t<\/div>\n\t\t\t\t<\/div>\r\n\t\t\t\t\t\t<\/div>\n\t\t\t\t<\/div>\n\t\t\t\t<\/div>\n\t\t<div class=\"elementor-element elementor-element-1d1a5c5 e-flex e-con-boxed e-con e-parent\" data-id=\"1d1a5c5\" data-element_type=\"container\">\n\t\t\t\t\t<div class=\"e-con-inner\">\n\t\t<div class=\"elementor-element elementor-element-8e55133 e-con-full e-flex e-con e-child\" data-id=\"8e55133\" data-element_type=\"container\" data-settings=\"{&quot;background_background&quot;:&quot;classic&quot;}\">\n\t\t\t\t<div class=\"elementor-element elementor-element-a600d86 elementor-widget elementor-widget-heading\" data-id=\"a600d86\" data-element_type=\"widget\" data-widget_type=\"heading.default\">\n\t\t\t\t\t<h2 class=\"elementor-heading-title elementor-size-default\">Legislation and internal regulatory acts\n<\/h2>\t\t\t\t<\/div>\n\t\t\t\t<div class=\"elementor-element elementor-element-2c6dca0 elementor-widget elementor-widget-text-editor\" data-id=\"2c6dca0\" data-element_type=\"widget\" data-widget_type=\"text-editor.default\">\n\t\t\t\t\t\t\t\t\t<ol><li><a href=\"https:\/\/kamza.gov.al\/en\/bashkia\/administrata\/organigrama\/\">Field of organization and functioning of the municipality<\/a><\/li><li><a href=\"https:\/\/kamza.gov.al\/wp-content\/uploads\/2025\/09\/Fusha-e-veprimtarise-ekonomiko-financiare.docx\">Field of economic and financial activity<\/a><\/li><li><a href=\"https:\/\/kamza.gov.al\/wp-content\/uploads\/2025\/09\/Fusha-e-infrastruktures-dhe-sherbimeve-publike.docx\">Field of infrastructure and public services<\/a><\/li><li><a href=\"https:\/\/kamza.gov.al\/wp-content\/uploads\/2025\/09\/Fusha-e-sherbimeve-sociale.docx\">Field of social services<\/a><\/li><li><a href=\"https:\/\/kamza.gov.al\/wp-content\/uploads\/2025\/09\/Fusha-e-kulturessportit-dhe-sherbimeve-argetuese.docx\">Fusha e kultur\u00ebs, sportit dhe sh\u00ebrbimeve arg\u00ebtuese<\/a><\/li><li><a href=\"https:\/\/kamza.gov.al\/wp-content\/uploads\/2025\/09\/Fusha-e-mbrojtjes-se-mjedisit.docx\">Field of environmental protection<\/a><\/li><li><a href=\"https:\/\/kamza.gov.al\/wp-content\/uploads\/2025\/09\/Fusha-e-bujqesise-zhvillimit-rural-pyjeve-dhe-kullotave-publike-natyres-dhe-biodiversitetit.docx\">Fusha e bujq\u00ebsis\u00eb, zhvillimit rural,\u00a0 pyjeve dhe kullotave publike, natyr\u00ebs dhe biodiversitetit<\/a><\/li><li><a href=\"https:\/\/kamza.gov.al\/wp-content\/uploads\/2025\/09\/Fusha-e-sigurise-publike.docx\">Field of public safety<\/a><\/li><\/ol>\t\t\t\t\t\t\t\t<\/div>\n\t\t\t\t<\/div>\n\t\t\t\t\t<\/div>\n\t\t\t\t<\/div>\n\t\t\t\t<\/div>","protected":false},"excerpt":{"rendered":"<p>Legjislacioni dhe aktet e brendshme rregullatore Fusha e organizimit dhe funksionimit t\u00eb bashkis\u00eb Fusha e veprimtaris\u00eb ekonomiko-financiare Fusha e infrastruktur\u00ebs dhe sh\u00ebrbimeve publike Fusha e sh\u00ebrbimeve sociale Fusha e kultur\u00ebs, sportit dhe sh\u00ebrbimeve arg\u00ebtuese Fusha e mbrojtjes s\u00eb mjedisit Fusha e bujq\u00ebsis\u00eb, zhvillimit rural,\u00a0 pyjeve dhe kullotave publike, natyr\u00ebs dhe biodiversitetit Fusha e siguris\u00eb publike<\/p>","protected":false},"author":1,"featured_media":0,"parent":20394,"menu_order":0,"comment_status":"closed","ping_status":"closed","template":"","meta":{"_acf_changed":false,"footnotes":""},"class_list":["post-21294","page","type-page","status-publish","hentry"],"acf":[],"_links":{"self":[{"href":"https:\/\/kamza.gov.al\/en\/wp-json\/wp\/v2\/pages\/21294","targetHints":{"allow":["GET"]}}],"collection":[{"href":"https:\/\/kamza.gov.al\/en\/wp-json\/wp\/v2\/pages"}],"about":[{"href":"https:\/\/kamza.gov.al\/en\/wp-json\/wp\/v2\/types\/page"}],"author":[{"embeddable":true,"href":"https:\/\/kamza.gov.al\/en\/wp-json\/wp\/v2\/users\/1"}],"replies":[{"embeddable":true,"href":"https:\/\/kamza.gov.al\/en\/wp-json\/wp\/v2\/comments?post=21294"}],"version-history":[{"count":19,"href":"https:\/\/kamza.gov.al\/en\/wp-json\/wp\/v2\/pages\/21294\/revisions"}],"predecessor-version":[{"id":25157,"href":"https:\/\/kamza.gov.al\/en\/wp-json\/wp\/v2\/pages\/21294\/revisions\/25157"}],"up":[{"embeddable":true,"href":"https:\/\/kamza.gov.al\/en\/wp-json\/wp\/v2\/pages\/20394"}],"wp:attachment":[{"href":"https:\/\/kamza.gov.al\/en\/wp-json\/wp\/v2\/media?parent=21294"}],"curies":[{"name":"wp","href":"https:\/\/api.w.org\/{rel}","templated":true}]}}