{"id":21292,"date":"2025-08-29T10:57:20","date_gmt":"2025-08-29T08:57:20","guid":{"rendered":"https:\/\/kamza.instant.al\/?page_id=21292"},"modified":"2025-11-12T13:29:03","modified_gmt":"2025-11-12T12:29:03","slug":"sherbimet-qe-ofron-bashkia","status":"publish","type":"page","link":"https:\/\/kamza.gov.al\/en\/transparenca\/programi-i-transparences\/sherbimet-qe-ofron-bashkia\/","title":{"rendered":"Services provided by the municipality"},"content":{"rendered":"<div data-elementor-type=\"wp-page\" data-elementor-id=\"21292\" class=\"elementor elementor-21292\" data-elementor-post-type=\"page\">\n\t\t\t\t<div class=\"elementor-element elementor-element-511d74a e-con-full e-flex e-con e-parent\" data-id=\"511d74a\" data-element_type=\"container\">\n\t\t\t\t<div class=\"elementor-element elementor-element-f4d7528 elementor-widget elementor-widget-template\" data-id=\"f4d7528\" data-element_type=\"widget\" data-widget_type=\"template.default\">\n\t\t\t\t<div class=\"elementor-widget-container\">\n\t\t\t\t\t\t\t<div class=\"elementor-template\">\r\n\t\t\t\t\t<div data-elementor-type=\"container\" data-elementor-id=\"20550\" class=\"elementor elementor-20550\" data-elementor-post-type=\"elementor_library\">\n\t\t\t\t<div class=\"elementor-element elementor-element-190c0c50 e-flex e-con-boxed e-con e-parent\" data-id=\"190c0c50\" data-element_type=\"container\" data-settings=\"{&quot;background_background&quot;:&quot;classic&quot;}\">\n\t\t\t\t\t<div class=\"e-con-inner\">\n\t\t\t\t<div class=\"elementor-element elementor-element-751afb5d elementor-widget elementor-widget-heading\" data-id=\"751afb5d\" data-element_type=\"widget\" data-widget_type=\"heading.default\">\n\t\t\t\t\t<h1 class=\"elementor-heading-title elementor-size-default\">Services provided by the municipality<\/h1>\t\t\t\t<\/div>\n\t\t\t\t\t<\/div>\n\t\t\t\t<\/div>\n\t\t\t\t<\/div>\n\t\t\t\t<\/div>\r\n\t\t\t\t\t\t<\/div>\n\t\t\t\t<\/div>\n\t\t\t\t<\/div>\n\t\t<div class=\"elementor-element elementor-element-bae1f15 e-flex e-con-boxed e-con e-parent\" data-id=\"bae1f15\" data-element_type=\"container\">\n\t\t\t\t\t<div class=\"e-con-inner\">\n\t\t<div class=\"elementor-element elementor-element-341c98d e-con-full e-flex e-con e-child\" data-id=\"341c98d\" data-element_type=\"container\" data-settings=\"{&quot;background_background&quot;:&quot;classic&quot;}\">\n\t\t\t\t<div class=\"elementor-element elementor-element-91c1ec3 elementor-widget elementor-widget-heading\" data-id=\"91c1ec3\" data-element_type=\"widget\" data-widget_type=\"heading.default\">\n\t\t\t\t\t<h2 class=\"elementor-heading-title elementor-size-default\">Services provided by the municipality\n\n<\/h2>\t\t\t\t<\/div>\n\t\t\t\t<div class=\"elementor-element elementor-element-1293896 elementor-widget elementor-widget-text-editor\" data-id=\"1293896\" data-element_type=\"widget\" data-widget_type=\"text-editor.default\">\n\t\t\t\t\t\t\t\t\t<ol><li><a href=\"https:\/\/kamza.gov.al\/en\/bashkia\/administrata\/drejtorite\/drejtoria-e-urbanistikes\/\">Services in the field of infrastructure and public services<\/a><\/li><li><a href=\"https:\/\/kamza.gov.al\/en\/bashkia\/administrata\/drejtorite\/drejtoria-e-ndihmes-ekonomike-dhe-ceshtjeve-sociale\/\">\u00a0Services in the field of social services<\/a><\/li><li><a href=\"https:\/\/kamza.gov.al\/en\/informimi-i-publikut\/informacione-te-pergjithshme\/arti-dhe-kultura\/\">Services in the field of culture, sports and entertainment services.<\/a>.<\/li><li><a href=\"https:\/\/kamza.gov.al\/en\/bashkia\/administrata\/drejtorite\/drejtoria-e-kadastres\/\">Services in the field of environmental protection<\/a>t<\/li><li><a href=\"https:\/\/kamza.gov.al\/en\/bashkia\/administrata\/drejtorite\/drejtoria-e-kadastres\/\">Services in the field of agriculture, rural development, forests and public pastures, nature and Biodiversity<\/a><\/li><li><a href=\"https:\/\/kamza.gov.al\/en\/bashkia\/administrata\/drejtorite\/policia-bashkiake\/\">Services in the field of public safety<\/a><\/li><li><strong><a href=\"https:\/\/prokurimetransparente.al\/sq\/tender\/list\/inst_id\/21\" target=\"_blank\" rel=\"noopener\">Kontrata publike<\/a><\/strong><ul><li><a href=\"http:\/\/financatvendore.al\/data\/expenses\" target=\"_blank\" rel=\"noopener\">Shpenzimet<\/a><\/li><\/ul><\/li><li><a href=\"https:\/\/kamza.gov.al\/en\/transparenca\/programi-i-transparences\/\">Procedures for making complaints or remarks regarding services<\/a><\/li><\/ol>\t\t\t\t\t\t\t\t<\/div>\n\t\t\t\t<\/div>\n\t\t\t\t\t<\/div>\n\t\t\t\t<\/div>\n\t\t<div class=\"elementor-element elementor-element-f5d50cd e-flex e-con-boxed e-con e-parent\" data-id=\"f5d50cd\" data-element_type=\"container\">\n\t\t\t\t\t<div class=\"e-con-inner\">\n\t\t\t\t\t<\/div>\n\t\t\t\t<\/div>\n\t\t\t\t<\/div>","protected":false},"excerpt":{"rendered":"<p>Sh\u00ebrbimet q\u00eb ofron bashkia Sh\u00ebrbimet n\u00eb fush\u00ebn e infrastruktur\u00ebs dhe sh\u00ebrbimeve publike \u00a0Sh\u00ebrbimet n\u00eb fush\u00ebn e sh\u00ebrbimeve sociale Sh\u00ebrbimet n\u00eb fush\u00ebn e kultur\u00ebs, sportit dhe sh\u00ebrbimeve arg\u00ebtuese. Sh\u00ebrbimet n\u00eb fush\u00ebn e mbrojtjes s\u00eb mjedisit Sh\u00ebrbimet n\u00eb fush\u00ebn e bujq\u00ebsis\u00eb, zhvillimit rural, pyjeve dhe kullotave publike, natyr\u00ebs dhe Biodiversitetit Sh\u00ebrbimet n\u00eb fush\u00ebn e siguris\u00eb publike Kontrata [&hellip;]<\/p>","protected":false},"author":1,"featured_media":0,"parent":20394,"menu_order":0,"comment_status":"closed","ping_status":"closed","template":"","meta":{"_acf_changed":false,"footnotes":""},"class_list":["post-21292","page","type-page","status-publish","hentry"],"acf":[],"_links":{"self":[{"href":"https:\/\/kamza.gov.al\/en\/wp-json\/wp\/v2\/pages\/21292","targetHints":{"allow":["GET"]}}],"collection":[{"href":"https:\/\/kamza.gov.al\/en\/wp-json\/wp\/v2\/pages"}],"about":[{"href":"https:\/\/kamza.gov.al\/en\/wp-json\/wp\/v2\/types\/page"}],"author":[{"embeddable":true,"href":"https:\/\/kamza.gov.al\/en\/wp-json\/wp\/v2\/users\/1"}],"replies":[{"embeddable":true,"href":"https:\/\/kamza.gov.al\/en\/wp-json\/wp\/v2\/comments?post=21292"}],"version-history":[{"count":46,"href":"https:\/\/kamza.gov.al\/en\/wp-json\/wp\/v2\/pages\/21292\/revisions"}],"predecessor-version":[{"id":25444,"href":"https:\/\/kamza.gov.al\/en\/wp-json\/wp\/v2\/pages\/21292\/revisions\/25444"}],"up":[{"embeddable":true,"href":"https:\/\/kamza.gov.al\/en\/wp-json\/wp\/v2\/pages\/20394"}],"wp:attachment":[{"href":"https:\/\/kamza.gov.al\/en\/wp-json\/wp\/v2\/media?parent=21292"}],"curies":[{"name":"wp","href":"https:\/\/api.w.org\/{rel}","templated":true}]}}