{"id":21290,"date":"2025-08-29T10:56:57","date_gmt":"2025-08-29T08:56:57","guid":{"rendered":"https:\/\/kamza.instant.al\/?page_id=21290"},"modified":"2026-04-08T14:02:11","modified_gmt":"2026-04-08T12:02:11","slug":"kerkesat-per-informim","status":"publish","type":"page","link":"https:\/\/kamza.gov.al\/en\/transparenca\/programi-i-transparences\/kerkesat-per-informim\/","title":{"rendered":"K\u00ebrkesat p\u00ebr informim"},"content":{"rendered":"<div data-elementor-type=\"wp-page\" data-elementor-id=\"21290\" class=\"elementor elementor-21290\" data-elementor-post-type=\"page\">\n\t\t\t\t<div class=\"elementor-element elementor-element-0b0fda1 e-con-full e-flex e-con e-parent\" data-id=\"0b0fda1\" data-element_type=\"container\">\n\t\t\t\t<div class=\"elementor-element elementor-element-b38ebcf elementor-widget elementor-widget-template\" data-id=\"b38ebcf\" data-element_type=\"widget\" data-widget_type=\"template.default\">\n\t\t\t\t<div class=\"elementor-widget-container\">\n\t\t\t\t\t\t\t<div class=\"elementor-template\">\r\n\t\t\t\t\t<div data-elementor-type=\"container\" data-elementor-id=\"20550\" class=\"elementor elementor-20550\" data-elementor-post-type=\"elementor_library\">\n\t\t\t\t<div class=\"elementor-element elementor-element-190c0c50 e-flex e-con-boxed e-con e-parent\" data-id=\"190c0c50\" data-element_type=\"container\" data-settings=\"{&quot;background_background&quot;:&quot;classic&quot;}\">\n\t\t\t\t\t<div class=\"e-con-inner\">\n\t\t\t\t<div class=\"elementor-element elementor-element-751afb5d elementor-widget elementor-widget-heading\" data-id=\"751afb5d\" data-element_type=\"widget\" data-widget_type=\"heading.default\">\n\t\t\t\t\t<h1 class=\"elementor-heading-title elementor-size-default\">K\u00ebrkesat p\u00ebr informim<\/h1>\t\t\t\t<\/div>\n\t\t\t\t\t<\/div>\n\t\t\t\t<\/div>\n\t\t\t\t<\/div>\n\t\t\t\t<\/div>\r\n\t\t\t\t\t\t<\/div>\n\t\t\t\t<\/div>\n\t\t\t\t<\/div>\n\t\t<div class=\"elementor-element elementor-element-1657eeb e-flex e-con-boxed e-con e-parent\" data-id=\"1657eeb\" data-element_type=\"container\">\n\t\t\t\t\t<div class=\"e-con-inner\">\n\t\t<div class=\"elementor-element elementor-element-60bca86 e-con-full e-flex e-con e-child\" data-id=\"60bca86\" data-element_type=\"container\" data-settings=\"{&quot;background_background&quot;:&quot;classic&quot;}\">\n\t\t\t\t<div class=\"elementor-element elementor-element-c4a5436 elementor-widget elementor-widget-heading\" data-id=\"c4a5436\" data-element_type=\"widget\" data-widget_type=\"heading.default\">\n\t\t\t\t\t<h2 class=\"elementor-heading-title elementor-size-default\">K\u00ebrkesat p\u00ebr informim<\/h2>\t\t\t\t<\/div>\n\t\t\t\t<div class=\"elementor-element elementor-element-3b7c1f3 elementor-widget elementor-widget-text-editor\" data-id=\"3b7c1f3\" data-element_type=\"widget\" data-widget_type=\"text-editor.default\">\n\t\t\t\t\t\t\t\t\t<ol><li><strong>Request standards and procedures<\/strong><ul><li>P\u00ebr t\u00eb b\u00ebr\u00eb nj\u00eb k\u00ebrkes\u00eb p\u00ebr informacion te Bashkia Kam\u00ebz, ju lutemi shkarkoni formularin <a href=\"https:\/\/kamza.gov.al\/wp-content\/uploads\/2020\/03\/kerkese-per-informacion-3.docx\"><b>K\u00cbRKES\u00cb P\u00cbR INFORMACION<\/b><\/a> dhe d\u00ebrgojeni t\u00eb plot\u00ebsuar n\u00eb adres\u00ebn postare Bashkia Kam\u00ebz, Bulevardi N\u00ebn\u00eb Tereza, nr. 492 Kam\u00ebz, Shqip\u00ebri Ose n\u00eb adres\u00ebn e email-it: <a href=\"mailto:specialist.informimi@kamza.gov.al\">specialist.informimi@kamza.gov.al\u00a0\u00a0<\/a><\/li><li><a href=\"https:\/\/kamza.gov.al\/wp-content\/uploads\/2025\/11\/Kerkese-per-informacion.docx\">Formulari i Ankes\u00ebs \\ K\u00ebrkes\u00ebs<\/a><\/li><li><p>K\u00ebrkesa p\u00ebr informim duhet t\u00eb p\u00ebrmbaj\u00eb:<br \/>a) emrin dhe mbiemrin e k\u00ebrkuesit;<br \/>b) adres\u00ebn postare ose elektronike ku k\u00ebrkohet t\u00eb d\u00ebrgohet informacioni;<br \/>c) p\u00ebrshkrimin e informacionit q\u00eb k\u00ebrkohet;<br \/>\u00e7) formatin n\u00eb t\u00eb cilin preferohet informacioni;<br \/>d) \u00e7do t\u00eb dh\u00ebn\u00eb q\u00eb k\u00ebrkuesi gjykon se mund t\u00eb ndihmoj\u00eb n\u00eb identifikimin e informacionit t\u00eb k\u00ebrkuar;<\/p><p>Afati p\u00ebr marrjen e informacionit, \u00ebsht\u00eb\u00a0 jo m\u00eb von\u00eb se 10 dit\u00eb pune nga dita e dor\u00ebzimit t\u00eb k\u00ebrkes\u00ebs.<br \/>Kur k\u00ebrkesa p\u00ebr informacion, i d\u00ebrgohet nj\u00eb autoriteti tjet\u00ebr publik, afati p\u00ebr marrjen e p\u00ebrgjigjes \u00ebsht\u00eb jo m\u00eb von\u00ebs se 15 dit\u00eb pune nga dita e mb\u00ebrritjes s\u00eb k\u00ebrkes\u00ebs n\u00eb autoritetin e par\u00eb.<br \/>Afati mund t\u00eb zgjatet me jo m\u00eb shum\u00eb se 5 dit\u00eb pune p\u00ebr nj\u00eb nga shkaqet e m\u00ebposhtme:<br \/>a) nevoja p\u00ebr t\u00eb k\u00ebrkuar dhe shqyrtuar dokumente t\u00eb shumta e voluminoze;<br \/>b) nevoja p\u00ebr t\u2019i shtrir\u00eb k\u00ebrkimet n\u00eb zyra dhe mjedise q\u00eb jan\u00eb fizikisht t\u00eb ndara nga zyra qendrore e autoritetit;<br \/>c) nevoja p\u00ebr t\u2019u konsultuar me autoritete t\u00eb tjera publike p\u00ebrpara marrjes s\u00eb nj\u00eb vendimi p\u00ebr plot\u00ebsimin ose jo t\u00eb k\u00ebrkes\u00ebs.<br \/>Vendimi p\u00ebr zgjatjen e afatit i njoftohet menj\u00ebher\u00eb k\u00ebrkuesit.<\/p><\/li><\/ul><\/li><li><a href=\"https:\/\/kamza.gov.al\/en\/transparenca\/programi-i-transparences\/\">Data of the coordinator for the right to information (Name, contacts and competencies)<\/a><\/li><li><strong>Request register<\/strong><ul><li><a href=\"https:\/\/kamza.gov.al\/wp-content\/uploads\/2026\/04\/1.REGJISTRI-I-KERKESAVE-DHE-PERGJIGJEVE-Janar-Mars-2026.docx\">Rregjistri i k\u00ebrkesave dhe<\/a><a href=\"https:\/\/kamza.gov.al\/wp-content\/uploads\/2026\/04\/1.REGJISTRI-I-KERKESAVE-DHE-PERGJIGJEVE-Janar-Mars-2026.docx\">\u00a0p\u00ebrgjigjeve (Janar-Mars 2026)<\/a><\/li><li><a href=\"https:\/\/kamza.gov.al\/wp-content\/uploads\/2025\/11\/Regjitri-i-Kerkesave-dhe-Pergjigjeve-2025.docx\">Rregjistri i k\u00ebrkesave dhe p\u00ebrgjigjeve 2025<\/a><\/li><li><a href=\"https:\/\/kamza.gov.al\/wp-content\/uploads\/2025\/11\/Rregjistri-i-Kerkesave-dhe-Pergjigjeve-2024.docx\">Rregjistri i k\u00ebrkesave dhe p\u00ebrgjigjeve 2024<\/a><\/li><li><a href=\"https:\/\/kamza.gov.al\/wp-content\/uploads\/2025\/11\/Rregjisti-i-Kerkesave-dhe-Pergjigjeve-2023.docx\">Rregjistri i k\u00ebrkesave dhe p\u00ebrgjigjeve 2023<\/a><\/li><li><a href=\"https:\/\/kamza.gov.al\/wp-content\/uploads\/2025\/11\/Regjistri-i-Kerkesave-dhe-Pergjigjeve-2022.docx\">Rregjistri i k\u00ebrkesave dhe p\u00ebrgjigjeve 2022<\/a><\/li><li><a href=\"https:\/\/kamza.gov.al\/wp-content\/uploads\/2025\/11\/Regjistri-i-Kerkesave-dhe-Pergjigjeve-2021.docx\">Rregjistri i k\u00ebrkesave dhe p\u00ebrgjigjeve 2021<\/a><\/li><li><a href=\"https:\/\/kamza.gov.al\/wp-content\/uploads\/2025\/11\/Regjistri-i-Kerkesave-dhe-Pergjigjeve-2020.docx\">Rregjistri i k\u00ebrkesave dhe pergjigjeve 2020<\/a><\/li><li><a href=\"https:\/\/kamza.gov.al\/wp-content\/uploads\/2025\/11\/Regjistri-i-Kerkesave-dhe-Pergjigjeve-2016-2019-1.docx\">Rregjisti i k\u00ebrkesave dhe p\u00ebrgjigjeve 2016-2019<\/a><\/li><\/ul><\/li><li><strong>Fees for providing information<\/strong><ul><li>a). Sh\u00ebrbimet e administrat\u00ebs publike jan\u00eb pa pages\u00eb. Dh\u00ebnia e informacionit mund t\u00eb b\u00ebhet kundrejt nj\u00eb tarife, t\u00eb p\u00ebrcaktuar m\u00eb par\u00eb dhe t\u00eb b\u00ebr\u00eb publike nga autoriteti publik n\u00eb faqen e tij t\u00eb internetit dhe n\u00eb mjediset e pritjes s\u00eb publikut. Tarifa \u00ebsht\u00eb kostoja e riprodhimit t\u00eb informacionit t\u00eb k\u00ebrkuar dhe, kur \u00ebsht\u00eb rasti, e d\u00ebrgimit t\u00eb tij. Informacioni i k\u00ebrkuar n\u00eb rrug\u00eb elektronike jepet falas.<\/li><li><p>b). Kostoja e riprodhimit nuk mund t\u00eb jet\u00eb m\u00eb e lart\u00eb se kostoja reale e materialit, mbi t\u00eb cilin riprodhohet informacioni. Kostoja e d\u00ebrgimit nuk mund t\u00eb jet\u00eb m\u00eb e lart\u00eb se kostoja mesatare e t\u00eb nj\u00ebjtit sh\u00ebrbim n\u00eb treg.<\/p><\/li><li><p>c). Komisioneri p\u00ebr t\u00eb Drejt\u00ebn e Informimit dhe Mbrojtjen e t\u00eb Dh\u00ebnave Personale shqyrton periodikisht, n\u00eb bashk\u00ebpunim me Ministrin\u00eb e Financave, tarifat e b\u00ebra publike nga autoritetet publike dhe, sipas rastit, urdh\u00ebron ndryshimin e tyre.<\/p><\/li><li><p>d). Qytetar\u00ebt e regjistruar rregullisht n\u00eb skemat e ndihm\u00ebs shoq\u00ebrore, si dhe subjektet p\u00ebrfituese, sipas ligjit nr. 10 039, dat\u00eb 22.12.2008, \u201cP\u00ebr ndihm\u00ebn juridike\u201d, t\u00eb ndryshuar, e p\u00ebrfitojn\u00eb informacionin falas deri n\u00eb nj\u00eb num\u00ebr t\u00eb caktuar faqesh p\u00ebr \u00e7do k\u00ebrkes\u00eb ose n\u00eb vler\u00ebn ekuivalente kur informacioni jepet n\u00eb nj\u00eb format tjet\u00ebr.<\/p><\/li><li><p>e). Ministri i Drejt\u00ebsis\u00eb dhe Ministri I Financave me udh\u00ebzim t\u00eb p\u00ebrbashk\u00ebt p\u00ebrcaktojn\u00eb numrin e faqeve, p\u00ebr t\u00eb cilat informacioni p\u00ebrfitohet falas, sipas pik\u00ebs 4, t\u00eb k\u00ebtij neni, si dhe rastet e p\u00ebrjashtimit nga pagesa e tarif\u00ebs.<\/p><\/li><\/ul><\/li><li><a href=\"https:\/\/kamza.gov.al\/en\/transparenca\/detyrat-dhe-kompetencat-e-koordinatorit-per-te-drejten-e-informimit\/\">Limitation of the right to information<\/a><\/li><li><strong>Frequently requested information and documents<\/strong><ul><li><p>N\u00ebse hedhim nje v\u00ebshtrim nd\u00ebr vite mbi k\u00ebrkesat e p\u00ebr informacion konstatojm\u00eb se n\u00eb p\u00ebrgjith\u00ebsi k\u00ebrkesat kan\u00eb q\u00ebn\u00eb mbi t\u00eb gjitha fushat dhe sh\u00ebrbimet q\u00eb ofron Bashkia Kam\u00ebz. Kryesisht k\u00ebrkesat kan\u00eb q\u00ebn\u00eb mbi buxhetin dhe financat e Bashkis\u00eb Kam\u00ebz, mbi sh\u00ebrbimin e menaxhimit t\u00eb mbetjeve, sh\u00ebrbimet sociale, elektronike, administrat\u00ebn, punonjesit e saj, vende t\u00eb lira pune e shum\u00eb t\u00eb tjera .<\/p><\/li><li><p>P\u00ebr nj\u00eb v\u00ebshtrim m\u00eb t\u00eb thelluar t\u00eb gjitha k\u00ebrkesat dhe ankesat e qytetar\u00ebve jan\u00eb t\u00eb publikuara tek rregjistri i k\u00ebrkesave dhe p\u00ebrgjigjeve.<\/p><\/li><\/ul><\/li><\/ol>\t\t\t\t\t\t\t\t<\/div>\n\t\t\t\t<\/div>\n\t\t\t\t\t<\/div>\n\t\t\t\t<\/div>\n\t\t\t\t<\/div>","protected":false},"excerpt":{"rendered":"<p>K\u00ebrkesat p\u00ebr informim Standartet dhe pro\u00e7edurat e k\u00ebrkes\u00ebs P\u00ebr t\u00eb b\u00ebr\u00eb nj\u00eb k\u00ebrkes\u00eb p\u00ebr informacion te Bashkia Kam\u00ebz, ju lutemi shkarkoni formularin K\u00cbRKES\u00cb P\u00cbR INFORMACION dhe d\u00ebrgojeni t\u00eb plot\u00ebsuar n\u00eb adres\u00ebn postare Bashkia Kam\u00ebz, Bulevardi N\u00ebn\u00eb Tereza, nr. 492 Kam\u00ebz, Shqip\u00ebri Ose n\u00eb adres\u00ebn e email-it: specialist.informimi@kamza.gov.al\u00a0\u00a0 Formulari i Ankes\u00ebs K\u00ebrkes\u00ebs K\u00ebrkesa p\u00ebr informim duhet [&hellip;]<\/p>","protected":false},"author":1,"featured_media":0,"parent":20394,"menu_order":0,"comment_status":"closed","ping_status":"closed","template":"","meta":{"_acf_changed":false,"footnotes":""},"class_list":["post-21290","page","type-page","status-publish","hentry"],"acf":[],"_links":{"self":[{"href":"https:\/\/kamza.gov.al\/en\/wp-json\/wp\/v2\/pages\/21290","targetHints":{"allow":["GET"]}}],"collection":[{"href":"https:\/\/kamza.gov.al\/en\/wp-json\/wp\/v2\/pages"}],"about":[{"href":"https:\/\/kamza.gov.al\/en\/wp-json\/wp\/v2\/types\/page"}],"author":[{"embeddable":true,"href":"https:\/\/kamza.gov.al\/en\/wp-json\/wp\/v2\/users\/1"}],"replies":[{"embeddable":true,"href":"https:\/\/kamza.gov.al\/en\/wp-json\/wp\/v2\/comments?post=21290"}],"version-history":[{"count":43,"href":"https:\/\/kamza.gov.al\/en\/wp-json\/wp\/v2\/pages\/21290\/revisions"}],"predecessor-version":[{"id":27100,"href":"https:\/\/kamza.gov.al\/en\/wp-json\/wp\/v2\/pages\/21290\/revisions\/27100"}],"up":[{"embeddable":true,"href":"https:\/\/kamza.gov.al\/en\/wp-json\/wp\/v2\/pages\/20394"}],"wp:attachment":[{"href":"https:\/\/kamza.gov.al\/en\/wp-json\/wp\/v2\/media?parent=21290"}],"curies":[{"name":"wp","href":"https:\/\/api.w.org\/{rel}","templated":true}]}}