{"id":21288,"date":"2025-08-29T10:56:11","date_gmt":"2025-08-29T08:56:11","guid":{"rendered":"https:\/\/kamza.instant.al\/?page_id=21288"},"modified":"2025-11-13T11:03:33","modified_gmt":"2025-11-13T10:03:33","slug":"trasparenca-dhe-llogaridhenia-ekonomiko-financiare","status":"publish","type":"page","link":"https:\/\/kamza.gov.al\/en\/transparenca\/programi-i-transparences\/trasparenca-dhe-llogaridhenia-ekonomiko-financiare\/","title":{"rendered":"Transparency and Economic-Financial Accountability"},"content":{"rendered":"<div data-elementor-type=\"wp-page\" data-elementor-id=\"21288\" class=\"elementor elementor-21288\" data-elementor-post-type=\"page\">\n\t\t\t\t<div class=\"elementor-element elementor-element-37211d7 e-con-full e-flex e-con e-parent\" data-id=\"37211d7\" data-element_type=\"container\">\n\t\t\t\t<div class=\"elementor-element elementor-element-7ea2ff8 elementor-widget elementor-widget-template\" data-id=\"7ea2ff8\" data-element_type=\"widget\" data-widget_type=\"template.default\">\n\t\t\t\t<div class=\"elementor-widget-container\">\n\t\t\t\t\t\t\t<div class=\"elementor-template\">\r\n\t\t\t\t\t<div data-elementor-type=\"container\" data-elementor-id=\"20550\" class=\"elementor elementor-20550\" data-elementor-post-type=\"elementor_library\">\n\t\t\t\t<div class=\"elementor-element elementor-element-190c0c50 e-flex e-con-boxed e-con e-parent\" data-id=\"190c0c50\" data-element_type=\"container\" data-settings=\"{&quot;background_background&quot;:&quot;classic&quot;}\">\n\t\t\t\t\t<div class=\"e-con-inner\">\n\t\t\t\t<div class=\"elementor-element elementor-element-751afb5d elementor-widget elementor-widget-heading\" data-id=\"751afb5d\" data-element_type=\"widget\" data-widget_type=\"heading.default\">\n\t\t\t\t\t<h1 class=\"elementor-heading-title elementor-size-default\">Transparency and Economic-Financial Accountability<\/h1>\t\t\t\t<\/div>\n\t\t\t\t\t<\/div>\n\t\t\t\t<\/div>\n\t\t\t\t<\/div>\n\t\t\t\t<\/div>\r\n\t\t\t\t\t\t<\/div>\n\t\t\t\t<\/div>\n\t\t\t\t<\/div>\n\t\t<div class=\"elementor-element elementor-element-b8a2a92 e-flex e-con-boxed e-con e-parent\" data-id=\"b8a2a92\" data-element_type=\"container\">\n\t\t\t\t\t<div class=\"e-con-inner\">\n\t\t<div class=\"elementor-element elementor-element-45f660a e-con-full e-flex e-con e-child\" data-id=\"45f660a\" data-element_type=\"container\" data-settings=\"{&quot;background_background&quot;:&quot;classic&quot;}\">\n\t\t\t\t<div class=\"elementor-element elementor-element-b8d960c elementor-widget elementor-widget-text-editor\" data-id=\"b8d960c\" data-element_type=\"widget\" data-widget_type=\"text-editor.default\">\n\t\t\t\t\t\t\t\t\t<ul><li><strong>Kalendari i Programit Buxhetor Afatmes\u00ebm dhe Buxhetit Vjetor.<\/strong><ul><li><a href=\"https:\/\/kamza.gov.al\/wp-content\/uploads\/2025\/09\/Kalendari-buxhetor-afatmesem-2026-2028.pdf\">Vendim p\u00ebr miratimin e kalendarit t\u00eb PBA 2026-2028<\/a><\/li><li><a href=\"https:\/\/kamza.gov.al\/wp-content\/uploads\/2025\/11\/Vendim-nr-163-Per-miratimin-e-kalendarit-per-programin-buxhetor-afatmesem-dhe-buxhetin-vjetor-2023.pdf\">Vendimi p\u00ebr miratimin e kalendarit t\u00eb programit buxhetor afatmes\u00ebm 2023-2025 dhe buxhetit 2023<\/a><\/li><li><a href=\"https:\/\/kamza.gov.al\/wp-content\/uploads\/2025\/11\/Instr-Plan-Fin-buxh-2020-2022.xlsx\">Vendim p\u00ebr miratimin e kalendarit p\u00ebr programin buxhetor 2021-2023 dhe buxhetin vjetor 2021<\/a><\/li><\/ul><\/li><li><strong>Plani Strategjik i Zhvillimit t\u00eb bashkis\u00eb.<\/strong><ul><li><a href=\"https:\/\/kamza.gov.al\/en\/informimi-i-publikut\/planet-vendore\/\">Plane Vendore\u00a0<\/a><\/li><li><a href=\"https:\/\/kamza.gov.al\/wp-content\/uploads\/2021\/06\/VSM_relacioni-paraprak.pdf\">Plani i p\u00ebrgjithsh\u00ebm vendor<\/a><\/li><li><a href=\"https:\/\/kamza.gov.al\/wp-content\/uploads\/2025\/11\/Shtojca-2-PBA-Faza-e-2.pdf\">Plani buxhetor afatmes\u00ebm vendor 2026- 2028 faza 2<\/a><\/li><li><a href=\"https:\/\/kamza.gov.al\/wp-content\/uploads\/2025\/11\/Vendimi-nr.119-dt.19.12.2024-1-1.pdf\">Plani buxhetor afat-mes\u00ebm 2025-2027 dhe detajimi i buxhetit t\u00eb bashkis\u00eb Kam\u00ebz p\u00ebr vitin 2027<\/a><\/li><li><a href=\"https:\/\/kamza.gov.al\/wp-content\/uploads\/2025\/11\/19.12.2024-Tabelat-e-PBA-2025-2027-Faza-3-Finale-166-Bashkia-Kamez-1-182-splid_compressed-1.pdf\">Plani buxhetor afatmes\u00ebm 2025-2027 faza 3\u00a0<\/a><\/li><li><a href=\"https:\/\/kamza.gov.al\/wp-content\/uploads\/2025\/11\/SHTOJCA-2.pdf\">Plani buxhetor afatmes\u00ebm 2025-2027 faza 2<\/a><\/li><li><a href=\"https:\/\/kamza.gov.al\/wp-content\/uploads\/2025\/11\/Tabelat-e-PBA-2025-2027-Faza-1-166-Bashkia-Kamez-31_05_24-1.pdf\">Plani buxhetor afatmes\u00ebm 2025-2027 faza 1<\/a><\/li><li><a href=\"https:\/\/kamza.gov.al\/wp-content\/uploads\/2025\/11\/Vendim-nr-163-Per-miratimin-e-kalendarit-per-programin-buxhetor-afatmesem-dhe-buxhetin-vjetor-2023.pdf\">Plani buxhetor afatmes\u00ebm 2024-2026\u00a0<\/a><\/li><li><a href=\"https:\/\/kamza.gov.al\/wp-content\/uploads\/2025\/11\/Vendim-nr-163-Per-miratimin-e-kalendarit-per-programin-buxhetor-afatmesem-dhe-buxhetin-vjetor-2023.pdf\">Plani buxhetor afatmes\u00ebm 2023-2025<\/a>\u00a0<\/li><li><a href=\"https:\/\/kamza.gov.al\/wp-content\/uploads\/2025\/11\/Instr-Plan-Fin-buxh-2020-2022.xlsx\">Plani buxhetor afatmes\u00ebm 2022-2024<\/a>\u00a0<\/li><li><a href=\"https:\/\/kamza.gov.al\/wp-content\/uploads\/2025\/11\/Instr-Plan-Fin-buxh-2020-2022.xlsx\">Plani buxhetor afatmes\u00ebm 2021-2023<\/a>\u00a0<\/li><li><a href=\"https:\/\/kamza.gov.al\/wp-content\/uploads\/2025\/11\/Instr-Plan-Fin-buxh-2020-2022.xlsx\">Plani buxhetor afatmes\u00ebm 2020-2022<\/a><\/li><\/ul><\/li><li><strong>Buxheti vjetor<\/strong><ul><li><a href=\"https:\/\/kamza.gov.al\/wp-content\/uploads\/2025\/11\/19.12.2024-Tabelat-e-Buxhetit-Vjetor-2025-Bashkia-Kamez-1-1.pdf\">Buxheti 2025\u00a0<\/a><\/li><li><a href=\"https:\/\/kamza.gov.al\/wp-content\/uploads\/2025\/11\/Buxheti-2024-pdf.pdf\">Buxheti 2024\u00a0<\/a><\/li><li><a href=\"https:\/\/kamza.gov.al\/wp-content\/uploads\/2025\/11\/Vendim-nr-163-Per-miratimin-e-kalendarit-per-programin-buxhetor-afatmesem-dhe-buxhetin-vjetor-2023.pdf\">Buxheti 2023<\/a>\u00a0<\/li><li><a href=\"https:\/\/kamza.gov.al\/wp-content\/uploads\/2025\/11\/Instr-Plan-Fin-buxh-2020-2022.xlsx\">Buxheti 2022<\/a>\u00a0<\/li><li><a href=\"https:\/\/kamza.gov.al\/wp-content\/uploads\/2025\/11\/Instr-Plan-Fin-buxh-2020-2022.xlsx\">Budget 2021\u00a0<\/a><\/li><li><a href=\"https:\/\/kamza.gov.al\/wp-content\/uploads\/2025\/11\/Instr-Plan-Fin-buxh-2020-2022.xlsx\">Budget 2020\u00a0<\/a><\/li><li><a href=\"https:\/\/kamza.gov.al\/wp-content\/uploads\/2025\/11\/Instr-Plan-Fin-buxh-2020-2022.xlsx\">Buxheti 2019\u00a0<\/a><\/li><li><a href=\"https:\/\/kamza.gov.al\/wp-content\/uploads\/2025\/11\/buxheti_2018_-_bashkia_kamez-1.pdf\">Budget 2018<\/a>\u00a0<\/li><li><a href=\"https:\/\/kamza.gov.al\/wp-content\/uploads\/2025\/11\/buxheti_2017.pptx\">Budget 2017<\/a>\u00a0<\/li><li><a href=\"https:\/\/kamza.gov.al\/wp-content\/uploads\/2025\/11\/buxheti_2016.pptx\">BUdget 2016<\/a>\u00a0<\/li><li><a href=\"https:\/\/kamza.gov.al\/wp-content\/uploads\/2025\/11\/buxheti_2014.pptx\">Budget 2014\u00a0<\/a><\/li><li><a href=\"https:\/\/kamza.gov.al\/wp-content\/uploads\/2025\/11\/buxheti_2013.pptx\">Budget 2013<\/a><\/li><li><a href=\"https:\/\/kamza.gov.al\/wp-content\/uploads\/2025\/11\/buxheti_2011.pptx\">Budget 2012\u00a0<\/a><\/li><li><a href=\"https:\/\/kamza.gov.al\/wp-content\/uploads\/2025\/11\/buxheti_2011.pptx\">Budget 2011<\/a><\/li><\/ul><\/li><li><strong>Budget implementation.<\/strong><ul><li><a href=\"https:\/\/kamza.gov.al\/wp-content\/uploads\/2025\/11\/Vendim-nr-163-Per-miratimin-e-kalendarit-per-programin-buxhetor-afatmesem-dhe-buxhetin-vjetor-2023.pdf\">Raport mbi monitorimin e zbatimit t\u00eb buxhetit p\u00ebr 12 mujorin e vitit 2022<\/a><\/li><li><a href=\"http:\/\/8-MUJORIN E VITIT 2022\" data-wplink-url-error=\"true\">Monitorimi i zbatimit t\u00eb Buxhetit p\u00ebr 8- mujorin e vitit 2022<\/a><\/li><li><a href=\"https:\/\/kamza.gov.al\/wp-content\/uploads\/2025\/11\/Instr-Plan-Fin-buxh-2020-2022.xlsx\">Monitorimi i zbatimit t\u00eb Buxhetit p\u00ebr vitin 2021\u00a0<\/a><\/li><li><a href=\"https:\/\/kamza.gov.al\/wp-content\/uploads\/2025\/11\/Instr-Plan-Fin-buxh-2020-2022.xlsx\">Zbatimi i buxhetit, viti 2020\u00a0<\/a><\/li><li><a href=\"https:\/\/kamza.gov.al\/wp-content\/uploads\/2025\/11\/Instr-Plan-Fin-buxh-2020-2022.xlsx\">Zbatimi i buxhetit, viti 2019<\/a><\/li><\/ul><\/li><li><strong>Monitorimi dhe mbik\u00ebqyrja e buxhetit.<\/strong><ul><li><a href=\"https:\/\/kamza.gov.al\/en\/keshilli\/vendimet\/\">Vendimet e K\u00ebshillit Bashkiak<\/a><\/li><li><a href=\"http:\/\/financatvendore.al\/data\/expenses\" target=\"_blank\" rel=\"noopener\">Shpenzime<\/a><\/li><li><a href=\"https:\/\/www.app.gov.al\/regjistri-i-realizimeve\/\" target=\"_blank\" rel=\"noopener\">Regjistri i realizimive<\/a><\/li><\/ul><\/li><li><strong><a href=\"https:\/\/kamza.gov.al\/wp-content\/uploads\/2025\/09\/Veshtiresite-financiare-2.pdf\">Financial difficulties<\/a><\/strong><\/li><li><strong>Paketa Fiskale<\/strong><ul><li><a href=\"https:\/\/kamza.gov.al\/wp-content\/uploads\/2025\/11\/Paket-fiskale-2025-12.10.2024-2.doc\">Fiscal Package 2025<\/a><\/li><li><a href=\"https:\/\/kamza.gov.al\/wp-content\/uploads\/2025\/11\/paketa_fiskale_2018_bashkia_kamez-1.docx\">Paketa fiskale 2018<\/a><\/li><li><a href=\"https:\/\/kamza.gov.al\/wp-content\/uploads\/2025\/11\/paketa_fiskale_2017.docx\">Paketa fiskale 2017<\/a><\/li><li><a href=\"https:\/\/kamza.gov.al\/wp-content\/uploads\/2025\/11\/paketa__fiskale__2016.docx\">Paketa fiskale 2016<\/a><\/li><li><a href=\"https:\/\/kamza.gov.al\/wp-content\/uploads\/2025\/11\/paketa__fiskale__2014.docx\">Paketa fiskale 2014<\/a><\/li><li><a href=\"https:\/\/kamza.gov.al\/wp-content\/uploads\/2025\/11\/paketa_fiskale_2013.docx\">Paketa fiskale 2013<\/a><\/li><li><a href=\"https:\/\/kamza.gov.al\/wp-content\/uploads\/2025\/11\/paketa_fiskale_2012.docx\">Paketa fiskale 2012<\/a><\/li><li><a href=\"https:\/\/kamza.gov.al\/wp-content\/uploads\/2025\/11\/paketa_fiskale_2011.pdf\">Paketa fiskale 2011<\/a><\/li><\/ul><\/li><li><strong>Sale or lease of properties and assets<\/strong><ul><li><p>Referuar dispozitave ligjore, Ligjit Nr.139\/2015 \u201cP\u00ebr vet\u00ebqeverisjen vendore\u201d.<br \/>\u00a0 T\u00eb drejt\u00ebn dhe p\u00ebrgjegj\u00ebsin\u00eb e pron\u00ebsis\u00eb:<br \/>a) nj\u00ebsit\u00eb e vet\u00ebqeverisjes vendore ushtrojn\u00eb t\u00eb drejt\u00ebn e pron\u00ebsis\u00eb. Ato fitojn\u00eb, shesin dhe japin n\u00eb p\u00ebrdorim pron\u00ebn e paluajtshme ose t\u00eb luajtshme t\u00eb tyre, si dhe ushtrojn\u00eb t\u00eb drejta t\u00eb tjera, sipas m\u00ebnyr\u00ebs s\u00eb p\u00ebrcaktuar me ligj;<br \/>b) e drejta e fitimit t\u00eb pron\u00ebs, n\u00ebp\u00ebrmjet shpron\u00ebsimeve p\u00ebr interes publik, nga ana e nj\u00ebsive t\u00eb vet\u00ebqeverisjes vendore, b\u00ebhet sipas m\u00ebnyr\u00ebs s\u00eb p\u00ebrcaktuar me ligj;<br \/>c) e drejta e prone\u0308sise\u0308 ushtrohet nga ke\u0308shilli pe\u0308rkate\u0308s, i cili nuk mund t\u2019ia delegoje\u0308<br \/>ushtrimin e k\u00ebsaj t\u00eb drejte askujt tjet\u00ebr.<\/p><p>Referuar Ligjit Nr.68\/2017 \u201cP\u00ebr Financat e Vet\u00ebqeverisjes Vendore\u201d, neni 19 \u201cT\u00eb ardhurat nga asetet dhe veprimtarit\u00eb ekonomike\u201d:<\/p><ul><li>Nj\u00ebsit\u00eb e vet\u00ebqeverisjes vendore krijojn\u00eb t\u00eb ardhura nga dh\u00ebnia me qira e aseteve n\u00eb pron\u00ebsi ose n\u00eb p\u00ebrdorim t\u00eb tyre, sipas legjislacionit n\u00eb fuqi. T\u00eb ardhurat nga qiraja konsiderohen t\u00eb ardhura korrente dhe mund t\u00eb p\u00ebrdoren p\u00ebr \u00e7do shpenzim t\u00eb autorizuar n\u00eb buxhet.<\/li><li>Nj\u00ebsit\u00eb e vet\u00ebqeverisjes vendore krijojn\u00eb t\u00eb ardhura nga shitja e pronave t\u00eb veta, sipas legjislacionit n\u00eb fuqi.<\/li><li>T\u00eb ardhurat nga shitja e aseteve n\u00eb pron\u00ebsi t\u00eb nj\u00ebsis\u00eb s\u00eb vet\u00ebqeverisjes vendore, me jet\u00ebgjat\u00ebsi m\u00eb t\u00eb madhe se nj\u00eb vit, konsiderohen si t\u00eb ardhura kapitale dhe p\u00ebrdoren p\u00ebr q\u00ebllime investimi.<\/li><li>T\u00eb ardhurat nga veprimtarit\u00eb ekonomike t\u00eb nj\u00ebsive t\u00eb vet\u00ebqeverisjes vendore dhe dividendi q\u00eb i p\u00ebrket nj\u00ebsis\u00eb s\u00eb vet\u00ebqeverisjes vendore n\u00eb shoq\u00ebrit\u00eb tregtare fitimprur\u00ebse, p\u00ebrve\u00e7 atyre t\u00eb sh\u00ebrbimit t\u00eb furnizimit me uj\u00eb dhe kanalizimeve, kalojn\u00eb n\u00eb buxhetin e p\u00ebrgjithsh\u00ebm t\u00eb nj\u00ebsis\u00eb s\u00eb vet\u00ebqeverisjes vendore.<\/li><li>Shitja ose dh\u00ebnia me qira e pronave dhe aseteve t\u00eb nj\u00ebsis\u00eb s\u00eb vet\u00ebqeverisjes vendore, n\u00eb \u00e7do rast, i n\u00ebnshtrohet nj\u00eb procedure transparente dhe konkurruese. Asetet dhe pronat e ofruara p\u00ebr shitje ose dh\u00ebnie me qira duhet t\u00eb publikohen, s\u00eb bashku me kriteret q\u00eb duhet t\u00eb plot\u00ebsohen, sipas legjislacionit n\u00eb fuqi.\u00a0<\/li><\/ul><\/li><li><a href=\"https:\/\/kamza.gov.al\/wp-content\/uploads\/2025\/11\/Marrje-me-qera-te-ambienteve-private-per-kopshtin-Nr.6-ELFeT-2022.pdf\">Dh\u00ebnia me qera e ambienteve private p\u00ebr kopshtin\u00a0 Nr. 6 &#8220;Elf\u00ebt&#8221;<\/a><\/li><li><a href=\"https:\/\/kamza.gov.al\/wp-content\/uploads\/2025\/11\/Dhenieee-me-qera-te-ambienteve-te-brendshme-te-Bashkise-Kamez-2020.pdf\">Dh\u00ebnie me qera t\u00eb ambienteve brenda Pallatit t\u00eb Kultur\u00ebs<\/a><\/li><li><a href=\"https:\/\/kamza.gov.al\/wp-content\/uploads\/2025\/11\/DDhenie-me-qeras-te-ambientev-te-Pallatit-te-Kultures-zona-e-parkimit-2020.pdf\">Dh\u00ebnie me qera t\u00eb ambienteve brenda Pallatit t\u00eb Kultur\u00eb<\/a><a href=\"https:\/\/kamza.gov.al\/wp-content\/uploads\/2025\/11\/DDhenie-me-qeras-te-ambientev-te-Pallatit-te-Kultures-zona-e-parkimit-2020.pdf\">s,( zona e parkimit) viti 2020<\/a><\/li><li><a href=\"https:\/\/kamza.gov.al\/wp-content\/uploads\/2025\/11\/Dhenie-me-qera-te-disa-pronave-ne-Bashkine-Kamez-dhe-Njesine-Administrative-Paskuqan-per-ndertimin-e-tregut-te-fruta-perimeveagroushqimore-dhe-veshembathjeve.2019-1.pdf\">Dh\u00ebnie me qera t\u00eb disa pronave me qera n\u00eb Bashkin\u00eb Kam\u00ebz e Nj\u00ebsin Administrative Pakuqan p\u00ebr nd\u00ebrtimin e tregut t\u00eb fruta-perimeve, agroushqimore dhe veshmbathjerve,viti 2019<\/a><\/li><li><a href=\"https:\/\/kamza.gov.al\/wp-content\/uploads\/2025\/11\/Dhenie-me-qera-te-disa-pronave-ne-Bashkine-Kamez-dhe-Njesine-Administrative-Paskuqan-per-ndertimin-e-tregut-te-fruta-perimeveagroushqimore-dhe-veshembathjeve.2019.pdf\">Dh\u00ebnie me qera t\u00eb disa pronave me qera n\u00eb Bashkin\u00eb Kam\u00ebz e Nj\u00ebsin Administrative Pakuqan p\u00ebr nd\u00ebrtimin e tregut t\u00eb fruta-perimeve, agroushqimore dhe veshmbathjerve<\/a>\u00a0<\/li><li><a href=\"https:\/\/kamza.gov.al\/wp-content\/uploads\/2025\/11\/2018-Dhenie-me-qera-te-ambienteve-brenda-Pallatit-te-Kultures.pdf\">Dh\u00ebnie me qera t\u00eb ambienteve brenda Pallatit t\u00eb Kultur\u00ebs.<\/a><\/li><li><a href=\"https:\/\/kamza.gov.al\/wp-content\/uploads\/2025\/11\/Dhenie-me-qera-pa-konnkurrim-ne-favor-te-Shoqerise-BIOPRODUCTS-SH.P.K-te-pasurise-se-llojit-zallishte-Laknas-2018.pdf\">Dh\u00ebnie me qera pa konkurim n\u00eb favor t\u00eb Shoq\u00ebris\u00eb &#8220;Bioprodukts&#8221; SH.P.K<\/a><\/li><li><a href=\"https:\/\/kamza.gov.al\/wp-content\/uploads\/2025\/11\/Dhenie-me-qera-te-disa-pronave-ne-Bashkine-Kamez-dhe-Njesine-Administrative-Paskuqan-per-ndertimin-e-tregut-te-fruta-perimeveagroushqimore-dhe-veshembathjeve.2019-1.pdf\">Dh\u00ebnie me qera t\u00eb disa pronave me qera n\u00eb Bashkin\u00eb Kam\u00ebz e Nj\u00ebsin Administrative Pakuqan p\u00ebr nd\u00ebrtimin e tregut t\u00eb fruta-perimeve, agroushqimore dhe veshmbathjerve,viti 2019<\/a><\/li><\/ul><\/li><\/ul><p><strong><a href=\"https:\/\/kamza.gov.al\/en\/informimi-i-publikut\/informacione-te-pergjithshme\/levizjet-demografike\/\">9. Donacionet<\/a><\/strong><\/p>\t\t\t\t\t\t\t\t<\/div>\n\t\t\t\t<\/div>\n\t\t\t\t\t<\/div>\n\t\t\t\t<\/div>\n\t\t\t\t<\/div>","protected":false},"excerpt":{"rendered":"<p>Kalendari i Programit Buxhetor Afatmes\u00ebm dhe Buxhetit Vjetor. Vendim p\u00ebr miratimin e kalendarit t\u00eb PBA 2026-2028 Vendimi p\u00ebr miratimin e kalendarit t\u00eb programit buxhetor afatmes\u00ebm 2023-2025 dhe buxhetit 2023 Vendim p\u00ebr miratimin e kalendarit p\u00ebr programin buxhetor 2021-2023 dhe buxhetin vjetor 2021 Plani Strategjik i Zhvillimit t\u00eb bashkis\u00eb. Plane Vendore\u00a0 Plani i p\u00ebrgjithsh\u00ebm vendor Plani [&hellip;]<\/p>","protected":false},"author":1,"featured_media":0,"parent":20394,"menu_order":0,"comment_status":"closed","ping_status":"closed","template":"","meta":{"_acf_changed":false,"footnotes":""},"class_list":["post-21288","page","type-page","status-publish","hentry"],"acf":[],"_links":{"self":[{"href":"https:\/\/kamza.gov.al\/en\/wp-json\/wp\/v2\/pages\/21288","targetHints":{"allow":["GET"]}}],"collection":[{"href":"https:\/\/kamza.gov.al\/en\/wp-json\/wp\/v2\/pages"}],"about":[{"href":"https:\/\/kamza.gov.al\/en\/wp-json\/wp\/v2\/types\/page"}],"author":[{"embeddable":true,"href":"https:\/\/kamza.gov.al\/en\/wp-json\/wp\/v2\/users\/1"}],"replies":[{"embeddable":true,"href":"https:\/\/kamza.gov.al\/en\/wp-json\/wp\/v2\/comments?post=21288"}],"version-history":[{"count":85,"href":"https:\/\/kamza.gov.al\/en\/wp-json\/wp\/v2\/pages\/21288\/revisions"}],"predecessor-version":[{"id":25484,"href":"https:\/\/kamza.gov.al\/en\/wp-json\/wp\/v2\/pages\/21288\/revisions\/25484"}],"up":[{"embeddable":true,"href":"https:\/\/kamza.gov.al\/en\/wp-json\/wp\/v2\/pages\/20394"}],"wp:attachment":[{"href":"https:\/\/kamza.gov.al\/en\/wp-json\/wp\/v2\/media?parent=21288"}],"curies":[{"name":"wp","href":"https:\/\/api.w.org\/{rel}","templated":true}]}}