{"id":21283,"date":"2025-08-29T10:54:57","date_gmt":"2025-08-29T08:54:57","guid":{"rendered":"https:\/\/kamza.instant.al\/?page_id=21283"},"modified":"2025-11-13T10:56:18","modified_gmt":"2025-11-13T09:56:18","slug":"organizimi-dhe-funksionimi-i-bashkise","status":"publish","type":"page","link":"https:\/\/kamza.gov.al\/en\/transparenca\/programi-i-transparences\/organizimi-dhe-funksionimi-i-bashkise\/","title":{"rendered":"Organization and functioning of the Municipality"},"content":{"rendered":"<div data-elementor-type=\"wp-page\" data-elementor-id=\"21283\" class=\"elementor elementor-21283\" data-elementor-post-type=\"page\">\n\t\t\t\t<div class=\"elementor-element elementor-element-28d3f9c e-con-full e-flex e-con e-parent\" data-id=\"28d3f9c\" data-element_type=\"container\">\n\t\t\t\t<div class=\"elementor-element elementor-element-f347535 elementor-widget elementor-widget-template\" data-id=\"f347535\" data-element_type=\"widget\" data-widget_type=\"template.default\">\n\t\t\t\t<div class=\"elementor-widget-container\">\n\t\t\t\t\t\t\t<div class=\"elementor-template\">\r\n\t\t\t\t\t<div data-elementor-type=\"container\" data-elementor-id=\"20550\" class=\"elementor elementor-20550\" data-elementor-post-type=\"elementor_library\">\n\t\t\t\t<div class=\"elementor-element elementor-element-190c0c50 e-flex e-con-boxed e-con e-parent\" data-id=\"190c0c50\" data-element_type=\"container\" data-settings=\"{&quot;background_background&quot;:&quot;classic&quot;}\">\n\t\t\t\t\t<div class=\"e-con-inner\">\n\t\t\t\t<div class=\"elementor-element elementor-element-751afb5d elementor-widget elementor-widget-heading\" data-id=\"751afb5d\" data-element_type=\"widget\" data-widget_type=\"heading.default\">\n\t\t\t\t\t<h1 class=\"elementor-heading-title elementor-size-default\">Organization and functioning of the Municipality<\/h1>\t\t\t\t<\/div>\n\t\t\t\t\t<\/div>\n\t\t\t\t<\/div>\n\t\t\t\t<\/div>\n\t\t\t\t<\/div>\r\n\t\t\t\t\t\t<\/div>\n\t\t\t\t<\/div>\n\t\t\t\t<\/div>\n\t\t<div class=\"elementor-element elementor-element-548a89e e-flex e-con-boxed e-con e-parent\" data-id=\"548a89e\" data-element_type=\"container\">\n\t\t\t\t\t<div class=\"e-con-inner\">\n\t\t<div class=\"elementor-element elementor-element-3aa6466 e-con-full e-flex e-con e-child\" data-id=\"3aa6466\" data-element_type=\"container\" data-settings=\"{&quot;background_background&quot;:&quot;classic&quot;}\">\n\t\t\t\t<div class=\"elementor-element elementor-element-7e10202 elementor-widget elementor-widget-heading\" data-id=\"7e10202\" data-element_type=\"widget\" data-widget_type=\"heading.default\">\n\t\t\t\t\t<h2 class=\"elementor-heading-title elementor-size-default\">On the organization and functioning of the municipality<\/h2>\t\t\t\t<\/div>\n\t\t\t\t<div class=\"elementor-element elementor-element-982713b elementor-widget elementor-widget-text-editor\" data-id=\"982713b\" data-element_type=\"widget\" data-widget_type=\"text-editor.default\">\n\t\t\t\t\t\t\t\t\t<p><strong>On the organization and functioning of the municipality<\/strong><\/p><p>On the organization and functioning of the municipality, includes the categories of information that are made public without a request as defined in Article 7 (points: a; d; g; \u00e7, dh) of the Law. This field provides citizens with information on:<\/p><ol><li><a href=\"https:\/\/kamza.gov.al\/en\/bashkia\/njesite-administrative\/\">Organizimi administrativo-territorial<\/a><ul><li><a href=\"https:\/\/kamza.gov.al\/wp-content\/uploads\/2025\/09\/Misioni-i-Bashkise-dhe-funskionet.docx\">Misioni dhe funksionet e Bashkis\u00eb <\/a>.<\/li><\/ul><\/li><li><strong> Organe p\u00ebrfaq\u00ebsues i Bashkis\u00eb &#8211; K\u00ebshilli Bashkiak\u00a0 ( Procesi i vendimmarrjes)<\/strong><ul><li><a href=\"https:\/\/kamza.gov.al\/en\/keshilli\/rreth-keshillit-bashkiak\/rreth-keshillit\/\">Municipal Council<\/a><\/li><li><a href=\"https:\/\/kamza.gov.al\/en\/keshilli\/struktura\/kryetari-i-keshillit\/\">Kryetari i K\u00ebshillit<\/a><\/li><li><a href=\"https:\/\/kamza.gov.al\/en\/keshilli\/struktura\/sekretari-i-keshillit\/\">Sekretari i K\u00ebshillit<\/a><\/li><li><a href=\"https:\/\/kamza.gov.al\/en\/keshilli\/rreth-keshillit-bashkiak\/anetaret-e-keshillit\/\">An\u00ebtar\u00ebt e K\u00ebshillit<\/a><\/li><li><a href=\"https:\/\/kamza.gov.al\/en\/keshilli\/struktura\/komisionet-e-keshillit\/\">Komisionet e K\u00ebshillit<\/a><\/li><li><a href=\"https:\/\/kamza.gov.al\/en\/keshilli\/rreth-keshillit-bashkiak\/funksionet-e-keshillit\/\">Funksionet e K\u00ebshillit<\/a><\/li><li><a href=\"https:\/\/kamza.gov.al\/en\/keshilli\/rreth-keshillit-bashkiak\/rregullore-e-keshillit\/\">Rregullorja e K\u00ebshillit<\/a><\/li><li><a href=\"https:\/\/kamza.gov.al\/en\/keshilli\/vendimet\/\">Kalendari i Mbledhjeve<\/a><\/li><li><a href=\"https:\/\/kamza.gov.al\/en\/keshilli\/njoftime-keshilli\/mbledhja-e-keshillit\/\">Njoftimet e K\u00ebshillit<\/a><\/li><li><a href=\"https:\/\/kamza.gov.al\/en\/keshilli\/regjistra-dhe-dokumenta\/procesverbalet\/\">Procesverbalet e K\u00ebshillit<\/a><\/li><li><a href=\"https:\/\/kamza.gov.al\/en\/keshilli\/vendimet\/\">Vendimet e K\u00ebshillit Bashkiak<\/a><\/li><\/ul><\/li><li><span style=\"color: #333333;\"><span style=\"color: #333333;\"><span style=\"color: #333333;\"><span style=\"color: #333333;\"><span style=\"color: #333333;\"><span style=\"color: #333333;\"><a style=\"color: #333333;\" href=\"https:\/\/kamza.gov.al\/en\/bashkia\/kryetari\/\"><strong>\u00a0Organi ekzekutiv &#8211; Kryetari i Bashkis\u00eb<\/strong><\/a><\/span><\/span><\/span><\/span><\/span><\/span><ul><li><a href=\"https:\/\/kamza.gov.al\/en\/bashkia\/kryetari\/funksionet\/\">\u00a0Kompetencat dhe detyrat e Kryetarit t\u00eb Bashkis\u00eb<\/a><\/li><li><a href=\"https:\/\/kamza.gov.al\/en\/bashkia\/kryetari\/cv-e-kryetarit\/\">T\u00eb dh\u00ebnat p\u00ebr Kryetarin e Bashkis\u00eb<\/a><\/li><li>Vendimet e Kryetarit t\u00eb Bashkis\u00eb<\/li><li>Urdh\u00ebrat e Kryetarit t\u00eb Bashkis\u00eb<\/li><li><a href=\"https:\/\/kamza.gov.al\/en\/bashkia\/kryetari\/kontakto-kryetarin\/\">Adresa elektronike<\/a> &#8211;\u00a0 rakip.suli@kamza.gov.al<\/li><li><a href=\"https:\/\/kamza.gov.al\/en\/bashkia\/kryetari\/kontakto-kryetarin\/\">Adresa postare<\/a> -Bulevardi &#8220;N\u00ebn\u00eb Tereza&#8221;, nr 492, Kam\u00ebz\u00a0<\/li><\/ul><\/li><li><strong> Municipal Administration<br \/><\/strong><ul><li><a href=\"https:\/\/kamza.gov.al\/en\/bashkia\/administrata\/organigrama\/\">Struktura organizative\/Organigrama<\/a><\/li><li><a href=\"https:\/\/kamza.gov.al\/en\/bashkia\/administrata\/rregullorja-e-bashkise\/\">Rregullorja e Brendshme e Bashkis\u00eb Kam\u00ebz<\/a><\/li><li><a href=\"https:\/\/kamza.gov.al\/en\/bashkia\/administrata\/drejtorite\/\">Administrata e Bashkis\u00eb<\/a><\/li><li><a href=\"https:\/\/kamza.gov.al\/wp-content\/uploads\/2025\/08\/5.Organizimi-dhe-funksionimi-te-njesive-ne-varesi.xlsx\">Organizimi i\u00a0 pagava t\u00eb Bashkis\u00eb Kamez dhe i nj\u00ebsive n\u00eb var\u00ebsi<\/a><ul><li><a href=\"https:\/\/kamza.gov.al\/wp-content\/uploads\/2025\/11\/Miratimi-i-nivelit-te-pagave-viti-2023.pdf\">Miratim i nivelit t\u00eb pagave, viti 2023<\/a><\/li><li><a href=\"https:\/\/kamza.gov.al\/wp-content\/uploads\/2025\/11\/Vendim-nr.130-date-22.02.2021-Miratimin-e-nivelit-te-pagave.pdf\">Miratimi i nivelit t\u00eb pagave, viti 2021<\/a><\/li><li><a href=\"https:\/\/kamza.gov.al\/wp-content\/uploads\/2025\/11\/Vendim-nr-57.-Date-23.12.20219-Miratimi-i-nivelit-te-pagave.pdf\">Miratimi i nivelit t\u00eb pagave, viti 20219<\/a><\/li><\/ul><\/li><li><a href=\"https:\/\/kamza.gov.al\/en\/category\/vende-vakante\/\">Notifications on Work Vacancies<\/a><\/li><li><a href=\"https:\/\/kamza.gov.al\/en\/bashkia\/njesite-administrative\/\">Adresa postare dhe elektronike e nj\u00ebsive administrative\/nj\u00ebsive n\u00eb var\u00ebsi t\u00eb Bashkis<\/a><\/li><\/ul><\/li><li><strong>Mekanizmat Monitorues dhe t\u00eb kontrollit<\/strong><ul><li><a href=\"https:\/\/kamza.gov.al\/en\/bashkia\/administrata\/drejtorite\/drejtoria-e-auditimit-te-brendshem\/\">Sektori i Auditit t\u00eb Brendsh\u00ebm<\/a><\/li><li><a href=\"https:\/\/kamza.gov.al\/wp-content\/uploads\/2025\/11\/urdheri_dhe_kodi_i_etikes_5642-1.pdf\">Urdh\u00ebri dhe kodi i Etik\u00ebs<\/a><\/li><li><a href=\"https:\/\/kamza.gov.al\/en\/bashkia\/administrata\/drejtorite\/drejtoria-e-auditimit-te-brendshem\/\">Rregullore e Brendshme e Nj\u00ebsis\u00eb s\u00eb Auditimit<\/a><\/li><li><a href=\"https:\/\/kamza.gov.al\/en\/bashkia\/administrata\/drejtorite\/drejtoria-e-auditimit-te-brendshem\/\">Raporti i Auditimit t\u00eb Brendsh\u00ebm<\/a><\/li><li><a href=\"https:\/\/kamza.gov.al\/en\/informimi-i-publikut\/informacione-te-pergjithshme\/raporte-klsh\/\">Raporte t\u00eb Kontrollit t\u00eb Lart\u00eb t\u00eb Shtetit<\/a><\/li><\/ul><\/li><li><span style=\"color: #333333;\"><span style=\"color: #333333;\"><a style=\"color: #333333;\" href=\"https:\/\/kamza.gov.al\/en\/drejtoria-e-medias-dhe-informimit\/\"><strong>Requests, complaints, signals and remarks related to actions or inactions of bodies and administration<\/strong><\/a><br \/><\/span><\/span><ul><li><a href=\"https:\/\/kamza.gov.al\/wp-content\/uploads\/2025\/11\/Procedura-e-sinjalizuesit.pdf\">Procedura e sinjalizuesit<\/a><\/li><\/ul><\/li><\/ol><ol start=\"7\"><li><strong><a href=\"https:\/\/kamza.gov.al\/wp-content\/uploads\/2025\/08\/STATISTIKA-VENDORE.docx\"><span style=\"color: #333333;\">Local statistics<\/span><\/a><\/strong><\/li><\/ol><ul><li style=\"list-style-type: none;\"><ul><li><a href=\"https:\/\/kamza.gov.al\/en\/informimi-i-publikut\/informacione-te-pergjithshme\/levizjet-demografike\/\">Demografia<\/a><\/li><\/ul><\/li><\/ul>\t\t\t\t\t\t\t\t<\/div>\n\t\t\t\t<\/div>\n\t\t\t\t\t<\/div>\n\t\t\t\t<\/div>\n\t\t\t\t<\/div>","protected":false},"excerpt":{"rendered":"<p>Mbi organizimin dhe funksionimin e bashkis\u00eb Mbi organizimin dhe funksionimin e bashkis\u00eb Mbi organizimin dhe funksionimin e bashkis\u00eb, p\u00ebrfshin kategorit\u00eb e informacionit q\u00eb b\u00ebhen publik pa k\u00ebrkes\u00eb t\u00eb p\u00ebrcaktuar nga Neni 7 (pika: a; d; g; \u00e7, dh) i Ligjit. Kjo fush\u00eb iu ofron qytetar\u00ebve informacion p\u00ebr: Organizimi administrativo-territorial Misioni dhe funksionet e Bashkis\u00eb . [&hellip;]<\/p>","protected":false},"author":1,"featured_media":0,"parent":20394,"menu_order":0,"comment_status":"closed","ping_status":"closed","template":"","meta":{"_acf_changed":false,"footnotes":""},"class_list":["post-21283","page","type-page","status-publish","hentry"],"acf":[],"_links":{"self":[{"href":"https:\/\/kamza.gov.al\/en\/wp-json\/wp\/v2\/pages\/21283","targetHints":{"allow":["GET"]}}],"collection":[{"href":"https:\/\/kamza.gov.al\/en\/wp-json\/wp\/v2\/pages"}],"about":[{"href":"https:\/\/kamza.gov.al\/en\/wp-json\/wp\/v2\/types\/page"}],"author":[{"embeddable":true,"href":"https:\/\/kamza.gov.al\/en\/wp-json\/wp\/v2\/users\/1"}],"replies":[{"embeddable":true,"href":"https:\/\/kamza.gov.al\/en\/wp-json\/wp\/v2\/comments?post=21283"}],"version-history":[{"count":85,"href":"https:\/\/kamza.gov.al\/en\/wp-json\/wp\/v2\/pages\/21283\/revisions"}],"predecessor-version":[{"id":25476,"href":"https:\/\/kamza.gov.al\/en\/wp-json\/wp\/v2\/pages\/21283\/revisions\/25476"}],"up":[{"embeddable":true,"href":"https:\/\/kamza.gov.al\/en\/wp-json\/wp\/v2\/pages\/20394"}],"wp:attachment":[{"href":"https:\/\/kamza.gov.al\/en\/wp-json\/wp\/v2\/media?parent=21283"}],"curies":[{"name":"wp","href":"https:\/\/api.w.org\/{rel}","templated":true}]}}