{"id":21258,"date":"2025-08-29T10:17:16","date_gmt":"2025-08-29T08:17:16","guid":{"rendered":"https:\/\/kamza.instant.al\/?page_id=21258"},"modified":"2025-11-10T12:32:52","modified_gmt":"2025-11-10T11:32:52","slug":"detyrat-dhe-kompetencat-e-koordinatorit-per-te-drejten-e-informimit","status":"publish","type":"page","link":"https:\/\/kamza.gov.al\/en\/transparenca\/detyrat-dhe-kompetencat-e-koordinatorit-per-te-drejten-e-informimit\/","title":{"rendered":"Detyrat dhe Kompetencat e Koordinatorit p\u00ebr t\u00eb Drejt\u00ebn e Informimit"},"content":{"rendered":"<div data-elementor-type=\"wp-page\" data-elementor-id=\"21258\" class=\"elementor elementor-21258\" data-elementor-post-type=\"page\">\n\t\t\t\t<div class=\"elementor-element elementor-element-25fcfc2 e-con-full e-flex e-con e-parent\" data-id=\"25fcfc2\" data-element_type=\"container\">\n\t\t\t\t<div class=\"elementor-element elementor-element-00d6a06 elementor-widget elementor-widget-template\" data-id=\"00d6a06\" data-element_type=\"widget\" data-widget_type=\"template.default\">\n\t\t\t\t<div class=\"elementor-widget-container\">\n\t\t\t\t\t\t\t<div class=\"elementor-template\">\r\n\t\t\t\t\t<div data-elementor-type=\"container\" data-elementor-id=\"20550\" class=\"elementor elementor-20550\" data-elementor-post-type=\"elementor_library\">\n\t\t\t\t<div class=\"elementor-element elementor-element-190c0c50 e-flex e-con-boxed e-con e-parent\" data-id=\"190c0c50\" data-element_type=\"container\" data-settings=\"{&quot;background_background&quot;:&quot;classic&quot;}\">\n\t\t\t\t\t<div class=\"e-con-inner\">\n\t\t\t\t<div class=\"elementor-element elementor-element-751afb5d elementor-widget elementor-widget-heading\" data-id=\"751afb5d\" data-element_type=\"widget\" data-widget_type=\"heading.default\">\n\t\t\t\t\t<h1 class=\"elementor-heading-title elementor-size-default\">Detyrat dhe Kompetencat e Koordinatorit p\u00ebr t\u00eb Drejt\u00ebn e Informimit<\/h1>\t\t\t\t<\/div>\n\t\t\t\t\t<\/div>\n\t\t\t\t<\/div>\n\t\t\t\t<\/div>\n\t\t\t\t<\/div>\r\n\t\t\t\t\t\t<\/div>\n\t\t\t\t<\/div>\n\t\t\t\t<\/div>\n\t\t<div class=\"elementor-element elementor-element-d1bf8a7 e-flex e-con-boxed e-con e-parent\" data-id=\"d1bf8a7\" data-element_type=\"container\">\n\t\t\t\t\t<div class=\"e-con-inner\">\n\t\t<div class=\"elementor-element elementor-element-eb6d2e1 e-con-full e-flex e-con e-child\" data-id=\"eb6d2e1\" data-element_type=\"container\" data-settings=\"{&quot;background_background&quot;:&quot;classic&quot;}\">\n\t\t\t\t<div class=\"elementor-element elementor-element-f87d8a3 elementor-widget elementor-widget-text-editor\" data-id=\"f87d8a3\" data-element_type=\"widget\" data-widget_type=\"text-editor.default\">\n\t\t\t\t\t\t\t\t\t<ol><li>I\u00a0mund\u00ebson \u00e7do k\u00ebrkuesi t\u00eb drejt\u00ebn p\u00ebr t\u2019u njohur me informacionin publik, sipas k\u00ebtij ligji, duke u konsultuar me dokumentin origjinal ose duke marr\u00eb nj\u00eb kopje t\u00eb tij.<\/li><li>Krijon, mban, publikon dhe p\u00ebrdit\u00ebson regjistrin e k\u00ebrkesave dhe p\u00ebrgjigjeve brenda afatit t\u00eb parashikuar n\u00eb pik\u00ebn 1, t\u00eb nenit 8, t\u00eb k\u00ebtij ligji.<\/li><li>Bashk\u00ebrendon pun\u00ebn p\u00ebr plot\u00ebsimin e k\u00ebrkesave p\u00ebr informacione brenda afateve dhe sipas m\u00ebnyr\u00ebs s\u00eb parashikuar n\u00eb k\u00ebt\u00eb ligj.<\/li><li>Regjistron k\u00ebrkesat p\u00ebr informacion dhe cakton nj\u00eb num\u00ebr rendor p\u00ebr secil\u00ebn prej tyre.<\/li><li>D\u00ebrgon k\u00ebrkes\u00ebn p\u00ebr informim te nj\u00eb autoritet tjet\u00ebr publik, brenda afateve t\u00eb parashikuara n\u00eb k\u00ebt\u00eb ligj, kur rezulton se autoriteti publik ku \u00ebsht\u00eb depozituar k\u00ebrkesa nuk e zot\u00ebron informacionin e k\u00ebrkuar.<\/li><li>Verifikon rastet p\u00ebr dh\u00ebnien falas t\u00eb informacionit qytetar\u00ebve, sipas parashikimit t\u00eb pik\u00ebs 5, t\u00eb nenit 13, t\u00eb k\u00ebtij ligji.<\/li><li>Kryen njoftimet paraprake, sipas neneve 14 dhe 15, t\u00eb k\u00ebtij ligji, si dhe komunikon me k\u00ebrkuesin, sipas nevoj\u00ebs p\u00ebr trajtimin e k\u00ebrkes\u00ebs p\u00ebr informacion publik.<\/li><\/ol><p><strong><em>Kufizimi i s\u00eb Drejt\u00ebs s\u00eb Informimit:<\/em><\/strong><\/p><p>Kufizimi i s\u00eb Drejt\u00ebs s\u00eb Informimit p\u00ebrfshin<\/p><p>1.E drejta e informimit mund t\u00eb kufizohet n\u00eb rast se \u00ebsht\u00eb e domosdoshme, proporcionale dhe n\u00ebse dh\u00ebnia e informacionit d\u00ebmton interest e m\u00ebposht\u00ebm:<\/p><p>a. t\u00eb drejt\u00ebn p\u00ebr nj\u00eb jet\u00eb private;<\/p><p>b. sekretin tregtar;<\/p><p>c. t\u00eb drejt\u00ebn e autorit;<\/p><p>d. patentat.<\/p><p>Kufizimi i s\u00eb drejt\u00ebs s\u00eb informimit, p\u00ebr shkak t\u00eb interesave t\u00eb parashikuar n\u00eb shkronjat \u201ca\u201d, \u201cb\u201d, \u201cc\u201d dhe \u201c\u00e7\u201d, t\u00eb k\u00ebsaj pike, nuk zbatohet kur titullari i k\u00ebtyre t\u00eb drejtave ka dh\u00ebn\u00eb vet\u00eb p\u00eblqimin p\u00ebr dh\u00ebnien e informacionit p\u00ebrkat\u00ebs ose kur n\u00eb momentin e dh\u00ebnies s\u00eb informacionit ai \u00ebsht\u00eb konsideruar autoritet publik n\u00eb baz\u00eb t\u00eb parashikimeve t\u00eb k\u00ebtij ligji. Pavar\u00ebsisht nga sa parashikohet n\u00eb k\u00ebt\u00eb pik\u00eb, informacioni i k\u00ebrkuar nuk refuzohet n\u00eb rast se ekziston nj\u00eb interes public m\u00eb I lart\u00eb p\u00ebr dh\u00ebbien e tij.<\/p><ol start=\"2\"><li>E drejta e informimit kufizohet n\u00eb rast se \u00ebsht\u00eb e domosdoshme, proporcionale dhe n\u00ebse dh\u00ebnia e informacionit shkakton nj\u00eb d\u00ebm t\u00eb qart\u00eb dhe t\u00eb r\u00ebnd\u00eb ndaj interesave t\u00eb m\u00ebposht\u00ebm:<br \/>a) sigurin\u00eb komb\u00ebtare, sipas p\u00ebrkufizimit t\u00eb b\u00ebr\u00eb nga legjislacioni p\u00ebr informacionin e klasifikuar;<br \/>b) parandalimin, hetimin dhe ndjekjen e veprave penale;<br \/>c) mbar\u00ebvajtjen e hetimit administrativ n\u00eb kuad\u00ebr t\u00eb nj\u00eb procedimi disiplinor;<br \/>\u00e7) mbar\u00ebvajtjen e procedurave t\u00eb inspektimit dhe auditimit t\u00eb autoriteteve publike;<br \/>d) formulimin e politikave monetare dhe fiskale t\u00eb shtetit;<br \/>dh) barazin\u00eb e pal\u00ebve n\u00eb nj\u00eb proces gjyq\u00ebsor dhe mbar\u00ebvajtjen e procesit gjyq\u00ebsor;<br \/>e) k\u00ebshillimin dhe diskutimin paraprak brenda ose midis autoriteteve publike p\u00ebr zhvillimin e politikave publike;<br \/>\u00eb) mbar\u00ebvajtjen e marr\u00ebdh\u00ebnieve nd\u00ebrko-mb\u00ebtare ose nd\u00ebrqeveritare.<br \/>Pavar\u00ebsisht nga sa parashikohet n\u00eb paragrafin e par\u00eb, t\u00eb pik\u00ebs 2, t\u00eb k\u00ebtij neni, informacioni i k\u00ebrkuar nuk refuzohet n\u00eb rast se ekziston nj\u00eb interes publik m\u00eb i lart\u00eb p\u00ebr dh\u00ebnien e tij. Kufizimi mbi t\u00eb drejt\u00ebn e informimit, p\u00ebr shkak t\u00eb interesit t\u00eb parashikuar n\u00eb pik\u00ebn 2, shkronjat \u201cc\u201d dhe \u201c\u00e7\u201d, t\u00eb k\u00ebtij neni, nuk zbatohet kur hetimi administrativ, n\u00eb kuad\u00ebr t\u00eb nj\u00eb procedimi disiplinor, dhe procedurat e inspektimit e t\u00eb auditimit t\u00eb autoriteteve publike kan\u00eb p\u00ebrfunduar. Kufizimi mbi t\u00eb drejt\u00ebn e informimit, p\u00ebr shkak t\u00eb interesit t\u00eb parashikuar n\u00eb pik\u00ebn 2, shkronjat \u201cd\u201d dhe \u201cdh\u201d, t\u00eb k\u00ebtij neni, nuk zbatohet kur t\u00eb dh\u00ebnat p\u00ebrkat\u00ebse jan\u00eb fakte, analiza t\u00eb fakteve, t\u00eb dh\u00ebna teknike ose t\u00eb dh\u00ebna statistikore. Kufizimi mbi t\u00eb drejt\u00ebn e informimit, p\u00ebr shkak t\u00eb interesit t\u00eb parashikuar n\u00eb pik\u00ebn 2, shkronja \u201ce\u201d, t\u00eb k\u00ebtij neni, nuk zbatohet pasi politikat jan\u00eb b\u00ebr\u00eb publike.<\/li><li>E drejta e informimit kufizohet, n\u00ebse \u00ebsht\u00eb e domosdoshme, proporcionale dhe n\u00eb qoft\u00eb se p\u00ebrhapja e informacionit do t\u00eb shkelte sekretin profesional t\u00eb garantuar nga ligji.<\/li><li>\u00a0E drejta e informimit kufizohet edhe kur, pavar\u00ebsisht nga ndihma e dh\u00ebn\u00eb nga autoriteti publik, k\u00ebrkesa mbetet e paqart\u00eb dhe b\u00ebhet i pamundur identifikimi i informacionit t\u00eb k\u00ebrkuar.<\/li><li>E drejta e informimit nuk refuzohet automatikisht kur informacioni i k\u00ebrkuar gjendet n\u00eb dokumente t\u00eb klasifikuara \u201csekret shtet\u00ebror\u201d. N\u00eb k\u00ebt\u00eb rast, autoriteti publik, t\u00eb cilit i \u00ebsht\u00eb d\u00ebrguar k\u00ebrkesa p\u00ebr informim, fillon menj\u00ebher\u00eb procedur\u00ebn e rishikimit t\u00eb klasifikimit pran\u00eb autoritetit publik q\u00eb ka urdh\u00ebruar klasifikimin, sipas ligjit nr. 8457, dat\u00eb 11.2.1999, \u201cP\u00ebr informacionin e klasifikuar \u201csekret shtet\u00ebror\u201d\u201d, t\u00eb ndryshuar. Autoriteti publik njofton menj\u00ebher\u00eb k\u00ebrkuesin p\u00ebr fillimin e procedur\u00ebs p\u00ebr rishikimin e klasifikimit, sipas ligjit, dhe vendos shtyrjen e afatit p\u00ebr dh\u00ebnien e informacionit brenda 30 dit\u00ebve pune. N\u00eb \u00e7do rast, vendimi p\u00ebr trajtimin ose jo t\u00eb k\u00ebrkes\u00ebs p\u00ebr informim merret dhe arsyetohet n\u00eb baz\u00eb t\u00eb kritereve t\u00eb k\u00ebtij neni.<\/li><li>N\u00ebse kufizimi prek vet\u00ebm nj\u00eb pjes\u00eb t\u00eb informacionit t\u00eb k\u00ebrkuar, pjesa tjet\u00ebr nuk i refuzohet k\u00ebrkuesit. Autoriteti publik tregon qart\u00eb pjes\u00ebt e dokumentacionit p\u00ebrkat\u00ebs q\u00eb jan\u00eb refuzuar, si dhe n\u00eb baz\u00eb t\u00eb cil\u00ebs pik\u00eb t\u00eb k\u00ebtij neni \u00ebsht\u00eb b\u00ebr\u00eb ky refuzim. Dispozitat e k\u00ebtij neni zbatohen edhe p\u00ebr njohjen me informacionin arkivor t\u00eb \u00e7do lloji, pavar\u00ebsisht nga parashikimet e ligjit p\u00ebr arkivat.<\/li><\/ol><p><strong>\u00a0<\/strong><\/p><p><strong>Mbi organizimin dhe funksionim e bashkis\u00eb:<\/strong><\/p><p><strong>K\u00ebrkesa, ankesa, sinjalizime dhe v\u00ebrejtje q\u00eb lidhem<\/strong><\/p><p>Mekanizmat dhe pro\u00e7edurap\u00ebr b\u00ebrjen e k\u00ebrkesave dhe ankesave, n\u00eb lidhje me veprimet ose mosveprimet e autoritetit publik.<\/p><p>Sportelet e Drejtoris\u00eb s\u00eb Informimit dhe Sh\u00ebrbimeve p\u00ebr Qytetar\u00ebt<br \/>Numri: +355 47 200 177<br \/>Faqen zyrtare t\u00eb Bashkis\u00eb Kam\u00ebz n\u00eb Internet\u00a0<a href=\"https:\/\/kamza.gov.al\/en\/\">kamza.gov.al<\/a><br \/>Adres\u00ebn e email: <strong>info@kamza.gov.al<\/strong><br \/>Adres\u00ebn e Koordinatorit p\u00ebr t\u00eb Drejt\u00ebn e Informimit: specialist.informimi@kamza.gov.al<br \/>Posta : Bulevardi &#8220;N\u00ebn\u00eb Tereza&#8221;, Nr. 492, Kam\u00ebz.<\/p><p>T\u00eb gjith\u00eb sh\u00ebrbimet e Bashkis\u00eb Kam\u00ebz, merren pran\u00eb Bashkis\u00eb Kam\u00ebz apo lagjeve\/nj\u00ebsive administrative q\u00eb jan\u00eb n\u00eb vart\u00ebsi t\u00eb saj, pasi dor\u00ebzohet dokumentacioni i nevojsh\u00ebm po n\u00eb t\u00eb nj\u00ebjtin vend ku do t\u00eb merret sh\u00ebrbimi.<\/p><p>Nga momenti aplikimit Bashkia Kam\u00ebz i siguron qytetarit sh\u00ebrbimin e k\u00ebrkuar brenda nj\u00eb afati kohor t\u00eb parap\u00ebrcaktuar. Qytetari informohet p\u00ebr aplikimet e paraqitura nga ana e tij, n\u00ebp\u00ebrmjet adres\u00ebs s\u00eb emailit p\u00ebr k\u00ebrkesa t\u00eb paraqitura, n\u00ebp\u00ebrmjet numrit +355 47 200 177, faqes zyrtare t\u00eb Bashkis\u00eb Kam\u00ebz, adres\u00eb\u00a0<a href=\"https:\/\/kamza.gov.al\/en\/\">kamza.gov.al<\/a>, dhe adres\u00ebs s\u00eb e-mailit:\u00a0<a href=\"mailto:bashkiakamez@gmail.com\">info@kamza.gov.al<\/a>, si dhe adres\u00ebs s\u00eb e-mailit t\u00eb Koordinatorit p\u00ebr t\u00eb Drejt\u00ebn e Informimit: <a href=\"mailto: specialist.informimi@kamza.gov.a\">specialist.informimi@kamza.gov.a<\/a>l, p\u00ebr numrin e protokollit dhe afatin kohor t\u00eb kthimit t\u00eb p\u00ebrgjigjes nga strukturat p\u00ebrkat\u00ebse.<\/p><p>N\u00ebse qytetari do t\u00eb paraqitet n\u00eb sportelet e One Stop Shop, p\u00ebr t\u00eb paraqitur \u00a0k\u00ebrkes\u00eb\/ankes\u00ebn \u00a0n\u00eb \u00a0momentin \u00a0e \u00a0protokollimit \u00a0t\u00eb \u00a0saj nga specialisti, qytetari do t\u00eb pajiset me nj\u00eb kopje t\u00eb k\u00ebrkes\u00ebs, e cila n\u00eb p\u00ebrmajtje t\u00eb saj ka numrin e \u00a0protokollit, \u00a0dat\u00ebn \u00a0e \u00a0protokollimit, \u00a0nj\u00eb \u00a0p\u00ebrmbajtje \u00a0t\u00eb \u00a0shkurt\u00ebr \u00a0t\u00eb \u00a0k\u00ebrkes\u00ebs \u00a0s\u00eb \u00a0paraqitur, duke cil\u00ebsuar k\u00ebtu edhe dokumentacionin bashk\u00eblidhur, n\u00ebse ka, dhe afatin kohor p\u00ebr marrje e\u00a0 p\u00ebrgjigjes. Kjo p\u00ebr t\u00eb qen\u00eb sa m\u00eb transparent n\u00eb pro\u00e7esin e protokollimit t\u00eb k\u00ebrkes\u00eb\/ankesave.<\/p><p>P\u00ebrgjigjet q\u00eb do t\u2019ju kthehen qytetar\u00ebve do t\u00eb firmosen nga Drejtor\u00ebt e P\u00ebrgjithsh\u00ebm, apo personi i \u00a0autorizuar, \u00a0pasi \u00a0\u00ebsht\u00eb \u00a0sigluar \u00a0nga \u00a0specialisti, \u00a0p\u00ebrgjegj\u00ebsi, drejtori \u00a0i \u00a0drejtoris\u00eb. Si procedure n\u00eb kthimin e p\u00ebrgjigjed p\u00ebrdoret sh\u00ebrbimi postar, p\u00ebr adresat e plota t\u00eb paraqitura nga subjekti fizik\/juridik. \u00a0N\u00eb \u00a0rastet \u00a0e \u00a0mospasjes \u00a0s\u00eb \u00a0nj\u00eb adres\u00eb \u00a0jo \u00a0t\u00eb \u00a0plot\u00eb, \u00a0t\u00ebrheqja \u00a0e \u00a0p\u00ebrgjigjes \u00a0b\u00ebhet \u00a0pran\u00eb<br \/>Sporteleve t\u00eb One Stop Shop, ku subjekti fizik\/juridik paraqet kopjen e k\u00ebrkes\u00ebs t\u00eb cil\u00ebn e ka mar\u00eb n\u00eb momentin e protokollimit. N\u00ebse kjo k\u00ebrkes\u00eb\/ankes\u00eb \u00ebsht\u00eb paraqitur pran\u00eb nj\u00eb prej n\u00eb lagjeve\/nj\u00ebsive administrative var\u00ebsi t\u00eb Bashkis\u00eb Kam\u00ebz, kthim p\u00ebrgjigjia do t\u00eb t\u00ebrhiqet pran\u00eb tyre.<\/p>\t\t\t\t\t\t\t\t<\/div>\n\t\t\t\t<\/div>\n\t\t\t\t\t<\/div>\n\t\t\t\t<\/div>\n\t\t\t\t<\/div>","protected":false},"excerpt":{"rendered":"<p>I\u00a0mund\u00ebson \u00e7do k\u00ebrkuesi t\u00eb drejt\u00ebn p\u00ebr t\u2019u njohur me informacionin publik, sipas k\u00ebtij ligji, duke u konsultuar me dokumentin origjinal ose duke marr\u00eb nj\u00eb kopje t\u00eb tij. Krijon, mban, publikon dhe p\u00ebrdit\u00ebson regjistrin e k\u00ebrkesave dhe p\u00ebrgjigjeve brenda afatit t\u00eb parashikuar n\u00eb pik\u00ebn 1, t\u00eb nenit 8, t\u00eb k\u00ebtij ligji. Bashk\u00ebrendon pun\u00ebn p\u00ebr plot\u00ebsimin e [&hellip;]<\/p>","protected":false},"author":1,"featured_media":0,"parent":20,"menu_order":0,"comment_status":"closed","ping_status":"closed","template":"","meta":{"_acf_changed":false,"footnotes":""},"class_list":["post-21258","page","type-page","status-publish","hentry"],"acf":[],"_links":{"self":[{"href":"https:\/\/kamza.gov.al\/en\/wp-json\/wp\/v2\/pages\/21258","targetHints":{"allow":["GET"]}}],"collection":[{"href":"https:\/\/kamza.gov.al\/en\/wp-json\/wp\/v2\/pages"}],"about":[{"href":"https:\/\/kamza.gov.al\/en\/wp-json\/wp\/v2\/types\/page"}],"author":[{"embeddable":true,"href":"https:\/\/kamza.gov.al\/en\/wp-json\/wp\/v2\/users\/1"}],"replies":[{"embeddable":true,"href":"https:\/\/kamza.gov.al\/en\/wp-json\/wp\/v2\/comments?post=21258"}],"version-history":[{"count":16,"href":"https:\/\/kamza.gov.al\/en\/wp-json\/wp\/v2\/pages\/21258\/revisions"}],"predecessor-version":[{"id":25037,"href":"https:\/\/kamza.gov.al\/en\/wp-json\/wp\/v2\/pages\/21258\/revisions\/25037"}],"up":[{"embeddable":true,"href":"https:\/\/kamza.gov.al\/en\/wp-json\/wp\/v2\/pages\/20"}],"wp:attachment":[{"href":"https:\/\/kamza.gov.al\/en\/wp-json\/wp\/v2\/media?parent=21258"}],"curies":[{"name":"wp","href":"https:\/\/api.w.org\/{rel}","templated":true}]}}