{"id":21068,"date":"2025-08-27T13:59:02","date_gmt":"2025-08-27T11:59:02","guid":{"rendered":"https:\/\/kamza.instant.al\/?page_id=21068"},"modified":"2025-09-02T11:50:37","modified_gmt":"2025-09-02T09:50:37","slug":"koordinatori-per-njoftimin-dhe-konsultimin-publik","status":"publish","type":"page","link":"https:\/\/kamza.gov.al\/en\/transparenca\/njoftimi-dhe-konsultimi-publik\/koordinatori-per-njoftimin-dhe-konsultimin-publik\/","title":{"rendered":"Coordinator for public notification and consultation"},"content":{"rendered":"<div data-elementor-type=\"wp-page\" data-elementor-id=\"21068\" class=\"elementor elementor-21068\" data-elementor-post-type=\"page\">\n\t\t\t\t<div class=\"elementor-element elementor-element-364a605 e-con-full e-flex e-con e-parent\" data-id=\"364a605\" data-element_type=\"container\">\n\t\t\t\t<div class=\"elementor-element elementor-element-ac4320f elementor-widget elementor-widget-template\" data-id=\"ac4320f\" data-element_type=\"widget\" data-widget_type=\"template.default\">\n\t\t\t\t<div class=\"elementor-widget-container\">\n\t\t\t\t\t\t\t<div class=\"elementor-template\">\r\n\t\t\t\t\t<div data-elementor-type=\"container\" data-elementor-id=\"20550\" class=\"elementor elementor-20550\" data-elementor-post-type=\"elementor_library\">\n\t\t\t\t<div class=\"elementor-element elementor-element-190c0c50 e-flex e-con-boxed e-con e-parent\" data-id=\"190c0c50\" data-element_type=\"container\" data-settings=\"{&quot;background_background&quot;:&quot;classic&quot;}\">\n\t\t\t\t\t<div class=\"e-con-inner\">\n\t\t\t\t<div class=\"elementor-element elementor-element-751afb5d elementor-widget elementor-widget-heading\" data-id=\"751afb5d\" data-element_type=\"widget\" data-widget_type=\"heading.default\">\n\t\t\t\t\t<h1 class=\"elementor-heading-title elementor-size-default\">Coordinator for public notification and consultation<\/h1>\t\t\t\t<\/div>\n\t\t\t\t\t<\/div>\n\t\t\t\t<\/div>\n\t\t\t\t<\/div>\n\t\t\t\t<\/div>\r\n\t\t\t\t\t\t<\/div>\n\t\t\t\t<\/div>\n\t\t\t\t<\/div>\n\t\t<div class=\"elementor-element elementor-element-7bb43bc e-flex e-con-boxed e-con e-parent\" data-id=\"7bb43bc\" data-element_type=\"container\">\n\t\t\t\t\t<div class=\"e-con-inner\">\n\t\t\t\t<div class=\"elementor-element elementor-element-e3167f5 elementor-widget elementor-widget-heading\" data-id=\"e3167f5\" data-element_type=\"widget\" data-widget_type=\"heading.default\">\n\t\t\t\t\t<h2 class=\"elementor-heading-title elementor-size-default\">Coordinator - Valbona Pistja\n<\/h2>\t\t\t\t<\/div>\n\t\t\t\t<div class=\"elementor-element elementor-element-d9168e8 elementor-widget elementor-widget-text-editor\" data-id=\"d9168e8\" data-element_type=\"widget\" data-widget_type=\"text-editor.default\">\n\t\t\t\t\t\t\t\t\t<p class=\"translation-block\"><strong>Postal address<\/strong>: konsultimi.publik@kamza.gov.al<br><strong>Working hours:<\/strong> 08:00-16:00<\/p><p class=\"translation-block\"><strong>Competencies<br><\/strong>The Coordinator of Public Notification and Consultation is responsible for the coordination and general administration of the work to guarantee the right to public notification and consultation, provided for by Law No. 146\/2014 \u201cOn Public Notification and Consultation\u201d<\/p><p class=\"translation-block\"><strong>Competencies<br><\/strong>The Coordinator of Public Notification and Consultation is responsible for the coordination and general administration of the work to guarantee the right to public notification and consultation, provided for by Law No. 146\/2014 \u201cOn Public Notification and Consultation\u201d<\/p><p class=\"translation-block\"><strong>a)<\/strong> by email;<\/p><p class=\"translation-block\"><strong>b)<\/strong>\u00a0by public notice, which is displayed on the premises of the initiating public body;<\/p><p class=\"translation-block\"><strong>c)<\/strong>\u00a0with an announcement in the national, regional or local audiovisual media;<\/p><p class=\"translation-block\"><strong>\u00e7)<\/strong>\u00a0with publication in local newspapers or in the two most widely read newspapers at the national level.<\/p><p>Receiving comments and recommendations in the public consultation process is carried out in one of the forms mentioned above, as well as in certain cases in verbal and\/or written form and recorded in the minutes of public meetings.<\/p><p><strong>Preliminary announcements<\/strong><\/p><ol><li>The public body, in special cases, may collect information and\/or preliminary opinions from interest groups before initiating the process of drafting the relevant act.<\/li><li>In the initial stages, the public body, when it deems it necessary, publishes in one of the forms provided for in Article 11 a prior notice of the act it will draft in order to obtain information from interested parties.<\/li><li>Any interested party may respond to the prior notice within the deadlines provided for in this law, by submitting comments and recommendations.<\/li><\/ol><p><strong>Information that needs to be provided<\/strong><\/p><ol><li>Interested parties to be consulted are provided with the necessary information to enable them to contribute in the most effective way possible to the process of preparing the draft act electronically and\/or by post.<\/li><li>In addition to the relevant documents, depending on the complexity, volume and other characteristics of the draft act, explanations are provided on the purpose, the problems to be addressed, the general ideas, the main changes and\/or possible alternatives and, to the extent possible, studies or analyses that have been carried out for the drafting of the draft act.<\/li><\/ol><p class=\"translation-block\"><strong>Extension and repetition of the consultation phase<br><\/strong>The public body may extend the deadline for submitting comments or may repeat the phase of receiving comments and recommendations in cases where:<\/p><p class=\"translation-block\"><strong>a)<\/strong>the public body is not satisfied with the quality of the comments received;<\/p><p class=\"translation-block\"><strong>b)\u00a0<\/strong>The comments and recommendations provided raised important new issues that were not part of the initial consultation.<\/p><p class=\"translation-block\"><strong>Notice of public meetings<br><\/strong>During the consultation period, given the importance of the draft act and the high public interest, the public body may organize public meetings, where interested parties present their opinions and data on the draft act to be drafted.<\/p><p><strong>Participation in public meetings<\/strong><\/p><ul><li>Consultation at public meetings is open.<\/li><li>The notification for the organization of public meetings is made according to the notification methods provided for in Article 11 of this law.<\/li><\/ul><p>Minutes and recordings of public meetings may be made public upon request, in accordance with applicable legislation on the right to information on official documents.<\/p><p class=\"translation-block\"><strong>Limitations<br><\/strong>The provisions of this law do not apply during the decision-making process related to:<\/p><p class=\"translation-block\">a) national security issues, to the extent that they constitute a state secret, according to the law on information classified as \"state secret\";<br>b) international relations and bilateral and multilateral agreements;<br>c) individual administrative acts and administrative acts of a normative character, unless otherwise provided for by a special law;<br>\u00e7) normative acts, with the force of law, approved by the Council of Ministers;<br>d) civil emergency;<br>dh) other exceptional issues provided for by law.<\/p><p><a href=\"https:\/\/kamza.gov.al\/wp-content\/uploads\/2024\/09\/Per-njoftimin-dhe-konsultimin-publik.pdf\">Law No. 146\/2014 \u201cOn Public Notification and Consultation\u201d<\/a><\/p>\t\t\t\t\t\t\t\t<\/div>\n\t\t\t\t\t<\/div>\n\t\t\t\t<\/div>\n\t\t\t\t<\/div>","protected":false},"excerpt":{"rendered":"<p>Koordinator &#8211; Valbona Pistja Adresa postare: konsultimi.publik@kamza.gov.alOrari i pun\u00ebs :\u00a008:00-16:00 KompetencatKoordinatori i njoftimit dhe konsultimit publik, \u00ebsht\u00eb p\u00ebrgjegj\u00ebs p\u00ebr bashk\u00ebrendimin dhe administrimin e p\u00ebrgjithsh\u00ebm t\u00eb pun\u00ebs p\u00ebr garantimin e s\u00eb drejt\u00ebs s\u00eb njoftimit e t\u00eb konsultimit publik, t\u00eb parashikuar nga ligji Nr.146\/2014 \u201cP\u00ebr Njoftimin dhe Konsultimin Publik\u201d M\u00ebnyrat e njoftimit dhe marrja e komenteve dhe [&hellip;]<\/p>","protected":false},"author":1,"featured_media":20527,"parent":20395,"menu_order":0,"comment_status":"closed","ping_status":"closed","template":"","meta":{"_acf_changed":false,"footnotes":""},"class_list":["post-21068","page","type-page","status-publish","has-post-thumbnail","hentry"],"acf":[],"_links":{"self":[{"href":"https:\/\/kamza.gov.al\/en\/wp-json\/wp\/v2\/pages\/21068","targetHints":{"allow":["GET"]}}],"collection":[{"href":"https:\/\/kamza.gov.al\/en\/wp-json\/wp\/v2\/pages"}],"about":[{"href":"https:\/\/kamza.gov.al\/en\/wp-json\/wp\/v2\/types\/page"}],"author":[{"embeddable":true,"href":"https:\/\/kamza.gov.al\/en\/wp-json\/wp\/v2\/users\/1"}],"replies":[{"embeddable":true,"href":"https:\/\/kamza.gov.al\/en\/wp-json\/wp\/v2\/comments?post=21068"}],"version-history":[{"count":22,"href":"https:\/\/kamza.gov.al\/en\/wp-json\/wp\/v2\/pages\/21068\/revisions"}],"predecessor-version":[{"id":21619,"href":"https:\/\/kamza.gov.al\/en\/wp-json\/wp\/v2\/pages\/21068\/revisions\/21619"}],"up":[{"embeddable":true,"href":"https:\/\/kamza.gov.al\/en\/wp-json\/wp\/v2\/pages\/20395"}],"wp:featuredmedia":[{"embeddable":true,"href":"https:\/\/kamza.gov.al\/en\/wp-json\/wp\/v2\/media\/20527"}],"wp:attachment":[{"href":"https:\/\/kamza.gov.al\/en\/wp-json\/wp\/v2\/media?parent=21068"}],"curies":[{"name":"wp","href":"https:\/\/api.w.org\/{rel}","templated":true}]}}