{"id":20787,"date":"2025-08-25T11:50:06","date_gmt":"2025-08-25T11:50:06","guid":{"rendered":"https:\/\/kamza.instant.al\/?page_id=20787"},"modified":"2025-11-06T14:09:33","modified_gmt":"2025-11-06T13:09:33","slug":"drejtoria-e-medias-dhe-informimit","status":"publish","type":"page","link":"https:\/\/kamza.gov.al\/en\/bashkia\/administrata\/drejtorite\/drejtoria-e-medias-dhe-informimit\/","title":{"rendered":"Media and Information Directorate"},"content":{"rendered":"<div data-elementor-type=\"wp-page\" data-elementor-id=\"20787\" class=\"elementor elementor-20787\" data-elementor-post-type=\"page\">\n\t\t\t\t<div class=\"elementor-element elementor-element-cdfa550 e-flex e-con-boxed e-con e-parent\" data-id=\"cdfa550\" data-element_type=\"container\" data-settings=\"{&quot;background_background&quot;:&quot;classic&quot;}\">\n\t\t\t\t\t<div class=\"e-con-inner\">\n\t\t\t\t<div class=\"elementor-element elementor-element-22b9e10 elementor-widget elementor-widget-text-editor\" data-id=\"22b9e10\" data-element_type=\"widget\" data-widget_type=\"text-editor.default\">\n\t\t\t\t\t\t\t\t\t<p>media@kamza.gov.al<\/p>\t\t\t\t\t\t\t\t<\/div>\n\t\t\t\t\t<\/div>\n\t\t\t\t<\/div>\n\t\t<div class=\"elementor-element elementor-element-0426d62 e-flex e-con-boxed e-con e-parent\" data-id=\"0426d62\" data-element_type=\"container\">\n\t\t\t\t\t<div class=\"e-con-inner\">\n\t\t<div class=\"elementor-element elementor-element-ec94742 e-con-full e-flex e-con e-child\" data-id=\"ec94742\" data-element_type=\"container\" data-settings=\"{&quot;background_background&quot;:&quot;classic&quot;}\">\n\t\t\t\t<div class=\"elementor-element elementor-element-3be0e9a elementor-widget elementor-widget-heading\" data-id=\"3be0e9a\" data-element_type=\"widget\" data-widget_type=\"heading.default\">\n\t\t\t\t\t<h2 class=\"elementor-heading-title elementor-size-default\">Request for information<\/h2>\t\t\t\t<\/div>\n\t\t\t\t<div class=\"elementor-element elementor-element-65a25d6 elementor-widget elementor-widget-text-editor\" data-id=\"65a25d6\" data-element_type=\"widget\" data-widget_type=\"text-editor.default\">\n\t\t\t\t\t\t\t\t\t<p class=\"translation-block\"><strong>Purpose of the form:<\/strong> Pursuant to Law No. 119\/2014 \u201cOn the right to information\u201d, every person has the right to access public information, without being obliged to provide explanations on the reasons. He\/she completes his\/her request in writing according to the form and can submit it in person, by post or via e-mail, correctly presenting the identity of the applicant and his\/her signature.<br><strong>Mandatory accompanying document:<\/strong> Photocopy of the applicant's identity card.<\/p>\t\t\t\t\t\t\t\t<\/div>\n\t\t\t\t<div class=\"elementor-element elementor-element-58d5ba0 elementor-align-right elementor-widget elementor-widget-button\" data-id=\"58d5ba0\" data-element_type=\"widget\" data-widget_type=\"button.default\">\n\t\t\t\t\t\t\t\t\t\t<a class=\"elementor-button elementor-button-link elementor-size-sm\" href=\"https:\/\/kamza.gov.al\/wp-content\/uploads\/2025\/09\/Formular-i-kerkeses-per-informacion.pdf\" target=\"_blank\">\n\t\t\t\t\t\t<span class=\"elementor-button-content-wrapper\">\n\t\t\t\t\t\t\t\t\t<span class=\"elementor-button-text\">Shiko formularin<\/span>\n\t\t\t\t\t<\/span>\n\t\t\t\t\t<\/a>\n\t\t\t\t\t\t\t\t<\/div>\n\t\t\t\t<\/div>\n\t\t\t\t\t<\/div>\n\t\t\t\t<\/div>\n\t\t\t\t<\/div>","protected":false},"excerpt":{"rendered":"<p>media@kamza.gov.al K\u00ebrkes\u00eb p\u00ebr informacion Q\u00ebllimi i formularit: N\u00eb baz\u00eb t\u00eb Ligjit nr. 119\/2014 \u201cP\u00ebr t\u00eb drejt\u00ebn e informimit\u201d, \u00e7do person g\u00ebzon t\u00eb drejt\u00ebn e njohjes me informacionin publik, pa qen\u00eb i detyruar t\u00eb jap\u00eb shpjegime mbi arsyet. Ai plot\u00ebson me shkrim k\u00ebrkes\u00ebn e tij sipas formularit dhe mund e dor\u00ebzon at\u00eb personalisht, me post\u00eb ose [&hellip;]<\/p>","protected":false},"author":1,"featured_media":0,"parent":20130,"menu_order":0,"comment_status":"closed","ping_status":"closed","template":"","meta":{"_acf_changed":false,"footnotes":""},"class_list":["post-20787","page","type-page","status-publish","hentry"],"acf":[],"_links":{"self":[{"href":"https:\/\/kamza.gov.al\/en\/wp-json\/wp\/v2\/pages\/20787","targetHints":{"allow":["GET"]}}],"collection":[{"href":"https:\/\/kamza.gov.al\/en\/wp-json\/wp\/v2\/pages"}],"about":[{"href":"https:\/\/kamza.gov.al\/en\/wp-json\/wp\/v2\/types\/page"}],"author":[{"embeddable":true,"href":"https:\/\/kamza.gov.al\/en\/wp-json\/wp\/v2\/users\/1"}],"replies":[{"embeddable":true,"href":"https:\/\/kamza.gov.al\/en\/wp-json\/wp\/v2\/comments?post=20787"}],"version-history":[{"count":11,"href":"https:\/\/kamza.gov.al\/en\/wp-json\/wp\/v2\/pages\/20787\/revisions"}],"predecessor-version":[{"id":24445,"href":"https:\/\/kamza.gov.al\/en\/wp-json\/wp\/v2\/pages\/20787\/revisions\/24445"}],"up":[{"embeddable":true,"href":"https:\/\/kamza.gov.al\/en\/wp-json\/wp\/v2\/pages\/20130"}],"wp:attachment":[{"href":"https:\/\/kamza.gov.al\/en\/wp-json\/wp\/v2\/media?parent=20787"}],"curies":[{"name":"wp","href":"https:\/\/api.w.org\/{rel}","templated":true}]}}