{"id":20780,"date":"2025-08-25T11:48:17","date_gmt":"2025-08-25T11:48:17","guid":{"rendered":"https:\/\/kamza.instant.al\/?page_id=20780"},"modified":"2026-02-11T11:45:47","modified_gmt":"2026-02-11T10:45:47","slug":"drejtoria-e-kadastres","status":"publish","type":"page","link":"https:\/\/kamza.gov.al\/en\/bashkia\/administrata\/drejtorite\/drejtoria-e-kadastres\/","title":{"rendered":"Cadastre Directorate"},"content":{"rendered":"<div data-elementor-type=\"wp-page\" data-elementor-id=\"20780\" class=\"elementor elementor-20780\" data-elementor-post-type=\"page\">\n\t\t\t\t<div class=\"elementor-element elementor-element-0de0dff e-flex e-con-boxed e-con e-parent\" data-id=\"0de0dff\" data-element_type=\"container\" data-settings=\"{&quot;background_background&quot;:&quot;classic&quot;}\">\n\t\t\t\t\t<div class=\"e-con-inner\">\n\t\t\t\t<div class=\"elementor-element elementor-element-ec28419 elementor-widget elementor-widget-text-editor\" data-id=\"ec28419\" data-element_type=\"widget\" data-widget_type=\"text-editor.default\">\n\t\t\t\t\t\t\t\t\t<p>dr.kadaster@kamza.gov.al<\/p>\t\t\t\t\t\t\t\t<\/div>\n\t\t\t\t\t<\/div>\n\t\t\t\t<\/div>\n\t\t<div class=\"elementor-element elementor-element-2cf15fc e-flex e-con-boxed e-con e-parent\" data-id=\"2cf15fc\" data-element_type=\"container\">\n\t\t\t\t\t<div class=\"e-con-inner\">\n\t\t<div class=\"elementor-element elementor-element-e8160e0 e-con-full e-flex e-con e-child\" data-id=\"e8160e0\" data-element_type=\"container\">\n\t\t\t\t<div class=\"elementor-element elementor-element-83429b7 elementor-widget elementor-widget-heading\" data-id=\"83429b7\" data-element_type=\"widget\" data-widget_type=\"heading.default\">\n\t\t\t\t\t<h2 class=\"elementor-heading-title elementor-size-default\">Request<\/h2>\t\t\t\t<\/div>\n\t\t\t\t<div class=\"elementor-element elementor-element-54f7564 elementor-widget elementor-widget-text-editor\" data-id=\"54f7564\" data-element_type=\"widget\" data-widget_type=\"text-editor.default\">\n\t\t\t\t\t\t\t\t\t<p class=\"translation-block\"><strong>Purpose of the form<\/strong> \u2013 Application by citizens for the following certificates<br>Certificate on payment of agricultural land tax obligations<br>Certificate on whether or not land is treated according to Law No. 7501 \u201cOn Land\u201d<br>Certificate on family composition dated 01.10.1992<br>Sale certificate<\/p><p class=\"translation-block\"><br><strong>Documents that need to be attached to the form<\/strong><br>Photocopy of the identification document (for all types of certificates)<br>Ownership document (for confirmation of payment of agricultural land tax)<br>Payment mandate for the payment of the relevant obligation (for confirmation of payment of agricultural land tax)<br>Certificate with family composition dated 01.10.1992 (for confirmation that the citizen has been treated with agricultural land and certificate for family composition dated 01.10.1992)<br>Family certificate with date of settlement (for confirmation that the citizen has not been treated with land)<br>Updated property card, of the last three months (for confirmation of sale)<br>Payment mandate for the sales fee (for confirmation of sale)<br>Certificate from the unit that is the same person, in cases of problems with it data (name\/paternity\/surname)<\/p>\t\t\t\t\t\t\t\t<\/div>\n\t\t\t\t<div class=\"elementor-element elementor-element-90beee2 elementor-align-left elementor-widget elementor-widget-button\" data-id=\"90beee2\" data-element_type=\"widget\" data-widget_type=\"button.default\">\n\t\t\t\t\t\t\t\t\t\t<a class=\"elementor-button elementor-button-link elementor-size-sm\" href=\"https:\/\/kamza.gov.al\/wp-content\/uploads\/2025\/09\/Formulari-i-kerkeses.pdf\" target=\"_blank\">\n\t\t\t\t\t\t<span class=\"elementor-button-content-wrapper\">\n\t\t\t\t\t\t\t\t\t<span class=\"elementor-button-text\">Shiko formularin<\/span>\n\t\t\t\t\t<\/span>\n\t\t\t\t\t<\/a>\n\t\t\t\t\t\t\t\t<\/div>\n\t\t\t\t<\/div>\n\t\t<div class=\"elementor-element elementor-element-85e92de e-con-full e-flex e-con e-child\" data-id=\"85e92de\" data-element_type=\"container\">\n\t\t\t\t<div class=\"elementor-element elementor-element-81a37c5 elementor-widget elementor-widget-heading\" data-id=\"81a37c5\" data-element_type=\"widget\" data-widget_type=\"heading.default\">\n\t\t\t\t\t<p class=\"elementor-heading-title elementor-size-default\">Announcements<\/p>\t\t\t\t<\/div>\n\t\t\t\t<div class=\"elementor-element elementor-element-6647a53 elementor-widget elementor-widget-global elementor-global-96 elementor-widget-html\" data-id=\"6647a53\" data-element_type=\"widget\" data-widget_type=\"html.default\">\n\t\t\t\t\t<style>\r\n    .divider-left-highlight {\r\n      height: 4px;\r\n      width: 80px;\r\n      background: linear-gradient(to right, #cd2027 15%, transparent 100%);\r\n\r\n    }\r\n  <\/style>\r\n  <div class=\"divider-left-highlight\"><\/div>\r\n\r\n\t\t\t\t<\/div>\n\t\t\t\t<div class=\"elementor-element elementor-element-179b9d6 elementor-widget elementor-widget-price-list\" data-id=\"179b9d6\" data-element_type=\"widget\" data-widget_type=\"price-list.default\">\n\t\t\t\t\t\r\n\t\t<ul class=\"elementor-price-list\">\r\n\r\n\t\t\t\t\t\t\t\t\t<li><a class=\"elementor-price-list-item\" href=\"https:\/\/kamza.gov.al\/wp-content\/uploads\/2026\/02\/Plani-i-Mbareshtimit.pdf\">\t\t\t\t\r\n\t\t\t\t<div class=\"elementor-price-list-text\">\r\n\t\t\t\t\t\t\t\t\t<div class=\"elementor-price-list-header\">\r\n\t\t\t\t\t\t\t\t\t\t\t<span class=\"elementor-price-list-title\">\r\n\t\t\t\t\t\t\tPlani i Mbareshtimit\t\t\t\t\t\t<\/span>\r\n\t\t\t\t\t\t\t\t\t\t\t\t\t\t\t\t\t\t\t\t\t\t\t\t<span class=\"elementor-price-list-price\">Shiko<\/span>\r\n\t\t\t\t\t\t\t\t\t\t<\/div>\r\n\t\t\t\t\t\t\t\t\t\t\t\t<\/div>\r\n\t\t\t\t<\/a><\/li>\t\t\t\t\t\r\n\t\t<\/ul>\r\n\r\n\t\t\t\t\t\t<\/div>\n\t\t\t\t<\/div>\n\t\t\t\t\t<\/div>\n\t\t\t\t<\/div>\n\t\t\t\t<\/div>","protected":false},"excerpt":{"rendered":"<p>dr.kadaster@kamza.gov.al K\u00ebrkes\u00eb Q\u00ebllimi i formularit &#8211; Aplikimi nga ana e qytetar\u00ebve p\u00ebr v\u00ebrtetimet e m\u00ebposhtmeV\u00ebrtetim mbi shlyerjene detyrimeve t\u00eb taks\u00ebs s\u00eb tok\u00ebs bujq\u00ebsoreV\u00ebrtetim p\u00ebr trajtimin ose jo me tok\u00eb sipas ligjit nr.7501 &#8220;P\u00ebr tok\u00ebn&#8221;V\u00ebrtetim mbi p\u00ebrb\u00ebrjen familjare t\u00eb dat\u00ebs 01.10.1992V\u00ebrtetim shitje Dokumentet q\u00eb nevojiten t&#8217;i bashk\u00eblidhen formularitFotokopje e dokumentit t\u00eb identifikimit (p\u00ebr t\u00eb gjitha llojet [&hellip;]<\/p>","protected":false},"author":1,"featured_media":0,"parent":20130,"menu_order":0,"comment_status":"closed","ping_status":"closed","template":"","meta":{"_acf_changed":false,"footnotes":""},"class_list":["post-20780","page","type-page","status-publish","hentry"],"acf":[],"_links":{"self":[{"href":"https:\/\/kamza.gov.al\/en\/wp-json\/wp\/v2\/pages\/20780","targetHints":{"allow":["GET"]}}],"collection":[{"href":"https:\/\/kamza.gov.al\/en\/wp-json\/wp\/v2\/pages"}],"about":[{"href":"https:\/\/kamza.gov.al\/en\/wp-json\/wp\/v2\/types\/page"}],"author":[{"embeddable":true,"href":"https:\/\/kamza.gov.al\/en\/wp-json\/wp\/v2\/users\/1"}],"replies":[{"embeddable":true,"href":"https:\/\/kamza.gov.al\/en\/wp-json\/wp\/v2\/comments?post=20780"}],"version-history":[{"count":20,"href":"https:\/\/kamza.gov.al\/en\/wp-json\/wp\/v2\/pages\/20780\/revisions"}],"predecessor-version":[{"id":26711,"href":"https:\/\/kamza.gov.al\/en\/wp-json\/wp\/v2\/pages\/20780\/revisions\/26711"}],"up":[{"embeddable":true,"href":"https:\/\/kamza.gov.al\/en\/wp-json\/wp\/v2\/pages\/20130"}],"wp:attachment":[{"href":"https:\/\/kamza.gov.al\/en\/wp-json\/wp\/v2\/media?parent=20780"}],"curies":[{"name":"wp","href":"https:\/\/api.w.org\/{rel}","templated":true}]}}