{"id":20425,"date":"2025-08-21T14:15:28","date_gmt":"2025-08-21T14:15:28","guid":{"rendered":"https:\/\/kamza.instant.al\/?page_id=20425"},"modified":"2025-09-19T11:06:18","modified_gmt":"2025-09-19T09:06:18","slug":"numrat-e-emergjences","status":"publish","type":"page","link":"https:\/\/kamza.gov.al\/en\/informimi-i-publikut\/informacione-te-pergjithshme\/numrat-e-emergjences\/","title":{"rendered":"Emergency Numbers"},"content":{"rendered":"<div data-elementor-type=\"wp-page\" data-elementor-id=\"20425\" class=\"elementor elementor-20425\" data-elementor-post-type=\"page\">\n\t\t\t\t<div class=\"elementor-element elementor-element-905c72f e-con-full e-flex e-con e-parent\" data-id=\"905c72f\" data-element_type=\"container\">\n\t\t\t\t<div class=\"elementor-element elementor-element-52f2333 elementor-widget elementor-widget-template\" data-id=\"52f2333\" data-element_type=\"widget\" data-widget_type=\"template.default\">\n\t\t\t\t<div class=\"elementor-widget-container\">\n\t\t\t\t\t\t\t<div class=\"elementor-template\">\r\n\t\t\t\t\t<div data-elementor-type=\"container\" data-elementor-id=\"20550\" class=\"elementor elementor-20550\" data-elementor-post-type=\"elementor_library\">\n\t\t\t\t<div class=\"elementor-element elementor-element-190c0c50 e-flex e-con-boxed e-con e-parent\" data-id=\"190c0c50\" data-element_type=\"container\" data-settings=\"{&quot;background_background&quot;:&quot;classic&quot;}\">\n\t\t\t\t\t<div class=\"e-con-inner\">\n\t\t\t\t<div class=\"elementor-element elementor-element-751afb5d elementor-widget elementor-widget-heading\" data-id=\"751afb5d\" data-element_type=\"widget\" data-widget_type=\"heading.default\">\n\t\t\t\t\t<h1 class=\"elementor-heading-title elementor-size-default\">Emergency Numbers<\/h1>\t\t\t\t<\/div>\n\t\t\t\t\t<\/div>\n\t\t\t\t<\/div>\n\t\t\t\t<\/div>\n\t\t\t\t<\/div>\r\n\t\t\t\t\t\t<\/div>\n\t\t\t\t<\/div>\n\t\t\t\t<\/div>\n\t\t<div class=\"elementor-element elementor-element-1c26e2a e-flex e-con-boxed e-con e-parent\" data-id=\"1c26e2a\" data-element_type=\"container\">\n\t\t\t\t\t<div class=\"e-con-inner\">\n\t\t<div class=\"elementor-element elementor-element-a40e069 e-con-full e-flex e-con e-child\" data-id=\"a40e069\" data-element_type=\"container\">\n\t\t\t\t<div class=\"elementor-element elementor-element-f623c72 elementor-widget elementor-widget-heading\" data-id=\"f623c72\" data-element_type=\"widget\" data-widget_type=\"heading.default\">\n\t\t\t\t\t<h5 class=\"elementor-heading-title elementor-size-default\">Fire Department:<\/h5>\t\t\t\t<\/div>\n\t\t\t\t<div class=\"elementor-element elementor-element-6aa3eb9 elementor-widget elementor-widget-text-editor\" data-id=\"6aa3eb9\" data-element_type=\"widget\" data-widget_type=\"text-editor.default\">\n\t\t\t\t\t\t\t\t\t<p>128<\/p>\t\t\t\t\t\t\t\t<\/div>\n\t\t\t\t<\/div>\n\t\t<div class=\"elementor-element elementor-element-2214c33 e-con-full e-flex e-con e-child\" data-id=\"2214c33\" data-element_type=\"container\">\n\t\t\t\t<div class=\"elementor-element elementor-element-3b76ba6 elementor-widget elementor-widget-heading\" data-id=\"3b76ba6\" data-element_type=\"widget\" data-widget_type=\"heading.default\">\n\t\t\t\t\t<h5 class=\"elementor-heading-title elementor-size-default\">Commissariat No. 5. Kamza:<\/h5>\t\t\t\t<\/div>\n\t\t\t\t<div class=\"elementor-element elementor-element-02cd5e9 elementor-widget elementor-widget-text-editor\" data-id=\"02cd5e9\" data-element_type=\"widget\" data-widget_type=\"text-editor.default\">\n\t\t\t\t\t\t\t\t\t<p>129, 200, 182<\/p>\t\t\t\t\t\t\t\t<\/div>\n\t\t\t\t<\/div>\n\t\t<div class=\"elementor-element elementor-element-8aed681 e-con-full e-flex e-con e-child\" data-id=\"8aed681\" data-element_type=\"container\">\n\t\t\t\t<div class=\"elementor-element elementor-element-2b153fc elementor-widget elementor-widget-heading\" data-id=\"2b153fc\" data-element_type=\"widget\" data-widget_type=\"heading.default\">\n\t\t\t\t\t<h5 class=\"elementor-heading-title elementor-size-default\">Kamza Health Center:<\/h5>\t\t\t\t<\/div>\n\t\t\t\t<div class=\"elementor-element elementor-element-9576ff2 elementor-widget elementor-widget-text-editor\" data-id=\"9576ff2\" data-element_type=\"widget\" data-widget_type=\"text-editor.default\">\n\t\t\t\t\t\t\t\t\t<p>200, 237<\/p>\t\t\t\t\t\t\t\t<\/div>\n\t\t\t\t<\/div>\n\t\t<div class=\"elementor-element elementor-element-2db2db0 e-con-full e-flex e-con e-child\" data-id=\"2db2db0\" data-element_type=\"container\">\n\t\t\t\t<div class=\"elementor-element elementor-element-596e82f elementor-widget elementor-widget-heading\" data-id=\"596e82f\" data-element_type=\"widget\" data-widget_type=\"heading.default\">\n\t\t\t\t\t<h5 class=\"elementor-heading-title elementor-size-default\">Military Hospital:<\/h5>\t\t\t\t<\/div>\n\t\t\t\t<div class=\"elementor-element elementor-element-5838d8d elementor-widget elementor-widget-text-editor\" data-id=\"5838d8d\" data-element_type=\"widget\" data-widget_type=\"text-editor.default\">\n\t\t\t\t\t\t\t\t\t<p>0694100077<\/p>\t\t\t\t\t\t\t\t<\/div>\n\t\t\t\t<\/div>\n\t\t\t\t\t<\/div>\n\t\t\t\t<\/div>\n\t\t\t\t<\/div>","protected":false},"excerpt":{"rendered":"<p>Zjarrfik\u00ebsja: 128 Komisariati Nr. 5. Kam\u00ebz: 129, 200, 182 Qendra Sh\u00ebndet\u00ebsore Kam\u00ebz: 200, 237 Spitali Ushtarak: 0694100077<\/p>","protected":false},"author":1,"featured_media":0,"parent":20889,"menu_order":0,"comment_status":"closed","ping_status":"closed","template":"","meta":{"_acf_changed":false,"footnotes":""},"class_list":["post-20425","page","type-page","status-publish","hentry"],"acf":[],"_links":{"self":[{"href":"https:\/\/kamza.gov.al\/en\/wp-json\/wp\/v2\/pages\/20425","targetHints":{"allow":["GET"]}}],"collection":[{"href":"https:\/\/kamza.gov.al\/en\/wp-json\/wp\/v2\/pages"}],"about":[{"href":"https:\/\/kamza.gov.al\/en\/wp-json\/wp\/v2\/types\/page"}],"author":[{"embeddable":true,"href":"https:\/\/kamza.gov.al\/en\/wp-json\/wp\/v2\/users\/1"}],"replies":[{"embeddable":true,"href":"https:\/\/kamza.gov.al\/en\/wp-json\/wp\/v2\/comments?post=20425"}],"version-history":[{"count":8,"href":"https:\/\/kamza.gov.al\/en\/wp-json\/wp\/v2\/pages\/20425\/revisions"}],"predecessor-version":[{"id":22825,"href":"https:\/\/kamza.gov.al\/en\/wp-json\/wp\/v2\/pages\/20425\/revisions\/22825"}],"up":[{"embeddable":true,"href":"https:\/\/kamza.gov.al\/en\/wp-json\/wp\/v2\/pages\/20889"}],"wp:attachment":[{"href":"https:\/\/kamza.gov.al\/en\/wp-json\/wp\/v2\/media?parent=20425"}],"curies":[{"name":"wp","href":"https:\/\/api.w.org\/{rel}","templated":true}]}}