{"id":20420,"date":"2025-08-21T14:14:13","date_gmt":"2025-08-21T14:14:13","guid":{"rendered":"https:\/\/kamza.instant.al\/?page_id=20420"},"modified":"2026-01-15T16:15:27","modified_gmt":"2026-01-15T15:15:27","slug":"arti-dhe-kultura","status":"publish","type":"page","link":"https:\/\/kamza.gov.al\/en\/informimi-i-publikut\/informacione-te-pergjithshme\/arti-dhe-kultura\/","title":{"rendered":"Arts and Culture"},"content":{"rendered":"<div data-elementor-type=\"wp-page\" data-elementor-id=\"20420\" class=\"elementor elementor-20420\" data-elementor-post-type=\"page\">\n\t\t\t\t<div class=\"elementor-element elementor-element-7396993 e-con-full e-flex e-con e-parent\" data-id=\"7396993\" data-element_type=\"container\">\n\t\t\t\t<div class=\"elementor-element elementor-element-e005aa4 elementor-widget elementor-widget-template\" data-id=\"e005aa4\" data-element_type=\"widget\" data-widget_type=\"template.default\">\n\t\t\t\t<div class=\"elementor-widget-container\">\n\t\t\t\t\t\t\t<div class=\"elementor-template\">\r\n\t\t\t\t\t<div data-elementor-type=\"container\" data-elementor-id=\"20550\" class=\"elementor elementor-20550\" data-elementor-post-type=\"elementor_library\">\n\t\t\t\t<div class=\"elementor-element elementor-element-190c0c50 e-flex e-con-boxed e-con e-parent\" data-id=\"190c0c50\" data-element_type=\"container\" data-settings=\"{&quot;background_background&quot;:&quot;classic&quot;}\">\n\t\t\t\t\t<div class=\"e-con-inner\">\n\t\t\t\t<div class=\"elementor-element elementor-element-751afb5d elementor-widget elementor-widget-heading\" data-id=\"751afb5d\" data-element_type=\"widget\" data-widget_type=\"heading.default\">\n\t\t\t\t\t<h1 class=\"elementor-heading-title elementor-size-default\">Arts and Culture<\/h1>\t\t\t\t<\/div>\n\t\t\t\t\t<\/div>\n\t\t\t\t<\/div>\n\t\t\t\t<\/div>\n\t\t\t\t<\/div>\r\n\t\t\t\t\t\t<\/div>\n\t\t\t\t<\/div>\n\t\t\t\t<\/div>\n\t\t<div class=\"elementor-element elementor-element-c280a7b e-flex e-con-boxed e-con e-parent\" data-id=\"c280a7b\" data-element_type=\"container\">\n\t\t\t\t\t<div class=\"e-con-inner\">\n\t\t<div class=\"elementor-element elementor-element-77d0073 e-con-full e-flex e-con e-child\" data-id=\"77d0073\" data-element_type=\"container\" data-settings=\"{&quot;background_background&quot;:&quot;classic&quot;}\">\n\t\t\t\t<div class=\"elementor-element elementor-element-5e28dfb elementor-widget elementor-widget-text-editor\" data-id=\"5e28dfb\" data-element_type=\"widget\" data-widget_type=\"text-editor.default\">\n\t\t\t\t\t\t\t\t\t<p>In Kam\u00ebz in 1953, the culture club was created to better respond to education and cultural development.<\/p><p>In 1955, the first artistic ensemble was created, which was enriched with a choir, vocal ensembles, a dance group, a theater group and a variety group. This ensemble developed a series of activities on a national scale and was honored with awards.<\/p><p>The growth of the population has also led to an increase in talents and a variety of cultures. The lack of a cultural center until now left much to be desired, but activities have been organized in cooperation with schools and other institutions, which are expected to become a tradition with the construction of the new cultural palace.<\/p><p>During 2008, it is worth remembering the activity organized with the schools of Bathore in cooperation with the Albanian National Olympic Committee on the occasion of the Olympic Games. Almost every year, the schools organize the activity with the theme \u201cOur national traditions and values\u201d. This event is organized in the form of a large exhibition with national costumes, traditional dishes, old ornaments, kitchen utensils, etc.<\/p><p>In 2009, for the first time, the 9-year and high schools of the Municipality of Kamza in collaboration with the spectacle-agency \u201cKarabashi\u201d were represented in the festival \u201cWe Challenge\u201d, competing with all the schools of the Tirana district and being awarded with very important prizes.<\/p><p>In May 2009, a group of artists from Kamza, with the financial support of the municipality, participated in the meeting of folklore groups, organized in Lezha.<\/p><p>The year 2010 had the largest number of activities organized in collaboration with schools and various NGOs operating in our municipality, among which can be mentioned: Carnival Festival, June 1st Festival, held in the city stadium, artistic speech competition, exhibition of young painters, \u201cThe Last Bell\u201d, graduation party, \u201cWe Challenge\u201d, etc.<\/p><p>Every year, for 4 consecutive years, the municipality has organized a party for distinguished students and orphaned students. Various activities have been held with organizations such as: UNDP, Albanian Caritas, World Vision, etc.<\/p>\t\t\t\t\t\t\t\t<\/div>\n\t\t\t\t<\/div>\n\t\t\t\t\t<\/div>\n\t\t\t\t<\/div>\n\t\t\t\t<\/div>","protected":false},"excerpt":{"rendered":"<p>N\u00eb Kam\u00ebz n\u00eb vitin 1953 u krijua klubi i kultur\u00ebs p\u00ebr t\u2019iu p\u00ebrgjigjur sa m\u00eb mir\u00eb edukimit dhe zhvillimit kulturor. N\u00eb vitin 1955 u krijua ansambli i par\u00eb artistik q\u00eb u pasurua me korin, komplekse vokale, grup valleje, grup teatror dhe grup estrade. Ky ansamb\u00ebl zhvillonte nj\u00eb s\u00ebr\u00eb aktivitetesh edhe n\u00eb shkall\u00eb vendi dhe \u00ebsht\u00eb [&hellip;]<\/p>","protected":false},"author":1,"featured_media":0,"parent":20889,"menu_order":0,"comment_status":"closed","ping_status":"closed","template":"","meta":{"_acf_changed":false,"footnotes":""},"class_list":["post-20420","page","type-page","status-publish","hentry"],"acf":[],"_links":{"self":[{"href":"https:\/\/kamza.gov.al\/en\/wp-json\/wp\/v2\/pages\/20420","targetHints":{"allow":["GET"]}}],"collection":[{"href":"https:\/\/kamza.gov.al\/en\/wp-json\/wp\/v2\/pages"}],"about":[{"href":"https:\/\/kamza.gov.al\/en\/wp-json\/wp\/v2\/types\/page"}],"author":[{"embeddable":true,"href":"https:\/\/kamza.gov.al\/en\/wp-json\/wp\/v2\/users\/1"}],"replies":[{"embeddable":true,"href":"https:\/\/kamza.gov.al\/en\/wp-json\/wp\/v2\/comments?post=20420"}],"version-history":[{"count":562,"href":"https:\/\/kamza.gov.al\/en\/wp-json\/wp\/v2\/pages\/20420\/revisions"}],"predecessor-version":[{"id":26433,"href":"https:\/\/kamza.gov.al\/en\/wp-json\/wp\/v2\/pages\/20420\/revisions\/26433"}],"up":[{"embeddable":true,"href":"https:\/\/kamza.gov.al\/en\/wp-json\/wp\/v2\/pages\/20889"}],"wp:attachment":[{"href":"https:\/\/kamza.gov.al\/en\/wp-json\/wp\/v2\/media?parent=20420"}],"curies":[{"name":"wp","href":"https:\/\/api.w.org\/{rel}","templated":true}]}}