{"id":20414,"date":"2025-08-21T14:13:04","date_gmt":"2025-08-21T14:13:04","guid":{"rendered":"https:\/\/kamza.instant.al\/?page_id=20414"},"modified":"2025-08-27T14:26:12","modified_gmt":"2025-08-27T12:26:12","slug":"lajme","status":"publish","type":"page","link":"https:\/\/kamza.gov.al\/en\/informimi-i-publikut\/informacione-te-pergjithshme\/lajme\/","title":{"rendered":"News"},"content":{"rendered":"<div data-elementor-type=\"wp-page\" data-elementor-id=\"20414\" class=\"elementor elementor-20414\" data-elementor-post-type=\"page\">\n\t\t\t\t<div class=\"elementor-element elementor-element-787027f e-con-full e-flex e-con e-parent\" data-id=\"787027f\" data-element_type=\"container\">\n\t\t\t\t<div class=\"elementor-element elementor-element-9d365a3 elementor-widget elementor-widget-template\" data-id=\"9d365a3\" data-element_type=\"widget\" data-widget_type=\"template.default\">\n\t\t\t\t<div class=\"elementor-widget-container\">\n\t\t\t\t\t\t\t<div class=\"elementor-template\">\r\n\t\t\t\t\t<div data-elementor-type=\"container\" data-elementor-id=\"20550\" class=\"elementor elementor-20550\" data-elementor-post-type=\"elementor_library\">\n\t\t\t\t<div class=\"elementor-element elementor-element-190c0c50 e-flex e-con-boxed e-con e-parent\" data-id=\"190c0c50\" data-element_type=\"container\" data-settings=\"{&quot;background_background&quot;:&quot;classic&quot;}\">\n\t\t\t\t\t<div class=\"e-con-inner\">\n\t\t\t\t<div class=\"elementor-element elementor-element-751afb5d elementor-widget elementor-widget-heading\" data-id=\"751afb5d\" data-element_type=\"widget\" data-widget_type=\"heading.default\">\n\t\t\t\t\t<h1 class=\"elementor-heading-title elementor-size-default\">News<\/h1>\t\t\t\t<\/div>\n\t\t\t\t\t<\/div>\n\t\t\t\t<\/div>\n\t\t\t\t<\/div>\n\t\t\t\t<\/div>\r\n\t\t\t\t\t\t<\/div>\n\t\t\t\t<\/div>\n\t\t\t\t<\/div>\n\t\t<div class=\"elementor-element elementor-element-cefb27b e-flex e-con-boxed e-con e-parent\" data-id=\"cefb27b\" data-element_type=\"container\">\n\t\t\t\t\t<div class=\"e-con-inner\">\n\t\t<div class=\"elementor-element elementor-element-19b77e4 e-con-full e-flex e-con e-child\" data-id=\"19b77e4\" data-element_type=\"container\">\n\t\t\t\t<div class=\"elementor-element elementor-element-05e807a elementor-grid-1 elementor-posts--thumbnail-left elementor-posts--align-left elementor-grid-tablet-2 elementor-grid-mobile-1 elementor-widget elementor-widget-posts\" data-id=\"05e807a\" data-element_type=\"widget\" data-settings=\"{&quot;classic_columns&quot;:&quot;1&quot;,&quot;classic_row_gap&quot;:{&quot;unit&quot;:&quot;px&quot;,&quot;size&quot;:30,&quot;sizes&quot;:[]},&quot;pagination_type&quot;:&quot;numbers&quot;,&quot;classic_columns_tablet&quot;:&quot;2&quot;,&quot;classic_columns_mobile&quot;:&quot;1&quot;,&quot;classic_row_gap_laptop&quot;:{&quot;unit&quot;:&quot;px&quot;,&quot;size&quot;:&quot;&quot;,&quot;sizes&quot;:[]},&quot;classic_row_gap_tablet&quot;:{&quot;unit&quot;:&quot;px&quot;,&quot;size&quot;:&quot;&quot;,&quot;sizes&quot;:[]},&quot;classic_row_gap_mobile&quot;:{&quot;unit&quot;:&quot;px&quot;,&quot;size&quot;:&quot;&quot;,&quot;sizes&quot;:[]}}\" data-widget_type=\"posts.classic\">\n\t\t\t\t<div class=\"elementor-widget-container\">\n\t\t\t\t\t\t\t<div class=\"elementor-posts-container elementor-posts elementor-posts--skin-classic elementor-grid\" role=\"list\">\r\n\t\t\t\t<article class=\"elementor-post elementor-grid-item post-27193 post type-post status-publish format-standard has-post-thumbnail hentry category-arkiva-e-lajmeve\" role=\"listitem\">\r\n\t\t\t\t<a class=\"elementor-post__thumbnail__link\" href=\"https:\/\/kamza.gov.al\/en\/raporti-javor-i-aktiviteteve-dhe-puneve-te-realizuara-nga-bashkia-kamez\/\" tabindex=\"-1\" >\r\n\t\t\t<div class=\"elementor-post__thumbnail\"><img fetchpriority=\"high\" decoding=\"async\" width=\"870\" height=\"484\" src=\"https:\/\/kamza.gov.al\/wp-content\/uploads\/2026\/04\/raporti-javor2.jpg\" class=\"attachment-full size-full wp-image-27195\" alt=\"\" srcset=\"https:\/\/kamza.gov.al\/wp-content\/uploads\/2026\/04\/raporti-javor2.jpg 870w, https:\/\/kamza.gov.al\/wp-content\/uploads\/2026\/04\/raporti-javor2-300x167.jpg 300w, https:\/\/kamza.gov.al\/wp-content\/uploads\/2026\/04\/raporti-javor2-768x427.jpg 768w, https:\/\/kamza.gov.al\/wp-content\/uploads\/2026\/04\/raporti-javor2-18x10.jpg 18w\" sizes=\"(max-width: 870px) 100vw, 870px\" \/><\/div>\r\n\t\t<\/a>\r\n\t\t\t\t<div class=\"elementor-post__text\">\r\n\t\t\t\t<h3 class=\"elementor-post__title\">\r\n\t\t\t<a href=\"https:\/\/kamza.gov.al\/en\/raporti-javor-i-aktiviteteve-dhe-puneve-te-realizuara-nga-bashkia-kamez\/\" >\r\n\t\t\t\tRaporti javor i aktiviteteve dhe pun\u00ebve t\u00eb realizuara nga Bashkia Kam\u00ebz\t\t\t<\/a>\r\n\t\t<\/h3>\r\n\t\t\t\t<div class=\"elementor-post__meta-data\">\r\n\t\t\t\t\t<span class=\"elementor-post-date\">\r\n\t\t\t20 April, 2026\t\t<\/span>\r\n\t\t\t\t<\/div>\r\n\t\t\r\n\t\t<a class=\"elementor-post__read-more\" href=\"https:\/\/kamza.gov.al\/en\/raporti-javor-i-aktiviteteve-dhe-puneve-te-realizuara-nga-bashkia-kamez\/\" aria-label=\"Read more about Raporti javor i aktiviteteve dhe pun\u00ebve t\u00eb realizuara nga Bashkia Kam\u00ebz\" tabindex=\"-1\" >\r\n\t\t\tLexo m\u00eb shum\u00eb \u00bb\t\t<\/a>\r\n\r\n\t\t\t\t<\/div>\r\n\t\t\t\t<\/article>\r\n\t\t\t\t<article class=\"elementor-post elementor-grid-item post-27187 post type-post status-publish format-standard has-post-thumbnail hentry category-arkiva-e-lajmeve category-kryesore\" role=\"listitem\">\r\n\t\t\t\t<a class=\"elementor-post__thumbnail__link\" href=\"https:\/\/kamza.gov.al\/en\/episodi-i-dyte-i-podcastit-zeri-kamzes\/\" tabindex=\"-1\" >\r\n\t\t\t<div class=\"elementor-post__thumbnail\"><img decoding=\"async\" width=\"1326\" height=\"714\" src=\"https:\/\/kamza.gov.al\/wp-content\/uploads\/2026\/04\/zeri-kamzes1.jpg\" class=\"attachment-full size-full wp-image-27189\" alt=\"\" srcset=\"https:\/\/kamza.gov.al\/wp-content\/uploads\/2026\/04\/zeri-kamzes1.jpg 1326w, https:\/\/kamza.gov.al\/wp-content\/uploads\/2026\/04\/zeri-kamzes1-300x162.jpg 300w, https:\/\/kamza.gov.al\/wp-content\/uploads\/2026\/04\/zeri-kamzes1-1024x551.jpg 1024w, https:\/\/kamza.gov.al\/wp-content\/uploads\/2026\/04\/zeri-kamzes1-768x414.jpg 768w, https:\/\/kamza.gov.al\/wp-content\/uploads\/2026\/04\/zeri-kamzes1-18x10.jpg 18w\" sizes=\"(max-width: 1326px) 100vw, 1326px\" \/><\/div>\r\n\t\t<\/a>\r\n\t\t\t\t<div class=\"elementor-post__text\">\r\n\t\t\t\t<h3 class=\"elementor-post__title\">\r\n\t\t\t<a href=\"https:\/\/kamza.gov.al\/en\/episodi-i-dyte-i-podcastit-zeri-kamzes\/\" >\r\n\t\t\t\tEpisodi i dyt\u00eb i podcastit \u201cZ\u00ebri Kamz\u00ebs\u201d\t\t\t<\/a>\r\n\t\t<\/h3>\r\n\t\t\t\t<div class=\"elementor-post__meta-data\">\r\n\t\t\t\t\t<span class=\"elementor-post-date\">\r\n\t\t\t19 April, 2026\t\t<\/span>\r\n\t\t\t\t<\/div>\r\n\t\t\r\n\t\t<a class=\"elementor-post__read-more\" href=\"https:\/\/kamza.gov.al\/en\/episodi-i-dyte-i-podcastit-zeri-kamzes\/\" aria-label=\"Read more about Episodi i dyt\u00eb i podcastit \u201cZ\u00ebri Kamz\u00ebs\u201d\" tabindex=\"-1\" >\r\n\t\t\tLexo m\u00eb shum\u00eb \u00bb\t\t<\/a>\r\n\r\n\t\t\t\t<\/div>\r\n\t\t\t\t<\/article>\r\n\t\t\t\t<article class=\"elementor-post elementor-grid-item post-27183 post type-post status-publish format-standard has-post-thumbnail hentry category-arkiva-e-lajmeve category-kryesore\" role=\"listitem\">\r\n\t\t\t\t<a class=\"elementor-post__thumbnail__link\" href=\"https:\/\/kamza.gov.al\/en\/dezinfektohen-te-gjitha-kopshtet-cerdhet-dhe-shkollat-per-ambiente-me-te-sigurta-per-femijet-dhe-stafin\/\" tabindex=\"-1\" >\r\n\t\t\t<div class=\"elementor-post__thumbnail\"><img decoding=\"async\" width=\"1536\" height=\"1024\" src=\"https:\/\/kamza.gov.al\/wp-content\/uploads\/2026\/04\/dezinfektim1.png\" class=\"attachment-full size-full wp-image-27185\" alt=\"\" srcset=\"https:\/\/kamza.gov.al\/wp-content\/uploads\/2026\/04\/dezinfektim1.png 1536w, https:\/\/kamza.gov.al\/wp-content\/uploads\/2026\/04\/dezinfektim1-300x200.png 300w, https:\/\/kamza.gov.al\/wp-content\/uploads\/2026\/04\/dezinfektim1-1024x683.png 1024w, https:\/\/kamza.gov.al\/wp-content\/uploads\/2026\/04\/dezinfektim1-768x512.png 768w, https:\/\/kamza.gov.al\/wp-content\/uploads\/2026\/04\/dezinfektim1-18x12.png 18w\" sizes=\"(max-width: 1536px) 100vw, 1536px\" \/><\/div>\r\n\t\t<\/a>\r\n\t\t\t\t<div class=\"elementor-post__text\">\r\n\t\t\t\t<h3 class=\"elementor-post__title\">\r\n\t\t\t<a href=\"https:\/\/kamza.gov.al\/en\/dezinfektohen-te-gjitha-kopshtet-cerdhet-dhe-shkollat-per-ambiente-me-te-sigurta-per-femijet-dhe-stafin\/\" >\r\n\t\t\t\tDezinfektohen t\u00eb gjitha kopshtet, \u00e7erdhet dhe shkollat p\u00ebr ambiente m\u00eb t\u00eb sigurta p\u00ebr f\u00ebmij\u00ebt dhe stafin\t\t\t<\/a>\r\n\t\t<\/h3>\r\n\t\t\t\t<div class=\"elementor-post__meta-data\">\r\n\t\t\t\t\t<span class=\"elementor-post-date\">\r\n\t\t\t18 April, 2026\t\t<\/span>\r\n\t\t\t\t<\/div>\r\n\t\t\r\n\t\t<a class=\"elementor-post__read-more\" href=\"https:\/\/kamza.gov.al\/en\/dezinfektohen-te-gjitha-kopshtet-cerdhet-dhe-shkollat-per-ambiente-me-te-sigurta-per-femijet-dhe-stafin\/\" aria-label=\"Read more about Dezinfektohen t\u00eb gjitha kopshtet, \u00e7erdhet dhe shkollat p\u00ebr ambiente m\u00eb t\u00eb sigurta p\u00ebr f\u00ebmij\u00ebt dhe stafin\" tabindex=\"-1\" >\r\n\t\t\tLexo m\u00eb shum\u00eb \u00bb\t\t<\/a>\r\n\r\n\t\t\t\t<\/div>\r\n\t\t\t\t<\/article>\r\n\t\t\t\t<article class=\"elementor-post elementor-grid-item post-27176 post type-post status-publish format-standard has-post-thumbnail hentry category-arkiva-e-lajmeve category-kryesore\" role=\"listitem\">\r\n\t\t\t\t<a class=\"elementor-post__thumbnail__link\" href=\"https:\/\/kamza.gov.al\/en\/ndermarrja-e-parqeve-dhe-rekreacionit-e-angazhuar-cdo-dite-per-mirembajtjen-e-hapesirave-te-gjelbra\/\" tabindex=\"-1\" >\r\n\t\t\t<div class=\"elementor-post__thumbnail\"><img loading=\"lazy\" decoding=\"async\" width=\"1536\" height=\"1024\" src=\"https:\/\/kamza.gov.al\/wp-content\/uploads\/2026\/04\/gjelberimii.png\" class=\"attachment-full size-full wp-image-27178\" alt=\"\" srcset=\"https:\/\/kamza.gov.al\/wp-content\/uploads\/2026\/04\/gjelberimii.png 1536w, https:\/\/kamza.gov.al\/wp-content\/uploads\/2026\/04\/gjelberimii-300x200.png 300w, https:\/\/kamza.gov.al\/wp-content\/uploads\/2026\/04\/gjelberimii-1024x683.png 1024w, https:\/\/kamza.gov.al\/wp-content\/uploads\/2026\/04\/gjelberimii-768x512.png 768w, https:\/\/kamza.gov.al\/wp-content\/uploads\/2026\/04\/gjelberimii-18x12.png 18w\" sizes=\"(max-width: 1536px) 100vw, 1536px\" \/><\/div>\r\n\t\t<\/a>\r\n\t\t\t\t<div class=\"elementor-post__text\">\r\n\t\t\t\t<h3 class=\"elementor-post__title\">\r\n\t\t\t<a href=\"https:\/\/kamza.gov.al\/en\/ndermarrja-e-parqeve-dhe-rekreacionit-e-angazhuar-cdo-dite-per-mirembajtjen-e-hapesirave-te-gjelbra\/\" >\r\n\t\t\t\tNd\u00ebrmarrja e Parqeve dhe Rekreacionit e angazhuar \u00e7do dit\u00eb p\u00ebr mir\u00ebmbajtjen e hap\u00ebsirave t\u00eb gjelbra\t\t\t<\/a>\r\n\t\t<\/h3>\r\n\t\t\t\t<div class=\"elementor-post__meta-data\">\r\n\t\t\t\t\t<span class=\"elementor-post-date\">\r\n\t\t\t17 April, 2026\t\t<\/span>\r\n\t\t\t\t<\/div>\r\n\t\t\r\n\t\t<a class=\"elementor-post__read-more\" href=\"https:\/\/kamza.gov.al\/en\/ndermarrja-e-parqeve-dhe-rekreacionit-e-angazhuar-cdo-dite-per-mirembajtjen-e-hapesirave-te-gjelbra\/\" aria-label=\"Read more about Nd\u00ebrmarrja e Parqeve dhe Rekreacionit e angazhuar \u00e7do dit\u00eb p\u00ebr mir\u00ebmbajtjen e hap\u00ebsirave t\u00eb gjelbra\" tabindex=\"-1\" >\r\n\t\t\tLexo m\u00eb shum\u00eb \u00bb\t\t<\/a>\r\n\r\n\t\t\t\t<\/div>\r\n\t\t\t\t<\/article>\r\n\t\t\t\t<article class=\"elementor-post elementor-grid-item post-27172 post type-post status-publish format-standard has-post-thumbnail hentry category-arkiva-e-lajmeve category-kryesore\" role=\"listitem\">\r\n\t\t\t\t<a class=\"elementor-post__thumbnail__link\" href=\"https:\/\/kamza.gov.al\/en\/kamza-mirepret-turneun-nderkombetar-af-triumph-cup-events-2026-me-80-ekipe-nga-rajoni-dhe-diaspora\/\" tabindex=\"-1\" >\r\n\t\t\t<div class=\"elementor-post__thumbnail\"><img loading=\"lazy\" decoding=\"async\" width=\"1280\" height=\"853\" src=\"https:\/\/kamza.gov.al\/wp-content\/uploads\/2026\/04\/Untitled.jpg\" class=\"attachment-full size-full wp-image-27174\" alt=\"\" srcset=\"https:\/\/kamza.gov.al\/wp-content\/uploads\/2026\/04\/Untitled.jpg 1280w, https:\/\/kamza.gov.al\/wp-content\/uploads\/2026\/04\/Untitled-300x200.jpg 300w, https:\/\/kamza.gov.al\/wp-content\/uploads\/2026\/04\/Untitled-1024x682.jpg 1024w, https:\/\/kamza.gov.al\/wp-content\/uploads\/2026\/04\/Untitled-768x512.jpg 768w, https:\/\/kamza.gov.al\/wp-content\/uploads\/2026\/04\/Untitled-18x12.jpg 18w\" sizes=\"(max-width: 1280px) 100vw, 1280px\" \/><\/div>\r\n\t\t<\/a>\r\n\t\t\t\t<div class=\"elementor-post__text\">\r\n\t\t\t\t<h3 class=\"elementor-post__title\">\r\n\t\t\t<a href=\"https:\/\/kamza.gov.al\/en\/kamza-mirepret-turneun-nderkombetar-af-triumph-cup-events-2026-me-80-ekipe-nga-rajoni-dhe-diaspora\/\" >\r\n\t\t\t\tKamza mir\u00ebpret turneun nd\u00ebrkomb\u00ebtar \u201cAF Triumph Cup Events 2026\u201d me 80 ekipe nga rajoni dhe diaspora\t\t\t<\/a>\r\n\t\t<\/h3>\r\n\t\t\t\t<div class=\"elementor-post__meta-data\">\r\n\t\t\t\t\t<span class=\"elementor-post-date\">\r\n\t\t\t16 April, 2026\t\t<\/span>\r\n\t\t\t\t<\/div>\r\n\t\t\r\n\t\t<a class=\"elementor-post__read-more\" href=\"https:\/\/kamza.gov.al\/en\/kamza-mirepret-turneun-nderkombetar-af-triumph-cup-events-2026-me-80-ekipe-nga-rajoni-dhe-diaspora\/\" aria-label=\"Read more about Kamza mir\u00ebpret turneun nd\u00ebrkomb\u00ebtar \u201cAF Triumph Cup Events 2026\u201d me 80 ekipe nga rajoni dhe diaspora\" tabindex=\"-1\" >\r\n\t\t\tLexo m\u00eb shum\u00eb \u00bb\t\t<\/a>\r\n\r\n\t\t\t\t<\/div>\r\n\t\t\t\t<\/article>\r\n\t\t\t\t<article class=\"elementor-post elementor-grid-item post-27165 post type-post status-publish format-standard has-post-thumbnail hentry category-arkiva-e-lajmeve category-kryesore\" role=\"listitem\">\r\n\t\t\t\t<a class=\"elementor-post__thumbnail__link\" href=\"https:\/\/kamza.gov.al\/en\/mirenjohje-per-punonjesit-e-pastrimit-per-kontributin-e-perditshem-ne-sherbim-te-komunitetit\/\" tabindex=\"-1\" >\r\n\t\t\t<div class=\"elementor-post__thumbnail\"><img loading=\"lazy\" decoding=\"async\" width=\"1280\" height=\"720\" src=\"https:\/\/kamza.gov.al\/wp-content\/uploads\/2026\/04\/pastrimi2.jpg\" class=\"attachment-full size-full wp-image-27166\" alt=\"\" srcset=\"https:\/\/kamza.gov.al\/wp-content\/uploads\/2026\/04\/pastrimi2.jpg 1280w, https:\/\/kamza.gov.al\/wp-content\/uploads\/2026\/04\/pastrimi2-300x169.jpg 300w, https:\/\/kamza.gov.al\/wp-content\/uploads\/2026\/04\/pastrimi2-1024x576.jpg 1024w, https:\/\/kamza.gov.al\/wp-content\/uploads\/2026\/04\/pastrimi2-768x432.jpg 768w, https:\/\/kamza.gov.al\/wp-content\/uploads\/2026\/04\/pastrimi2-18x10.jpg 18w\" sizes=\"(max-width: 1280px) 100vw, 1280px\" \/><\/div>\r\n\t\t<\/a>\r\n\t\t\t\t<div class=\"elementor-post__text\">\r\n\t\t\t\t<h3 class=\"elementor-post__title\">\r\n\t\t\t<a href=\"https:\/\/kamza.gov.al\/en\/mirenjohje-per-punonjesit-e-pastrimit-per-kontributin-e-perditshem-ne-sherbim-te-komunitetit\/\" >\r\n\t\t\t\tMir\u00ebnjohje p\u00ebr punonj\u00ebsit e pastrimit p\u00ebr kontributin e p\u00ebrditsh\u00ebm n\u00eb sh\u00ebrbim t\u00eb komunitetit\t\t\t<\/a>\r\n\t\t<\/h3>\r\n\t\t\t\t<div class=\"elementor-post__meta-data\">\r\n\t\t\t\t\t<span class=\"elementor-post-date\">\r\n\t\t\t16 April, 2026\t\t<\/span>\r\n\t\t\t\t<\/div>\r\n\t\t\r\n\t\t<a class=\"elementor-post__read-more\" href=\"https:\/\/kamza.gov.al\/en\/mirenjohje-per-punonjesit-e-pastrimit-per-kontributin-e-perditshem-ne-sherbim-te-komunitetit\/\" aria-label=\"Read more about Mir\u00ebnjohje p\u00ebr punonj\u00ebsit e pastrimit p\u00ebr kontributin e p\u00ebrditsh\u00ebm n\u00eb sh\u00ebrbim t\u00eb komunitetit\" tabindex=\"-1\" >\r\n\t\t\tLexo m\u00eb shum\u00eb \u00bb\t\t<\/a>\r\n\r\n\t\t\t\t<\/div>\r\n\t\t\t\t<\/article>\r\n\t\t\t\t<\/div>\r\n\t\t\r\n\t\t\t\t<div class=\"e-load-more-anchor\" data-page=\"1\" data-max-page=\"169\" data-next-page=\"https:\/\/kamza.gov.al\/en\/wp-json\/wp\/v2\/pages\/20414\/page\/2\/\"><\/div>\r\n\t\t\t\t<nav class=\"elementor-pagination\" aria-label=\"Pagination\">\r\n\t\t\t<span aria-current=\"page\" class=\"page-numbers current\"><span class=\"elementor-screen-only\">Page<\/span>1<\/span>\n<a class=\"page-numbers\" href=\"https:\/\/kamza.gov.al\/en\/wp-json\/wp\/v2\/pages\/20414\/page\/2\/\"><span class=\"elementor-screen-only\">Page<\/span>2<\/a>\n<a class=\"page-numbers\" href=\"https:\/\/kamza.gov.al\/en\/wp-json\/wp\/v2\/pages\/20414\/page\/3\/\"><span class=\"elementor-screen-only\">Page<\/span>3<\/a>\n<span class=\"page-numbers dots\">&hellip;<\/span>\n<a class=\"page-numbers\" href=\"https:\/\/kamza.gov.al\/en\/wp-json\/wp\/v2\/pages\/20414\/page\/169\/\"><span class=\"elementor-screen-only\">Page<\/span>169<\/a>\t\t<\/nav>\r\n\t\t\t\t\t\t<\/div>\n\t\t\t\t<\/div>\n\t\t\t\t<\/div>\n\t\t<div class=\"elementor-element elementor-element-36fe7c5 e-con-full e-flex e-con e-child\" data-id=\"36fe7c5\" data-element_type=\"container\">\n\t\t\t\t<div class=\"elementor-element elementor-element-2b0c0e3 elementor-widget elementor-widget-heading\" data-id=\"2b0c0e3\" data-element_type=\"widget\" data-widget_type=\"heading.default\">\n\t\t\t\t\t<h2 class=\"elementor-heading-title elementor-size-default\">Notices<\/h2>\t\t\t\t<\/div>\n\t\t\t\t<div class=\"elementor-element elementor-element-8e2c7f2 elementor-grid-1 elementor-posts--thumbnail-none elementor-grid-tablet-2 elementor-grid-mobile-1 elementor-widget elementor-widget-posts\" data-id=\"8e2c7f2\" data-element_type=\"widget\" data-settings=\"{&quot;classic_columns&quot;:&quot;1&quot;,&quot;classic_columns_tablet&quot;:&quot;2&quot;,&quot;classic_columns_mobile&quot;:&quot;1&quot;,&quot;classic_row_gap&quot;:{&quot;unit&quot;:&quot;px&quot;,&quot;size&quot;:35,&quot;sizes&quot;:[]},&quot;classic_row_gap_laptop&quot;:{&quot;unit&quot;:&quot;px&quot;,&quot;size&quot;:&quot;&quot;,&quot;sizes&quot;:[]},&quot;classic_row_gap_tablet&quot;:{&quot;unit&quot;:&quot;px&quot;,&quot;size&quot;:&quot;&quot;,&quot;sizes&quot;:[]},&quot;classic_row_gap_mobile&quot;:{&quot;unit&quot;:&quot;px&quot;,&quot;size&quot;:&quot;&quot;,&quot;sizes&quot;:[]}}\" data-widget_type=\"posts.classic\">\n\t\t\t\t<div class=\"elementor-widget-container\">\n\t\t\t\t\t\t\t<div class=\"elementor-posts-container elementor-posts elementor-posts--skin-classic elementor-grid\" role=\"list\">\r\n\t\t\t\t<article class=\"elementor-post elementor-grid-item post-27193 post type-post status-publish format-standard has-post-thumbnail hentry category-arkiva-e-lajmeve\" role=\"listitem\">\r\n\t\t\t\t<div class=\"elementor-post__text\">\r\n\t\t\t\t<h3 class=\"elementor-post__title\">\r\n\t\t\t<a href=\"https:\/\/kamza.gov.al\/en\/raporti-javor-i-aktiviteteve-dhe-puneve-te-realizuara-nga-bashkia-kamez\/\" >\r\n\t\t\t\tRaporti javor i aktiviteteve dhe pun\u00ebve t\u00eb realizuara nga Bashkia Kam\u00ebz\t\t\t<\/a>\r\n\t\t<\/h3>\r\n\t\t\t\t<div class=\"elementor-post__meta-data\">\r\n\t\t\t\t\t<span class=\"elementor-post-date\">\r\n\t\t\t20 April, 2026\t\t<\/span>\r\n\t\t\t\t<\/div>\r\n\t\t\t\t<\/div>\r\n\t\t\t\t<\/article>\r\n\t\t\t\t<article class=\"elementor-post elementor-grid-item post-27187 post type-post status-publish format-standard has-post-thumbnail hentry category-arkiva-e-lajmeve category-kryesore\" role=\"listitem\">\r\n\t\t\t\t<div class=\"elementor-post__text\">\r\n\t\t\t\t<h3 class=\"elementor-post__title\">\r\n\t\t\t<a href=\"https:\/\/kamza.gov.al\/en\/episodi-i-dyte-i-podcastit-zeri-kamzes\/\" >\r\n\t\t\t\tEpisodi i dyt\u00eb i podcastit \u201cZ\u00ebri Kamz\u00ebs\u201d\t\t\t<\/a>\r\n\t\t<\/h3>\r\n\t\t\t\t<div class=\"elementor-post__meta-data\">\r\n\t\t\t\t\t<span class=\"elementor-post-date\">\r\n\t\t\t19 April, 2026\t\t<\/span>\r\n\t\t\t\t<\/div>\r\n\t\t\t\t<\/div>\r\n\t\t\t\t<\/article>\r\n\t\t\t\t<article class=\"elementor-post elementor-grid-item post-27183 post type-post status-publish format-standard has-post-thumbnail hentry category-arkiva-e-lajmeve category-kryesore\" role=\"listitem\">\r\n\t\t\t\t<div class=\"elementor-post__text\">\r\n\t\t\t\t<h3 class=\"elementor-post__title\">\r\n\t\t\t<a href=\"https:\/\/kamza.gov.al\/en\/dezinfektohen-te-gjitha-kopshtet-cerdhet-dhe-shkollat-per-ambiente-me-te-sigurta-per-femijet-dhe-stafin\/\" >\r\n\t\t\t\tDezinfektohen t\u00eb gjitha kopshtet, \u00e7erdhet dhe shkollat p\u00ebr ambiente m\u00eb t\u00eb sigurta p\u00ebr f\u00ebmij\u00ebt dhe stafin\t\t\t<\/a>\r\n\t\t<\/h3>\r\n\t\t\t\t<div class=\"elementor-post__meta-data\">\r\n\t\t\t\t\t<span class=\"elementor-post-date\">\r\n\t\t\t18 April, 2026\t\t<\/span>\r\n\t\t\t\t<\/div>\r\n\t\t\t\t<\/div>\r\n\t\t\t\t<\/article>\r\n\t\t\t\t<article class=\"elementor-post elementor-grid-item post-27180 post type-post status-publish format-standard hentry category-mbledhjet-e-keshillit\" role=\"listitem\">\r\n\t\t\t\t<div class=\"elementor-post__text\">\r\n\t\t\t\t<h3 class=\"elementor-post__title\">\r\n\t\t\t<a href=\"https:\/\/kamza.gov.al\/en\/mbledhje-keshillit-bashkiak-date-23-04-2026\/\" >\r\n\t\t\t\tMbledhje K\u00ebshillit Bashkiak dat\u00eb 23.04.2026\t\t\t<\/a>\r\n\t\t<\/h3>\r\n\t\t\t\t<div class=\"elementor-post__meta-data\">\r\n\t\t\t\t\t<span class=\"elementor-post-date\">\r\n\t\t\t17 April, 2026\t\t<\/span>\r\n\t\t\t\t<\/div>\r\n\t\t\t\t<\/div>\r\n\t\t\t\t<\/article>\r\n\t\t\t\t<article class=\"elementor-post elementor-grid-item post-27176 post type-post status-publish format-standard has-post-thumbnail hentry category-arkiva-e-lajmeve category-kryesore\" role=\"listitem\">\r\n\t\t\t\t<div class=\"elementor-post__text\">\r\n\t\t\t\t<h3 class=\"elementor-post__title\">\r\n\t\t\t<a href=\"https:\/\/kamza.gov.al\/en\/ndermarrja-e-parqeve-dhe-rekreacionit-e-angazhuar-cdo-dite-per-mirembajtjen-e-hapesirave-te-gjelbra\/\" >\r\n\t\t\t\tNd\u00ebrmarrja e Parqeve dhe Rekreacionit e angazhuar \u00e7do dit\u00eb p\u00ebr mir\u00ebmbajtjen e hap\u00ebsirave t\u00eb gjelbra\t\t\t<\/a>\r\n\t\t<\/h3>\r\n\t\t\t\t<div class=\"elementor-post__meta-data\">\r\n\t\t\t\t\t<span class=\"elementor-post-date\">\r\n\t\t\t17 April, 2026\t\t<\/span>\r\n\t\t\t\t<\/div>\r\n\t\t\t\t<\/div>\r\n\t\t\t\t<\/article>\r\n\t\t\t\t<article class=\"elementor-post elementor-grid-item post-27172 post type-post status-publish format-standard has-post-thumbnail hentry category-arkiva-e-lajmeve category-kryesore\" role=\"listitem\">\r\n\t\t\t\t<div class=\"elementor-post__text\">\r\n\t\t\t\t<h3 class=\"elementor-post__title\">\r\n\t\t\t<a href=\"https:\/\/kamza.gov.al\/en\/kamza-mirepret-turneun-nderkombetar-af-triumph-cup-events-2026-me-80-ekipe-nga-rajoni-dhe-diaspora\/\" >\r\n\t\t\t\tKamza mir\u00ebpret turneun nd\u00ebrkomb\u00ebtar \u201cAF Triumph Cup Events 2026\u201d me 80 ekipe nga rajoni dhe diaspora\t\t\t<\/a>\r\n\t\t<\/h3>\r\n\t\t\t\t<div class=\"elementor-post__meta-data\">\r\n\t\t\t\t\t<span class=\"elementor-post-date\">\r\n\t\t\t16 April, 2026\t\t<\/span>\r\n\t\t\t\t<\/div>\r\n\t\t\t\t<\/div>\r\n\t\t\t\t<\/article>\r\n\t\t\t\t<\/div>\r\n\t\t\r\n\t\t\t\t\t\t<\/div>\n\t\t\t\t<\/div>\n\t\t\t\t<\/div>\n\t\t\t\t\t<\/div>\n\t\t\t\t<\/div>\n\t\t\t\t<\/div>","protected":false},"excerpt":{"rendered":"<p>Notices<\/p>","protected":false},"author":1,"featured_media":0,"parent":20889,"menu_order":0,"comment_status":"closed","ping_status":"closed","template":"","meta":{"_acf_changed":false,"footnotes":""},"class_list":["post-20414","page","type-page","status-publish","hentry"],"acf":[],"_links":{"self":[{"href":"https:\/\/kamza.gov.al\/en\/wp-json\/wp\/v2\/pages\/20414","targetHints":{"allow":["GET"]}}],"collection":[{"href":"https:\/\/kamza.gov.al\/en\/wp-json\/wp\/v2\/pages"}],"about":[{"href":"https:\/\/kamza.gov.al\/en\/wp-json\/wp\/v2\/types\/page"}],"author":[{"embeddable":true,"href":"https:\/\/kamza.gov.al\/en\/wp-json\/wp\/v2\/users\/1"}],"replies":[{"embeddable":true,"href":"https:\/\/kamza.gov.al\/en\/wp-json\/wp\/v2\/comments?post=20414"}],"version-history":[{"count":7,"href":"https:\/\/kamza.gov.al\/en\/wp-json\/wp\/v2\/pages\/20414\/revisions"}],"predecessor-version":[{"id":21082,"href":"https:\/\/kamza.gov.al\/en\/wp-json\/wp\/v2\/pages\/20414\/revisions\/21082"}],"up":[{"embeddable":true,"href":"https:\/\/kamza.gov.al\/en\/wp-json\/wp\/v2\/pages\/20889"}],"wp:attachment":[{"href":"https:\/\/kamza.gov.al\/en\/wp-json\/wp\/v2\/media?parent=20414"}],"curies":[{"name":"wp","href":"https:\/\/api.w.org\/{rel}","templated":true}]}}