{"id":20413,"date":"2025-08-21T14:12:55","date_gmt":"2025-08-21T14:12:55","guid":{"rendered":"https:\/\/kamza.instant.al\/?page_id=20413"},"modified":"2025-08-27T09:29:29","modified_gmt":"2025-08-27T07:29:29","slug":"100-vjetori-i-pavarsise","status":"publish","type":"page","link":"https:\/\/kamza.gov.al\/en\/informimi-i-publikut\/informacione-te-pergjithshme\/100-vjetori-i-pavarsise\/","title":{"rendered":"100th Anniversary of Independence"},"content":{"rendered":"<div data-elementor-type=\"wp-page\" data-elementor-id=\"20413\" class=\"elementor elementor-20413\" data-elementor-post-type=\"page\">\n\t\t\t\t<div class=\"elementor-element elementor-element-fa88432 e-con-full e-flex e-con e-parent\" data-id=\"fa88432\" data-element_type=\"container\">\n\t\t\t\t<div class=\"elementor-element elementor-element-7efcc4d elementor-widget elementor-widget-template\" data-id=\"7efcc4d\" data-element_type=\"widget\" data-widget_type=\"template.default\">\n\t\t\t\t<div class=\"elementor-widget-container\">\n\t\t\t\t\t\t\t<div class=\"elementor-template\">\r\n\t\t\t\t\t<div data-elementor-type=\"container\" data-elementor-id=\"20550\" class=\"elementor elementor-20550\" data-elementor-post-type=\"elementor_library\">\n\t\t\t\t<div class=\"elementor-element elementor-element-190c0c50 e-flex e-con-boxed e-con e-parent\" data-id=\"190c0c50\" data-element_type=\"container\" data-settings=\"{&quot;background_background&quot;:&quot;classic&quot;}\">\n\t\t\t\t\t<div class=\"e-con-inner\">\n\t\t\t\t<div class=\"elementor-element elementor-element-751afb5d elementor-widget elementor-widget-heading\" data-id=\"751afb5d\" data-element_type=\"widget\" data-widget_type=\"heading.default\">\n\t\t\t\t\t<h1 class=\"elementor-heading-title elementor-size-default\">100th Anniversary of Independence<\/h1>\t\t\t\t<\/div>\n\t\t\t\t\t<\/div>\n\t\t\t\t<\/div>\n\t\t\t\t<\/div>\n\t\t\t\t<\/div>\r\n\t\t\t\t\t\t<\/div>\n\t\t\t\t<\/div>\n\t\t\t\t<\/div>\n\t\t<div class=\"elementor-element elementor-element-396f673 e-flex e-con-boxed e-con e-parent\" data-id=\"396f673\" data-element_type=\"container\">\n\t\t\t\t\t<div class=\"e-con-inner\">\n\t\t<div class=\"elementor-element elementor-element-3ac2f00 e-con-full e-flex e-con e-child\" data-id=\"3ac2f00\" data-element_type=\"container\" data-settings=\"{&quot;background_background&quot;:&quot;classic&quot;}\">\n\t\t\t\t<div class=\"elementor-element elementor-element-ea7afbd elementor-widget elementor-widget-heading\" data-id=\"ea7afbd\" data-element_type=\"widget\" data-widget_type=\"heading.default\">\n\t\t\t\t\t<h2 class=\"elementor-heading-title elementor-size-default\">Kamza Municipality Activities Program for the 100th Anniversary of Independence<\/h2>\t\t\t\t<\/div>\n\t\t\t\t<div class=\"elementor-element elementor-element-78fe1f3 elementor-widget elementor-widget-n-accordion\" data-id=\"78fe1f3\" data-element_type=\"widget\" data-settings=\"{&quot;default_state&quot;:&quot;expanded&quot;,&quot;max_items_expended&quot;:&quot;one&quot;,&quot;n_accordion_animation_duration&quot;:{&quot;unit&quot;:&quot;ms&quot;,&quot;size&quot;:400,&quot;sizes&quot;:[]}}\" data-widget_type=\"nested-accordion.default\">\n\t\t\t\t\t\t\t<div class=\"e-n-accordion\" aria-label=\"Accordion. Open links with Enter or Space, close with Escape, and navigate with Arrow Keys\">\n\t\t\t\t\t\t<details id=\"e-n-accordion-item-1260\" class=\"e-n-accordion-item\" open>\n\t\t\t\t<summary class=\"e-n-accordion-item-title\" data-accordion-index=\"1\" tabindex=\"0\" aria-expanded=\"true\" aria-controls=\"e-n-accordion-item-1260\" >\n\t\t\t\t\t<span class='e-n-accordion-item-title-header'><div class=\"e-n-accordion-item-title-text\"> 1. Calendar of activities for 2012 <\/div><\/span>\n\t\t\t\t\t\t\t<span class='e-n-accordion-item-title-icon'>\n\t\t\t<span class='e-opened' ><svg aria-hidden=\"true\" class=\"e-font-icon-svg e-fas-minus\" viewbox=\"0 0 448 512\" xmlns=\"http:\/\/www.w3.org\/2000\/svg\"><path d=\"M416 208H32c-17.67 0-32 14.33-32 32v32c0 17.67 14.33 32 32 32h384c17.67 0 32-14.33 32-32v-32c0-17.67-14.33-32-32-32z\"><\/path><\/svg><\/span>\n\t\t\t<span class='e-closed'><svg aria-hidden=\"true\" class=\"e-font-icon-svg e-fas-plus\" viewbox=\"0 0 448 512\" xmlns=\"http:\/\/www.w3.org\/2000\/svg\"><path d=\"M416 208H272V64c0-17.67-14.33-32-32-32h-32c-17.67 0-32 14.33-32 32v144H32c-17.67 0-32 14.33-32 32v32c0 17.67 14.33 32 32 32h144v144c0 17.67 14.33 32 32 32h32c17.67 0 32-14.33 32-32V304h144c17.67 0 32-14.33 32-32v-32c0-17.67-14.33-32-32-32z\"><\/path><\/svg><\/span>\n\t\t<\/span>\n\n\t\t\t\t\t\t<\/summary>\n\t\t\t\t<div role=\"region\" aria-labelledby=\"e-n-accordion-item-1260\" class=\"elementor-element elementor-element-4aa0c36 e-con-full e-flex e-con e-child\" data-id=\"4aa0c36\" data-element_type=\"container\">\n\t\t<div role=\"region\" aria-labelledby=\"e-n-accordion-item-1260\" class=\"elementor-element elementor-element-00b2c49 e-flex e-con-boxed e-con e-child\" data-id=\"00b2c49\" data-element_type=\"container\">\n\t\t\t\t\t<div class=\"e-con-inner\">\n\t\t\t\t<div class=\"elementor-element elementor-element-cc06b72 elementor-widget elementor-widget-text-editor\" data-id=\"cc06b72\" data-element_type=\"widget\" data-widget_type=\"text-editor.default\">\n\t\t\t\t\t\t\t\t\t<ul><li>The teacher on the 100th anniversary of Independence, in March.<br \/><br \/><\/li><li>The event with traditional Albanian folk games and the physical culture and sports event \"100 Years of Independence\", during the month of April.<br \/><br \/><\/li><li>Marathon with participants from state institutions, high schools, at 5 stations, which belong to 5 main national historical dates, during the month of April.<\/li><li>Artistic word competition on the occasion of the 100th anniversary of Independence, in May.<br \/><br \/><\/li><li>Mini-football championship between institutions, private companies, and schools, during the month of May.<br \/><br \/><\/li><li>100th anniversary of Albania's independence, festive activity by FRPD Kam\u00ebz<br \/><br \/><\/li><li>Painting exhibition, on the theme \"Albania, Our Homeland\", in September.<br \/><br \/><\/li><li>Excursion to the house where independence was declared and the flag was raised in Vlora, with distinguished students and a visit to the National History Museum, in October.<br \/><br \/><\/li><li>A large festive, artistic-literary concert on the occasion of the 100th anniversary of independence, in November.<br \/><br \/><\/li><li>European Local Democracy Week, October.<br \/><br \/><\/li><li>Carnival Festival, October.<br \/><br \/><\/li><li>Open Day, during the month of November.<br \/><br \/><\/li><li>November 28, Albanian Independence Day<br \/><br \/><\/li><li>Ceremony for awarding titles and certificates to the 100th anniversary personalities.<br \/><br \/><\/li><li>Concert on the occasion of the 100th anniversary of independence.<\/li><\/ul>\t\t\t\t\t\t\t\t<\/div>\n\t\t\t\t\t<\/div>\n\t\t\t\t<\/div>\n\t\t\t\t<\/div>\n\t\t\t\t\t<\/details>\n\t\t\t\t\t\t<details id=\"e-n-accordion-item-1261\" class=\"e-n-accordion-item\" >\n\t\t\t\t<summary class=\"e-n-accordion-item-title\" data-accordion-index=\"2\" tabindex=\"-1\" aria-expanded=\"false\" aria-controls=\"e-n-accordion-item-1261\" >\n\t\t\t\t\t<span class='e-n-accordion-item-title-header'><div class=\"e-n-accordion-item-title-text\"> 2. Important historical dates of the city of Kamza <\/div><\/span>\n\t\t\t\t\t\t\t<span class='e-n-accordion-item-title-icon'>\n\t\t\t<span class='e-opened' ><svg aria-hidden=\"true\" class=\"e-font-icon-svg e-fas-minus\" viewbox=\"0 0 448 512\" xmlns=\"http:\/\/www.w3.org\/2000\/svg\"><path d=\"M416 208H32c-17.67 0-32 14.33-32 32v32c0 17.67 14.33 32 32 32h384c17.67 0 32-14.33 32-32v-32c0-17.67-14.33-32-32-32z\"><\/path><\/svg><\/span>\n\t\t\t<span class='e-closed'><svg aria-hidden=\"true\" class=\"e-font-icon-svg e-fas-plus\" viewbox=\"0 0 448 512\" xmlns=\"http:\/\/www.w3.org\/2000\/svg\"><path d=\"M416 208H272V64c0-17.67-14.33-32-32-32h-32c-17.67 0-32 14.33-32 32v144H32c-17.67 0-32 14.33-32 32v32c0 17.67 14.33 32 32 32h144v144c0 17.67 14.33 32 32 32h32c17.67 0 32-14.33 32-32V304h144c17.67 0 32-14.33 32-32v-32c0-17.67-14.33-32-32-32z\"><\/path><\/svg><\/span>\n\t\t<\/span>\n\n\t\t\t\t\t\t<\/summary>\n\t\t\t\t<div role=\"region\" aria-labelledby=\"e-n-accordion-item-1261\" class=\"elementor-element elementor-element-b324b10 e-con-full e-flex e-con e-child\" data-id=\"b324b10\" data-element_type=\"container\">\n\t\t<div role=\"region\" aria-labelledby=\"e-n-accordion-item-1261\" class=\"elementor-element elementor-element-bfdab10 e-flex e-con-boxed e-con e-child\" data-id=\"bfdab10\" data-element_type=\"container\">\n\t\t\t\t\t<div class=\"e-con-inner\">\n\t\t\t\t<div class=\"elementor-element elementor-element-39a255c elementor-widget elementor-widget-text-editor\" data-id=\"39a255c\" data-element_type=\"widget\" data-widget_type=\"text-editor.default\">\n\t\t\t\t\t\t\t\t\t<ul><li>Decision on the declaration of Kamza as a municipality, date 30.4.1996.<\/li><\/ul>\t\t\t\t\t\t\t\t<\/div>\n\t\t\t\t\t<\/div>\n\t\t\t\t<\/div>\n\t\t\t\t<\/div>\n\t\t\t\t\t<\/details>\n\t\t\t\t\t<\/div>\n\t\t\t\t\t\t<\/div>\n\t\t\t\t<\/div>\n\t\t\t\t\t<\/div>\n\t\t\t\t<\/div>\n\t\t\t\t<\/div>","protected":false},"excerpt":{"rendered":"<p>Programi i Aktiviteteve t\u00eb Bashkis\u00eb s\u00eb Kamz\u00ebs p\u00ebr 100 Vjetorin e Pavarsis\u00eb 1. Kalendari i aktiviteteve p\u00ebr vitin 2012 M\u00ebsuesi n\u00eb 100-vjetorin e Pavar\u00ebsis\u00eb, n\u00eb muajin mars. Manifestimi me loj\u00ebra popullore tradicionale shqiptare si dhe manifestimi fizkulturor-sportiv \u201c100 vjet Pavar\u00ebsi\u201d, gjat\u00eb muajit prill. Maraton\u00eb me pjes\u00ebmarr\u00ebs nga institucionet shtet\u00ebrore, shkollat e mesme, n\u00eb 5 stacione, [&hellip;]<\/p>","protected":false},"author":1,"featured_media":0,"parent":20889,"menu_order":0,"comment_status":"closed","ping_status":"closed","template":"","meta":{"_acf_changed":false,"footnotes":""},"class_list":["post-20413","page","type-page","status-publish","hentry"],"acf":[],"_links":{"self":[{"href":"https:\/\/kamza.gov.al\/en\/wp-json\/wp\/v2\/pages\/20413","targetHints":{"allow":["GET"]}}],"collection":[{"href":"https:\/\/kamza.gov.al\/en\/wp-json\/wp\/v2\/pages"}],"about":[{"href":"https:\/\/kamza.gov.al\/en\/wp-json\/wp\/v2\/types\/page"}],"author":[{"embeddable":true,"href":"https:\/\/kamza.gov.al\/en\/wp-json\/wp\/v2\/users\/1"}],"replies":[{"embeddable":true,"href":"https:\/\/kamza.gov.al\/en\/wp-json\/wp\/v2\/comments?post=20413"}],"version-history":[{"count":4,"href":"https:\/\/kamza.gov.al\/en\/wp-json\/wp\/v2\/pages\/20413\/revisions"}],"predecessor-version":[{"id":20943,"href":"https:\/\/kamza.gov.al\/en\/wp-json\/wp\/v2\/pages\/20413\/revisions\/20943"}],"up":[{"embeddable":true,"href":"https:\/\/kamza.gov.al\/en\/wp-json\/wp\/v2\/pages\/20889"}],"wp:attachment":[{"href":"https:\/\/kamza.gov.al\/en\/wp-json\/wp\/v2\/media?parent=20413"}],"curies":[{"name":"wp","href":"https:\/\/api.w.org\/{rel}","templated":true}]}}