{"id":20394,"date":"2025-08-21T14:08:09","date_gmt":"2025-08-21T14:08:09","guid":{"rendered":"https:\/\/kamza.instant.al\/?page_id=20394"},"modified":"2025-11-10T13:05:16","modified_gmt":"2025-11-10T12:05:16","slug":"programi-i-transparences","status":"publish","type":"page","link":"https:\/\/kamza.gov.al\/en\/transparenca\/programi-i-transparences\/","title":{"rendered":"Transparency program"},"content":{"rendered":"<div data-elementor-type=\"wp-page\" data-elementor-id=\"20394\" class=\"elementor elementor-20394\" data-elementor-post-type=\"page\">\n\t\t\t\t<div class=\"elementor-element elementor-element-a536471 e-con-full e-flex e-con e-parent\" data-id=\"a536471\" data-element_type=\"container\">\n\t\t\t\t<div class=\"elementor-element elementor-element-84dd211 elementor-widget elementor-widget-template\" data-id=\"84dd211\" data-element_type=\"widget\" data-widget_type=\"template.default\">\n\t\t\t\t<div class=\"elementor-widget-container\">\n\t\t\t\t\t\t\t<div class=\"elementor-template\">\r\n\t\t\t\t\t<div data-elementor-type=\"container\" data-elementor-id=\"20550\" class=\"elementor elementor-20550\" data-elementor-post-type=\"elementor_library\">\n\t\t\t\t<div class=\"elementor-element elementor-element-190c0c50 e-flex e-con-boxed e-con e-parent\" data-id=\"190c0c50\" data-element_type=\"container\" data-settings=\"{&quot;background_background&quot;:&quot;classic&quot;}\">\n\t\t\t\t\t<div class=\"e-con-inner\">\n\t\t\t\t<div class=\"elementor-element elementor-element-751afb5d elementor-widget elementor-widget-heading\" data-id=\"751afb5d\" data-element_type=\"widget\" data-widget_type=\"heading.default\">\n\t\t\t\t\t<h1 class=\"elementor-heading-title elementor-size-default\">Transparency program<\/h1>\t\t\t\t<\/div>\n\t\t\t\t\t<\/div>\n\t\t\t\t<\/div>\n\t\t\t\t<\/div>\n\t\t\t\t<\/div>\r\n\t\t\t\t\t\t<\/div>\n\t\t\t\t<\/div>\n\t\t\t\t<\/div>\n\t\t<div class=\"elementor-element elementor-element-922a2f4 e-flex e-con-boxed e-con e-parent\" data-id=\"922a2f4\" data-element_type=\"container\">\n\t\t\t\t\t<div class=\"e-con-inner\">\n\t\t<div class=\"elementor-element elementor-element-88f6071 e-con-full e-flex e-con e-child\" data-id=\"88f6071\" data-element_type=\"container\">\n\t\t\t\t<div class=\"elementor-element elementor-element-55f4b89 elementor-widget elementor-widget-heading\" data-id=\"55f4b89\" data-element_type=\"widget\" data-widget_type=\"heading.default\">\n\t\t\t\t\t<p class=\"elementor-heading-title elementor-size-default\">Florina Krrashi\n<\/p>\t\t\t\t<\/div>\n\t\t\t\t<div class=\"elementor-element elementor-element-34899fd elementor-widget elementor-widget-text-editor\" data-id=\"34899fd\" data-element_type=\"widget\" data-widget_type=\"text-editor.default\">\n\t\t\t\t\t\t\t\t\t<ul><li>Koordinatori p\u00ebr t\u00eb Drejt\u00ebn e Informimit<\/li><li>Orari i pun\u00ebs i administrat\u00ebs s\u00eb Bashkis\u00eb<\/li><li>E h\u00ebn\u00eb \u2013 e premte: 08:00 \u2013 16:00<\/li><\/ul>\t\t\t\t\t\t\t\t<\/div>\n\t\t\t\t<\/div>\n\t\t<div class=\"elementor-element elementor-element-191dc8f e-con-full e-flex e-con e-child\" data-id=\"191dc8f\" data-element_type=\"container\">\n\t\t\t\t<div class=\"elementor-element elementor-element-423552d elementor-widget elementor-widget-heading\" data-id=\"423552d\" data-element_type=\"widget\" data-widget_type=\"heading.default\">\n\t\t\t\t\t<p class=\"elementor-heading-title elementor-size-default\">Address<\/p>\t\t\t\t<\/div>\n\t\t\t\t<div class=\"elementor-element elementor-element-d6bbbb1 elementor-widget elementor-widget-text-editor\" data-id=\"d6bbbb1\" data-element_type=\"widget\" data-widget_type=\"text-editor.default\">\n\t\t\t\t\t\t\t\t\t<ul><li>Bulevardi &#8220;N\u00ebn\u00eb Tereza&#8221;, nr. 492 Kam\u00ebz, Shqip\u00ebri<\/li><li>Phone: <a href=\"tel:+355%2047200177\">+355 47200177<\/a><\/li><li>Email: <a href=\"mailto:specialist.informimi@kamza.gov.al\">specialist.informimi@kamza.gov.al<\/a><\/li><\/ul>\t\t\t\t\t\t\t\t<\/div>\n\t\t\t\t<\/div>\n\t\t<div class=\"elementor-element elementor-element-ed50e6f e-con-full e-flex e-con e-child\" data-id=\"ed50e6f\" data-element_type=\"container\">\n\t\t\t\t<div class=\"elementor-element elementor-element-709a9c9 elementor-widget elementor-widget-heading\" data-id=\"709a9c9\" data-element_type=\"widget\" data-widget_type=\"heading.default\">\n\t\t\t\t\t<p class=\"elementor-heading-title elementor-size-default\">Information\n<\/p>\t\t\t\t<\/div>\n\t\t\t\t<div class=\"elementor-element elementor-element-6c3bd9e elementor-widget elementor-widget-text-editor\" data-id=\"6c3bd9e\" data-element_type=\"widget\" data-widget_type=\"text-editor.default\">\n\t\t\t\t\t\t\t\t\t<p>P\u00ebr t\u00eb b\u00ebr\u00eb nj\u00eb k\u00ebrkes\u00eb p\u00ebr informacion te Bashkia Kam\u00ebz, ju lutemi shkarkoni formularin<\/p><p><a href=\"https:\/\/kamza.gov.al\/wp-content\/uploads\/2020\/03\/kerkese-per-informacion-3.docx\"><b>K\u00cbRKES\u00cb P\u00cbR INFORMACION<\/b><\/a> dhe d\u00ebrgojeni t\u00eb plot\u00ebsuar n\u00eb adres\u00ebn postare<\/p><p>Bashkia Kam\u00ebz, Bulevardi N\u00ebn\u00eb Tereza, nr. 492 Kam\u00ebz, Shqip\u00ebri<\/p><p>Ose n\u00eb adres\u00ebn e email-it: <a href=\"mailto:specialist.informimi@kamza.gov.al\">specialist.informimi@kamza.gov.al<\/a><\/p>\t\t\t\t\t\t\t\t<\/div>\n\t\t\t\t<\/div>\n\t\t<a class=\"elementor-element elementor-element-2f2d0e6 e-con-full e-flex e-con e-child\" data-id=\"2f2d0e6\" data-element_type=\"container\" data-settings=\"{&quot;background_background&quot;:&quot;classic&quot;}\" href=\"https:\/\/kamza.gov.al\/en\/transparenca\/programi-i-transparences\/programi\/\">\n\t\t\t\t<div class=\"elementor-element elementor-element-3d393ef elementor-widget elementor-widget-heading\" data-id=\"3d393ef\" data-element_type=\"widget\" data-widget_type=\"heading.default\">\n\t\t\t\t\t<h5 class=\"elementor-heading-title elementor-size-default\">Programi i Transparenc\u00ebs<\/h5>\t\t\t\t<\/div>\n\t\t\t\t<\/a>\n\t\t<a class=\"elementor-element elementor-element-20bbf46 e-con-full e-flex e-con e-child\" data-id=\"20bbf46\" data-element_type=\"container\" data-settings=\"{&quot;background_background&quot;:&quot;classic&quot;}\" href=\"https:\/\/kamza.gov.al\/en\/transparenca\/programi-i-transparences\/regjistri-i-kerkesave\/\">\n\t\t\t\t<div class=\"elementor-element elementor-element-fbc5ebc elementor-widget elementor-widget-heading\" data-id=\"fbc5ebc\" data-element_type=\"widget\" data-widget_type=\"heading.default\">\n\t\t\t\t\t<h5 class=\"elementor-heading-title elementor-size-default\">Regjistri i K\u00ebrkesave<\/h5>\t\t\t\t<\/div>\n\t\t\t\t<\/a>\n\t\t<a class=\"elementor-element elementor-element-434b673 e-con-full e-flex e-con e-child\" data-id=\"434b673\" data-element_type=\"container\" data-settings=\"{&quot;background_background&quot;:&quot;classic&quot;}\" href=\"https:\/\/kamza.gov.al\/en\/transparenca\/detyrat-dhe-kompetencat-e-koordinatorit-per-te-drejten-e-informimit\/\">\n\t\t\t\t<div class=\"elementor-element elementor-element-b7a0ac1 elementor-widget elementor-widget-heading\" data-id=\"b7a0ac1\" data-element_type=\"widget\" data-widget_type=\"heading.default\">\n\t\t\t\t\t<h5 class=\"elementor-heading-title elementor-size-default\">Detyrat dhe Kompetencat e Koordinatorit p\u00ebr t\u00eb Drejt\u00ebn e Informimit\n<\/h5>\t\t\t\t<\/div>\n\t\t\t\t<\/a>\n\t\t\t\t\t<\/div>\n\t\t\t\t<\/div>\n\t\t\t\t<\/div>","protected":false},"excerpt":{"rendered":"<p>Florina Krrashi Koordinatori p\u00ebr t\u00eb Drejt\u00ebn e Informimit Orari i pun\u00ebs i administrat\u00ebs s\u00eb Bashkis\u00eb E h\u00ebn\u00eb \u2013 e premte: 08:00 \u2013 16:00 Adresa Bulevardi &#8220;N\u00ebn\u00eb Tereza&#8221;, nr. 492 Kam\u00ebz, Shqip\u00ebri Tel: +355 47200177 Email: specialist.informimi@kamza.gov.al Informacion P\u00ebr t\u00eb b\u00ebr\u00eb nj\u00eb k\u00ebrkes\u00eb p\u00ebr informacion te Bashkia Kam\u00ebz, ju lutemi shkarkoni formularin K\u00cbRKES\u00cb P\u00cbR INFORMACION dhe [&hellip;]<\/p>","protected":false},"author":1,"featured_media":0,"parent":20,"menu_order":0,"comment_status":"closed","ping_status":"closed","template":"","meta":{"_acf_changed":false,"footnotes":""},"class_list":["post-20394","page","type-page","status-publish","hentry"],"acf":[],"_links":{"self":[{"href":"https:\/\/kamza.gov.al\/en\/wp-json\/wp\/v2\/pages\/20394","targetHints":{"allow":["GET"]}}],"collection":[{"href":"https:\/\/kamza.gov.al\/en\/wp-json\/wp\/v2\/pages"}],"about":[{"href":"https:\/\/kamza.gov.al\/en\/wp-json\/wp\/v2\/types\/page"}],"author":[{"embeddable":true,"href":"https:\/\/kamza.gov.al\/en\/wp-json\/wp\/v2\/users\/1"}],"replies":[{"embeddable":true,"href":"https:\/\/kamza.gov.al\/en\/wp-json\/wp\/v2\/comments?post=20394"}],"version-history":[{"count":46,"href":"https:\/\/kamza.gov.al\/en\/wp-json\/wp\/v2\/pages\/20394\/revisions"}],"predecessor-version":[{"id":25065,"href":"https:\/\/kamza.gov.al\/en\/wp-json\/wp\/v2\/pages\/20394\/revisions\/25065"}],"up":[{"embeddable":true,"href":"https:\/\/kamza.gov.al\/en\/wp-json\/wp\/v2\/pages\/20"}],"wp:attachment":[{"href":"https:\/\/kamza.gov.al\/en\/wp-json\/wp\/v2\/media?parent=20394"}],"curies":[{"name":"wp","href":"https:\/\/api.w.org\/{rel}","templated":true}]}}