{"id":20212,"date":"2025-08-21T09:06:14","date_gmt":"2025-08-21T09:06:14","guid":{"rendered":"https:\/\/kamza.instant.al\/?page_id=20212"},"modified":"2025-11-06T14:23:20","modified_gmt":"2025-11-06T13:23:20","slug":"kryetari-i-keshillit","status":"publish","type":"page","link":"https:\/\/kamza.gov.al\/en\/keshilli\/struktura\/kryetari-i-keshillit\/","title":{"rendered":"Council Chairman"},"content":{"rendered":"<div data-elementor-type=\"wp-page\" data-elementor-id=\"20212\" class=\"elementor elementor-20212\" data-elementor-post-type=\"page\">\n\t\t\t\t<div class=\"elementor-element elementor-element-c68433d e-con-full e-flex e-con e-parent\" data-id=\"c68433d\" data-element_type=\"container\">\n\t\t\t\t<div class=\"elementor-element elementor-element-7c52ecf elementor-widget elementor-widget-template\" data-id=\"7c52ecf\" data-element_type=\"widget\" data-widget_type=\"template.default\">\n\t\t\t\t<div class=\"elementor-widget-container\">\n\t\t\t\t\t\t\t<div class=\"elementor-template\">\r\n\t\t\t\t\t<div data-elementor-type=\"container\" data-elementor-id=\"20550\" class=\"elementor elementor-20550\" data-elementor-post-type=\"elementor_library\">\n\t\t\t\t<div class=\"elementor-element elementor-element-190c0c50 e-flex e-con-boxed e-con e-parent\" data-id=\"190c0c50\" data-element_type=\"container\" data-settings=\"{&quot;background_background&quot;:&quot;classic&quot;}\">\n\t\t\t\t\t<div class=\"e-con-inner\">\n\t\t\t\t<div class=\"elementor-element elementor-element-751afb5d elementor-widget elementor-widget-heading\" data-id=\"751afb5d\" data-element_type=\"widget\" data-widget_type=\"heading.default\">\n\t\t\t\t\t<h1 class=\"elementor-heading-title elementor-size-default\">Council Chairman<\/h1>\t\t\t\t<\/div>\n\t\t\t\t\t<\/div>\n\t\t\t\t<\/div>\n\t\t\t\t<\/div>\n\t\t\t\t<\/div>\r\n\t\t\t\t\t\t<\/div>\n\t\t\t\t<\/div>\n\t\t\t\t<\/div>\n\t\t<div class=\"elementor-element elementor-element-856111a e-flex e-con-boxed e-con e-parent\" data-id=\"856111a\" data-element_type=\"container\">\n\t\t\t\t\t<div class=\"e-con-inner\">\n\t\t<div class=\"elementor-element elementor-element-638d579 e-con-full e-flex e-con e-child\" data-id=\"638d579\" data-element_type=\"container\" data-settings=\"{&quot;background_background&quot;:&quot;classic&quot;}\">\n\t\t\t\t<div class=\"elementor-element elementor-element-45eed5b elementor-widget elementor-widget-heading\" data-id=\"45eed5b\" data-element_type=\"widget\" data-widget_type=\"heading.default\">\n\t\t\t\t\t<h2 class=\"elementor-heading-title elementor-size-default\">Hysen Koldashi - Chairman of the Kam\u00ebz Municipal Council<\/h2>\t\t\t\t<\/div>\n\t\t\t\t<div class=\"elementor-element elementor-element-f0168c2 elementor-widget elementor-widget-text-editor\" data-id=\"f0168c2\" data-element_type=\"widget\" data-widget_type=\"text-editor.default\">\n\t\t\t\t\t\t\t\t\t<p>Mr. Hysen Koldashi has been elected chairman of the Kam\u00ebz Municipal Council, in his second mandate.<\/p><p>Mr. Koldashi is a resident of the Bathore Neighborhood, Kam\u00ebz, where he lives with his family and serves as the Principal of the 9-year \u201cAhmet Zogu\u201d School. He graduated from the Faculty of Education at the University of Shkodra \u201cLuigj Gurakuqi\u201d, in the \u201cLower Cycle\u201d branch. He has already received the title of Master of Science in \u201cEducational Policy and Management\u201d from the Faculty of Social Sciences at the University of Tirana, with the topic \u201cThe Role of Family and School in the Process of Children\u2019s Education\u201d.<\/p><p>Since 1991, Hyseni has served with dedication as a teacher in the basic education schools of Kuk\u00ebs, Durr\u00ebs and Tirana, where for many years he has also served as a director in many of these schools. He is dedicated to this task, where under the motto \"School-community center\" he has insisted that the school be a place where not only children learn, but also serves as a community center, where parents, the neighborhood and local businesses are engaged, around the common goal of improving the quality of life in the community.<\/p><p>As a worthy representative of the community where he lives, Mr. Koldashi was elected by the residents of the neighborhood to represent them in local decision-making, for which he was elected for a second term.<\/p><p>He was also elected chairman of the Council in this mandate, receiving votes not only from his political wing.<\/p><p>Hysen Koldashi<br \/>0692055605<br \/>koldashihysen68@gmail.com<\/p>\t\t\t\t\t\t\t\t<\/div>\n\t\t\t\t<div class=\"elementor-element elementor-element-31e703d elementor-align-right elementor-widget elementor-widget-button\" data-id=\"31e703d\" data-element_type=\"widget\" data-widget_type=\"button.default\">\n\t\t\t\t\t\t\t\t\t\t<a class=\"elementor-button elementor-button-link elementor-size-sm\" href=\"\/wp-content\/uploads\/2024\/01\/cv-Hysen-Koldashi-1.pdf\" target=\"_blank\">\n\t\t\t\t\t\t<span class=\"elementor-button-content-wrapper\">\n\t\t\t\t\t\t\t\t\t<span class=\"elementor-button-text\">View Document<\/span>\n\t\t\t\t\t<\/span>\n\t\t\t\t\t<\/a>\n\t\t\t\t\t\t\t\t<\/div>\n\t\t\t\t<\/div>\n\t\t\t\t\t<\/div>\n\t\t\t\t<\/div>\n\t\t\t\t<\/div>","protected":false},"excerpt":{"rendered":"<p>Hysen Koldashi &#8211; Kryetar i K\u00ebshillit Bashkiak Kam\u00ebz Z. Hysen Koldashi \u00ebsht\u00eb zgjedhur kryetar i K\u00ebshillit Bashkiak Kam\u00ebz, n\u00eb mandatin e tij t\u00eb dyt\u00eb. Z. Koldashi \u00ebsht\u00eb banor i Lagjes Bathore, Kam\u00ebz, ku jeton me familjen e tij dhe sh\u00ebrben si Drejtor i Shkoll\u00ebs 9-vje\u00e7are \u201cAhmet Zogu\u201d. Ai \u00ebsht\u00eb diplomuar nga Fakulteti i M\u00ebsuesis\u00eb n\u00eb [&hellip;]<\/p>","protected":false},"author":1,"featured_media":0,"parent":20209,"menu_order":0,"comment_status":"closed","ping_status":"closed","template":"","meta":{"_acf_changed":false,"footnotes":""},"class_list":["post-20212","page","type-page","status-publish","hentry"],"acf":[],"_links":{"self":[{"href":"https:\/\/kamza.gov.al\/en\/wp-json\/wp\/v2\/pages\/20212","targetHints":{"allow":["GET"]}}],"collection":[{"href":"https:\/\/kamza.gov.al\/en\/wp-json\/wp\/v2\/pages"}],"about":[{"href":"https:\/\/kamza.gov.al\/en\/wp-json\/wp\/v2\/types\/page"}],"author":[{"embeddable":true,"href":"https:\/\/kamza.gov.al\/en\/wp-json\/wp\/v2\/users\/1"}],"replies":[{"embeddable":true,"href":"https:\/\/kamza.gov.al\/en\/wp-json\/wp\/v2\/comments?post=20212"}],"version-history":[{"count":17,"href":"https:\/\/kamza.gov.al\/en\/wp-json\/wp\/v2\/pages\/20212\/revisions"}],"predecessor-version":[{"id":24510,"href":"https:\/\/kamza.gov.al\/en\/wp-json\/wp\/v2\/pages\/20212\/revisions\/24510"}],"up":[{"embeddable":true,"href":"https:\/\/kamza.gov.al\/en\/wp-json\/wp\/v2\/pages\/20209"}],"wp:attachment":[{"href":"https:\/\/kamza.gov.al\/en\/wp-json\/wp\/v2\/media?parent=20212"}],"curies":[{"name":"wp","href":"https:\/\/api.w.org\/{rel}","templated":true}]}}