{"id":20170,"date":"2025-08-21T08:48:11","date_gmt":"2025-08-21T08:48:11","guid":{"rendered":"https:\/\/kamza.instant.al\/?page_id=20170"},"modified":"2025-11-06T14:58:16","modified_gmt":"2025-11-06T13:58:16","slug":"rreth-keshillit","status":"publish","type":"page","link":"https:\/\/kamza.gov.al\/en\/keshilli\/rreth-keshillit-bashkiak\/rreth-keshillit\/","title":{"rendered":"About the Council"},"content":{"rendered":"<div data-elementor-type=\"wp-page\" data-elementor-id=\"20170\" class=\"elementor elementor-20170\" data-elementor-post-type=\"page\">\n\t\t\t\t<div class=\"elementor-element elementor-element-3edc693 e-con-full e-flex e-con e-parent\" data-id=\"3edc693\" data-element_type=\"container\">\n\t\t\t\t<div class=\"elementor-element elementor-element-7a10eef elementor-widget elementor-widget-template\" data-id=\"7a10eef\" data-element_type=\"widget\" data-widget_type=\"template.default\">\n\t\t\t\t<div class=\"elementor-widget-container\">\n\t\t\t\t\t\t\t<div class=\"elementor-template\">\r\n\t\t\t\t\t<div data-elementor-type=\"container\" data-elementor-id=\"20550\" class=\"elementor elementor-20550\" data-elementor-post-type=\"elementor_library\">\n\t\t\t\t<div class=\"elementor-element elementor-element-190c0c50 e-flex e-con-boxed e-con e-parent\" data-id=\"190c0c50\" data-element_type=\"container\" data-settings=\"{&quot;background_background&quot;:&quot;classic&quot;}\">\n\t\t\t\t\t<div class=\"e-con-inner\">\n\t\t\t\t<div class=\"elementor-element elementor-element-751afb5d elementor-widget elementor-widget-heading\" data-id=\"751afb5d\" data-element_type=\"widget\" data-widget_type=\"heading.default\">\n\t\t\t\t\t<h1 class=\"elementor-heading-title elementor-size-default\">About the Council<\/h1>\t\t\t\t<\/div>\n\t\t\t\t\t<\/div>\n\t\t\t\t<\/div>\n\t\t\t\t<\/div>\n\t\t\t\t<\/div>\r\n\t\t\t\t\t\t<\/div>\n\t\t\t\t<\/div>\n\t\t\t\t<\/div>\n\t\t<div class=\"elementor-element elementor-element-ee0d145 e-flex e-con-boxed e-con e-parent\" data-id=\"ee0d145\" data-element_type=\"container\">\n\t\t\t\t\t<div class=\"e-con-inner\">\n\t\t\t\t<div class=\"elementor-element elementor-element-d629190 elementor-widget elementor-widget-heading\" data-id=\"d629190\" data-element_type=\"widget\" data-widget_type=\"heading.default\">\n\t\t\t\t\t<h2 class=\"elementor-heading-title elementor-size-default\">Municipal Council, Duties and Decision-Making<\/h2>\t\t\t\t<\/div>\n\t\t\t\t<div class=\"elementor-element elementor-element-6de30a6 elementor-widget elementor-widget-heading\" data-id=\"6de30a6\" data-element_type=\"widget\" data-widget_type=\"heading.default\">\n\t\t\t\t\t<h3 class=\"elementor-heading-title elementor-size-default\">Municipal Council<\/h3>\t\t\t\t<\/div>\n\t\t\t\t<div class=\"elementor-element elementor-element-1f5a504 elementor-widget elementor-widget-text-editor\" data-id=\"1f5a504\" data-element_type=\"widget\" data-widget_type=\"text-editor.default\">\n\t\t\t\t\t\t\t\t\t<p class=\"translation-block\">\u2022 It is the representative body of the Municipality;<br>\u2022 Function based on the regulation approved by the councilors themselves;<br>\u2022 It exercises its decision-making through decisions and resolutions, which are published on the official website of the local self-government unit and displayed in places designated by the unit for public announcements.<br>\u2022 It is composed of: Mayor; Deputy Mayors; Secretary; Commissions, Boards, Councilors.<\/p>\t\t\t\t\t\t\t\t<\/div>\n\t\t\t\t<div class=\"elementor-element elementor-element-099e9fa elementor-widget elementor-widget-heading\" data-id=\"099e9fa\" data-element_type=\"widget\" data-widget_type=\"heading.default\">\n\t\t\t\t\t<h3 class=\"elementor-heading-title elementor-size-default\">Council Meeting<\/h3>\t\t\t\t<\/div>\n\t\t\t\t<div class=\"elementor-element elementor-element-64c30be elementor-widget elementor-widget-text-editor\" data-id=\"64c30be\" data-element_type=\"widget\" data-widget_type=\"text-editor.default\">\n\t\t\t\t\t\t\t\t\t<p class=\"translation-block\">\u2022 It is called at the request of the President of the Council; at the request of the Mayor, at the request of no less than 1\/3 of its members; it is also called by the prefect for issues related to the exercise of his functions.<br>\u2022 It is considered valid when a majority of all members of the council participate in it, except in cases where another majority is required for decision-making.<br>\u2022 It is held open or closed to the public. At the request of the President of the Council or one fifth of the members of the municipal council, the meetings of the municipal council may be held closed, when no less than three fifths of all its members have voted for this.<\/p>\t\t\t\t\t\t\t\t<\/div>\n\t\t\t\t<div class=\"elementor-element elementor-element-088cb9a elementor-widget elementor-widget-heading\" data-id=\"088cb9a\" data-element_type=\"widget\" data-widget_type=\"heading.default\">\n\t\t\t\t\t<h3 class=\"elementor-heading-title elementor-size-default\">Duties and Decision-Making of the Council<\/h3>\t\t\t\t<\/div>\n\t\t\t\t<div class=\"elementor-element elementor-element-53877a6 elementor-widget elementor-widget-text-editor\" data-id=\"53877a6\" data-element_type=\"widget\" data-widget_type=\"text-editor.default\">\n\t\t\t\t\t\t\t\t\t<p class=\"translation-block\">\u2022 Decision-making with or without public consultation;<br>\u2022 Decision-making based on councilor participation in voting.<\/p>\t\t\t\t\t\t\t\t<\/div>\n\t\t\t\t<div class=\"elementor-element elementor-element-10e325f elementor-widget elementor-widget-heading\" data-id=\"10e325f\" data-element_type=\"widget\" data-widget_type=\"heading.default\">\n\t\t\t\t\t<h3 class=\"elementor-heading-title elementor-size-default\">The municipal council decides for<\/h3>\t\t\t\t<\/div>\n\t\t\t\t<div class=\"elementor-element elementor-element-7f83950 elementor-widget elementor-widget-text-editor\" data-id=\"7f83950\" data-element_type=\"widget\" data-widget_type=\"text-editor.default\">\n\t\t\t\t\t\t\t\t\t<p class=\"translation-block\">\u2022 Elects the council committees from its own composition and approves the internal regulation of its functioning; approves the budget and its amendments, the maximum number of employees, local taxes and fees. With public consultation and the decision is approved by a majority vote of all members of the Council.<br>\u2022 Elects, respecting the law on gender equality, the chairman, deputy chairmen, the secretary of the council and the council representatives in the region and dismisses them; approves the acts of establishment of enterprises, commercial companies, as well as other legal entities that it creates itself or with which it is a co-founder; decides on obtaining loans and repaying obligations to third parties; decides on the creation of joint institutions with other local self-government units, including the subject of joint competences or with third parties; decides on the granting or declaration of the end of the councilor's mandate; Without public consultation and the decision is approved by a majority vote of all members of the Council.<br>\u2022 Approves the alienation or granting of use of third party properties. With public consultation and not less than three-fifths of the total number of council members.<br>\u2022 Approves norms, standards and criteria for the regulation and discipline of the functions assigned to it by law, as well as for the protection and guarantee of the public interest. With public consultation and by a majority vote, in the presence of more than half of all council members.<br>\u2022 Approves the level of salaries and bonuses of employees and other persons, elected or appointed; organizes and supervises the internal control of the municipality; decides on the initiation of judicial proceedings on matters within its competence; decides on the symbols of the municipality, the naming of streets, squares, territories, institutions and buildings in the jurisdiction of the municipality; grants honorary titles and incentives; decides on the rules, procedures and methods of carrying out delegated functions, based on and for the implementation of the law by which this delegation is made to the municipality. Without public consultation and are dealt with by majority vote, in the presence of more than half of all members of the council.<\/p>\t\t\t\t\t\t\t\t<\/div>\n\t\t\t\t<div class=\"elementor-element elementor-element-ac4e35f elementor-widget elementor-widget-heading\" data-id=\"ac4e35f\" data-element_type=\"widget\" data-widget_type=\"heading.default\">\n\t\t\t\t\t<h3 class=\"elementor-heading-title elementor-size-default\">Acts of the Municipal Council<\/h3>\t\t\t\t<\/div>\n\t\t\t\t<div class=\"elementor-element elementor-element-cc2de87 elementor-widget elementor-widget-text-editor\" data-id=\"cc2de87\" data-element_type=\"widget\" data-widget_type=\"text-editor.default\">\n\t\t\t\t\t\t\t\t\t<p class=\"translation-block\">\u2022 They are published on the official website and displayed in public places, designated by the council with free public access, within the territory of the unit and, as far as possible, the council also determines other forms of their publication.<br>\u2022 They are promulgated within 10 days from the date of their approval and enter into force 10 days after promulgation. Acts of an individual character enter into force on the date of their notification to the subjects included in them.<\/p>\t\t\t\t\t\t\t\t<\/div>\n\t\t\t\t\t<\/div>\n\t\t\t\t<\/div>\n\t\t\t\t<\/div>","protected":false},"excerpt":{"rendered":"<p>K\u00ebshilli Bashkiak, Detyrat dhe Vendimmarrja K\u00ebshilli Bashkiak \u2022 \u00cbsht\u00eb organi p\u00ebrfaq\u00ebsues i Bashkis\u00eb;\u2022 Funksion n\u00eb baz\u00eb t\u00eb rregullores s\u00eb miratuar nga vet\u00eb k\u00ebshilltar\u00ebt;\u2022 Ushtron vendimmarrjen e tij n\u00ebp\u00ebrmjet vendimeve dhe rezolutave, t\u00eb cilat publikohen n\u00eb faqen zyrtare t\u00eb internetit t\u00eb nj\u00ebsis\u00eb s\u00eb vet\u00ebqeverisjes vendore dhe afishohen n\u00eb vendet e caktuara nga nj\u00ebsia p\u00ebr njoftimet publike.\u2022 [&hellip;]<\/p>","protected":false},"author":1,"featured_media":0,"parent":249,"menu_order":0,"comment_status":"closed","ping_status":"closed","template":"","meta":{"_acf_changed":false,"footnotes":""},"class_list":["post-20170","page","type-page","status-publish","hentry"],"acf":[],"_links":{"self":[{"href":"https:\/\/kamza.gov.al\/en\/wp-json\/wp\/v2\/pages\/20170","targetHints":{"allow":["GET"]}}],"collection":[{"href":"https:\/\/kamza.gov.al\/en\/wp-json\/wp\/v2\/pages"}],"about":[{"href":"https:\/\/kamza.gov.al\/en\/wp-json\/wp\/v2\/types\/page"}],"author":[{"embeddable":true,"href":"https:\/\/kamza.gov.al\/en\/wp-json\/wp\/v2\/users\/1"}],"replies":[{"embeddable":true,"href":"https:\/\/kamza.gov.al\/en\/wp-json\/wp\/v2\/comments?post=20170"}],"version-history":[{"count":8,"href":"https:\/\/kamza.gov.al\/en\/wp-json\/wp\/v2\/pages\/20170\/revisions"}],"predecessor-version":[{"id":24560,"href":"https:\/\/kamza.gov.al\/en\/wp-json\/wp\/v2\/pages\/20170\/revisions\/24560"}],"up":[{"embeddable":true,"href":"https:\/\/kamza.gov.al\/en\/wp-json\/wp\/v2\/pages\/249"}],"wp:attachment":[{"href":"https:\/\/kamza.gov.al\/en\/wp-json\/wp\/v2\/media?parent=20170"}],"curies":[{"name":"wp","href":"https:\/\/api.w.org\/{rel}","templated":true}]}}