{"id":20168,"date":"2025-08-21T08:48:11","date_gmt":"2025-08-21T08:48:11","guid":{"rendered":"https:\/\/kamza.instant.al\/?page_id=20168"},"modified":"2025-11-06T14:16:05","modified_gmt":"2025-11-06T13:16:05","slug":"funksionet-e-keshillit","status":"publish","type":"page","link":"https:\/\/kamza.gov.al\/en\/keshilli\/rreth-keshillit-bashkiak\/funksionet-e-keshillit\/","title":{"rendered":"Council Functions"},"content":{"rendered":"<div data-elementor-type=\"wp-page\" data-elementor-id=\"20168\" class=\"elementor elementor-20168\" data-elementor-post-type=\"page\">\n\t\t\t\t<div class=\"elementor-element elementor-element-88b13bc e-con-full e-flex e-con e-parent\" data-id=\"88b13bc\" data-element_type=\"container\">\n\t\t\t\t<div class=\"elementor-element elementor-element-d59667a elementor-widget elementor-widget-template\" data-id=\"d59667a\" data-element_type=\"widget\" data-widget_type=\"template.default\">\n\t\t\t\t<div class=\"elementor-widget-container\">\n\t\t\t\t\t\t\t<div class=\"elementor-template\">\r\n\t\t\t\t\t<div data-elementor-type=\"container\" data-elementor-id=\"20550\" class=\"elementor elementor-20550\" data-elementor-post-type=\"elementor_library\">\n\t\t\t\t<div class=\"elementor-element elementor-element-190c0c50 e-flex e-con-boxed e-con e-parent\" data-id=\"190c0c50\" data-element_type=\"container\" data-settings=\"{&quot;background_background&quot;:&quot;classic&quot;}\">\n\t\t\t\t\t<div class=\"e-con-inner\">\n\t\t\t\t<div class=\"elementor-element elementor-element-751afb5d elementor-widget elementor-widget-heading\" data-id=\"751afb5d\" data-element_type=\"widget\" data-widget_type=\"heading.default\">\n\t\t\t\t\t<h1 class=\"elementor-heading-title elementor-size-default\">Council Functions<\/h1>\t\t\t\t<\/div>\n\t\t\t\t\t<\/div>\n\t\t\t\t<\/div>\n\t\t\t\t<\/div>\n\t\t\t\t<\/div>\r\n\t\t\t\t\t\t<\/div>\n\t\t\t\t<\/div>\n\t\t\t\t<\/div>\n\t\t<div class=\"elementor-element elementor-element-17c286a e-flex e-con-boxed e-con e-parent\" data-id=\"17c286a\" data-element_type=\"container\">\n\t\t\t\t\t<div class=\"e-con-inner\">\n\t\t\t\t<div class=\"elementor-element elementor-element-bc90007 elementor-widget elementor-widget-heading\" data-id=\"bc90007\" data-element_type=\"widget\" data-widget_type=\"heading.default\">\n\t\t\t\t\t<h2 class=\"elementor-heading-title elementor-size-default\">Functions of the Kam\u00ebz Municipal Council<\/h2>\t\t\t\t<\/div>\n\t\t\t\t<div class=\"elementor-element elementor-element-e161c09 elementor-widget elementor-widget-text-editor\" data-id=\"e161c09\" data-element_type=\"widget\" data-widget_type=\"text-editor.default\">\n\t\t\t\t\t\t\t\t\t<p>The Municipal Council of the city of Kamza is composed of 41 people and 9 committees.<\/p><p>The duties of the Municipal Council are:<\/p><ul><li>Approval of the municipality's statute.<\/li><li>Approval of the organizational structure.<\/li><li>Approval of the acts of establishment of enterprises, commercial companies, as well as other legal entities that it creates itself or is a co-founder.<\/li><li>Approval of the budget and its amendments.<\/li><li>Organization and supervision of the municipality's internal control.<\/li><li>Establishment of local taxes and fees, as well as their level.<\/li><li>Decision on obtaining loans and repaying obligations to third parties.<\/li><li>Decision on the establishment of joint institutions with other local government units.<\/li><li>Approval of norms, standards and criteria for the regulation and discipline of the functions assigned to it by law, as well as for the protection and guarantee of the public interest.<\/li><li>Establishment of the symbols of the municipality.<\/li><li>Establishment of the names of streets, squares, territories, institutions and buildings under the jurisdiction of the municipality.<\/li><li>Granting honorary titles and incentives.<\/li><li>Establishing rules, procedures and methods for carrying out delegated functions.<\/li><\/ul>\t\t\t\t\t\t\t\t<\/div>\n\t\t<div class=\"elementor-element elementor-element-30ce1f2 e-con-full e-flex e-con e-child\" data-id=\"30ce1f2\" data-element_type=\"container\" data-settings=\"{&quot;background_background&quot;:&quot;classic&quot;}\">\n\t\t\t\t<div class=\"elementor-element elementor-element-e1e8b24 elementor-widget elementor-widget-heading\" data-id=\"e1e8b24\" data-element_type=\"widget\" data-widget_type=\"heading.default\">\n\t\t\t\t\t<p class=\"elementor-heading-title elementor-size-default\">Municipal Council Regulation<\/p>\t\t\t\t<\/div>\n\t\t\t\t<div class=\"elementor-element elementor-element-bbefaad elementor-icon-list--layout-inline elementor-align-end elementor-mobile-align-start elementor-list-item-link-full_width elementor-widget elementor-widget-icon-list\" data-id=\"bbefaad\" data-element_type=\"widget\" data-widget_type=\"icon-list.default\">\n\t\t\t\t\t\t\t<ul class=\"elementor-icon-list-items elementor-inline-items\">\n\t\t\t\t\t\t\t<li class=\"elementor-icon-list-item elementor-inline-item\">\n\t\t\t\t\t\t\t\t\t\t\t<a href=\"\/wp-content\/uploads\/2023\/12\/Rregullore-e-Keshillit-Bashkiak-Kamez.docx\">\n\n\t\t\t\t\t\t\t\t\t\t\t\t<span class=\"elementor-icon-list-icon\">\n\t\t\t\t\t\t\t<svg aria-hidden=\"true\" class=\"e-font-icon-svg e-fas-file-download\" viewbox=\"0 0 384 512\" xmlns=\"http:\/\/www.w3.org\/2000\/svg\"><path d=\"M224 136V0H24C10.7 0 0 10.7 0 24v464c0 13.3 10.7 24 24 24h336c13.3 0 24-10.7 24-24V160H248c-13.2 0-24-10.8-24-24zm76.45 211.36l-96.42 95.7c-6.65 6.61-17.39 6.61-24.04 0l-96.42-95.7C73.42 337.29 80.54 320 94.82 320H160v-80c0-8.84 7.16-16 16-16h32c8.84 0 16 7.16 16 16v80h65.18c14.28 0 21.4 17.29 11.27 27.36zM377 105L279.1 7c-4.5-4.5-10.6-7-17-7H256v128h128v-6.1c0-6.3-2.5-12.4-7-16.9z\"><\/path><\/svg>\t\t\t\t\t\t<\/span>\n\t\t\t\t\t\t\t\t\t\t<span class=\"elementor-icon-list-text\">Shiko<\/span>\n\t\t\t\t\t\t\t\t\t\t\t<\/a>\n\t\t\t\t\t\t\t\t\t<\/li>\n\t\t\t\t\t\t<\/ul>\n\t\t\t\t\t\t<\/div>\n\t\t\t\t<\/div>\n\t\t\t\t\t<\/div>\n\t\t\t\t<\/div>\n\t\t\t\t<\/div>","protected":false},"excerpt":{"rendered":"<p>Funksionet e K\u00ebshillit Bashkiak Kam\u00ebz K\u00ebshilli Bashkiak\u00a0 i qytetit t\u00eb Kamz\u00ebs \u00ebsht\u00eb i p\u00ebrb\u00ebr\u00eb nga\u00a041 veta dhe 9 komisione. Detyrat e K\u00ebshillit t\u00eb Bashkis\u00eb jan\u00eb: Miratimi i statutit t\u00eb bashkis\u00eb. Miratimi i struktur\u00ebs organizative. Miratimi i akteve t\u00eb themelimit t\u00eb nd\u00ebrmarrjeve, shoq\u00ebrive tregtare , si edhe t\u00eb personave t\u00eb tjer\u00eb juridik\u00eb q\u00eb krijon vet\u00eb ose [&hellip;]<\/p>","protected":false},"author":1,"featured_media":20527,"parent":249,"menu_order":0,"comment_status":"closed","ping_status":"closed","template":"","meta":{"_acf_changed":false,"footnotes":""},"class_list":["post-20168","page","type-page","status-publish","has-post-thumbnail","hentry"],"acf":[],"_links":{"self":[{"href":"https:\/\/kamza.gov.al\/en\/wp-json\/wp\/v2\/pages\/20168","targetHints":{"allow":["GET"]}}],"collection":[{"href":"https:\/\/kamza.gov.al\/en\/wp-json\/wp\/v2\/pages"}],"about":[{"href":"https:\/\/kamza.gov.al\/en\/wp-json\/wp\/v2\/types\/page"}],"author":[{"embeddable":true,"href":"https:\/\/kamza.gov.al\/en\/wp-json\/wp\/v2\/users\/1"}],"replies":[{"embeddable":true,"href":"https:\/\/kamza.gov.al\/en\/wp-json\/wp\/v2\/comments?post=20168"}],"version-history":[{"count":11,"href":"https:\/\/kamza.gov.al\/en\/wp-json\/wp\/v2\/pages\/20168\/revisions"}],"predecessor-version":[{"id":24470,"href":"https:\/\/kamza.gov.al\/en\/wp-json\/wp\/v2\/pages\/20168\/revisions\/24470"}],"up":[{"embeddable":true,"href":"https:\/\/kamza.gov.al\/en\/wp-json\/wp\/v2\/pages\/249"}],"wp:featuredmedia":[{"embeddable":true,"href":"https:\/\/kamza.gov.al\/en\/wp-json\/wp\/v2\/media\/20527"}],"wp:attachment":[{"href":"https:\/\/kamza.gov.al\/en\/wp-json\/wp\/v2\/media?parent=20168"}],"curies":[{"name":"wp","href":"https:\/\/api.w.org\/{rel}","templated":true}]}}