{"id":20164,"date":"2025-08-21T08:44:39","date_gmt":"2025-08-21T08:44:39","guid":{"rendered":"https:\/\/kamza.instant.al\/?page_id=20164"},"modified":"2025-09-24T14:06:46","modified_gmt":"2025-09-24T12:06:46","slug":"anetaret-e-keshillit","status":"publish","type":"page","link":"https:\/\/kamza.gov.al\/en\/keshilli\/rreth-keshillit-bashkiak\/anetaret-e-keshillit\/","title":{"rendered":"Council Members"},"content":{"rendered":"<div data-elementor-type=\"wp-page\" data-elementor-id=\"20164\" class=\"elementor elementor-20164\" data-elementor-post-type=\"page\">\n\t\t\t\t<div class=\"elementor-element elementor-element-35cf1f1 e-con-full e-flex e-con e-parent\" data-id=\"35cf1f1\" data-element_type=\"container\">\n\t\t\t\t<div class=\"elementor-element elementor-element-816a1a1 elementor-widget elementor-widget-template\" data-id=\"816a1a1\" data-element_type=\"widget\" data-widget_type=\"template.default\">\n\t\t\t\t<div class=\"elementor-widget-container\">\n\t\t\t\t\t\t\t<div class=\"elementor-template\">\r\n\t\t\t\t\t<div data-elementor-type=\"container\" data-elementor-id=\"20550\" class=\"elementor elementor-20550\" data-elementor-post-type=\"elementor_library\">\n\t\t\t\t<div class=\"elementor-element elementor-element-190c0c50 e-flex e-con-boxed e-con e-parent\" data-id=\"190c0c50\" data-element_type=\"container\" data-settings=\"{&quot;background_background&quot;:&quot;classic&quot;}\">\n\t\t\t\t\t<div class=\"e-con-inner\">\n\t\t\t\t<div class=\"elementor-element elementor-element-751afb5d elementor-widget elementor-widget-heading\" data-id=\"751afb5d\" data-element_type=\"widget\" data-widget_type=\"heading.default\">\n\t\t\t\t\t<h1 class=\"elementor-heading-title elementor-size-default\">Council Members<\/h1>\t\t\t\t<\/div>\n\t\t\t\t\t<\/div>\n\t\t\t\t<\/div>\n\t\t\t\t<\/div>\n\t\t\t\t<\/div>\r\n\t\t\t\t\t\t<\/div>\n\t\t\t\t<\/div>\n\t\t\t\t<\/div>\n\t\t<div class=\"elementor-element elementor-element-af5efd5 e-flex e-con-boxed e-con e-parent\" data-id=\"af5efd5\" data-element_type=\"container\">\n\t\t\t\t\t<div class=\"e-con-inner\">\n\t\t<div class=\"elementor-element elementor-element-3e67cb7 e-con-full e-flex e-con e-child\" data-id=\"3e67cb7\" data-element_type=\"container\" data-settings=\"{&quot;background_background&quot;:&quot;classic&quot;}\">\n\t\t\t\t<div class=\"elementor-element elementor-element-5994ab9 elementor-widget elementor-widget-heading\" data-id=\"5994ab9\" data-element_type=\"widget\" data-widget_type=\"heading.default\">\n\t\t\t\t\t<h2 class=\"elementor-heading-title elementor-size-default\">List of Kam\u00ebz Municipality councilors 2023 - 2027<\/h2>\t\t\t\t<\/div>\n\t\t\t\t<div class=\"elementor-element elementor-element-d27dadf elementor-widget elementor-widget-html\" data-id=\"d27dadf\" data-element_type=\"widget\" data-widget_type=\"html.default\">\n\t\t\t\t\t<style>\r\ntable {\r\n  width: 100%;\r\n  border-collapse: collapse;\r\n  font-family: 'Poppins', sans-serif;\r\n}\r\n\r\nth, td {\r\n  text-align: left;\r\n  padding: 8px;\r\n}\r\ntable td{\r\n    padding: 2% !important;\r\n}\r\n\r\nth{\r\n    background-color: #003c71;\r\n    color:white;\r\n}\r\n\r\n\/* Remove body borders *\/\r\ntbody td {\r\n  border: none;\r\n}\r\n\r\n\/* Email links: black, no underline *\/\r\ntd a {\r\n  color: #000 !important;\r\n  text-decoration: none !important;\r\n}\r\n\r\n\/* Email links hover effect *\/\r\ntd a:hover {\r\n  color: #cd2027 !important;\r\n  text-decoration: none !important;\r\n}\r\n\r\n\/* Make first column (Emri) bold *\/\r\ntbody td:first-child {\r\n  font-weight: 600;\r\n}\r\n\r\n\/* Responsive design: turn rows into stacked cards on mobile *\/\r\n@media screen and (max-width: 768px) {\r\n  table, thead, tbody, th, tr {\r\n    display: block;\r\n    width: 100%;\r\n  }\r\n\r\n  thead {\r\n    display: none; \/* hide headers *\/\r\n  }\r\n\r\n  tr {\r\n    margin-bottom: 0px; \/* reduce row spacing *\/\r\n    border-bottom: 1px solid #ddd;\r\n    padding-bottom: 0px;\r\n    background: #fff !important;\r\n  }\r\n\r\n  td {\r\n    display: block;\r\n    text-align: left;\r\n    padding: 2px 5px 2px 40%; \/* less top\/bottom, keep left\/right *\/\r\n    position: relative;\r\n  }\r\n\r\n  \/* Keep \"Emri\" bold in mobile stacked view *\/\r\n  td:first-child {\r\n    font-weight: 600;\r\n  }\r\n}\r\n\r\n\r\n<\/style>\r\n\r\n<table>\r\n  <thead>\r\n    <tr>\r\n      <th>Name<\/th>\r\n      <th>Party<\/th>\r\n      <th>Email<\/th>\r\n    <\/tr>\r\n  <\/thead>\r\n  <tbody>\r\n    <tr><td data-label=\"Emri\">Jamidiella \u00c7ipa<\/td><td data-label=\"Partia\">Socialist Party of Albania<\/td><td data-label=\"Email\"><a href=\"mailto:jamdiellacipa@yahoo.com\">jamdiellacipa@yahoo.com<\/a><\/td><\/tr>\r\n    <tr><td data-label=\"Emri\">Halil Koloshi<\/td><td data-label=\"Partia\">Socialist Party of Albania<\/td><td data-label=\"Email\"><a href=\"mailto:halilkoloshi@hotmail.com\">halilkoloshi@hotmail.com<\/a><\/td><\/tr>\r\n    <tr><td data-label=\"Emri\">Merita Prenga<\/td><td data-label=\"Partia\">Socialist Party of Albania<\/td><td data-label=\"Email\"><a href=\"mailto:merita_prenga@hotmail.com\">merita_prenga@hotmail.com<\/a><\/td><\/tr>\r\n    <tr><td data-label=\"Emri\">Dritan Bresa<\/td><td data-label=\"Partia\">Socialist Party of Albania<\/td><td data-label=\"Email\"><a href=\"mailto:dritan.bresa@yahoo.com\">dritan.bresa@yahoo.com<\/a><\/td><\/tr>\r\n    <tr><td data-label=\"Emri\">Nexhmie Rama<\/td><td data-label=\"Partia\">Socialist Party of Albania<\/td><td data-label=\"Email\"><a href=\"mailto:ramanexhi@gmail.com\">ramanexhi@gmail.com<\/a><\/td><\/tr>\r\n    <tr><td data-label=\"Emri\">Ismail Shehu<\/td><td data-label=\"Partia\">Socialist Party of Albania<\/td><td data-label=\"Email\"><a href=\"mailto:ismailshehu006@gmail.com\">ismailshehu006@gmail.com<\/a><\/td><\/tr>\r\n    <tr><td data-label=\"Emri\">Zamira Gor\u00e7e<\/td><td data-label=\"Partia\">Socialist Party of Albania<\/td><td data-label=\"Email\"><a href=\"mailto:zamira.sulejmani1@gmail.com\">zamira.sulejmani1@gmail.com<\/a><\/td><\/tr>\r\n    <tr><td data-label=\"Emri\">Durim Cani<\/td><td data-label=\"Partia\">Socialist Party of Albania<\/td><td data-label=\"Email\"><a href=\"mailto:durimcani88@live.com\">durimcani88@live.com<\/a><\/td><\/tr>\r\n    <tr><td data-label=\"Emri\">Almira Dina<\/td><td data-label=\"Partia\">Socialist Party of Albania<\/td><td data-label=\"Email\"><a href=\"mailto:almira.dina2023@gmail.com\">almira.dina2023@gmail.com<\/a><\/td><\/tr>\r\n    <tr><td data-label=\"Emri\">Edmond Dri\u00e7i<\/td><td data-label=\"Partia\">Socialist Party of Albania<\/td><td data-label=\"Email\"><a href=\"mailto:doktorikamez@yahoo.com\">doktorikamez@yahoo.com<\/a><\/td><\/tr>\r\n    <tr><td data-label=\"Emri\">Xhensila Durrsi<\/td><td data-label=\"Partia\">Socialist Party of Albania<\/td><td data-label=\"Email\"><a href=\"mailto:xhensila.durrsi@gmail.com\">xhensila.durrsi@gmail.com<\/a><\/td><\/tr>\r\n    <tr><td data-label=\"Emri\">Hysen Koldashi<\/td><td data-label=\"Partia\">Socialist Party of Albania<\/td><td data-label=\"Email\"><a href=\"mailto:koldashihysen68@gmail.com\">koldashihysen68@gmail.com<\/a><\/td><\/tr>\r\n    <tr><td data-label=\"Emri\">Diturie Ko\u00e7i<\/td><td data-label=\"Partia\">Socialist Party of Albania<\/td><td data-label=\"Email\"><a href=\"mailto:dituriekoci123@gmail.com\">dituriekoci123@gmail.com<\/a><\/td><\/tr>\r\n    <tr><td data-label=\"Emri\">Farudin Tarja<\/td><td data-label=\"Partia\">Socialist Party of Albania<\/td><td data-label=\"Email\"><a href=\"mailto:tarjadin@gmail.com\">tarjadin@gmail.com<\/a><\/td><\/tr>\r\n    <tr><td data-label=\"Emri\">Pranvera Lica<\/td><td data-label=\"Partia\">Socialist Party of Albania<\/td><td data-label=\"Email\"><a href=\"mailto:pranveralica00@gmail.com\">pranveralica00@gmail.com<\/a><\/td><\/tr>\r\n    <tr><td data-label=\"Emri\">Ermir Shahini<\/td><td data-label=\"Partia\">Socialist Party of Albania<\/td><td data-label=\"Email\"><a href=\"mailto:ermirshahini3e@gmail.com\">ermirshahini3e@gmail.com<\/a><\/td><\/tr>\r\n    <tr><td data-label=\"Emri\">Fabiola Braha<\/td><td data-label=\"Partia\">Socialist Party of Albania<\/td><td data-label=\"Email\"><a href=\"mailto:fabiolabraha5@gmail.com\">fabiolabraha5@gmail.com<\/a><\/td><\/tr>\r\n    <tr><td data-label=\"Emri\">Sajmir Kurti<\/td><td data-label=\"Partia\">Socialist Party of Albania<\/td><td data-label=\"Email\"><a href=\"mailto:kutisajmir2@gmail.com\">kutisajmir2@gmail.com<\/a><\/td><\/tr>\r\n    <tr><td data-label=\"Emri\">Anisa Sela<\/td><td data-label=\"Partia\">Socialist Party of Albania<\/td><td data-label=\"Email\"><a href=\"mailto:sela.anisa@hotmail.com\">sela.anisa@hotmail.com<\/a><\/td><\/tr>\r\n    <tr><td data-label=\"Emri\">Xhuljana Elezaj<\/td><td data-label=\"Partia\">Socialist Party of Albania<\/td><td data-label=\"Email\"><a href=\"mailto:elezajxhuljana@gmail.com\">elezajxhuljana@gmail.com<\/a><\/td><\/tr>\r\n    <tr><td data-label=\"Emri\">Valentina Llani<\/td><td data-label=\"Partia\">Socialist Party of Albania<\/td><td data-label=\"Email\"><a href=\"mailto:Valentinallani075@gmail.com\">Valentinallani075@gmail.com<\/a><\/td><\/tr>\r\n    <tr><td data-label=\"Emri\">Nazmi Cerpja<\/td><td data-label=\"Partia\">Social Democratic Party<\/td><td data-label=\"Email\"><\/td><\/tr>\r\n    <tr><td data-label=\"Emri\">Valbona Nika<\/td><td data-label=\"Partia\">Social Democratic Party<\/td><td data-label=\"Email\"><a href=\"mailto:valbonanika082@gmail.com\">valbonanika082@gmail.com<\/a><\/td><\/tr>\r\n    <tr><td data-label=\"Emri\">Enver Buci<\/td><td data-label=\"Partia\">Together We Win<\/td><td data-label=\"Email\"><a href=\"mailto:enverbuci77@gmail.com\">enverbuci77@gmail.com<\/a><\/td><\/tr>\r\n    <tr><td data-label=\"Emri\">Zelihe Troci<\/td><td data-label=\"Partia\">Together We Win<\/td><td data-label=\"Email\"><a href=\"mailto:troci.zelie@hotmail.com\">troci.zelie@hotmail.com<\/a><\/td><\/tr>\r\n    <tr><td data-label=\"Emri\">Faik Basha<\/td><td data-label=\"Partia\">Together We Win<\/td><td data-label=\"Email\"><a href=\"mailto:faikbasha85@gmail.com\">faikbasha85@gmail.com<\/a><\/td><\/tr>\r\n    <tr><td data-label=\"Emri\">Preng Marku<\/td><td data-label=\"Partia\">Together We Win<\/td><td data-label=\"Email\"><a href=\"mailto:prengmarku63@gmail.com\">prengmarku63@gmail.com<\/a><\/td><\/tr>\r\n    <tr><td data-label=\"Emri\">Edlisanda Gjuta<\/td><td data-label=\"Partia\">Together We Win<\/td><td data-label=\"Email\"><a href=\"mailto:Edlisan.djuta@gmail.com\">Edlisanda.gjuta@gmail.com<\/a><\/td><\/tr>\r\n    <tr><td data-label=\"Emri\">Alfred Halilaj<\/td><td data-label=\"Partia\">Together We Win<\/td><td data-label=\"Email\"><a href=\"mailto:alfredhalilaj@yahoo.com\">alfredhalilaj@yahoo.com<\/a><\/td><\/tr>\r\n    <tr><td data-label=\"Emri\">Bardhok Osmani<\/td><td data-label=\"Partia\">Together We Win<\/td><td data-label=\"Email\"><a href=\"mailto:bardhokosmani@icloud.com\">bardhokosmani@icloud.com<\/a><\/td><\/tr>\r\n    <tr><td data-label=\"Emri\">Arlinda Tafa<\/td><td data-label=\"Partia\">Together We Win<\/td><td data-label=\"Email\"><a href=\"mailto:Arlindatafa2004@gmail.com\">Arlindatafa2004@gmail.com<\/a><\/td><\/tr>\r\n    <tr><td data-label=\"Emri\">Shk\u00eblqim Kosiqi<\/td><td data-label=\"Partia\">Together We Win<\/td><td data-label=\"Email\"><a href=\"mailto:cimi1963@icloud.com\">cimi1963@icloud.com<\/a><\/td><\/tr>\r\n    <tr><td data-label=\"Emri\">Munir Shehu<\/td><td data-label=\"Partia\">Democratic Party<\/td><td data-label=\"Email\"><a href=\"mailto:munir_shehu@yahoo.com\">munir_shehu@yahoo.com<\/a><\/td><\/tr>\r\n    <tr><td data-label=\"Emri\">Mimoza Lusha<\/td><td data-label=\"Partia\">Democratic Party<\/td><td data-label=\"Email\"><a href=\"mailto:mimozalusha30@gmail.com\">mimozalusha30@gmail.com<\/a><\/td><\/tr>\r\n    <tr><td data-label=\"Emri\">Havzi Ahmati<\/td><td data-label=\"Partia\">Democratic Party<\/td><td data-label=\"Email\"><a href=\"mailto:ahmatiavzi@gmail.com\">ahmatiavzi@gmail.com<\/a><\/td><\/tr>\r\n    <tr><td data-label=\"Emri\">Kapllan Troci<\/td><td data-label=\"Partia\">The New Democratic Spirit<\/td><td data-label=\"Email\"><\/td><\/tr>\r\n    <tr><td data-label=\"Emri\">Zamira Jata<\/td><td data-label=\"Partia\">The New Democratic Spirit<\/td><td data-label=\"Email\"><a href=\"mailto:zamira20@gmail.com\">zamira20@gmail.com<\/a><\/td><\/tr>\r\n    <tr><td data-label=\"Emri\">Albana Xhika<\/td><td data-label=\"Partia\">Albanian Republican Party<\/td><td data-label=\"Email\"><a href=\"mailto:albanaxhika@icloud.com\">albanaxhika@icloud.com<\/a><\/td><\/tr>\r\n    <tr><td data-label=\"Emri\">Fatmir Kupalaj<\/td><td data-label=\"Partia\">Agrarian Environmentalist Party<\/td><td data-label=\"Email\"><a href=\"mailto:fatmirkupalaj@gmail.com\">fatmirkuplaj@gmail.com<\/a><\/td><\/tr>\r\n    <tr><td data-label=\"Emri\">Petrit Gjorgjaj<\/td><td data-label=\"Partia\">Liberal Right Alliance<\/td><td data-label=\"Email\"><a href=\"mailto:giorgi19@gmail.com\">giorgi19@gmail.com<\/a><\/td><\/tr>\r\n    <tr><td data-label=\"Emri\">Nazif Sulaj<\/td><td data-label=\"Partia\">Legality Movement Party<\/td><td data-label=\"Email\"><a href=\"mailto:nazifsulaj@gmail.com\">nazifsulaj@gmail.com<\/a><\/td><\/tr>\r\n  <\/tbody>\r\n<\/table>\r\n\t\t\t\t<\/div>\n\t\t\t\t<\/div>\n\t\t\t\t\t<\/div>\n\t\t\t\t<\/div>\n\t\t\t\t<\/div>","protected":false},"excerpt":{"rendered":"<p>Lista e k\u00ebshilltar\u00ebve t\u00eb Bashkis\u00eb Kam\u00ebz 2023 &#8211; 2027 Emri Partia Email Jamidiella \u00c7ipa Partia Socialiste e Shqip\u00ebris\u00eb jamdiellacipa@yahoo.com Halil Koloshi Partia Socialiste e Shqip\u00ebris\u00eb halilkoloshi@hotmail.com Merita Prenga Partia Socialiste e Shqip\u00ebris\u00eb merita_prenga@hotmail.com Dritan Bresa Partia Socialiste e Shqip\u00ebris\u00eb dritan.bresa@yahoo.com Nexhmie Rama Partia Socialiste e Shqip\u00ebris\u00eb ramanexhi@gmail.com Ismail Shehu Partia Socialiste e Shqip\u00ebris\u00eb ismailshehu006@gmail.com Zamira [&hellip;]<\/p>","protected":false},"author":1,"featured_media":0,"parent":249,"menu_order":0,"comment_status":"closed","ping_status":"closed","template":"","meta":{"_acf_changed":false,"footnotes":""},"class_list":["post-20164","page","type-page","status-publish","hentry"],"acf":[],"_links":{"self":[{"href":"https:\/\/kamza.gov.al\/en\/wp-json\/wp\/v2\/pages\/20164","targetHints":{"allow":["GET"]}}],"collection":[{"href":"https:\/\/kamza.gov.al\/en\/wp-json\/wp\/v2\/pages"}],"about":[{"href":"https:\/\/kamza.gov.al\/en\/wp-json\/wp\/v2\/types\/page"}],"author":[{"embeddable":true,"href":"https:\/\/kamza.gov.al\/en\/wp-json\/wp\/v2\/users\/1"}],"replies":[{"embeddable":true,"href":"https:\/\/kamza.gov.al\/en\/wp-json\/wp\/v2\/comments?post=20164"}],"version-history":[{"count":50,"href":"https:\/\/kamza.gov.al\/en\/wp-json\/wp\/v2\/pages\/20164\/revisions"}],"predecessor-version":[{"id":22950,"href":"https:\/\/kamza.gov.al\/en\/wp-json\/wp\/v2\/pages\/20164\/revisions\/22950"}],"up":[{"embeddable":true,"href":"https:\/\/kamza.gov.al\/en\/wp-json\/wp\/v2\/pages\/249"}],"wp:attachment":[{"href":"https:\/\/kamza.gov.al\/en\/wp-json\/wp\/v2\/media?parent=20164"}],"curies":[{"name":"wp","href":"https:\/\/api.w.org\/{rel}","templated":true}]}}