{"id":20099,"date":"2025-08-21T08:05:28","date_gmt":"2025-08-21T08:05:28","guid":{"rendered":"https:\/\/kamza.instant.al\/?page_id=20099"},"modified":"2025-11-06T14:15:55","modified_gmt":"2025-11-06T13:15:55","slug":"funksionet","status":"publish","type":"page","link":"https:\/\/kamza.gov.al\/en\/bashkia\/kryetari\/funksionet\/","title":{"rendered":"Functions"},"content":{"rendered":"<div data-elementor-type=\"wp-page\" data-elementor-id=\"20099\" class=\"elementor elementor-20099\" data-elementor-post-type=\"page\">\n\t\t\t\t<div class=\"elementor-element elementor-element-8bcacd7 e-con-full e-flex e-con e-parent\" data-id=\"8bcacd7\" data-element_type=\"container\">\n\t\t\t\t<div class=\"elementor-element elementor-element-b5a95a4 elementor-widget elementor-widget-template\" data-id=\"b5a95a4\" data-element_type=\"widget\" data-widget_type=\"template.default\">\n\t\t\t\t<div class=\"elementor-widget-container\">\n\t\t\t\t\t\t\t<div class=\"elementor-template\">\r\n\t\t\t\t\t<div data-elementor-type=\"container\" data-elementor-id=\"20550\" class=\"elementor elementor-20550\" data-elementor-post-type=\"elementor_library\">\n\t\t\t\t<div class=\"elementor-element elementor-element-190c0c50 e-flex e-con-boxed e-con e-parent\" data-id=\"190c0c50\" data-element_type=\"container\" data-settings=\"{&quot;background_background&quot;:&quot;classic&quot;}\">\n\t\t\t\t\t<div class=\"e-con-inner\">\n\t\t\t\t<div class=\"elementor-element elementor-element-751afb5d elementor-widget elementor-widget-heading\" data-id=\"751afb5d\" data-element_type=\"widget\" data-widget_type=\"heading.default\">\n\t\t\t\t\t<h1 class=\"elementor-heading-title elementor-size-default\">Functions<\/h1>\t\t\t\t<\/div>\n\t\t\t\t\t<\/div>\n\t\t\t\t<\/div>\n\t\t\t\t<\/div>\n\t\t\t\t<\/div>\r\n\t\t\t\t\t\t<\/div>\n\t\t\t\t<\/div>\n\t\t\t\t<\/div>\n\t\t<div class=\"elementor-element elementor-element-50ff1dc e-flex e-con-boxed e-con e-parent\" data-id=\"50ff1dc\" data-element_type=\"container\">\n\t\t\t\t\t<div class=\"e-con-inner\">\n\t\t\t\t<div class=\"elementor-element elementor-element-13bb523 elementor-widget elementor-widget-heading\" data-id=\"13bb523\" data-element_type=\"widget\" data-widget_type=\"heading.default\">\n\t\t\t\t\t<h2 class=\"elementor-heading-title elementor-size-default\">The Mayor of the Municipality or Commune<\/h2>\t\t\t\t<\/div>\n\t\t\t\t<div class=\"elementor-element elementor-element-ad6cead elementor-widget elementor-widget-text-editor\" data-id=\"ad6cead\" data-element_type=\"widget\" data-widget_type=\"text-editor.default\">\n\t\t\t\t\t\t\t\t\t<p class=\"translation-block\">1. Each commune or municipality has its mayor, elected every three years through general, direct, and secret-ballot elections, in accordance with the procedures established by the Electoral Code of the Republic of Albania.<br>2. In performing his functions and exercising his competencies, the mayor of a commune or municipality is assisted by one or more deputy mayors. The number of deputy mayors is determined by the communal or municipal council, and their appointment and dismissal are made by the mayor of the commune or municipality.<\/p>\t\t\t\t\t\t\t\t<\/div>\n\t\t\t\t<div class=\"elementor-element elementor-element-9bbb3f6 elementor-widget elementor-widget-heading\" data-id=\"9bbb3f6\" data-element_type=\"widget\" data-widget_type=\"heading.default\">\n\t\t\t\t\t<h2 class=\"elementor-heading-title elementor-size-default\"><span style=\"color:#CD2027\">Article 40 -<\/span> The Mandate of the Mayor of a Commune or Municipality\n<\/h2>\t\t\t\t<\/div>\n\t\t\t\t<div class=\"elementor-element elementor-element-063dd97 elementor-widget elementor-widget-text-editor\" data-id=\"063dd97\" data-element_type=\"widget\" data-widget_type=\"text-editor.default\">\n\t\t\t\t\t\t\t\t\t<p class=\"translation-block\">1. The mandate of the mayor of the commune or municipality shall be confirmed by the court in whose jurisdiction the respective commune or municipality is included, within 20 days from the date of the announcement of the result of his election.<br>2. The declaration of the invalidity of the mayor's mandate shall be made when it is observed that the conditions under Article 45 of the Constitution and Article 10 of the Electoral Code of the Republic of Albania are not met.<br>3. The declaration of the validity of the mandate of the mayor of the commune or municipality shall be made at the first meeting of the respective municipal or municipal council, where the mayor shall take the oath according to the formula set out in Article 28 of this law and sign it.<br>4. The exercise of the mandate of the mayor of the commune or municipality shall begin at the moment he takes the oath and end when the successor mayor takes the oath.<br>5. In the event that the municipal or communal council does not convene within 30 days from the date of the announcement of the election results by the Central Election Commission, the prefect organizes the swearing-in ceremony of the mayor of the municipality or commune in the premises of the municipality or commune and in the presence of the residents of the respective unit.<\/p>\t\t\t\t\t\t\t\t<\/div>\n\t\t\t\t<div class=\"elementor-element elementor-element-2bb5a21 elementor-widget elementor-widget-heading\" data-id=\"2bb5a21\" data-element_type=\"widget\" data-widget_type=\"heading.default\">\n\t\t\t\t\t<h2 class=\"elementor-heading-title elementor-size-default\"><span style=\"color:#CD2027\">Article 44 \u2013<\/span> Competencies and Duties of the Mayor of a Commune or Municipality<\/h2>\t\t\t\t<\/div>\n\t\t\t\t<div class=\"elementor-element elementor-element-83df8de elementor-widget elementor-widget-text-editor\" data-id=\"83df8de\" data-element_type=\"widget\" data-widget_type=\"text-editor.default\">\n\t\t\t\t\t\t\t\t\t<p class=\"translation-block\">The mayor of a commune or municipality:<br>a) exercises all competencies in carrying out the functions of the commune or municipality, except those that fall exclusively under the authority of the respective council;<br>b) implements the acts of the council;<br>c) takes measures to prepare the materials for the meetings of the communal or municipal council, in accordance with the agenda set by the council, as well as for issues he deems necessary;<br>\u00e7) reports to the council on the economic and financial situation at least every six months or more frequently, whenever requested by the council;<br>d) reports to the council whenever requested on other issues related to the functions of the commune or municipality;<br>dh) is a member of the district council;<br>e) appoints and dismisses the deputy mayor(s) of the commune or municipality;<br>\u00eb) appoints and dismisses the heads of enterprises and institutions under his authority;<br>f) appoints and dismisses other non-managerial staff of the structures and units under the commune or municipality, except where otherwise provided by Law No. 8549, dated 11.11.1999 \u201cStatus of Civil Servants.\u201d<\/p>\t\t\t\t\t\t\t\t<\/div>\n\t\t\t\t\t<\/div>\n\t\t\t\t<\/div>\n\t\t\t\t<\/div>","protected":false},"excerpt":{"rendered":"<p>Kryetari i komun\u00ebs ose i bashkis\u00eb 1\u00a0.\u00a0\u00c7do komun\u00eb ose bashki ka kryetarin e saj t\u00eb zgjedhur \u00e7do tre vjet n\u00eb zgjedhje t\u00eb p\u00ebrgjithshme, t\u00eb drejtp\u00ebrdrejta dhe me votim t\u00eb fsheht\u00eb, sipas m\u00ebnyr\u00ebs s\u00eb parashikuar n\u00eb Kodin Zgjedhor t\u00eb Republik\u00ebs s\u00eb Shqip\u00ebris\u00eb.2.\u00a0Kryetari i komun\u00ebs ose bashkis\u00eb, n\u00eb kryerjen e funksioneve dhe ushtrimin e kompetencave t\u00eb tij, [&hellip;]<\/p>","protected":false},"author":1,"featured_media":0,"parent":251,"menu_order":0,"comment_status":"closed","ping_status":"closed","template":"","meta":{"_acf_changed":false,"footnotes":""},"class_list":["post-20099","page","type-page","status-publish","hentry"],"acf":[],"_links":{"self":[{"href":"https:\/\/kamza.gov.al\/en\/wp-json\/wp\/v2\/pages\/20099","targetHints":{"allow":["GET"]}}],"collection":[{"href":"https:\/\/kamza.gov.al\/en\/wp-json\/wp\/v2\/pages"}],"about":[{"href":"https:\/\/kamza.gov.al\/en\/wp-json\/wp\/v2\/types\/page"}],"author":[{"embeddable":true,"href":"https:\/\/kamza.gov.al\/en\/wp-json\/wp\/v2\/users\/1"}],"replies":[{"embeddable":true,"href":"https:\/\/kamza.gov.al\/en\/wp-json\/wp\/v2\/comments?post=20099"}],"version-history":[{"count":24,"href":"https:\/\/kamza.gov.al\/en\/wp-json\/wp\/v2\/pages\/20099\/revisions"}],"predecessor-version":[{"id":24467,"href":"https:\/\/kamza.gov.al\/en\/wp-json\/wp\/v2\/pages\/20099\/revisions\/24467"}],"up":[{"embeddable":true,"href":"https:\/\/kamza.gov.al\/en\/wp-json\/wp\/v2\/pages\/251"}],"wp:attachment":[{"href":"https:\/\/kamza.gov.al\/en\/wp-json\/wp\/v2\/media?parent=20099"}],"curies":[{"name":"wp","href":"https:\/\/api.w.org\/{rel}","templated":true}]}}