{"id":20097,"date":"2025-08-21T08:03:35","date_gmt":"2025-08-21T08:03:35","guid":{"rendered":"https:\/\/kamza.instant.al\/?page_id=20097"},"modified":"2025-10-27T09:38:06","modified_gmt":"2025-10-27T08:38:06","slug":"cv-e-kryetarit","status":"publish","type":"page","link":"https:\/\/kamza.gov.al\/en\/bashkia\/kryetari\/cv-e-kryetarit\/","title":{"rendered":"Mayor's CV"},"content":{"rendered":"<div data-elementor-type=\"wp-page\" data-elementor-id=\"20097\" class=\"elementor elementor-20097\" data-elementor-post-type=\"page\">\n\t\t\t\t<div class=\"elementor-element elementor-element-df501ed e-con-full e-flex e-con e-parent\" data-id=\"df501ed\" data-element_type=\"container\">\n\t\t\t\t<div class=\"elementor-element elementor-element-9bd1364 elementor-widget elementor-widget-template\" data-id=\"9bd1364\" data-element_type=\"widget\" data-widget_type=\"template.default\">\n\t\t\t\t<div class=\"elementor-widget-container\">\n\t\t\t\t\t\t\t<div class=\"elementor-template\">\r\n\t\t\t\t\t<div data-elementor-type=\"container\" data-elementor-id=\"20550\" class=\"elementor elementor-20550\" data-elementor-post-type=\"elementor_library\">\n\t\t\t\t<div class=\"elementor-element elementor-element-190c0c50 e-flex e-con-boxed e-con e-parent\" data-id=\"190c0c50\" data-element_type=\"container\" data-settings=\"{&quot;background_background&quot;:&quot;classic&quot;}\">\n\t\t\t\t\t<div class=\"e-con-inner\">\n\t\t\t\t<div class=\"elementor-element elementor-element-751afb5d elementor-widget elementor-widget-heading\" data-id=\"751afb5d\" data-element_type=\"widget\" data-widget_type=\"heading.default\">\n\t\t\t\t\t<h1 class=\"elementor-heading-title elementor-size-default\">Mayor's CV<\/h1>\t\t\t\t<\/div>\n\t\t\t\t\t<\/div>\n\t\t\t\t<\/div>\n\t\t\t\t<\/div>\n\t\t\t\t<\/div>\r\n\t\t\t\t\t\t<\/div>\n\t\t\t\t<\/div>\n\t\t\t\t<\/div>\n\t\t<div class=\"elementor-element elementor-element-5d397f8 e-flex e-con-boxed e-con e-parent\" data-id=\"5d397f8\" data-element_type=\"container\">\n\t\t\t\t\t<div class=\"e-con-inner\">\n\t\t<div class=\"elementor-element elementor-element-412f578 e-con-full e-flex e-con e-child\" data-id=\"412f578\" data-element_type=\"container\">\n\t\t\t\t<div class=\"elementor-element elementor-element-41748de elementor-widget elementor-widget-heading\" data-id=\"41748de\" data-element_type=\"widget\" data-widget_type=\"heading.default\">\n\t\t\t\t\t<h2 class=\"elementor-heading-title elementor-size-default\">RAKIP SULI \u2013 Mayor of Kam\u00ebz Municipality<\/h2>\t\t\t\t<\/div>\n\t\t\t\t<div class=\"elementor-element elementor-element-96 elementor-widget elementor-widget-global elementor-global-96 elementor-widget-html\" data-id=\"96\" data-element_type=\"widget\" data-widget_type=\"html.default\">\n\t\t\t\t\t<style>\r\n    .divider-left-highlight {\r\n      height: 4px;\r\n      width: 80px;\r\n      background: linear-gradient(to right, #cd2027 15%, transparent 100%);\r\n\r\n    }\r\n  <\/style>\r\n  <div class=\"divider-left-highlight\"><\/div>\r\n\r\n\t\t\t\t<\/div>\n\t\t\t\t<div class=\"elementor-element elementor-element-cb13fb4 elementor-widget elementor-widget-text-editor\" data-id=\"cb13fb4\" data-element_type=\"widget\" data-widget_type=\"text-editor.default\">\n\t\t\t\t\t\t\t\t\t<div class=\"info\">Rakip Suli was born in Dib\u00ebr on September 22, 1965.<\/div><div>\u00a0<\/div><div class=\"info\">He completed his higher studies at the Faculty of Law, \u201cLuigj Gurakuqi\u201d University in Shkod\u00ebr. He also holds a Master of Science degree from the same university in \u201cPrivate and Business Law.\u201d<\/div><div>\u00a0<\/div><div class=\"info\">During the 2013\u20132017 and 2017\u20132019 legislatures, he served as a Member of the Parliament of Albania for the Socialist Party of Albania, representing the Tirana District. During this time, he was a member of the Committee on Productive Activity, Trade and Environment, as well as Chairman of the Albania\u2013Czech Republic Friendship Group.\n\nBefore serving as a Member of Parliament, Mr. Suli was engaged in private entrepreneurship and business.<\/div><div>\u00a0<\/div><div class=\"info\">Mr. Suli has stood out in promoting and strengthening the values of his place of origin, by co-founding and serving as Deputy Chairman of the Association of Dibra Intellectuals from 2006 to 2010. During the same period, he also served as Chairman of the Editorial Board of the newspaper Rruga e Arb\u00ebrit.<\/div><p>Mr. Suli is a supporter and sponsor of various philanthropic as well as artistic and cultural activities, including supporting Oda Dibrane, the technical-scientific forum for the construction of the Arb\u00ebr Road, and various publicistic publications.<\/p><p>Mr. Suli holds the title of Honorary Citizen of the Municipality of Fush\u00eb-Alie, awarded in 2003, as well as the Emblem of Gratitude from the \u201cKorabi Sports Club\u201d in 2005.<\/p>\t\t\t\t\t\t\t\t<\/div>\n\t\t\t\t<\/div>\n\t\t<div class=\"elementor-element elementor-element-decbe3a e-con-full e-flex e-con e-child\" data-id=\"decbe3a\" data-element_type=\"container\">\n\t\t\t\t<div class=\"elementor-element elementor-element-866e765 elementor-widget elementor-widget-image\" data-id=\"866e765\" data-element_type=\"widget\" data-widget_type=\"image.default\">\n\t\t\t\t\t\t\t\t\t\t\t\t\t\t\t<img fetchpriority=\"high\" decoding=\"async\" width=\"688\" height=\"866\" src=\"https:\/\/kamza.gov.al\/wp-content\/uploads\/2025\/08\/Kryetari-i-bashkise-rakip-suli.webp\" class=\"attachment-full size-full wp-image-20533\" alt=\"\" srcset=\"https:\/\/kamza.gov.al\/wp-content\/uploads\/2025\/08\/Kryetari-i-bashkise-rakip-suli.webp 688w, https:\/\/kamza.gov.al\/wp-content\/uploads\/2025\/08\/Kryetari-i-bashkise-rakip-suli-238x300.webp 238w, https:\/\/kamza.gov.al\/wp-content\/uploads\/2025\/08\/Kryetari-i-bashkise-rakip-suli-10x12.webp 10w\" sizes=\"(max-width: 688px) 100vw, 688px\" \/>\t\t\t\t\t\t\t\t\t\t\t\t\t\t\t<\/div>\n\t\t\t\t<\/div>\n\t\t<div class=\"elementor-element elementor-element-b409fa5 e-con-full e-flex e-con e-child\" data-id=\"b409fa5\" data-element_type=\"container\">\n\t\t<div class=\"elementor-element elementor-element-47c542a e-con-full e-flex e-con e-child\" data-id=\"47c542a\" data-element_type=\"container\">\n\t\t\t\t<div class=\"elementor-element elementor-element-0e742dd elementor-widget__width-inherit elementor-widget elementor-widget-heading\" data-id=\"0e742dd\" data-element_type=\"widget\" data-widget_type=\"heading.default\">\n\t\t\t\t\t<h2 class=\"elementor-heading-title elementor-size-default\">Mayor's Notices<\/h2>\t\t\t\t<\/div>\n\t\t\t\t<div class=\"elementor-element elementor-element-96890bb elementor-align-right elementor-widget elementor-widget-button\" data-id=\"96890bb\" data-element_type=\"widget\" data-widget_type=\"button.default\">\n\t\t\t\t\t\t\t\t\t\t<a class=\"elementor-button elementor-button-link elementor-size-sm\" href=\"https:\/\/kamza.gov.al\/en\/category\/njoftime-kryetari\/\">\n\t\t\t\t\t\t<span class=\"elementor-button-content-wrapper\">\n\t\t\t\t\t\t\t\t\t<span class=\"elementor-button-text\">View all<\/span>\n\t\t\t\t\t<\/span>\n\t\t\t\t\t<\/a>\n\t\t\t\t\t\t\t\t<\/div>\n\t\t\t\t<\/div>\n\t\t\t\t<div class=\"elementor-element elementor-element-3873260 elementor-grid-4 elementor-grid-tablet-2 elementor-grid-mobile-1 elementor-widget elementor-widget-loop-grid\" data-id=\"3873260\" data-element_type=\"widget\" data-settings=\"{&quot;template_id&quot;:&quot;20970&quot;,&quot;columns&quot;:4,&quot;_skin&quot;:&quot;post&quot;,&quot;columns_tablet&quot;:&quot;2&quot;,&quot;columns_mobile&quot;:&quot;1&quot;,&quot;edit_handle_selector&quot;:&quot;[data-elementor-type=\\&quot;loop-item\\&quot;]&quot;,&quot;row_gap&quot;:{&quot;unit&quot;:&quot;px&quot;,&quot;size&quot;:&quot;&quot;,&quot;sizes&quot;:[]},&quot;row_gap_laptop&quot;:{&quot;unit&quot;:&quot;px&quot;,&quot;size&quot;:&quot;&quot;,&quot;sizes&quot;:[]},&quot;row_gap_tablet&quot;:{&quot;unit&quot;:&quot;px&quot;,&quot;size&quot;:&quot;&quot;,&quot;sizes&quot;:[]},&quot;row_gap_mobile&quot;:{&quot;unit&quot;:&quot;px&quot;,&quot;size&quot;:&quot;&quot;,&quot;sizes&quot;:[]}}\" data-widget_type=\"loop-grid.post\">\n\t\t\t\t<div class=\"elementor-widget-container\">\n\t\t\t\t\t\t\t<div class=\"elementor-loop-container elementor-grid\" role=\"list\">\r\n\t\t<style id=\"loop-20970\">.elementor-20970 .elementor-element.elementor-element-e8d1192{--display:flex;--flex-direction:column;--container-widget-width:100%;--container-widget-height:initial;--container-widget-flex-grow:0;--container-widget-align-self:initial;--flex-wrap-mobile:wrap;--justify-content:flex-start;--gap:0px 0px;--row-gap:0px;--column-gap:0px;border-style:solid;--border-style:solid;border-width:1px 1px 1px 1px;--border-top-width:1px;--border-right-width:1px;--border-bottom-width:1px;--border-left-width:1px;border-color:var( --e-global-color-b661637 );--border-color:var( --e-global-color-b661637 );--padding-top:0px;--padding-bottom:15px;--padding-left:0px;--padding-right:0px;}.elementor-20970 .elementor-element.elementor-element-e8d1192:hover{border-style:solid;border-width:1px 1px 1px 1px;--border-top-width:1px;--border-right-width:1px;--border-bottom-width:1px;--border-left-width:1px;border-color:#ACC4DB;--border-color:#ACC4DB;}.elementor-20970 .elementor-element.elementor-element-e8d1192, .elementor-20970 .elementor-element.elementor-element-e8d1192::before{--border-transition:0.3s;}.elementor-widget-theme-post-title .elementor-heading-title{font-family:var( --e-global-typography-primary-font-family ), Sans-serif;font-weight:var( --e-global-typography-primary-font-weight );color:var( --e-global-color-primary );}.elementor-20970 .elementor-element.elementor-element-d0dbd7c{padding:15px 15px 0px 15px;}.elementor-20970 .elementor-element.elementor-element-d0dbd7c.elementor-element{--flex-grow:1;--flex-shrink:0;}.elementor-20970 .elementor-element.elementor-element-d0dbd7c .elementor-heading-title{font-family:\"Poppins\", Sans-serif;font-size:16px;font-weight:600;line-height:17px;color:var( --e-global-color-text );}.elementor-widget-theme-post-excerpt{font-family:var( --e-global-typography-text-font-family ), Sans-serif;font-weight:var( --e-global-typography-text-font-weight );color:var( --e-global-color-text );}.elementor-20970 .elementor-element.elementor-element-274c3ff{padding:10px 15px 0px 15px;text-align:justify;font-family:\"Poppins\", Sans-serif;font-size:15px;font-weight:400;color:var( --e-global-color-secondary );}.elementor-20970 .elementor-element.elementor-element-274c3ff.elementor-element{--flex-grow:1;--flex-shrink:0;}.elementor-widget-button .elementor-button{background-color:var( --e-global-color-accent );font-family:var( --e-global-typography-accent-font-family ), Sans-serif;font-weight:var( --e-global-typography-accent-font-weight );}.elementor-20970 .elementor-element.elementor-element-9a2ec73 .elementor-button{background-color:#FDFDFD00;font-family:\"Poppins\", Sans-serif;font-size:13px;font-weight:500;text-transform:uppercase;fill:var( --e-global-color-accent );color:var( --e-global-color-accent );padding:0px 0px 0px 0px;}.elementor-20970 .elementor-element.elementor-element-9a2ec73{padding:0px 0px 0px 15px;}.elementor-20970 .elementor-element.elementor-element-9a2ec73 .elementor-button-content-wrapper{flex-direction:row-reverse;}.elementor-20970 .elementor-element.elementor-element-9a2ec73 .elementor-button .elementor-button-content-wrapper{gap:7px;}<\/style>\t\t<div data-elementor-type=\"loop-item\" data-elementor-id=\"20970\" class=\"elementor elementor-20970 e-loop-item e-loop-item-26098 post-26098 post type-post status-publish format-standard has-post-thumbnail hentry category-arkiva-e-lajmeve category-kryesore category-njoftime-kryetari\" data-elementor-post-type=\"elementor_library\" data-custom-edit-handle=\"1\">\r\n\t\t\t<div class=\"elementor-element elementor-element-e8d1192 e-flex e-con-boxed e-con e-parent\" data-id=\"e8d1192\" data-element_type=\"container\">\n\t\t\t\t\t<div class=\"e-con-inner\">\n\t\t\t\t<div class=\"elementor-element elementor-element-d0dbd7c elementor-widget elementor-widget-theme-post-title elementor-page-title elementor-widget-heading\" data-id=\"d0dbd7c\" data-element_type=\"widget\" data-widget_type=\"theme-post-title.default\">\n\t\t\t\t\t<h1 class=\"elementor-heading-title elementor-size-default\"><a href=\"https:\/\/kamza.gov.al\/en\/kryebashkiaku-z-rakip-suli-zhvillon-takime-konsultuese-me-bizneset-e-lagjes-1-lagjes-2-paskuqanit-dhe-bathores-per-projekt-buxhetin-2026\/\">Kryebashkiaku Z.Rakip Suli zhvillon takime konsultuese me bizneset e Lagjes 1, Lagjes 2, Paskuqanit dhe Bathores, p\u00ebr projekt-buxhetin 2026<\/a><\/h1>\t\t\t\t<\/div>\n\t\t\t\t<div class=\"elementor-element elementor-element-274c3ff elementor-widget elementor-widget-theme-post-excerpt\" data-id=\"274c3ff\" data-element_type=\"widget\" data-widget_type=\"theme-post-excerpt.default\">\n\t\t\t\t\t<p>Gjat\u00eb takimeve me bizneset e Lagjes 1, Lagjes 2, Paskuqanit dhe Bathores, ku zhvilluam nj\u00eb bised\u00eb t\u00eb hapur duke shk\u00ebmbyer...\t\t\t\t<\/div>\n\t\t\t\t<div class=\"elementor-element elementor-element-9a2ec73 elementor-widget elementor-widget-button\" data-id=\"9a2ec73\" data-element_type=\"widget\" data-widget_type=\"button.default\">\n\t\t\t\t\t\t\t\t\t\t<a class=\"elementor-button elementor-button-link elementor-size-sm\" href=\"https:\/\/kamza.gov.al\/en\/kryebashkiaku-z-rakip-suli-zhvillon-takime-konsultuese-me-bizneset-e-lagjes-1-lagjes-2-paskuqanit-dhe-bathores-per-projekt-buxhetin-2026\/\">\n\t\t\t\t\t\t<span class=\"elementor-button-content-wrapper\">\n\t\t\t\t\t\t<span class=\"elementor-button-icon\">\n\t\t\t\t<svg aria-hidden=\"true\" class=\"e-font-icon-svg e-fas-angle-double-right\" viewbox=\"0 0 448 512\" xmlns=\"http:\/\/www.w3.org\/2000\/svg\"><path d=\"M224.3 273l-136 136c-9.4 9.4-24.6 9.4-33.9 0l-22.6-22.6c-9.4-9.4-9.4-24.6 0-33.9l96.4-96.4-96.4-96.4c-9.4-9.4-9.4-24.6 0-33.9L54.3 103c9.4-9.4 24.6-9.4 33.9 0l136 136c9.5 9.4 9.5 24.6.1 34zm192-34l-136-136c-9.4-9.4-24.6-9.4-33.9 0l-22.6 22.6c-9.4 9.4-9.4 24.6 0 33.9l96.4 96.4-96.4 96.4c-9.4 9.4-9.4 24.6 0 33.9l22.6 22.6c9.4 9.4 24.6 9.4 33.9 0l136-136c9.4-9.2 9.4-24.4 0-33.8z\"><\/path><\/svg>\t\t\t<\/span>\n\t\t\t\t\t\t\t\t\t<span class=\"elementor-button-text\">Read more<\/span>\n\t\t\t\t\t<\/span>\n\t\t\t\t\t<\/a>\n\t\t\t\t\t\t\t\t<\/div>\n\t\t\t\t\t<\/div>\n\t\t\t\t<\/div>\n\t\t\t\t<\/div>\r\n\t\t\t\t<div data-elementor-type=\"loop-item\" data-elementor-id=\"20970\" class=\"elementor elementor-20970 e-loop-item e-loop-item-26085 post-26085 post type-post status-publish format-standard has-post-thumbnail hentry category-arkiva-e-lajmeve category-kryesore category-njoftime-kryetari\" data-elementor-post-type=\"elementor_library\" data-custom-edit-handle=\"1\">\r\n\t\t\t<div class=\"elementor-element elementor-element-e8d1192 e-flex e-con-boxed e-con e-parent\" data-id=\"e8d1192\" data-element_type=\"container\">\n\t\t\t\t\t<div class=\"e-con-inner\">\n\t\t\t\t<div class=\"elementor-element elementor-element-d0dbd7c elementor-widget elementor-widget-theme-post-title elementor-page-title elementor-widget-heading\" data-id=\"d0dbd7c\" data-element_type=\"widget\" data-widget_type=\"theme-post-title.default\">\n\t\t\t\t\t<h1 class=\"elementor-heading-title elementor-size-default\"><a href=\"https:\/\/kamza.gov.al\/en\/kryebashkiaku-z-rakip-suli-bashke-me-drejtoreshen-e-zva-se-znj-albana-sulce-dhe-drejtoret-e-shkollave-takim-me-nxenesit-ekselente-te-kamzes-duke-vijuar-mbeshtetjen-e-tyre-permes-bursave-vjetore\/\">Kryebashkiaku Z.Rakip Suli, bashk\u00eb me Drejtoresh\u00ebn e ZVA-s\u00eb, Znj.Albana Sul\u00e7e dhe drejtor\u00ebt e shkollave, takim me nx\u00ebn\u00ebsit ekselent\u00eb t\u00eb Kamz\u00ebs, duke vijuar mb\u00ebshtetjen e tyre p\u00ebrmes bursave vjetore<\/a><\/h1>\t\t\t\t<\/div>\n\t\t\t\t<div class=\"elementor-element elementor-element-274c3ff elementor-widget elementor-widget-theme-post-excerpt\" data-id=\"274c3ff\" data-element_type=\"widget\" data-widget_type=\"theme-post-excerpt.default\">\n\t\t\t\t\t<p>S\u00eb bashku me Drejtoresh\u00ebn e ZVA-s\u00eb, znj. Albana Sul\u00e7e, dhe drejtor\u00ebt e shkollave t\u00eb Kamz\u00ebs, takuam nx\u00ebn\u00ebsit ekselent\u00eb \u2013 krenarin\u00eb...\t\t\t\t<\/div>\n\t\t\t\t<div class=\"elementor-element elementor-element-9a2ec73 elementor-widget elementor-widget-button\" data-id=\"9a2ec73\" data-element_type=\"widget\" data-widget_type=\"button.default\">\n\t\t\t\t\t\t\t\t\t\t<a class=\"elementor-button elementor-button-link elementor-size-sm\" href=\"https:\/\/kamza.gov.al\/en\/kryebashkiaku-z-rakip-suli-bashke-me-drejtoreshen-e-zva-se-znj-albana-sulce-dhe-drejtoret-e-shkollave-takim-me-nxenesit-ekselente-te-kamzes-duke-vijuar-mbeshtetjen-e-tyre-permes-bursave-vjetore\/\">\n\t\t\t\t\t\t<span class=\"elementor-button-content-wrapper\">\n\t\t\t\t\t\t<span class=\"elementor-button-icon\">\n\t\t\t\t<svg aria-hidden=\"true\" class=\"e-font-icon-svg e-fas-angle-double-right\" viewbox=\"0 0 448 512\" xmlns=\"http:\/\/www.w3.org\/2000\/svg\"><path d=\"M224.3 273l-136 136c-9.4 9.4-24.6 9.4-33.9 0l-22.6-22.6c-9.4-9.4-9.4-24.6 0-33.9l96.4-96.4-96.4-96.4c-9.4-9.4-9.4-24.6 0-33.9L54.3 103c9.4-9.4 24.6-9.4 33.9 0l136 136c9.5 9.4 9.5 24.6.1 34zm192-34l-136-136c-9.4-9.4-24.6-9.4-33.9 0l-22.6 22.6c-9.4 9.4-9.4 24.6 0 33.9l96.4 96.4-96.4 96.4c-9.4 9.4-9.4 24.6 0 33.9l22.6 22.6c9.4 9.4 24.6 9.4 33.9 0l136-136c9.4-9.2 9.4-24.4 0-33.8z\"><\/path><\/svg>\t\t\t<\/span>\n\t\t\t\t\t\t\t\t\t<span class=\"elementor-button-text\">Read more<\/span>\n\t\t\t\t\t<\/span>\n\t\t\t\t\t<\/a>\n\t\t\t\t\t\t\t\t<\/div>\n\t\t\t\t\t<\/div>\n\t\t\t\t<\/div>\n\t\t\t\t<\/div>\r\n\t\t\t\t<div data-elementor-type=\"loop-item\" data-elementor-id=\"20970\" class=\"elementor elementor-20970 e-loop-item e-loop-item-26031 post-26031 post type-post status-publish format-standard has-post-thumbnail hentry category-arkiva-e-lajmeve category-kryesore category-njoftime-kryetari\" data-elementor-post-type=\"elementor_library\" data-custom-edit-handle=\"1\">\r\n\t\t\t<div class=\"elementor-element elementor-element-e8d1192 e-flex e-con-boxed e-con e-parent\" data-id=\"e8d1192\" data-element_type=\"container\">\n\t\t\t\t\t<div class=\"e-con-inner\">\n\t\t\t\t<div class=\"elementor-element elementor-element-d0dbd7c elementor-widget elementor-widget-theme-post-title elementor-page-title elementor-widget-heading\" data-id=\"d0dbd7c\" data-element_type=\"widget\" data-widget_type=\"theme-post-title.default\">\n\t\t\t\t\t<h1 class=\"elementor-heading-title elementor-size-default\"><a href=\"https:\/\/kamza.gov.al\/en\/kryebashkiaku-z-rakip-suli-se-bashku-me-deputeten-znj-lindita-nikolla-prefektin-e-qarkut-z-afrim-qendro-dhe-kryetarin-e-keshillit-te-qarkut-z-aldrin-dalipi-mbjellin-peme-ne-parkun-e-paskuqanit\/\">Kryebashkiaku Z.Rakip Suli s\u00eb bashku me deputeten Znj.Lindita Nikolla, Prefektin e Qarkut Z.Afrim Qendro dhe Kryetarin e K\u00ebshillit t\u00eb Qarkut Z.Aldrin Dalipi, mbjellin pem\u00eb n\u00eb Parkun e Paskuqanit<\/a><\/h1>\t\t\t\t<\/div>\n\t\t\t\t<div class=\"elementor-element elementor-element-274c3ff elementor-widget elementor-widget-theme-post-excerpt\" data-id=\"274c3ff\" data-element_type=\"widget\" data-widget_type=\"theme-post-excerpt.default\">\n\t\t\t\t\t<p>Sot, n\u00eb mbjelljen e pem\u00ebve n\u00eb Parkun e Liqenit t\u00eb Paskuqanit, na u bashkuan deputetja e zon\u00ebs Lindita Nikolla, Prefekti...\t\t\t\t<\/div>\n\t\t\t\t<div class=\"elementor-element elementor-element-9a2ec73 elementor-widget elementor-widget-button\" data-id=\"9a2ec73\" data-element_type=\"widget\" data-widget_type=\"button.default\">\n\t\t\t\t\t\t\t\t\t\t<a class=\"elementor-button elementor-button-link elementor-size-sm\" href=\"https:\/\/kamza.gov.al\/en\/kryebashkiaku-z-rakip-suli-se-bashku-me-deputeten-znj-lindita-nikolla-prefektin-e-qarkut-z-afrim-qendro-dhe-kryetarin-e-keshillit-te-qarkut-z-aldrin-dalipi-mbjellin-peme-ne-parkun-e-paskuqanit\/\">\n\t\t\t\t\t\t<span class=\"elementor-button-content-wrapper\">\n\t\t\t\t\t\t<span class=\"elementor-button-icon\">\n\t\t\t\t<svg aria-hidden=\"true\" class=\"e-font-icon-svg e-fas-angle-double-right\" viewbox=\"0 0 448 512\" xmlns=\"http:\/\/www.w3.org\/2000\/svg\"><path d=\"M224.3 273l-136 136c-9.4 9.4-24.6 9.4-33.9 0l-22.6-22.6c-9.4-9.4-9.4-24.6 0-33.9l96.4-96.4-96.4-96.4c-9.4-9.4-9.4-24.6 0-33.9L54.3 103c9.4-9.4 24.6-9.4 33.9 0l136 136c9.5 9.4 9.5 24.6.1 34zm192-34l-136-136c-9.4-9.4-24.6-9.4-33.9 0l-22.6 22.6c-9.4 9.4-9.4 24.6 0 33.9l96.4 96.4-96.4 96.4c-9.4 9.4-9.4 24.6 0 33.9l22.6 22.6c9.4 9.4 24.6 9.4 33.9 0l136-136c9.4-9.2 9.4-24.4 0-33.8z\"><\/path><\/svg>\t\t\t<\/span>\n\t\t\t\t\t\t\t\t\t<span class=\"elementor-button-text\">Read more<\/span>\n\t\t\t\t\t<\/span>\n\t\t\t\t\t<\/a>\n\t\t\t\t\t\t\t\t<\/div>\n\t\t\t\t\t<\/div>\n\t\t\t\t<\/div>\n\t\t\t\t<\/div>\r\n\t\t\t\t<div data-elementor-type=\"loop-item\" data-elementor-id=\"20970\" class=\"elementor elementor-20970 e-loop-item e-loop-item-23605 post-23605 post type-post status-publish format-standard has-post-thumbnail hentry category-arkiva-e-lajmeve category-kryesore category-njoftime-kryetari\" data-elementor-post-type=\"elementor_library\" data-custom-edit-handle=\"1\">\r\n\t\t\t<div class=\"elementor-element elementor-element-e8d1192 e-flex e-con-boxed e-con e-parent\" data-id=\"e8d1192\" data-element_type=\"container\">\n\t\t\t\t\t<div class=\"e-con-inner\">\n\t\t\t\t<div class=\"elementor-element elementor-element-d0dbd7c elementor-widget elementor-widget-theme-post-title elementor-page-title elementor-widget-heading\" data-id=\"d0dbd7c\" data-element_type=\"widget\" data-widget_type=\"theme-post-title.default\">\n\t\t\t\t\t<h1 class=\"elementor-heading-title elementor-size-default\"><a href=\"https:\/\/kamza.gov.al\/en\/prezantohen-investimet-e-vitit-2025-dhe-buxheti-per-vitin-2026-me-fokus-te-zhvillimi-i-qendrueshem-dhe-vendimmarrja-e-perbashket\/\">Prezantohen investimet e vitit 2025 dhe buxheti p\u00ebr vitin 2026, me fokus te zhvillimi i q\u00ebndruesh\u00ebm dhe vendimmarrja e p\u00ebrbashk\u00ebt<\/a><\/h1>\t\t\t\t<\/div>\n\t\t\t\t<div class=\"elementor-element elementor-element-274c3ff elementor-widget elementor-widget-theme-post-excerpt\" data-id=\"274c3ff\" data-element_type=\"widget\" data-widget_type=\"theme-post-excerpt.default\">\n\t\t\t\t\t<p>N\u00eb d\u00ebgjes\u00ebn publike me qytetar\u00ebt e Kamz\u00ebs Informim p\u00ebr investimet e vitit 2025 Prezantim i Buxhetit p\u00ebr vitin 2026 Vendimmarrje...\t\t\t\t<\/div>\n\t\t\t\t<div class=\"elementor-element elementor-element-9a2ec73 elementor-widget elementor-widget-button\" data-id=\"9a2ec73\" data-element_type=\"widget\" data-widget_type=\"button.default\">\n\t\t\t\t\t\t\t\t\t\t<a class=\"elementor-button elementor-button-link elementor-size-sm\" href=\"https:\/\/kamza.gov.al\/en\/prezantohen-investimet-e-vitit-2025-dhe-buxheti-per-vitin-2026-me-fokus-te-zhvillimi-i-qendrueshem-dhe-vendimmarrja-e-perbashket\/\">\n\t\t\t\t\t\t<span class=\"elementor-button-content-wrapper\">\n\t\t\t\t\t\t<span class=\"elementor-button-icon\">\n\t\t\t\t<svg aria-hidden=\"true\" class=\"e-font-icon-svg e-fas-angle-double-right\" viewbox=\"0 0 448 512\" xmlns=\"http:\/\/www.w3.org\/2000\/svg\"><path d=\"M224.3 273l-136 136c-9.4 9.4-24.6 9.4-33.9 0l-22.6-22.6c-9.4-9.4-9.4-24.6 0-33.9l96.4-96.4-96.4-96.4c-9.4-9.4-9.4-24.6 0-33.9L54.3 103c9.4-9.4 24.6-9.4 33.9 0l136 136c9.5 9.4 9.5 24.6.1 34zm192-34l-136-136c-9.4-9.4-24.6-9.4-33.9 0l-22.6 22.6c-9.4 9.4-9.4 24.6 0 33.9l96.4 96.4-96.4 96.4c-9.4 9.4-9.4 24.6 0 33.9l22.6 22.6c9.4 9.4 24.6 9.4 33.9 0l136-136c9.4-9.2 9.4-24.4 0-33.8z\"><\/path><\/svg>\t\t\t<\/span>\n\t\t\t\t\t\t\t\t\t<span class=\"elementor-button-text\">Read more<\/span>\n\t\t\t\t\t<\/span>\n\t\t\t\t\t<\/a>\n\t\t\t\t\t\t\t\t<\/div>\n\t\t\t\t\t<\/div>\n\t\t\t\t<\/div>\n\t\t\t\t<\/div>\r\n\t\t\t\t<\/div>\r\n\t\t\r\n\t\t\t\t\t\t<\/div>\n\t\t\t\t<\/div>\n\t\t\t\t<\/div>\n\t\t\t\t\t<\/div>\n\t\t\t\t<\/div>\n\t\t\t\t<\/div>","protected":false},"excerpt":{"rendered":"<p>RAKIP SULI &#8211; Kryetar i Bashkis\u00eb Kam\u00ebz Rakip Suli\u00a0ka lindur n\u00eb Dib\u00ebr, m\u00eb 22.09.1965.\u00a0Ka kryer studimet e larta n\u00eb Fakultetin Juridik, n\u00eb Universitetin \u201c Luigj Gurakuqi\u201d, Shkod\u00ebr. \u00cbsht\u00eb titullar i Master Shkencor n\u00eb po t\u00eb nj\u00ebjtin universitet n\u00eb \u201c\u00a0E drejta Private dhe e Biznesit\u201d.\u00a0N\u00eb legjislaturat e viteve 2013\u20132017 dhe 2017-2019\u00a0\u00a0\u00a0ka sh\u00ebrbyer si deputet i Kuvendit [&hellip;]<\/p>","protected":false},"author":1,"featured_media":20527,"parent":251,"menu_order":0,"comment_status":"closed","ping_status":"closed","template":"","meta":{"_acf_changed":false,"footnotes":""},"class_list":["post-20097","page","type-page","status-publish","has-post-thumbnail","hentry"],"acf":[],"_links":{"self":[{"href":"https:\/\/kamza.gov.al\/en\/wp-json\/wp\/v2\/pages\/20097","targetHints":{"allow":["GET"]}}],"collection":[{"href":"https:\/\/kamza.gov.al\/en\/wp-json\/wp\/v2\/pages"}],"about":[{"href":"https:\/\/kamza.gov.al\/en\/wp-json\/wp\/v2\/types\/page"}],"author":[{"embeddable":true,"href":"https:\/\/kamza.gov.al\/en\/wp-json\/wp\/v2\/users\/1"}],"replies":[{"embeddable":true,"href":"https:\/\/kamza.gov.al\/en\/wp-json\/wp\/v2\/comments?post=20097"}],"version-history":[{"count":35,"href":"https:\/\/kamza.gov.al\/en\/wp-json\/wp\/v2\/pages\/20097\/revisions"}],"predecessor-version":[{"id":23586,"href":"https:\/\/kamza.gov.al\/en\/wp-json\/wp\/v2\/pages\/20097\/revisions\/23586"}],"up":[{"embeddable":true,"href":"https:\/\/kamza.gov.al\/en\/wp-json\/wp\/v2\/pages\/251"}],"wp:featuredmedia":[{"embeddable":true,"href":"https:\/\/kamza.gov.al\/en\/wp-json\/wp\/v2\/media\/20527"}],"wp:attachment":[{"href":"https:\/\/kamza.gov.al\/en\/wp-json\/wp\/v2\/media?parent=20097"}],"curies":[{"name":"wp","href":"https:\/\/api.w.org\/{rel}","templated":true}]}}